{"id":5865,"date":"2019-09-30T14:26:29","date_gmt":"2019-09-30T12:26:29","guid":{"rendered":"https:\/\/www.iso-institut.de\/?page_id=5865"},"modified":"2022-03-28T14:26:58","modified_gmt":"2022-03-28T12:26:58","slug":"50-jahre-forschung-fuer-die-praxis","status":"publish","type":"page","link":"http:\/\/www.iso-institut.de\/en\/50-jahre-forschung-fuer-die-praxis\/","title":{"rendered":"50 Jahre Forschung f\u00fcr die Praxis in Saarbr\u00fccken"},"content":{"rendered":"<p>[et_pb_section fb_built=&#8220;1&#8243; inner_shadow=&#8220;on&#8220; fullwidth=&#8220;on&#8220; _builder_version=&#8220;4.15&#8243; background_color=&#8220;#2ea3f2&#8243; use_background_color_gradient=&#8220;on&#8220; background_color_gradient_start=&#8220;#2ea3f2&#8243; background_color_gradient_end=&#8220;#2e6df4&#8243; background_color_gradient_direction=&#8220;330deg&#8220; custom_padding=&#8220;0px|0px|1px|0px|false|false&#8220; global_colors_info=&#8220;{}&#8220;][et_pb_fullwidth_header title=&#8220;50 Jahre Forschung f\u00fcr die Praxis &#8220; subhead=&#8220;Jubil\u00e4umsfeier am 26.09.2019&#8243; admin_label=&#8220;Vollbreite Kopfzeile &#8211; 50 Jahre Forschung f\u00fcr die Praxis in Saarbr\u00fccken&#8220; _builder_version=&#8220;4.15&#8243; custom_margin=&#8220;-40px||-40px||true&#8220; global_colors_info=&#8220;{}&#8220; button_one_text_size__hover_enabled=&#8220;off&#8220; button_one_text_size__hover=&#8220;null&#8220; button_two_text_size__hover_enabled=&#8220;off&#8220; button_two_text_size__hover=&#8220;null&#8220; button_one_text_color__hover_enabled=&#8220;off&#8220; button_one_text_color__hover=&#8220;null&#8220; button_two_text_color__hover_enabled=&#8220;off&#8220; button_two_text_color__hover=&#8220;null&#8220; button_one_border_width__hover_enabled=&#8220;off&#8220; button_one_border_width__hover=&#8220;null&#8220; button_two_border_width__hover_enabled=&#8220;off&#8220; button_two_border_width__hover=&#8220;null&#8220; button_one_border_color__hover_enabled=&#8220;off&#8220; button_one_border_color__hover=&#8220;null&#8220; button_two_border_color__hover_enabled=&#8220;off&#8220; button_two_border_color__hover=&#8220;null&#8220; button_one_border_radius__hover_enabled=&#8220;off&#8220; button_one_border_radius__hover=&#8220;null&#8220; button_two_border_radius__hover_enabled=&#8220;off&#8220; button_two_border_radius__hover=&#8220;null&#8220; button_one_letter_spacing__hover_enabled=&#8220;off&#8220; button_one_letter_spacing__hover=&#8220;null&#8220; button_two_letter_spacing__hover_enabled=&#8220;off&#8220; button_two_letter_spacing__hover=&#8220;null&#8220; button_one_bg_color__hover_enabled=&#8220;off&#8220; button_one_bg_color__hover=&#8220;null&#8220; button_two_bg_color__hover_enabled=&#8220;off&#8220; button_two_bg_color__hover=&#8220;null&#8220;][\/et_pb_fullwidth_header][\/et_pb_section][et_pb_section fb_built=&#8220;1&#8243; specialty=&#8220;on&#8220; _builder_version=&#8220;4.15&#8243; custom_padding=&#8220;54px|0px|0|0px|false|false&#8220; global_colors_info=&#8220;{}&#8220;][et_pb_column type=&#8220;3_4&#8243; specialty_columns=&#8220;3&#8243; _builder_version=&#8220;4.15&#8243; custom_padding=&#8220;|||&#8220; global_colors_info=&#8220;{}&#8220; parallax__hover=&#8220;off&#8220; parallax_method__hover=&#8220;on&#8220; custom_padding__hover=&#8220;|||&#8220;][et_pb_row_inner _builder_version=&#8220;4.15&#8243; global_colors_info=&#8220;{}&#8220;][et_pb_column_inner saved_specialty_column_type=&#8220;3_4&#8243; _builder_version=&#8220;4.15&#8243; custom_padding=&#8220;|||&#8220; global_colors_info=&#8220;{}&#8220; parallax__hover=&#8220;off&#8220; parallax_method__hover=&#8220;on&#8220; custom_padding__hover=&#8220;|||&#8220;][et_pb_text admin_label=&#8220;Text &#8211; 50 Jahre iso&#8220; _builder_version=&#8220;4.15&#8243; header_font=&#8220;Verdana||||||||&#8220; header_text_align=&#8220;left&#8220; header_text_color=&#8220;#213e64&#8243; background_size=&#8220;initial&#8220; background_position=&#8220;top_left&#8220; background_repeat=&#8220;repeat&#8220; custom_margin=&#8220;-30px|0px|-30px|0px|true|true&#8220; custom_padding=&#8220;0px||0px||true&#8220; inline_fonts=&#8220;Verdana&#8220; global_colors_info=&#8220;{}&#8220;]<\/p>\n<p style=\"text-align: justify;\"><strong><\/strong><\/p>\n<p style=\"text-align: justify;\"><strong>Das Saarbr\u00fccker Institut f\u00fcr Sozialforschung und Sozialwirtschaft (iso) feiert im Jahr 2019 sein f\u00fcnfzigj\u00e4hriges Bestehen. <\/strong><\/p>\n<p>Am Donnerstag, den 26. September, fand aus diesem Anlass eine Festveranstaltung in der Saarbr\u00fccker Luminanz statt, auf der das Institut rund 150 Vertreter aus Politik, Wirtschaft, Verb\u00e4nden und Wissenschaft sowie zahlreiche Alumni begr\u00fc\u00dfen konnte. Wir danken allen G\u00e4sten, dass sie mit ihrer Teilnahme an der Festveranstaltung ihre Verbundenheit mit dem iso-Institut zum Ausdruck gebracht haben.<\/p>\n<p><a href=\"https:\/\/www.iso-institut.de\/wp-content\/uploads\/2019\/10\/iso-50-Jahre-Pressetext-19-09-26.pdf\" target=\"_blank\" rel=\"noopener noreferrer\">Pressetext\u00a0<\/a><br \/><a href=\"https:\/\/www.iso-institut.de\/wp-content\/uploads\/2019\/10\/iso-50-Jahre-Programm-19-09-26.pdf\" target=\"_blank\" rel=\"noopener noreferrer\">Programm<br \/><\/a><\/p>\n<p><span style=\"text-decoration: underline;\">Gru\u00dfworte<\/span><br \/><a href=\"https:\/\/www.iso-institut.de\/wp-content\/uploads\/2019\/10\/Grusswort-ALTMAIER-19-09-24.pdf\" target=\"_blank\" rel=\"noopener noreferrer\">Peter Altmaier,\u00a0<\/a><a href=\"https:\/\/www.iso-institut.de\/wp-content\/uploads\/2019\/10\/Grusswort-ALTMAIER-19-09-24.pdf\" target=\"_blank\" rel=\"noopener noreferrer\">Bundesminister f\u00fcr Wirtschaft und Energie<\/a><br \/><a href=\"https:\/\/www.iso-institut.de\/wp-content\/uploads\/2019\/10\/Grusswort-BODE-19-09-24.pdf\" target=\"_blank\" rel=\"noopener noreferrer\">Dr. Otto Fritz Bode,\u00a0<\/a><a href=\"https:\/\/www.iso-institut.de\/wp-content\/uploads\/2019\/10\/Grusswort-BODE-19-09-24.pdf\" target=\"_blank\" rel=\"noopener noreferrer\"><span class=\"ILfuVd\"><span class=\"e24Kjd\">Ministerialrat im Bundesministerium f\u00fcr Bildung und Forschung<\/span><\/span><\/a><br \/><a href=\"https:\/\/www.iso-institut.de\/wp-content\/uploads\/2019\/10\/Grusswort-HANS-19-09-24.pdf\" target=\"_blank\" rel=\"noopener noreferrer\">Tobias Hans, Ministerpr\u00e4sident des Saarlandes<\/a><br \/><a href=\"https:\/\/www.iso-institut.de\/wp-content\/uploads\/2019\/10\/Grusswort-REHLINGER-19-09-24.pdf\" target=\"_blank\" rel=\"noopener noreferrer\">Anke Rehlinger, Ministerin f\u00fcr Wirtschaft, Arbeit, Energie und Verkehr des Saarlandes<\/a><br \/><a href=\"https:\/\/www.iso-institut.de\/wp-content\/uploads\/2019\/10\/Grusswort-SPAHN-19-09-24.pdf\" target=\"_blank\" rel=\"noopener noreferrer\">Jens Spahn, Bundesminister f\u00fcr Gesundheit<\/a><\/p>\n<p>&nbsp;<\/p>\n<p>Impressionen<br \/>Copyright Fotos: Iris Maurer\u00a0<\/p>\n<p>[\/et_pb_text][\/et_pb_column_inner][\/et_pb_row_inner][et_pb_row_inner use_custom_gutter=&#8220;on&#8220; gutter_width=&#8220;1&#8243; make_equal=&#8220;on&#8220; admin_label=&#8220;Liste&#8220; _builder_version=&#8220;4.15&#8243; global_colors_info=&#8220;{}&#8220;][et_pb_column_inner saved_specialty_column_type=&#8220;3_4&#8243; _builder_version=&#8220;4.15&#8243; custom_padding=&#8220;|||&#8220; global_colors_info=&#8220;{}&#8220; parallax__hover=&#8220;off&#8220; parallax_method__hover=&#8220;on&#8220; custom_padding__hover=&#8220;|||&#8220;][et_pb_divider _builder_version=&#8220;4.15&#8243; global_colors_info=&#8220;{}&#8220;][\/et_pb_divider][et_pb_gallery gallery_ids=&#8220;5876,5877,5878,5874,5873,5875,5872,5884,5885,5886,5887,5888,5889,5890,5891,5892,5893,5894,5895,5896,5897,5898,5899,5900,5901,5902,5903,5904,5905,5906,5907,5908,5909,5910,5911&#8243; fullwidth=&#8220;on&#8220; _builder_version=&#8220;4.15&#8243; global_colors_info=&#8220;{}&#8220;][\/et_pb_gallery][\/et_pb_column_inner][\/et_pb_row_inner][\/et_pb_column][et_pb_column type=&#8220;1_4&#8243; _builder_version=&#8220;4.15&#8243; custom_padding=&#8220;|||&#8220; global_colors_info=&#8220;{}&#8220; parallax__hover=&#8220;off&#8220; parallax_method__hover=&#8220;on&#8220; custom_padding__hover=&#8220;|||&#8220;][et_pb_sidebar area=&#8220;cs-1&#8243; _builder_version=&#8220;4.15&#8243; global_colors_info=&#8220;{}&#8220;][\/et_pb_sidebar][\/et_pb_column][\/et_pb_section]<\/p>","protected":false},"excerpt":{"rendered":"<p>Das Saarbr\u00fccker Institut f\u00fcr Sozialforschung und Sozialwirtschaft (iso) feiert im Jahr 2019 sein f\u00fcnfzigj\u00e4hriges Bestehen. Am Donnerstag, den 26. September, fand aus diesem Anlass eine Festveranstaltung in der Saarbr\u00fccker Luminanz [&hellip;]<\/p>","protected":false},"author":1,"featured_media":0,"parent":0,"menu_order":0,"comment_status":"closed","ping_status":"closed","template":"","meta":{"_acf_changed":false,"_et_pb_use_builder":"on","_et_pb_old_content":"","_et_gb_content_width":"","footnotes":""},"class_list":["post-5865","page","type-page","status-publish","hentry"],"acf":[],"yoast_head":"<!-- This site is optimized with the Yoast SEO plugin v25.6 - https:\/\/yoast.com\/wordpress\/plugins\/seo\/ -->\n<title>50 Jahre Forschung f\u00fcr die Praxis in Saarbr\u00fccken - Institut f\u00fcr Sozialforschung und Sozialwirtschaft (iso)<\/title>\n<meta name=\"robots\" content=\"index, follow, max-snippet:-1, max-image-preview:large, max-video-preview:-1\" \/>\n<link rel=\"canonical\" href=\"https:\/\/www.iso-institut.de\/en\/50-jahre-forschung-fuer-die-praxis\/\" \/>\n<meta property=\"og:locale\" content=\"en_GB\" \/>\n<meta property=\"og:type\" content=\"article\" \/>\n<meta property=\"og:title\" content=\"50 Jahre Forschung f\u00fcr die Praxis in Saarbr\u00fccken - Institut f\u00fcr Sozialforschung und Sozialwirtschaft (iso)\" \/>\n<meta property=\"og:description\" content=\"Das Saarbr\u00fccker Institut f\u00fcr Sozialforschung und Sozialwirtschaft (iso) feiert im Jahr 2019 sein f\u00fcnfzigj\u00e4hriges Bestehen. Am Donnerstag, den 26. September, fand aus diesem Anlass eine Festveranstaltung in der Saarbr\u00fccker Luminanz [&hellip;]\" \/>\n<meta property=\"og:url\" content=\"https:\/\/www.iso-institut.de\/en\/50-jahre-forschung-fuer-die-praxis\/\" \/>\n<meta property=\"og:site_name\" content=\"Institut f\u00fcr Sozialforschung und Sozialwirtschaft (iso)\" \/>\n<meta property=\"article:publisher\" content=\"https:\/\/www.facebook.com\/isoInstitut\/\" \/>\n<meta property=\"article:modified_time\" content=\"2022-03-28T12:26:58+00:00\" \/>\n<meta name=\"twitter:card\" content=\"summary_large_image\" \/>\n<meta name=\"twitter:label1\" content=\"Estimated reading time\" \/>\n\t<meta name=\"twitter:data1\" content=\"3 minutes\" \/>\n<script type=\"application\/ld+json\" class=\"yoast-schema-graph\">{\"@context\":\"https:\/\/schema.org\",\"@graph\":[{\"@type\":\"WebPage\",\"@id\":\"https:\/\/www.iso-institut.de\/50-jahre-forschung-fuer-die-praxis\/\",\"url\":\"https:\/\/www.iso-institut.de\/50-jahre-forschung-fuer-die-praxis\/\",\"name\":\"50 Jahre Forschung f\u00fcr die Praxis in Saarbr\u00fccken - Institut f\u00fcr Sozialforschung und Sozialwirtschaft (iso)\",\"isPartOf\":{\"@id\":\"https:\/\/www.iso-institut.de\/#website\"},\"datePublished\":\"2019-09-30T12:26:29+00:00\",\"dateModified\":\"2022-03-28T12:26:58+00:00\",\"breadcrumb\":{\"@id\":\"https:\/\/www.iso-institut.de\/50-jahre-forschung-fuer-die-praxis\/#breadcrumb\"},\"inLanguage\":\"en-GB\",\"potentialAction\":[{\"@type\":\"ReadAction\",\"target\":[\"https:\/\/www.iso-institut.de\/50-jahre-forschung-fuer-die-praxis\/\"]}]},{\"@type\":\"BreadcrumbList\",\"@id\":\"https:\/\/www.iso-institut.de\/50-jahre-forschung-fuer-die-praxis\/#breadcrumb\",\"itemListElement\":[{\"@type\":\"ListItem\",\"position\":1,\"name\":\"Startseite\",\"item\":\"https:\/\/www.iso-institut.de\/\"},{\"@type\":\"ListItem\",\"position\":2,\"name\":\"50 Jahre Forschung f\u00fcr die Praxis in Saarbr\u00fccken\"}]},{\"@type\":\"WebSite\",\"@id\":\"https:\/\/www.iso-institut.de\/#website\",\"url\":\"https:\/\/www.iso-institut.de\/\",\"name\":\"Institut f\u00fcr Sozialforschung und Sozialwirtschaft (iso)\",\"description\":\"Die gr\u00f6\u00dfte selbst\u00e4ndige und unabh\u00e4ngige sozialwissenschaftliche Forschungseinrichtung im S\u00fcdwesten Deutschlands\",\"potentialAction\":[{\"@type\":\"SearchAction\",\"target\":{\"@type\":\"EntryPoint\",\"urlTemplate\":\"https:\/\/www.iso-institut.de\/?s={search_term_string}\"},\"query-input\":{\"@type\":\"PropertyValueSpecification\",\"valueRequired\":true,\"valueName\":\"search_term_string\"}}],\"inLanguage\":\"en-GB\"}]}<\/script>\n<!-- \/ Yoast SEO plugin. -->","yoast_head_json":{"title":"50 Jahre Forschung f\u00fcr die Praxis in Saarbr\u00fccken - Institut f\u00fcr Sozialforschung und Sozialwirtschaft (iso)","robots":{"index":"index","follow":"follow","max-snippet":"max-snippet:-1","max-image-preview":"max-image-preview:large","max-video-preview":"max-video-preview:-1"},"canonical":"https:\/\/www.iso-institut.de\/en\/50-jahre-forschung-fuer-die-praxis\/","og_locale":"en_GB","og_type":"article","og_title":"50 Jahre Forschung f\u00fcr die Praxis in Saarbr\u00fccken - Institut f\u00fcr Sozialforschung und Sozialwirtschaft (iso)","og_description":"Das Saarbr\u00fccker Institut f\u00fcr Sozialforschung und Sozialwirtschaft (iso) feiert im Jahr 2019 sein f\u00fcnfzigj\u00e4hriges Bestehen. Am Donnerstag, den 26. September, fand aus diesem Anlass eine Festveranstaltung in der Saarbr\u00fccker Luminanz [&hellip;]","og_url":"https:\/\/www.iso-institut.de\/en\/50-jahre-forschung-fuer-die-praxis\/","og_site_name":"Institut f\u00fcr Sozialforschung und Sozialwirtschaft (iso)","article_publisher":"https:\/\/www.facebook.com\/isoInstitut\/","article_modified_time":"2022-03-28T12:26:58+00:00","twitter_card":"summary_large_image","twitter_misc":{"Estimated reading time":"3 minutes"},"schema":{"@context":"https:\/\/schema.org","@graph":[{"@type":"WebPage","@id":"https:\/\/www.iso-institut.de\/50-jahre-forschung-fuer-die-praxis\/","url":"https:\/\/www.iso-institut.de\/50-jahre-forschung-fuer-die-praxis\/","name":"50 Jahre Forschung f\u00fcr die Praxis in Saarbr\u00fccken - Institut f\u00fcr Sozialforschung und Sozialwirtschaft (iso)","isPartOf":{"@id":"https:\/\/www.iso-institut.de\/#website"},"datePublished":"2019-09-30T12:26:29+00:00","dateModified":"2022-03-28T12:26:58+00:00","breadcrumb":{"@id":"https:\/\/www.iso-institut.de\/50-jahre-forschung-fuer-die-praxis\/#breadcrumb"},"inLanguage":"en-GB","potentialAction":[{"@type":"ReadAction","target":["https:\/\/www.iso-institut.de\/50-jahre-forschung-fuer-die-praxis\/"]}]},{"@type":"BreadcrumbList","@id":"https:\/\/www.iso-institut.de\/50-jahre-forschung-fuer-die-praxis\/#breadcrumb","itemListElement":[{"@type":"ListItem","position":1,"name":"Startseite","item":"https:\/\/www.iso-institut.de\/"},{"@type":"ListItem","position":2,"name":"50 Jahre Forschung f\u00fcr die Praxis in Saarbr\u00fccken"}]},{"@type":"WebSite","@id":"https:\/\/www.iso-institut.de\/#website","url":"https:\/\/www.iso-institut.de\/","name":"Institut f\u00fcr Sozialforschung und Sozialwirtschaft (iso)","description":"Die gr\u00f6\u00dfte selbst\u00e4ndige und unabh\u00e4ngige sozialwissenschaftliche Forschungseinrichtung im S\u00fcdwesten Deutschlands","potentialAction":[{"@type":"SearchAction","target":{"@type":"EntryPoint","urlTemplate":"https:\/\/www.iso-institut.de\/?s={search_term_string}"},"query-input":{"@type":"PropertyValueSpecification","valueRequired":true,"valueName":"search_term_string"}}],"inLanguage":"en-GB"}]}},"_links":{"self":[{"href":"http:\/\/www.iso-institut.de\/en\/wp-json\/wp\/v2\/pages\/5865"}],"collection":[{"href":"http:\/\/www.iso-institut.de\/en\/wp-json\/wp\/v2\/pages"}],"about":[{"href":"http:\/\/www.iso-institut.de\/en\/wp-json\/wp\/v2\/types\/page"}],"author":[{"embeddable":true,"href":"http:\/\/www.iso-institut.de\/en\/wp-json\/wp\/v2\/users\/1"}],"replies":[{"embeddable":true,"href":"http:\/\/www.iso-institut.de\/en\/wp-json\/wp\/v2\/comments?post=5865"}],"version-history":[{"count":3,"href":"http:\/\/www.iso-institut.de\/en\/wp-json\/wp\/v2\/pages\/5865\/revisions"}],"predecessor-version":[{"id":10996,"href":"http:\/\/www.iso-institut.de\/en\/wp-json\/wp\/v2\/pages\/5865\/revisions\/10996"}],"wp:attachment":[{"href":"http:\/\/www.iso-institut.de\/en\/wp-json\/wp\/v2\/media?parent=5865"}],"curies":[{"name":"wp","href":"https:\/\/api.w.org\/{rel}","templated":true}]}}