{"id":5958,"date":"2019-10-08T10:17:51","date_gmt":"2019-10-08T08:17:51","guid":{"rendered":"https:\/\/www.iso-institut.de\/?page_id=5958"},"modified":"2019-10-29T14:29:46","modified_gmt":"2019-10-29T13:29:46","slug":"50-jahre-iso-ringvorlesung-vhs","status":"publish","type":"page","link":"http:\/\/www.iso-institut.de\/en\/50-jahre-iso-ringvorlesung-vhs\/","title":{"rendered":"50 Jahre iso Ringvorlesung VHS"},"content":{"rendered":"<p>[et_pb_section bb_built=&#8220;1&#8243; inner_shadow=&#8220;on&#8220; fullwidth=&#8220;on&#8220; _builder_version=&#8220;3.15&#8243; background_color=&#8220;#2ea3f2&#8243; use_background_color_gradient=&#8220;on&#8220; background_color_gradient_start=&#8220;#2ea3f2&#8243; background_color_gradient_end=&#8220;#2e6df4&#8243; background_color_gradient_direction=&#8220;330deg&#8220; custom_padding=&#8220;0px|0px|0|0px|false|false&#8220; next_background_color=&#8220;#ffffff&#8220;][et_pb_fullwidth_header admin_label=&#8220;Vollbreite Kopfzeile &#8211; Ringvorlesung&#8220; title=&#8220;50 Jahre Forschung f\u00fcr die Praxis &#8220; subhead=&#8220;Ringvorlesung des iso-Instituts gemeinsam mit der VHS des Regionalverbandes Saarbr\u00fccken&#8220; _builder_version=&#8220;3.18.9&#8243; custom_margin=&#8220;-40px||-40px||true&#8220; button_one_text_size__hover_enabled=&#8220;off&#8220; button_one_text_size__hover=&#8220;null&#8220; button_two_text_size__hover_enabled=&#8220;off&#8220; button_two_text_size__hover=&#8220;null&#8220; button_one_text_color__hover_enabled=&#8220;off&#8220; button_one_text_color__hover=&#8220;null&#8220; button_two_text_color__hover_enabled=&#8220;off&#8220; button_two_text_color__hover=&#8220;null&#8220; button_one_border_width__hover_enabled=&#8220;off&#8220; button_one_border_width__hover=&#8220;null&#8220; button_two_border_width__hover_enabled=&#8220;off&#8220; button_two_border_width__hover=&#8220;null&#8220; button_one_border_color__hover_enabled=&#8220;off&#8220; button_one_border_color__hover=&#8220;null&#8220; button_two_border_color__hover_enabled=&#8220;off&#8220; button_two_border_color__hover=&#8220;null&#8220; button_one_border_radius__hover_enabled=&#8220;off&#8220; button_one_border_radius__hover=&#8220;null&#8220; button_two_border_radius__hover_enabled=&#8220;off&#8220; button_two_border_radius__hover=&#8220;null&#8220; button_one_letter_spacing__hover_enabled=&#8220;off&#8220; button_one_letter_spacing__hover=&#8220;null&#8220; button_two_letter_spacing__hover_enabled=&#8220;off&#8220; button_two_letter_spacing__hover=&#8220;null&#8220; button_one_bg_color__hover_enabled=&#8220;off&#8220; button_one_bg_color__hover=&#8220;null&#8220; button_two_bg_color__hover_enabled=&#8220;off&#8220; button_two_bg_color__hover=&#8220;null&#8220;]<\/p>\n<p>[\/et_pb_fullwidth_header][\/et_pb_section][et_pb_section bb_built=&#8220;1&#8243; specialty=&#8220;on&#8220; _builder_version=&#8220;3.0.47&#8243; custom_padding=&#8220;54px|0px|0|0px|false|false&#8220; prev_background_color=&#8220;#2ea3f2&#8243;][et_pb_column type=&#8220;3_4&#8243; specialty_columns=&#8220;3&#8243;][et_pb_row_inner _builder_version=&#8220;3.18.9&#8243;][et_pb_column_inner type=&#8220;4_4&#8243; saved_specialty_column_type=&#8220;3_4&#8243;][et_pb_text admin_label=&#8220;Text &#8211; Ringvorlesung&#8220; _builder_version=&#8220;3.18.9&#8243; header_font=&#8220;Verdana||||||||&#8220; header_text_align=&#8220;left&#8220; header_text_color=&#8220;#213e64&#8243; background_size=&#8220;initial&#8220; background_position=&#8220;top_left&#8220; background_repeat=&#8220;repeat&#8220; custom_margin=&#8220;-30px|0px|-30px|0px|true|true&#8220; custom_padding=&#8220;0px||0px||true&#8220; inline_fonts=&#8220;Verdana&#8220;]<\/p>\n<p style=\"text-align: justify;\"><strong>Forschung f\u00fcr die Praxis \u2013 Ringvorlesung des iso-Instituts<\/strong><\/p>\n<p>\u00a0<\/p>\n<p style=\"text-align: justify;\">Ob gesunde Arbeitswelten, innovative Versorgung in Gesundheit und Pflege oder neue technikgest\u00fctzte Dienstleistungen \u2013 seit 50 Jahren betreibt das Saarbr\u00fccker Institut f\u00fcr Sozialforschung und Sozialwirtschaft (iso) anwendungsorientierte Forschung und Beratung in wichtigen gesellschaftlichen Themenfeldern. Das f\u00fcnfzigj\u00e4hrige Jubil\u00e4um ist f\u00fcr das iso-Institut Anlass, das Spektrum seiner Arbeiten gemeinsam mit der <a href=\"https:\/\/www.vhs-saarbruecken.de\/\" target=\"_blank\" rel=\"noopener noreferrer\">Volkshochschule des Regionalverbandes Saarbr\u00fccken<\/a> in einer Ringvorlesung einer breiteren \u00d6ffentlichkeit vorzustellen.<\/p>\n<p>\u00a0<\/p>\n<p><a href=\"https:\/\/www.iso-institut.de\/wp-content\/uploads\/2019\/10\/vhs-programm-2-2019-iso-ringvorlesung2.pdf\" target=\"_blank\" rel=\"noopener noreferrer\">VHS-Programm<\/a><\/p>\n<p>\u00a0<\/p>\n<p><strong>An sechs aufeinanderfolgenden Terminen, immer mittwochs von 18:00 bis 19:30 Uhr, stellen MitarbeiterInnen des iso-Instituts vor, was Sozialforschung f\u00fcr die Praxis in verschiedenen Feldern bedeuten kann. Die Teilnahme an den einzelnen Veranstaltungen ist kostenfrei und eine Anmeldung nicht erforderlich. Die Ringvorlesung richtet sich an ein fachlich interessiertes Publikum. Wissenschaftliche Vorkenntnisse sind nicht n\u00f6tig. Nach einer rund drei\u00dfigmin\u00fctigen Pr\u00e4sentation gibt es ausreichend Gelegenheit zur Diskussion.<\/strong><\/p>\n<p>\u00a0<\/p>\n<p>Kurs 1209 \/ Mi. 23.10.2019, 18:00 Uhr<br \/><strong><a href=\"https:\/\/www.iso-institut.de\/en\/mitarbeiter-kirchen-peters\/\" target=\"_blank\" rel=\"noopener noreferrer\">PhD Sabine Kirchen-Peters<\/a><\/strong>, Dipl.-Soziologin<br \/>vhs-Zentrum, Saal 1 OG \/ geb\u00fchrenfrei<\/p>\n<p><strong>Wenn Menschen mit Demenz ins Krankenhaus m\u00fcssen \u2013 Was lernen wir aus Modellprojekten im Saarland?<\/strong><br \/>Ein Krankenhausaufenthalt ist niemals erfreulich \u2013 bei Menschen mit Demenz bedeutet diese besondere Situation in fremder Umgebung und ohne Bezugspersonen jedoch einen Ausnahmezustand. Das iso-Institut hat im Saarland verschiedene Projekte durchgef\u00fchrt, mit denen Vorschl\u00e4ge herausgearbeitet wurden, wie Krankenhausaufenthalte f\u00fcr diese Personengruppe schonender gestaltet werden k\u00f6nnen. Die unterschiedlichen Praxisans\u00e4tze (Schulungen, Architektur, Beratung, Einsatz von Betreuungskr\u00e4ften) werden in der Veranstaltung vorgestellt.<\/p>\n<p>\u00a0<\/p>\n<p>Kurs 1210 \/ Mi. 30.10.2019, 18:00 Uhr<br \/><a href=\"https:\/\/www.iso-institut.de\/en\/mitarbeiter-haab\/\"><strong>Henning Haab<\/strong><\/a>, Gerontologe (FH)<br \/>vhs-Zentrum, Saal 1 OG \/ geb\u00fchrenfrei<\/p>\n<p><strong>Sch\u00f6ne neue Welt!? Chancen und Herausforderungen der Digitalisierung im Dienstleistungssektor <\/strong><\/p>\n<p>Technik hat das Potential, Dienstleistungen effizienter zu gestalten und zugleich deren Qualit\u00e4t zu erh\u00f6hen. Der Einsatz von Technik kann aber auch zu Komplikationen f\u00fchren. Wer hat sich nicht schon dar\u00fcber ge\u00e4rgert, am Telefon von einer Computerstimme begr\u00fc\u00dft zu werden, statt zu einem Gespr\u00e4chspartner durchzudringen? Forschungsergebnisse zeigen, welchen Einfluss die Digitalisierung auf die Interaktion zwischen Menschen hat und wie Technik gestaltet sein muss, um die Qualit\u00e4t von Dienstleistungen zu verbessern.<\/p>\n<p>\u00a0<\/p>\n<p>Kurs 1211 \/ Mi. 06.11.2019, 18:00 Uhr<br \/><a href=\"https:\/\/www.iso-institut.de\/en\/mitarbeiter-krupp\/\"><strong>Dr. Elisabeth Krupp<\/strong><\/a>, Pflegewissenschaftlerin (MScN)<br \/>Altes Rathaus, Raum 23 \/ geb\u00fchrenfrei<\/p>\n<p><strong>Pflegebed\u00fcrftig und dann?<\/strong><br \/>Pflegebed\u00fcrftigkeit ist ein allgemeines Lebensrisiko und kann jeden treffen. Seit fast 25 Jahren gibt es f\u00fcr dieses Risiko die Pflegeversicherung. Seit dieser Zeit ber\u00e4t das iso-Institut das Bundesministerium f\u00fcr Gesundheit im Modellprogramm zur &#8222;Verbesserung der Versorgung Pflegebed\u00fcrftiger&#8220;. Ziel der Beratung durch das iso-Institut ist die bedarfsgerechte Weiterentwicklung der Pflegeversicherung. Vor diesem Hintergrund werden Ergebnisse aus dem Modellprogramm sowie das neue Verst\u00e4ndnis von Pflegebed\u00fcrftigkeit vorgestellt und anschlie\u00dfend mit den Teilnehmenden diskutiert.<\/p>\n<p>\u00a0<\/p>\n<p>Kurs 1212 \/ Mi. 13.11.2019, 18:00 Uhr<br \/><a href=\"https:\/\/www.iso-institut.de\/en\/bieber_daniel\/\"><strong>Prof. Dr. Daniel Bieber<\/strong><\/a>, Gesch\u00e4ftsf\u00fchrer des iso-Instituts<br \/>vhs-Zentrum, Saal 1 OG \/ geb\u00fchrenfrei<\/p>\n<p><strong>Mobilit\u00e4t f\u00fcr alle \u2013 wie macht man das?<\/strong><br \/>Das Auto ist insbesondere im Saarland das Mittel der Wahl, wenn man von A nach B kommen m\u00f6chte. Auch \u00e4ltere Menschen oder Menschen mit k\u00f6rperlichen oder geistigen Einschr\u00e4nkungen nehmen lieber die Fahrdienste von Familie, Freunden oder Nachbarn in Anspruch als den \u00f6ffentliche Personennahverkehr (\u00d6PNV) zu nutzen. Um aber am gesellschaftlichen Leben teilhaben zu k\u00f6nnen, k\u00f6nnen Menschen durch \u00d6PNV-basierte Begleitdienste in ihrer Mobilit\u00e4t unterst\u00fctzt werden, auch im l\u00e4ndlichen Raum. Am Beispiel des Projekts \u201emobisaar\u201c wird erl\u00e4utert, wie man als neue Dienstleistung einen Mobilit\u00e4tsservice f\u00fcr alle aufbaut, der nicht nur den Menschen n\u00fctzt, sondern die Betreiber auch nicht allzu viel kostet.<\/p>\n<p>\u00a0<\/p>\n<p>Kurs 1213 \/ Mi. 20.11.2019, 18:00 Uhr<br \/><a href=\"https:\/\/www.iso-institut.de\/en\/mitarbeiter-hielscher\/\"><strong>PhD Volker Hielscher<\/strong><\/a>, Dipl.-Sozialwissenschaftler<br \/>vhs-Zentrum, Saal 1 OG \/ geb\u00fchrenfrei<\/p>\n<p><strong>Gesund im Job \u2013 und das bis zur Rente!?<\/strong><br \/>\u00dcber gesundes Arbeiten wird viel gesprochen. Viele Unternehmen machen unterschiedliche Angebote zur F\u00f6rderung der Gesundheit und Fitness ihrer MitarbeiterInnen. Sie konkurrieren dabei mittlerweile auch um ein m\u00f6glichst gutes Image als attraktiver Arbeitgeber. Doch gleichzeitig klagen immer mehr Menschen \u00fcber eine Zunahme von Hektik, Belastungen und Stress im Arbeitsleben. Wie passt das zusammen? Welche Anforderungen stellen sich an Pr\u00e4vention, Gesundheitsf\u00f6rderung und Arbeitsgestaltung, damit die Arbeitnehmer von heute gesund und fit das Rentenalter erreichen k\u00f6nnen?<\/p>\n<p>\u00a0<\/p>\n<p>Kurs 1214 \/ Mi. 27.11.2019, 18:00 Uhr<br \/><a href=\"https:\/\/www.iso-institut.de\/en\/mitarbeiter-kreutzer\/\"><strong>Dr. Elena Kreutzer<\/strong><\/a>, Dipl.-Kulturwissenschaftlerin<br \/>vhs-Zentrum, Saal 1 oG \/ geb\u00fchrenfrei<\/p>\n<p><strong>Vielfalt in der Gesellschaft \u2013 Diversity Management im Betrieb?<\/strong><br \/>Moderne Gesellschaften \u2013 und ihre Unternehmen \u2013 sind von einer Vielfalt an Lebensstilen, Ethnien, sozialen und kulturellen Milieus gepr\u00e4gt. Dies stellt Besch\u00e4ftigte und F\u00fchrungskr\u00e4fte im Arbeitsalltag vor neue Herausforderungen \u2013 bei der Bew\u00e4ltigung der Aufgaben ebenso wie im sozialen Miteinander. Der Ansatz des Diversity Managements versucht, ein Arbeitsumfeld zu schaffen, das wertsch\u00e4tzend und frei von Vorurteilen gegen\u00fcber allen Mitarbeiterinnen und Mitarbeitern ist. Wie kann das in der Praxis gelingen? Wo liegen Chancen und Herausforderungen dieses Managementkonzepts?<\/p>\n<p>\u00a0<\/p>\n<p>\u00a0<\/p>\n<p>[\/et_pb_text][\/et_pb_column_inner][\/et_pb_row_inner][\/et_pb_column][et_pb_column type=&#8220;1_4&#8243;][et_pb_sidebar area=&#8220;cs-1&#8243; _builder_version=&#8220;3.18.9&#8243;]<\/p>\n<p>[\/et_pb_sidebar][\/et_pb_column][\/et_pb_section]<\/p>","protected":false},"excerpt":{"rendered":"<p>Forschung f\u00fcr die Praxis \u2013 Ringvorlesung des iso-Instituts\u00a0Ob gesunde Arbeitswelten, innovative Versorgung in Gesundheit und Pflege oder neue technikgest\u00fctzte Dienstleistungen \u2013 seit 50 Jahren betreibt das Saarbr\u00fccker Institut f\u00fcr Sozialforschung [&hellip;]<\/p>","protected":false},"author":1,"featured_media":0,"parent":0,"menu_order":0,"comment_status":"closed","ping_status":"closed","template":"","meta":{"_acf_changed":false,"_et_pb_use_builder":"on","_et_pb_old_content":"","_et_gb_content_width":"","footnotes":""},"class_list":["post-5958","page","type-page","status-publish","hentry"],"acf":[],"yoast_head":"<!-- This site is optimized with the Yoast SEO plugin v25.6 - https:\/\/yoast.com\/wordpress\/plugins\/seo\/ -->\n<title>50 Jahre iso Ringvorlesung VHS - Institut f\u00fcr Sozialforschung und Sozialwirtschaft (iso)<\/title>\n<meta name=\"robots\" content=\"index, follow, max-snippet:-1, max-image-preview:large, max-video-preview:-1\" \/>\n<link rel=\"canonical\" href=\"https:\/\/www.iso-institut.de\/en\/50-jahre-iso-ringvorlesung-vhs\/\" \/>\n<meta property=\"og:locale\" content=\"en_GB\" \/>\n<meta property=\"og:type\" content=\"article\" \/>\n<meta property=\"og:title\" content=\"50 Jahre iso Ringvorlesung VHS - Institut f\u00fcr Sozialforschung und Sozialwirtschaft (iso)\" \/>\n<meta property=\"og:description\" content=\"Forschung f\u00fcr die Praxis \u2013 Ringvorlesung des iso-Instituts\u00a0Ob gesunde Arbeitswelten, innovative Versorgung in Gesundheit und Pflege oder neue technikgest\u00fctzte Dienstleistungen \u2013 seit 50 Jahren betreibt das Saarbr\u00fccker Institut f\u00fcr Sozialforschung [&hellip;]\" \/>\n<meta property=\"og:url\" content=\"https:\/\/www.iso-institut.de\/en\/50-jahre-iso-ringvorlesung-vhs\/\" \/>\n<meta property=\"og:site_name\" content=\"Institut f\u00fcr Sozialforschung und Sozialwirtschaft (iso)\" \/>\n<meta property=\"article:publisher\" content=\"https:\/\/www.facebook.com\/isoInstitut\/\" \/>\n<meta property=\"article:modified_time\" content=\"2019-10-29T13:29:46+00:00\" \/>\n<meta name=\"twitter:card\" content=\"summary_large_image\" \/>\n<meta name=\"twitter:label1\" content=\"Estimated reading time\" \/>\n\t<meta name=\"twitter:data1\" content=\"6 minutes\" \/>\n<script type=\"application\/ld+json\" class=\"yoast-schema-graph\">{\"@context\":\"https:\/\/schema.org\",\"@graph\":[{\"@type\":\"WebPage\",\"@id\":\"https:\/\/www.iso-institut.de\/50-jahre-iso-ringvorlesung-vhs\/\",\"url\":\"https:\/\/www.iso-institut.de\/50-jahre-iso-ringvorlesung-vhs\/\",\"name\":\"50 Jahre iso Ringvorlesung VHS - Institut f\u00fcr Sozialforschung und Sozialwirtschaft (iso)\",\"isPartOf\":{\"@id\":\"https:\/\/www.iso-institut.de\/#website\"},\"datePublished\":\"2019-10-08T08:17:51+00:00\",\"dateModified\":\"2019-10-29T13:29:46+00:00\",\"breadcrumb\":{\"@id\":\"https:\/\/www.iso-institut.de\/50-jahre-iso-ringvorlesung-vhs\/#breadcrumb\"},\"inLanguage\":\"en-GB\",\"potentialAction\":[{\"@type\":\"ReadAction\",\"target\":[\"https:\/\/www.iso-institut.de\/50-jahre-iso-ringvorlesung-vhs\/\"]}]},{\"@type\":\"BreadcrumbList\",\"@id\":\"https:\/\/www.iso-institut.de\/50-jahre-iso-ringvorlesung-vhs\/#breadcrumb\",\"itemListElement\":[{\"@type\":\"ListItem\",\"position\":1,\"name\":\"Startseite\",\"item\":\"https:\/\/www.iso-institut.de\/\"},{\"@type\":\"ListItem\",\"position\":2,\"name\":\"50 Jahre iso Ringvorlesung VHS\"}]},{\"@type\":\"WebSite\",\"@id\":\"https:\/\/www.iso-institut.de\/#website\",\"url\":\"https:\/\/www.iso-institut.de\/\",\"name\":\"Institut f\u00fcr Sozialforschung und Sozialwirtschaft (iso)\",\"description\":\"Die gr\u00f6\u00dfte selbst\u00e4ndige und unabh\u00e4ngige sozialwissenschaftliche Forschungseinrichtung im S\u00fcdwesten Deutschlands\",\"potentialAction\":[{\"@type\":\"SearchAction\",\"target\":{\"@type\":\"EntryPoint\",\"urlTemplate\":\"https:\/\/www.iso-institut.de\/?s={search_term_string}\"},\"query-input\":{\"@type\":\"PropertyValueSpecification\",\"valueRequired\":true,\"valueName\":\"search_term_string\"}}],\"inLanguage\":\"en-GB\"}]}<\/script>\n<!-- \/ Yoast SEO plugin. -->","yoast_head_json":{"title":"50 Jahre iso Ringvorlesung VHS - Institut f\u00fcr Sozialforschung und Sozialwirtschaft (iso)","robots":{"index":"index","follow":"follow","max-snippet":"max-snippet:-1","max-image-preview":"max-image-preview:large","max-video-preview":"max-video-preview:-1"},"canonical":"https:\/\/www.iso-institut.de\/en\/50-jahre-iso-ringvorlesung-vhs\/","og_locale":"en_GB","og_type":"article","og_title":"50 Jahre iso Ringvorlesung VHS - Institut f\u00fcr Sozialforschung und Sozialwirtschaft (iso)","og_description":"Forschung f\u00fcr die Praxis \u2013 Ringvorlesung des iso-Instituts\u00a0Ob gesunde Arbeitswelten, innovative Versorgung in Gesundheit und Pflege oder neue technikgest\u00fctzte Dienstleistungen \u2013 seit 50 Jahren betreibt das Saarbr\u00fccker Institut f\u00fcr Sozialforschung [&hellip;]","og_url":"https:\/\/www.iso-institut.de\/en\/50-jahre-iso-ringvorlesung-vhs\/","og_site_name":"Institut f\u00fcr Sozialforschung und Sozialwirtschaft (iso)","article_publisher":"https:\/\/www.facebook.com\/isoInstitut\/","article_modified_time":"2019-10-29T13:29:46+00:00","twitter_card":"summary_large_image","twitter_misc":{"Estimated reading time":"6 minutes"},"schema":{"@context":"https:\/\/schema.org","@graph":[{"@type":"WebPage","@id":"https:\/\/www.iso-institut.de\/50-jahre-iso-ringvorlesung-vhs\/","url":"https:\/\/www.iso-institut.de\/50-jahre-iso-ringvorlesung-vhs\/","name":"50 Jahre iso Ringvorlesung VHS - Institut f\u00fcr Sozialforschung und Sozialwirtschaft (iso)","isPartOf":{"@id":"https:\/\/www.iso-institut.de\/#website"},"datePublished":"2019-10-08T08:17:51+00:00","dateModified":"2019-10-29T13:29:46+00:00","breadcrumb":{"@id":"https:\/\/www.iso-institut.de\/50-jahre-iso-ringvorlesung-vhs\/#breadcrumb"},"inLanguage":"en-GB","potentialAction":[{"@type":"ReadAction","target":["https:\/\/www.iso-institut.de\/50-jahre-iso-ringvorlesung-vhs\/"]}]},{"@type":"BreadcrumbList","@id":"https:\/\/www.iso-institut.de\/50-jahre-iso-ringvorlesung-vhs\/#breadcrumb","itemListElement":[{"@type":"ListItem","position":1,"name":"Startseite","item":"https:\/\/www.iso-institut.de\/"},{"@type":"ListItem","position":2,"name":"50 Jahre iso Ringvorlesung VHS"}]},{"@type":"WebSite","@id":"https:\/\/www.iso-institut.de\/#website","url":"https:\/\/www.iso-institut.de\/","name":"Institut f\u00fcr Sozialforschung und Sozialwirtschaft (iso)","description":"Die gr\u00f6\u00dfte selbst\u00e4ndige und unabh\u00e4ngige sozialwissenschaftliche Forschungseinrichtung im S\u00fcdwesten Deutschlands","potentialAction":[{"@type":"SearchAction","target":{"@type":"EntryPoint","urlTemplate":"https:\/\/www.iso-institut.de\/?s={search_term_string}"},"query-input":{"@type":"PropertyValueSpecification","valueRequired":true,"valueName":"search_term_string"}}],"inLanguage":"en-GB"}]}},"_links":{"self":[{"href":"http:\/\/www.iso-institut.de\/en\/wp-json\/wp\/v2\/pages\/5958"}],"collection":[{"href":"http:\/\/www.iso-institut.de\/en\/wp-json\/wp\/v2\/pages"}],"about":[{"href":"http:\/\/www.iso-institut.de\/en\/wp-json\/wp\/v2\/types\/page"}],"author":[{"embeddable":true,"href":"http:\/\/www.iso-institut.de\/en\/wp-json\/wp\/v2\/users\/1"}],"replies":[{"embeddable":true,"href":"http:\/\/www.iso-institut.de\/en\/wp-json\/wp\/v2\/comments?post=5958"}],"version-history":[{"count":3,"href":"http:\/\/www.iso-institut.de\/en\/wp-json\/wp\/v2\/pages\/5958\/revisions"}],"predecessor-version":[{"id":6040,"href":"http:\/\/www.iso-institut.de\/en\/wp-json\/wp\/v2\/pages\/5958\/revisions\/6040"}],"wp:attachment":[{"href":"http:\/\/www.iso-institut.de\/en\/wp-json\/wp\/v2\/media?parent=5958"}],"curies":[{"name":"wp","href":"https:\/\/api.w.org\/{rel}","templated":true}]}}