{"id":10680,"date":"2021-10-29T12:05:59","date_gmt":"2021-10-29T10:05:59","guid":{"rendered":"https:\/\/www.iso-institut.de\/?page_id=10680"},"modified":"2022-12-01T16:56:27","modified_gmt":"2022-12-01T15:56:27","slug":"mitarbeiter-wacht","status":"publish","type":"page","link":"https:\/\/www.iso-institut.de\/en\/mitarbeiter-wacht\/","title":{"rendered":"Mitarbeiter Wacht"},"content":{"rendered":"<p>[et_pb_section fb_built=&#8220;1&#8243; inner_shadow=&#8220;on&#8220; fullwidth=&#8220;on&#8220; _builder_version=&#8220;4.16&#8243; background_color=&#8220;#2ea3f2&#8243; use_background_color_gradient=&#8220;on&#8220; background_color_gradient_direction=&#8220;330deg&#8220; background_color_gradient_stops=&#8220;#2ea3f2 0%|#2e6df4 100%&#8220; background_color_gradient_start=&#8220;#2ea3f2&#8243; background_color_gradient_end=&#8220;#2e6df4&#8243; custom_margin=&#8220;-30px||-30px||true&#8220; custom_padding=&#8220;0|0px|0|0px|false|false&#8220; global_colors_info=&#8220;{}&#8220;][et_pb_fullwidth_header title=&#8220;Ingrid Wacht&#8220; subhead=&#8220;Wissenschaftliche Hilfskraft&#8220; admin_label=&#8220;Vollbreite Kopfzeile Wacht&#8220; _builder_version=&#8220;4.17.4&#8243; custom_margin=&#8220;-40px||-40px||true&#8220; global_colors_info=&#8220;{}&#8220; button_one_text_size__hover_enabled=&#8220;off&#8220; button_one_text_size__hover=&#8220;null&#8220; button_two_text_size__hover_enabled=&#8220;off&#8220; button_two_text_size__hover=&#8220;null&#8220; button_one_text_color__hover_enabled=&#8220;off&#8220; button_one_text_color__hover=&#8220;null&#8220; button_two_text_color__hover_enabled=&#8220;off&#8220; button_two_text_color__hover=&#8220;null&#8220; button_one_border_width__hover_enabled=&#8220;off&#8220; button_one_border_width__hover=&#8220;null&#8220; button_two_border_width__hover_enabled=&#8220;off&#8220; button_two_border_width__hover=&#8220;null&#8220; button_one_border_color__hover_enabled=&#8220;off&#8220; button_one_border_color__hover=&#8220;null&#8220; button_two_border_color__hover_enabled=&#8220;off&#8220; button_two_border_color__hover=&#8220;null&#8220; button_one_border_radius__hover_enabled=&#8220;off&#8220; button_one_border_radius__hover=&#8220;null&#8220; button_two_border_radius__hover_enabled=&#8220;off&#8220; button_two_border_radius__hover=&#8220;null&#8220; button_one_letter_spacing__hover_enabled=&#8220;off&#8220; button_one_letter_spacing__hover=&#8220;null&#8220; button_two_letter_spacing__hover_enabled=&#8220;off&#8220; button_two_letter_spacing__hover=&#8220;null&#8220; button_one_bg_color__hover_enabled=&#8220;off&#8220; button_one_bg_color__hover=&#8220;null&#8220; button_two_bg_color__hover_enabled=&#8220;off&#8220; button_two_bg_color__hover=&#8220;null&#8220;][\/et_pb_fullwidth_header][\/et_pb_section][et_pb_section fb_built=&#8220;1&#8243; specialty=&#8220;on&#8220; _builder_version=&#8220;4.16&#8243; background_color=&#8220;#f2f3f5&#8243; global_colors_info=&#8220;{}&#8220;][et_pb_column type=&#8220;3_4&#8243; specialty_columns=&#8220;3&#8243; _builder_version=&#8220;4.16&#8243; custom_padding=&#8220;|||&#8220; global_colors_info=&#8220;{}&#8220; custom_padding__hover=&#8220;|||&#8220;][et_pb_row_inner column_structure=&#8220;1_2,1_2&#8243; admin_label=&#8220;Text &#038; Bild Wacht&#8220; _builder_version=&#8220;4.16&#8243; max_width=&#8220;85%&#8220; custom_padding=&#8220;29.6875px|0px|0|0px|false|false&#8220; global_colors_info=&#8220;{}&#8220;][et_pb_column_inner type=&#8220;1_2&#8243; saved_specialty_column_type=&#8220;3_4&#8243; _builder_version=&#8220;4.16&#8243; custom_padding=&#8220;|||&#8220; global_colors_info=&#8220;{}&#8220; custom_padding__hover=&#8220;|||&#8220;][et_pb_team_member name=&#8220;Ingrid Wacht&#8220; position=&#8220;Wissenschaftliche Hilfskraft&#8220; image_url=&#8220;https:\/\/www.iso-institut.de\/wp-content\/uploads\/Foto-Ingrid-Wacht_2-scaled.jpg&#8220; admin_label=&#8220;Person Wacht&#8220; _builder_version=&#8220;4.17.4&#8243; background_enable_image=&#8220;off&#8220; max_width=&#8220;61%&#8220; module_alignment=&#8220;left&#8220; global_colors_info=&#8220;{}&#8220;][\/et_pb_team_member][\/et_pb_column_inner][et_pb_column_inner type=&#8220;1_2&#8243; saved_specialty_column_type=&#8220;3_4&#8243; _builder_version=&#8220;4.16&#8243; custom_padding=&#8220;|||&#8220; global_colors_info=&#8220;{}&#8220; custom_padding__hover=&#8220;|||&#8220;][et_pb_text admin_label=&#8220;Daten Wacht&#8220; _builder_version=&#8220;4.19.2&#8243; text_text_color=&#8220;#213e64&#8243; header_text_color=&#8220;#213e64&#8243; background_size=&#8220;initial&#8220; background_position=&#8220;top_left&#8220; background_repeat=&#8220;repeat&#8220; hover_enabled=&#8220;0&#8243; inline_fonts=&#8220;Verdana&#8220; global_colors_info=&#8220;{}&#8220; sticky_enabled=&#8220;0&#8243;]<\/p>\n<h2><span style=\"font-size: medium; color: #213e64;\"><strong>Tel.: +49 (0) 681 9 54 24 \u2013 13<br \/>Fax: +49 (0) 681 9 54 24 \u2013 27<br \/>Email: <a href=\"mailto:wacht@iso-institut.de\">wacht@iso-institut.de<\/a><\/strong><\/span><\/h2>\n<p>[\/et_pb_text][\/et_pb_column_inner][\/et_pb_row_inner][et_pb_row_inner admin_label=&#8220;Zeile&#8220; _builder_version=&#8220;4.16&#8243; global_colors_info=&#8220;{}&#8220;][et_pb_column_inner saved_specialty_column_type=&#8220;3_4&#8243; _builder_version=&#8220;4.16&#8243; custom_padding=&#8220;|||&#8220; global_colors_info=&#8220;{}&#8220; custom_padding__hover=&#8220;|||&#8220;][et_pb_toggle title=&#8220;Ausbildung&#8220; closed_toggle_background_color=&#8220;#ffffff&#8220; icon_color=&#8220;#213e64&#8243; open_icon_color=&#8220;#213e64&#8243; admin_label=&#8220;Ausbildung&#8220; _builder_version=&#8220;4.16&#8243; title_text_color=&#8220;#213e64&#8243; title_font=&#8220;Nunito Sans|600|||||||&#8220; title_line_height=&#8220;1.3em&#8220; body_font=&#8220;Nunito Sans||||||||&#8220; body_text_color=&#8220;#213e64&#8243; body_font_size=&#8220;15px&#8220; custom_margin=&#8220;|||&#8220; custom_padding=&#8220;24px|24px|24px|24px&#8220; border_radii=&#8220;on|4px|4px|4px|4px&#8220; border_width_all=&#8220;0px&#8220; box_shadow_style=&#8220;preset3&#8243; box_shadow_color=&#8220;rgba(34,56,101,0.12)&#8220; use_border_color=&#8220;on&#8220; border_width=&#8220;0px&#8220; global_colors_info=&#8220;{}&#8220;]<\/p>\n<ul>\n<li><span style=\"color: #213e64;\">1975 to 1984 Studied sociology, economics and social psychology at the University of Trier. Degree: Diploma (1984)<\/span><\/li>\n<\/ul>\n<p>[\/et_pb_toggle][et_pb_toggle title=&#8220;Berufst\u00e4tigkeit&#8220; closed_toggle_background_color=&#8220;#ffffff&#8220; icon_color=&#8220;#213e64&#8243; open_icon_color=&#8220;#213e64&#8243; admin_label=&#8220;Berufst\u00e4tigkeit&#8220; _builder_version=&#8220;4.17.4&#8243; title_text_color=&#8220;#213e64&#8243; title_font=&#8220;Nunito Sans|600|||||||&#8220; title_line_height=&#8220;1.3em&#8220; body_font=&#8220;Nunito Sans||||||||&#8220; body_text_color=&#8220;#213e64&#8243; body_font_size=&#8220;15px&#8220; custom_margin=&#8220;|||&#8220; custom_padding=&#8220;24px|24px|24px|24px&#8220; border_radii=&#8220;on|4px|4px|4px|4px&#8220; border_width_all=&#8220;0px&#8220; box_shadow_style=&#8220;preset3&#8243; box_shadow_color=&#8220;rgba(34,56,101,0.12)&#8220; use_border_color=&#8220;on&#8220; border_width=&#8220;0px&#8220; global_colors_info=&#8220;{}&#8220;]<\/p>\n<ul>\n<li><span style=\"color: #213e64;\">Since October 2021 research assistant at the Institute for Social Research and Social Economy (<strong><em>iso<\/em><\/strong>), Saarbr\u00fccken<br \/><\/span><\/li>\n<li><span style=\"color: #213e64;\">2014 to 2021 employed by Sozialverband VdK Saarland e.V. as project manager at the volunteering service centre, especially for people with cognitive impairments and people with limited mobility<\/span><\/li>\n<li><span style=\"color: #213e64;\">2009 to 2014 employed as managing director and press spokeswoman for B\u00fcndnis 90\/Die Gr\u00fcnen in Saarbr\u00fccken City Council<\/span><\/li>\n<li><span style=\"color: #213e64;\">2005 to 2009 employed as project manager and lecturer at the non-profit organisation Gemeinn\u00fctzige Gesellschaft f\u00fcr Arbeitslosenberatung und Besch\u00e4ftigung Burbach mbH<\/span><\/li>\n<li><span style=\"color: #213e64;\">1987 to 2005 employed as Managing Director at the Coordination of Saarland Unemployment Initiatives e.V., V\u00f6lklingen<\/span><\/li>\n<li><span style=\"color: #213e64;\">1985 to 1986 employed as a public relations officer and seminar leader at the Protestant Youth Organisation on the Saar<\/span><\/li>\n<li><span style=\"color: #213e64;\">1980 to 1982 employed during her studies as a research assistant in the project \"Urban Development in International Comparison\"<\/span><\/li>\n<\/ul>\n<p>[\/et_pb_toggle][et_pb_toggle title=&#8220;Ver\u00f6ffentlichungen&#8220; closed_toggle_background_color=&#8220;#ffffff&#8220; icon_color=&#8220;#213e64&#8243; open_icon_color=&#8220;#213e64&#8243; admin_label=&#8220;Ver\u00f6ffentlichungen&#8220; _builder_version=&#8220;4.17.6&#8243; title_text_color=&#8220;#213e64&#8243; title_font=&#8220;Nunito Sans|600|||||||&#8220; title_line_height=&#8220;1.3em&#8220; body_font=&#8220;Nunito Sans||||||||&#8220; body_text_color=&#8220;#213e64&#8243; body_font_size=&#8220;15px&#8220; custom_margin=&#8220;|||&#8220; custom_padding=&#8220;24px|24px|24px|24px&#8220; border_radii=&#8220;on|4px|4px|4px|4px&#8220; border_width_all=&#8220;0px&#8220; box_shadow_style=&#8220;preset3&#8243; box_shadow_color=&#8220;rgba(34,56,101,0.12)&#8220; use_border_color=&#8220;on&#8220; border_width=&#8220;0px&#8220; global_colors_info=&#8220;{}&#8220;]<\/p>\n<p><span style=\"color: #000000;\"><strong>2022<\/strong><\/span><br \/><span style=\"color: #213e64;\">Ke\u00dfler, Bettina; R\u00f6\u00dfler, Jana; Schumacher, Marion; Roder, Sascha; Schwarz, Kathleen; <strong>Wacht, Ingrid<\/strong>; Lemke, Kristina; Becker, Andrea (2022): Praktische Einrichtung eines Lots*innen-Begleitservice. In: Jan Alexandersson, Daniel Bieber, Sascha Roder, Jana R\u00f6\u00dfler, Kathleen Schwarz (Hrsg.), Mobilit\u00e4t und Teilhabe \u2013 Begleitdienste im \u00f6ffentlichen Personennahverkehr: Erfahrungen aus einem sozio-technischen Forschungsprojekt (S. 49\u201391). Springer Fachmedien. <a style=\"color: #213e64;\" href=\"https:\/\/doi.org\/10.1007\/978-3-658-35781-8_3\">https:\/\/doi.org\/10.1007\/978-3-658-35781-8_3<\/a><\/span><\/p>\n<p><span style=\"color: #213e64;\">Lemke, Kristina; <strong>Wacht, Ingrid<\/strong>; Schwarz, Kathleen (2022): Ehrenamtliches Engagement In: mobisaar \u2013 ein Konzept f\u00fcr \u00d6PNV-Begleitdienste? In: Jan Alexandersson, Daniel Bieber, Sascha Roder, Jana R\u00f6\u00dfler, Kathleen Schwarz (Hrsg.), Mobilit\u00e4t und Teilhabe \u2013 Begleitdienste im \u00f6ffentlichen Personennahverkehr: Erfahrungen aus einem sozio-technischen Forschungsprojekt (S. 93\u2013108). Springer Fachmedien. <a style=\"color: #213e64;\" href=\"https:\/\/doi.org\/10.1007\/978-3-658-35781-8_4\">https:\/\/doi.org\/10.1007\/978-3-658-35781-8_4<\/a><\/span><\/p>\n<p><span style=\"color: #000000;\"><strong>2018<br \/><\/strong><\/span><span style=\"color: #213e64;\"><strong>Wacht, Ingrid<\/strong>, Lemke, Kristina (2018): Begleitservices und ehrenamtliches Engagement im l\u00e4ndlichen Raum. In: Bieber, Daniel<strong>; <\/strong>Schwarz, Kathleen; Schumacher, Marion (2018): Dokumentation: Zweite bundesweite Fachtagung der Begleitservices im \u00d6ffentlichen Personennahverkehr. Wie \u00e4ltere und mobilit\u00e4tseingeschr\u00e4nkte Menschen durch Begleitung mobiler werden. 1. Auflage, Juni 2018, Saarbr\u00fccken: iso-Institut. S. 38.<\/span><\/p>\n<p><span style=\"color: #213e64;\"><strong><span style=\"color: #000000;\">1993<\/span><\/strong> bis <strong><span style=\"color: #000000;\">2003<\/span><\/strong> Mitherausgeberin der Schriftenreihe des &#8222;Arbeitskreises Alternative Arbeitsmarktpolitik&#8220;<\/span><\/p>\n<p><span style=\"color: #213e64;\"><strong><span style=\"color: #000000;\">2003<\/span><\/strong><\/span><br \/><span style=\"color: #213e64;\">Moderne Dienstleistungen am Arbeitsmarkt \u2013 Gewinner und Verlierer (Saarbr\u00fccken 2003).<\/span><br \/><strong><span style=\"color: #000000;\"><br \/>2002<\/span><\/strong><br \/><span style=\"color: #213e64;\">F\u00f6rdern mit Perspektiven, Fordern mit Legitimation (Saarbr\u00fccken 2002).<\/span><\/p>\n<p><strong><span style=\"color: #000000;\">2001<br \/><\/span><\/strong><span style=\"color: #213e64;\">Soziale Stadt \u2013 Chancen einer ganzheitlichen Stadtentwicklung (Saarbr\u00fccken 2001).<\/span><\/p>\n<p><span style=\"color: #213e64;\"><strong><span style=\"color: #000000;\">2000<\/span><\/strong><br \/><\/span><span style=\"color: #213e64;\">Integrative Arbeitsmarktpolitik \u2013 Zusammenarbeit ist notwendig (Saarbr\u00fccken 2000).<\/span><\/p>\n<p><strong><span style=\"color: #000000;\">1999<br \/><\/span><\/strong><span style=\"color: #213e64;\">Besch\u00e4ftigung f\u00fcr alle \u2013 Neue Konzepte in der Arbeitsmarktpolitik (Saarbr\u00fccken 1999).<\/span><\/p>\n<p><strong><span style=\"color: #000000;\">1998<br \/><\/span><\/strong><span style=\"color: #213e64;\">Jugend will arbeiten \u2013 Mehr Ausbildungs- und Arbeitspl\u00e4tze f\u00fcr junge Menschen (Saarbr\u00fccken 1998).<\/span><\/p>\n<p><span style=\"color: #213e64;\"><strong><span style=\"color: #000000;\">1996<\/span><\/strong><br \/><\/span><span style=\"color: #213e64;\">Arbeitspl\u00e4tze schaffen. M\u00f6glichkeiten einer Verzahnung von Arbeitsmarkt- und Strukturpolitik (Saarbr\u00fccken 1996).<\/span><\/p>\n<p><span style=\"color: #213e64;\"><span style=\"color: #000000;\"><strong>1995<\/strong><\/span><br \/><\/span><span style=\"color: #213e64;\">Arbeitsmarktpolitik in der Offensive? M\u00f6glichkeiten der Wiedereingliederung von Arbeitslosen in den ersten Arbeitsmarkt (Saarbr\u00fccken 1995)<\/span><\/p>\n<p><span style=\"color: #213e64;\"><strong><span style=\"color: #000000;\">1993<\/span><\/strong><br \/><\/span><span style=\"color: #213e64;\">Grenzen von Besch\u00e4ftigungsma\u00dfnahmen \u2013 Auf der Suche nach neuen Wegen (Saarbr\u00fccken 1993)<\/span><\/p>\n<p>&nbsp;<\/p>\n<p>[\/et_pb_toggle][\/et_pb_column_inner][\/et_pb_row_inner][\/et_pb_column][et_pb_column type=&#8220;1_4&#8243; _builder_version=&#8220;4.16&#8243; custom_padding=&#8220;|||&#8220; global_colors_info=&#8220;{}&#8220; custom_padding__hover=&#8220;|||&#8220;][et_pb_sidebar orientation=&#8220;right&#8220; area=&#8220;cs-1&#8243; _builder_version=&#8220;4.16&#8243; global_colors_info=&#8220;{}&#8220;]<br \/>\n[\/et_pb_sidebar][\/et_pb_column][\/et_pb_section]<\/p>","protected":false},"excerpt":{"rendered":"<p>Tel.: +49 (0) 681 9 54 24 \u2013 13Fax: +49 (0) 681 9 54 24 \u2013 27E-Mail: wacht@iso-institut.de 1975 bis 1984 Studium der Soziologie, Volkswirtschaftslehre und Sozialpsychologie an der Universit\u00e4t [&hellip;]<\/p>","protected":false},"author":1,"featured_media":0,"parent":0,"menu_order":0,"comment_status":"closed","ping_status":"closed","template":"","meta":{"_acf_changed":false,"_et_pb_use_builder":"on","_et_pb_old_content":"","_et_gb_content_width":"","footnotes":""},"class_list":["post-10680","page","type-page","status-publish","hentry"],"acf":[],"yoast_head":"<!-- This site is optimized with the Yoast SEO plugin v25.6 - https:\/\/yoast.com\/wordpress\/plugins\/seo\/ -->\n<title>Mitarbeiter Wacht - Institut f\u00fcr Sozialforschung und Sozialwirtschaft (iso)<\/title>\n<meta name=\"robots\" content=\"index, follow, max-snippet:-1, max-image-preview:large, max-video-preview:-1\" \/>\n<link rel=\"canonical\" href=\"https:\/\/www.iso-institut.de\/en\/mitarbeiter-wacht\/\" \/>\n<meta property=\"og:locale\" content=\"en_GB\" \/>\n<meta property=\"og:type\" content=\"article\" \/>\n<meta property=\"og:title\" content=\"Mitarbeiter Wacht - Institut f\u00fcr Sozialforschung und Sozialwirtschaft (iso)\" \/>\n<meta property=\"og:description\" content=\"Tel.: +49 (0) 681 9 54 24 \u2013 13Fax: +49 (0) 681 9 54 24 \u2013 27E-Mail: wacht@iso-institut.de 1975 bis 1984 Studium der Soziologie, Volkswirtschaftslehre und Sozialpsychologie an der Universit\u00e4t [&hellip;]\" \/>\n<meta property=\"og:url\" content=\"https:\/\/www.iso-institut.de\/en\/mitarbeiter-wacht\/\" \/>\n<meta property=\"og:site_name\" content=\"Institut f\u00fcr Sozialforschung und Sozialwirtschaft (iso)\" \/>\n<meta property=\"article:publisher\" content=\"https:\/\/www.facebook.com\/isoInstitut\/\" \/>\n<meta property=\"article:modified_time\" content=\"2022-12-01T15:56:27+00:00\" \/>\n<meta name=\"twitter:card\" content=\"summary_large_image\" \/>\n<meta name=\"twitter:label1\" content=\"Estimated reading time\" \/>\n\t<meta name=\"twitter:data1\" content=\"4 minutes\" \/>\n<script type=\"application\/ld+json\" class=\"yoast-schema-graph\">{\"@context\":\"https:\/\/schema.org\",\"@graph\":[{\"@type\":\"WebPage\",\"@id\":\"https:\/\/www.iso-institut.de\/mitarbeiter-wacht\/\",\"url\":\"https:\/\/www.iso-institut.de\/mitarbeiter-wacht\/\",\"name\":\"Mitarbeiter Wacht - Institut f\u00fcr Sozialforschung und Sozialwirtschaft (iso)\",\"isPartOf\":{\"@id\":\"https:\/\/www.iso-institut.de\/#website\"},\"datePublished\":\"2021-10-29T10:05:59+00:00\",\"dateModified\":\"2022-12-01T15:56:27+00:00\",\"breadcrumb\":{\"@id\":\"https:\/\/www.iso-institut.de\/mitarbeiter-wacht\/#breadcrumb\"},\"inLanguage\":\"en-GB\",\"potentialAction\":[{\"@type\":\"ReadAction\",\"target\":[\"https:\/\/www.iso-institut.de\/mitarbeiter-wacht\/\"]}]},{\"@type\":\"BreadcrumbList\",\"@id\":\"https:\/\/www.iso-institut.de\/mitarbeiter-wacht\/#breadcrumb\",\"itemListElement\":[{\"@type\":\"ListItem\",\"position\":1,\"name\":\"Startseite\",\"item\":\"https:\/\/www.iso-institut.de\/\"},{\"@type\":\"ListItem\",\"position\":2,\"name\":\"Mitarbeiter Wacht\"}]},{\"@type\":\"WebSite\",\"@id\":\"https:\/\/www.iso-institut.de\/#website\",\"url\":\"https:\/\/www.iso-institut.de\/\",\"name\":\"Institut f\u00fcr Sozialforschung und Sozialwirtschaft (iso)\",\"description\":\"Die gr\u00f6\u00dfte selbst\u00e4ndige und unabh\u00e4ngige sozialwissenschaftliche Forschungseinrichtung im S\u00fcdwesten Deutschlands\",\"potentialAction\":[{\"@type\":\"SearchAction\",\"target\":{\"@type\":\"EntryPoint\",\"urlTemplate\":\"https:\/\/www.iso-institut.de\/?s={search_term_string}\"},\"query-input\":{\"@type\":\"PropertyValueSpecification\",\"valueRequired\":true,\"valueName\":\"search_term_string\"}}],\"inLanguage\":\"en-GB\"}]}<\/script>\n<!-- \/ Yoast SEO plugin. -->","yoast_head_json":{"title":"Mitarbeiter Wacht - Institut f\u00fcr Sozialforschung und Sozialwirtschaft (iso)","robots":{"index":"index","follow":"follow","max-snippet":"max-snippet:-1","max-image-preview":"max-image-preview:large","max-video-preview":"max-video-preview:-1"},"canonical":"https:\/\/www.iso-institut.de\/en\/mitarbeiter-wacht\/","og_locale":"en_GB","og_type":"article","og_title":"Mitarbeiter Wacht - Institut f\u00fcr Sozialforschung und Sozialwirtschaft (iso)","og_description":"Tel.: +49 (0) 681 9 54 24 \u2013 13Fax: +49 (0) 681 9 54 24 \u2013 27E-Mail: wacht@iso-institut.de 1975 bis 1984 Studium der Soziologie, Volkswirtschaftslehre und Sozialpsychologie an der Universit\u00e4t [&hellip;]","og_url":"https:\/\/www.iso-institut.de\/en\/mitarbeiter-wacht\/","og_site_name":"Institut f\u00fcr Sozialforschung und Sozialwirtschaft (iso)","article_publisher":"https:\/\/www.facebook.com\/isoInstitut\/","article_modified_time":"2022-12-01T15:56:27+00:00","twitter_card":"summary_large_image","twitter_misc":{"Estimated reading time":"4 minutes"},"schema":{"@context":"https:\/\/schema.org","@graph":[{"@type":"WebPage","@id":"https:\/\/www.iso-institut.de\/mitarbeiter-wacht\/","url":"https:\/\/www.iso-institut.de\/mitarbeiter-wacht\/","name":"Mitarbeiter Wacht - Institut f\u00fcr Sozialforschung und Sozialwirtschaft (iso)","isPartOf":{"@id":"https:\/\/www.iso-institut.de\/#website"},"datePublished":"2021-10-29T10:05:59+00:00","dateModified":"2022-12-01T15:56:27+00:00","breadcrumb":{"@id":"https:\/\/www.iso-institut.de\/mitarbeiter-wacht\/#breadcrumb"},"inLanguage":"en-GB","potentialAction":[{"@type":"ReadAction","target":["https:\/\/www.iso-institut.de\/mitarbeiter-wacht\/"]}]},{"@type":"BreadcrumbList","@id":"https:\/\/www.iso-institut.de\/mitarbeiter-wacht\/#breadcrumb","itemListElement":[{"@type":"ListItem","position":1,"name":"Startseite","item":"https:\/\/www.iso-institut.de\/"},{"@type":"ListItem","position":2,"name":"Mitarbeiter Wacht"}]},{"@type":"WebSite","@id":"https:\/\/www.iso-institut.de\/#website","url":"https:\/\/www.iso-institut.de\/","name":"Institut f\u00fcr Sozialforschung und Sozialwirtschaft (iso)","description":"Die gr\u00f6\u00dfte selbst\u00e4ndige und unabh\u00e4ngige sozialwissenschaftliche Forschungseinrichtung im S\u00fcdwesten Deutschlands","potentialAction":[{"@type":"SearchAction","target":{"@type":"EntryPoint","urlTemplate":"https:\/\/www.iso-institut.de\/?s={search_term_string}"},"query-input":{"@type":"PropertyValueSpecification","valueRequired":true,"valueName":"search_term_string"}}],"inLanguage":"en-GB"}]}},"_links":{"self":[{"href":"https:\/\/www.iso-institut.de\/en\/wp-json\/wp\/v2\/pages\/10680"}],"collection":[{"href":"https:\/\/www.iso-institut.de\/en\/wp-json\/wp\/v2\/pages"}],"about":[{"href":"https:\/\/www.iso-institut.de\/en\/wp-json\/wp\/v2\/types\/page"}],"author":[{"embeddable":true,"href":"https:\/\/www.iso-institut.de\/en\/wp-json\/wp\/v2\/users\/1"}],"replies":[{"embeddable":true,"href":"https:\/\/www.iso-institut.de\/en\/wp-json\/wp\/v2\/comments?post=10680"}],"version-history":[{"count":3,"href":"https:\/\/www.iso-institut.de\/en\/wp-json\/wp\/v2\/pages\/10680\/revisions"}],"predecessor-version":[{"id":12105,"href":"https:\/\/www.iso-institut.de\/en\/wp-json\/wp\/v2\/pages\/10680\/revisions\/12105"}],"wp:attachment":[{"href":"https:\/\/www.iso-institut.de\/en\/wp-json\/wp\/v2\/media?parent=10680"}],"curies":[{"name":"wp","href":"https:\/\/api.w.org\/{rel}","templated":true}]}}