{"id":1302,"date":"2018-10-18T14:52:12","date_gmt":"2018-10-18T12:52:12","guid":{"rendered":"https:\/\/www.iso-institut.de\/?page_id=1302"},"modified":"2019-10-25T14:43:24","modified_gmt":"2019-10-25T12:43:24","slug":"iso_institut","status":"publish","type":"page","link":"https:\/\/www.iso-institut.de\/en\/iso_institut\/","title":{"rendered":"The iso-Institute"},"content":{"rendered":"<p>[et_pb_section bb_built=&#8220;1&#8243; inner_shadow=&#8220;on&#8220; fullwidth=&#8220;on&#8220; _builder_version=&#8220;3.15&#8243; background_color=&#8220;#2ea3f2&#8243; use_background_color_gradient=&#8220;on&#8220; background_color_gradient_start=&#8220;#2ea3f2&#8243; background_color_gradient_end=&#8220;#2e6df4&#8243; background_color_gradient_direction=&#8220;330deg&#8220; custom_padding=&#8220;0px|0px|0px|0|false|false&#8220; next_background_color=&#8220;#ffffff&#8220;][et_pb_fullwidth_header admin_label=&#8220;Vollbreite Kopfzeile iso-Institut&#8220; title=&#8220;Das iso-Institut&#8220; subhead=&#8220;\u00dcber Uns \/ Mitarbeiter*innen \/ Zuwendungs- und Auftraggeber \/ Partner&#8220; _builder_version=&#8220;3.18.9&#8243; title_font=&#8220;Verdana||||||||&#8220; custom_margin=&#8220;-40px|0px|-40px|0px|true&#8220; custom_margin_last_edited=&#8220;on|desktop&#8220; custom_padding=&#8220;|0px||0px&#8220; button_one_text_size__hover_enabled=&#8220;off&#8220; button_one_text_size__hover=&#8220;null&#8220; button_two_text_size__hover_enabled=&#8220;off&#8220; button_two_text_size__hover=&#8220;null&#8220; button_one_text_color__hover_enabled=&#8220;off&#8220; button_one_text_color__hover=&#8220;null&#8220; button_two_text_color__hover_enabled=&#8220;off&#8220; button_two_text_color__hover=&#8220;null&#8220; button_one_border_width__hover_enabled=&#8220;off&#8220; button_one_border_width__hover=&#8220;null&#8220; button_two_border_width__hover_enabled=&#8220;off&#8220; button_two_border_width__hover=&#8220;null&#8220; button_one_border_color__hover_enabled=&#8220;off&#8220; button_one_border_color__hover=&#8220;null&#8220; button_two_border_color__hover_enabled=&#8220;off&#8220; button_two_border_color__hover=&#8220;null&#8220; button_one_border_radius__hover_enabled=&#8220;off&#8220; button_one_border_radius__hover=&#8220;null&#8220; button_two_border_radius__hover_enabled=&#8220;off&#8220; button_two_border_radius__hover=&#8220;null&#8220; button_one_letter_spacing__hover_enabled=&#8220;off&#8220; button_one_letter_spacing__hover=&#8220;null&#8220; button_two_letter_spacing__hover_enabled=&#8220;off&#8220; button_two_letter_spacing__hover=&#8220;null&#8220; button_one_bg_color__hover_enabled=&#8220;off&#8220; button_one_bg_color__hover=&#8220;null&#8220; button_two_bg_color__hover_enabled=&#8220;off&#8220; button_two_bg_color__hover=&#8220;null&#8220;]<\/p>\n<p><\/p>\n<p>[\/et_pb_fullwidth_header][\/et_pb_section][et_pb_section bb_built=&#8220;1&#8243; use_custom_width=&#8220;on&#8220; custom_width_px=&#8220;1474px&#8220; make_equal=&#8220;on&#8220; use_custom_gutter=&#8220;on&#8220; specialty=&#8220;on&#8220; padding_left_right_link_2=&#8220;false&#8220; padding_right_1=&#8220;0px&#8220; padding_right_2=&#8220;13px&#8220; padding_left_1=&#8220;0px&#8220; padding_left_2=&#8220;0px&#8220; _builder_version=&#8220;3.15&#8243; module_alignment=&#8220;left&#8220; custom_margin=&#8220;|0px||-240px&#8220; custom_padding=&#8220;|0px||0px&#8220; prev_background_color=&#8220;#2ea3f2&#8243;][et_pb_column type=&#8220;3_4&#8243; specialty_columns=&#8220;3&#8243;][et_pb_row_inner admin_label=&#8220;Zeile&#8220; custom_padding=&#8220;29.6875px|0px|29.6875px|0|false|false&#8220; _builder_version=&#8220;3.15&#8243; custom_margin=&#8220;|||&#8220;][et_pb_column_inner type=&#8220;1_2&#8243; saved_specialty_column_type=&#8220;3_4&#8243;][et_pb_image admin_label=&#8220;Bild Ueber uns&#8220; src=&#8220;https:\/\/www.iso-institut.de\/wp-content\/uploads\/2018\/10\/ueber_uns_info.jpg&#8220; url=&#8220;https:\/\/www.iso-institut.de\/ueber_uns\/&#8220; _builder_version=&#8220;3.15&#8243; max_width=&#8220;30%&#8220; module_alignment=&#8220;right&#8220;]<\/p>\n<p><\/p>\n<p>[\/et_pb_image][\/et_pb_column_inner][et_pb_column_inner type=&#8220;1_2&#8243; saved_specialty_column_type=&#8220;3_4&#8243;][et_pb_text admin_label=&#8220;Text \u00dcber uns&#8220; _builder_version=&#8220;3.15&#8243; text_font=&#8220;Verdana||||||||&#8220; text_text_color=&#8220;#213e64&#8243; header_font=&#8220;Verdana||||||||&#8220; header_text_align=&#8220;left&#8220; header_text_color=&#8220;#213e64&#8243; saved_tabs=&#8220;all&#8220; inline_fonts=&#8220;Verdana&#8220;]<\/p>\n<h1><a href=\"https:\/\/www.iso-institut.de\/en\/ueber_uns\/\"><span style=\"font-size: x-large;\"><span style=\"color: #213e64; font-family: Verdana;\">About us<\/span><\/span><\/a><\/h1>\n<p>[\/et_pb_text][\/et_pb_column_inner][\/et_pb_row_inner][et_pb_row_inner admin_label=&#8220;Zeile&#8220; custom_padding=&#8220;29.6875px|0px|29.6875px|0|false|false&#8220; _builder_version=&#8220;3.15&#8243; custom_margin=&#8220;|||&#8220;][et_pb_column_inner type=&#8220;1_2&#8243; saved_specialty_column_type=&#8220;3_4&#8243;][et_pb_image admin_label=&#8220;Bild Mitarbeiter&#8220; src=&#8220;https:\/\/www.iso-institut.de\/wp-content\/uploads\/2018\/11\/Mitarbeiter_iso.jpg&#8220; url=&#8220;https:\/\/www.iso-institut.de\/mitarbeiter_innen\/&#8220; _builder_version=&#8220;3.15&#8243; max_width=&#8220;30%&#8220; module_alignment=&#8220;right&#8220;]<\/p>\n<p><\/p>\n<p>[\/et_pb_image][\/et_pb_column_inner][et_pb_column_inner type=&#8220;1_2&#8243; saved_specialty_column_type=&#8220;3_4&#8243;][et_pb_text admin_label=&#8220;Text Mitarbeiter&#8220; _builder_version=&#8220;3.18.9&#8243; text_font=&#8220;Verdana||||||||&#8220; text_text_color=&#8220;#213e64&#8243; header_font=&#8220;Verdana||||||||&#8220; header_text_align=&#8220;left&#8220; header_text_color=&#8220;#213e64&#8243; inline_fonts=&#8220;Verdana&#8220;]<\/p>\n<h1><span style=\"font-size: x-large;\"><span style=\"color: #213e64; font-family: Verdana;\"><a href=\"https:\/\/www.iso-institut.de\/en\/mitarbeiter_innen\/\">Staff Members\u00a0 \u00a0<\/a> \u00a0<\/span><\/span><\/h1>\n<p>[\/et_pb_text][\/et_pb_column_inner][\/et_pb_row_inner][et_pb_row_inner admin_label=&#8220;Zeile&#8220; custom_padding=&#8220;29.6875px|0px|29.6875px|0|false|false&#8220; _builder_version=&#8220;3.15&#8243; custom_margin=&#8220;|||&#8220;][et_pb_column_inner type=&#8220;1_2&#8243; saved_specialty_column_type=&#8220;3_4&#8243;][et_pb_image admin_label=&#8220;Bild Auftraggeber&#8220; src=&#8220;https:\/\/www.iso-institut.de\/wp-content\/uploads\/2018\/10\/Auftraggeber_hand3.jpg&#8220; _builder_version=&#8220;3.15&#8243; max_width=&#8220;30%&#8220; module_alignment=&#8220;right&#8220;]<\/p>\n<p><\/p>\n<p>[\/et_pb_image][\/et_pb_column_inner][et_pb_column_inner type=&#8220;1_2&#8243; saved_specialty_column_type=&#8220;3_4&#8243;][et_pb_text admin_label=&#8220;Text Auftraggeber&#8220; _builder_version=&#8220;3.15&#8243; text_font=&#8220;Verdana||||||||&#8220; text_text_color=&#8220;#213e64&#8243; header_font=&#8220;Verdana||||||||&#8220; header_text_align=&#8220;left&#8220; header_text_color=&#8220;#213e64&#8243; inline_fonts=&#8220;Verdana&#8220;]<\/p>\n<h1><a href=\"https:\/\/www.iso-institut.de\/en\/zuwendungs_und_auftraggeber\/\"><span style=\"font-size: x-large;\"><span style=\"color: #213e64; font-family: Verdana;\">Grant and Contracting Authority\u00a0 \u00a0<\/span><\/span><\/a><\/h1>\n<p>[\/et_pb_text][\/et_pb_column_inner][\/et_pb_row_inner][et_pb_row_inner admin_label=&#8220;Zeile&#8220; custom_padding=&#8220;29.6875px|0px|29.6875px|0|false|false&#8220; _builder_version=&#8220;3.15&#8243; custom_margin=&#8220;|||&#8220;][et_pb_column_inner type=&#8220;1_2&#8243; saved_specialty_column_type=&#8220;3_4&#8243;][et_pb_image admin_label=&#8220;Bild Partner&#8220; src=&#8220;https:\/\/www.iso-institut.de\/wp-content\/uploads\/2018\/10\/Partner_blau.jpg&#8220; url=&#8220;https:\/\/www.iso-institut.de\/partner-2\/&#8220; _builder_version=&#8220;3.15&#8243; max_width=&#8220;30%&#8220; module_alignment=&#8220;right&#8220;]<\/p>\n<p><\/p>\n<p>[\/et_pb_image][\/et_pb_column_inner][et_pb_column_inner type=&#8220;1_2&#8243; saved_specialty_column_type=&#8220;3_4&#8243;][et_pb_text admin_label=&#8220;Text Partner&#8220; _builder_version=&#8220;3.15&#8243; text_font=&#8220;Verdana||||||||&#8220; text_text_color=&#8220;#213e64&#8243; header_font=&#8220;Verdana||||||||&#8220; header_text_align=&#8220;left&#8220; header_text_color=&#8220;#213e64&#8243; inline_fonts=&#8220;Verdana&#8220;]<\/p>\n<h1><a href=\"https:\/\/www.iso-institut.de\/en\/partner-2\/\"><span style=\"font-size: x-large;\"><span style=\"color: #213e64; font-family: Verdana;\">Partner\u00a0\u00a0<\/span><\/span><\/a><\/h1>\n<p>[\/et_pb_text][\/et_pb_column_inner][\/et_pb_row_inner][\/et_pb_column][et_pb_column type=&#8220;1_4&#8243;][et_pb_search exclude_pages=&#8220;off&#8220; exclude_posts=&#8220;off&#8220; _builder_version=&#8220;3.18.9&#8243;]<\/p>\n<p><\/p>\n<p>[\/et_pb_search][et_pb_sidebar admin_label=&#8220;SIDEBAR DAS ISO-INSTITUT&#8220; area=&#8220;sidebar-1&#8243; show_border=&#8220;off&#8220; _builder_version=&#8220;3.18.9&#8243; header_text_color=&#8220;#213e64&#8243; body_text_color=&#8220;#213e64&#8243; max_width=&#8220;89%&#8220; custom_margin=&#8220;-20px|||&#8220; custom_padding=&#8220;|||&#8220; saved_tabs=&#8220;all&#8220;]<\/p>\n<p><\/p>\n<p>[\/et_pb_sidebar][\/et_pb_column][\/et_pb_section]<\/p>","protected":false},"excerpt":{"rendered":"<p>\u00dcber uns Mitarbeiter*innen\u00a0 \u00a0 \u00a0 Zuwendungs- und Auftraggeber\u00a0 \u00a0 Partner\u00a0\u00a0<\/p>","protected":false},"author":1,"featured_media":0,"parent":0,"menu_order":0,"comment_status":"closed","ping_status":"closed","template":"","meta":{"_acf_changed":false,"_et_pb_use_builder":"on","_et_pb_old_content":"","_et_gb_content_width":"","footnotes":""},"class_list":["post-1302","page","type-page","status-publish","hentry"],"acf":[],"yoast_head":"<!-- This site is optimized with the Yoast SEO plugin v25.6 - https:\/\/yoast.com\/wordpress\/plugins\/seo\/ -->\n<title>Das iso-Institut - Institut f\u00fcr Sozialforschung und Sozialwirtschaft (iso)<\/title>\n<meta name=\"robots\" content=\"index, follow, max-snippet:-1, max-image-preview:large, max-video-preview:-1\" \/>\n<link rel=\"canonical\" href=\"https:\/\/www.iso-institut.de\/en\/iso_institut\/\" \/>\n<meta property=\"og:locale\" content=\"en_GB\" \/>\n<meta property=\"og:type\" content=\"article\" \/>\n<meta property=\"og:title\" content=\"Das iso-Institut - Institut f\u00fcr Sozialforschung und Sozialwirtschaft (iso)\" \/>\n<meta property=\"og:description\" content=\"\u00dcber uns Mitarbeiter*innen\u00a0 \u00a0 \u00a0 Zuwendungs- und Auftraggeber\u00a0 \u00a0 Partner\u00a0\u00a0\" \/>\n<meta property=\"og:url\" content=\"https:\/\/www.iso-institut.de\/en\/iso_institut\/\" \/>\n<meta property=\"og:site_name\" content=\"Institut f\u00fcr Sozialforschung und Sozialwirtschaft (iso)\" \/>\n<meta property=\"article:publisher\" content=\"https:\/\/www.facebook.com\/isoInstitut\/\" \/>\n<meta property=\"article:modified_time\" content=\"2019-10-25T12:43:24+00:00\" \/>\n<meta name=\"twitter:card\" content=\"summary_large_image\" \/>\n<meta name=\"twitter:label1\" content=\"Estimated reading time\" \/>\n\t<meta name=\"twitter:data1\" content=\"4 minutes\" \/>\n<script type=\"application\/ld+json\" class=\"yoast-schema-graph\">{\"@context\":\"https:\/\/schema.org\",\"@graph\":[{\"@type\":\"WebPage\",\"@id\":\"https:\/\/www.iso-institut.de\/iso_institut\/\",\"url\":\"https:\/\/www.iso-institut.de\/iso_institut\/\",\"name\":\"Das iso-Institut - Institut f\u00fcr Sozialforschung und Sozialwirtschaft (iso)\",\"isPartOf\":{\"@id\":\"https:\/\/www.iso-institut.de\/#website\"},\"datePublished\":\"2018-10-18T12:52:12+00:00\",\"dateModified\":\"2019-10-25T12:43:24+00:00\",\"breadcrumb\":{\"@id\":\"https:\/\/www.iso-institut.de\/iso_institut\/#breadcrumb\"},\"inLanguage\":\"en-GB\",\"potentialAction\":[{\"@type\":\"ReadAction\",\"target\":[\"https:\/\/www.iso-institut.de\/iso_institut\/\"]}]},{\"@type\":\"BreadcrumbList\",\"@id\":\"https:\/\/www.iso-institut.de\/iso_institut\/#breadcrumb\",\"itemListElement\":[{\"@type\":\"ListItem\",\"position\":1,\"name\":\"Startseite\",\"item\":\"https:\/\/www.iso-institut.de\/\"},{\"@type\":\"ListItem\",\"position\":2,\"name\":\"Das iso-Institut\"}]},{\"@type\":\"WebSite\",\"@id\":\"https:\/\/www.iso-institut.de\/#website\",\"url\":\"https:\/\/www.iso-institut.de\/\",\"name\":\"Institut f\u00fcr Sozialforschung und Sozialwirtschaft (iso)\",\"description\":\"Die gr\u00f6\u00dfte selbst\u00e4ndige und unabh\u00e4ngige sozialwissenschaftliche Forschungseinrichtung im S\u00fcdwesten Deutschlands\",\"potentialAction\":[{\"@type\":\"SearchAction\",\"target\":{\"@type\":\"EntryPoint\",\"urlTemplate\":\"https:\/\/www.iso-institut.de\/?s={search_term_string}\"},\"query-input\":{\"@type\":\"PropertyValueSpecification\",\"valueRequired\":true,\"valueName\":\"search_term_string\"}}],\"inLanguage\":\"en-GB\"}]}<\/script>\n<!-- \/ Yoast SEO plugin. -->","yoast_head_json":{"title":"Das iso-Institut - Institut f\u00fcr Sozialforschung und Sozialwirtschaft (iso)","robots":{"index":"index","follow":"follow","max-snippet":"max-snippet:-1","max-image-preview":"max-image-preview:large","max-video-preview":"max-video-preview:-1"},"canonical":"https:\/\/www.iso-institut.de\/en\/iso_institut\/","og_locale":"en_GB","og_type":"article","og_title":"Das iso-Institut - Institut f\u00fcr Sozialforschung und Sozialwirtschaft (iso)","og_description":"\u00dcber uns Mitarbeiter*innen\u00a0 \u00a0 \u00a0 Zuwendungs- und Auftraggeber\u00a0 \u00a0 Partner\u00a0\u00a0","og_url":"https:\/\/www.iso-institut.de\/en\/iso_institut\/","og_site_name":"Institut f\u00fcr Sozialforschung und Sozialwirtschaft (iso)","article_publisher":"https:\/\/www.facebook.com\/isoInstitut\/","article_modified_time":"2019-10-25T12:43:24+00:00","twitter_card":"summary_large_image","twitter_misc":{"Estimated reading time":"4 minutes"},"schema":{"@context":"https:\/\/schema.org","@graph":[{"@type":"WebPage","@id":"https:\/\/www.iso-institut.de\/iso_institut\/","url":"https:\/\/www.iso-institut.de\/iso_institut\/","name":"Das iso-Institut - Institut f\u00fcr Sozialforschung und Sozialwirtschaft (iso)","isPartOf":{"@id":"https:\/\/www.iso-institut.de\/#website"},"datePublished":"2018-10-18T12:52:12+00:00","dateModified":"2019-10-25T12:43:24+00:00","breadcrumb":{"@id":"https:\/\/www.iso-institut.de\/iso_institut\/#breadcrumb"},"inLanguage":"en-GB","potentialAction":[{"@type":"ReadAction","target":["https:\/\/www.iso-institut.de\/iso_institut\/"]}]},{"@type":"BreadcrumbList","@id":"https:\/\/www.iso-institut.de\/iso_institut\/#breadcrumb","itemListElement":[{"@type":"ListItem","position":1,"name":"Startseite","item":"https:\/\/www.iso-institut.de\/"},{"@type":"ListItem","position":2,"name":"Das iso-Institut"}]},{"@type":"WebSite","@id":"https:\/\/www.iso-institut.de\/#website","url":"https:\/\/www.iso-institut.de\/","name":"Institut f\u00fcr Sozialforschung und Sozialwirtschaft (iso)","description":"Die gr\u00f6\u00dfte selbst\u00e4ndige und unabh\u00e4ngige sozialwissenschaftliche Forschungseinrichtung im S\u00fcdwesten Deutschlands","potentialAction":[{"@type":"SearchAction","target":{"@type":"EntryPoint","urlTemplate":"https:\/\/www.iso-institut.de\/?s={search_term_string}"},"query-input":{"@type":"PropertyValueSpecification","valueRequired":true,"valueName":"search_term_string"}}],"inLanguage":"en-GB"}]}},"_links":{"self":[{"href":"https:\/\/www.iso-institut.de\/en\/wp-json\/wp\/v2\/pages\/1302"}],"collection":[{"href":"https:\/\/www.iso-institut.de\/en\/wp-json\/wp\/v2\/pages"}],"about":[{"href":"https:\/\/www.iso-institut.de\/en\/wp-json\/wp\/v2\/types\/page"}],"author":[{"embeddable":true,"href":"https:\/\/www.iso-institut.de\/en\/wp-json\/wp\/v2\/users\/1"}],"replies":[{"embeddable":true,"href":"https:\/\/www.iso-institut.de\/en\/wp-json\/wp\/v2\/comments?post=1302"}],"version-history":[{"count":3,"href":"https:\/\/www.iso-institut.de\/en\/wp-json\/wp\/v2\/pages\/1302\/revisions"}],"predecessor-version":[{"id":5985,"href":"https:\/\/www.iso-institut.de\/en\/wp-json\/wp\/v2\/pages\/1302\/revisions\/5985"}],"wp:attachment":[{"href":"https:\/\/www.iso-institut.de\/en\/wp-json\/wp\/v2\/media?parent=1302"}],"curies":[{"name":"wp","href":"https:\/\/api.w.org\/{rel}","templated":true}]}}