{"id":1328,"date":"2018-10-18T17:34:14","date_gmt":"2018-10-18T15:34:14","guid":{"rendered":"https:\/\/www.iso-institut.de\/?page_id=1328"},"modified":"2023-07-06T09:50:55","modified_gmt":"2023-07-06T07:50:55","slug":"ueber_uns","status":"publish","type":"page","link":"https:\/\/www.iso-institut.de\/en\/ueber_uns\/","title":{"rendered":"About us"},"content":{"rendered":"<p>[et_pb_section fb_built=&#8220;1&#8243; inner_shadow=&#8220;on&#8220; fullwidth=&#8220;on&#8220; _builder_version=&#8220;4.16&#8243; background_color=&#8220;#2ea3f2&#8243; use_background_color_gradient=&#8220;on&#8220; background_color_gradient_direction=&#8220;330deg&#8220; background_color_gradient_stops=&#8220;#2ea3f2 0%|#2e6df4 100%&#8220; background_color_gradient_start=&#8220;#2ea3f2&#8243; background_color_gradient_end=&#8220;#2e6df4&#8243; custom_padding=&#8220;0px|0px|0|0px|false|false&#8220; global_colors_info=&#8220;{}&#8220;][et_pb_fullwidth_header title=&#8220;\u00dcber uns&#8220; subhead=&#8220;Kurzportr\u00e4t &#8220; admin_label=&#8220;Vollbreite Kopfzeile Ueber uns&#8220; _builder_version=&#8220;4.16&#8243; custom_margin=&#8220;-41px||35px||false&#8220; custom_padding=&#8220;|0px|7px|&#8220; global_colors_info=&#8220;{}&#8220; button_one_text_size__hover_enabled=&#8220;off&#8220; button_one_text_size__hover=&#8220;null&#8220; button_two_text_size__hover_enabled=&#8220;off&#8220; button_two_text_size__hover=&#8220;null&#8220; button_one_text_color__hover_enabled=&#8220;off&#8220; button_one_text_color__hover=&#8220;null&#8220; button_two_text_color__hover_enabled=&#8220;off&#8220; button_two_text_color__hover=&#8220;null&#8220; button_one_border_width__hover_enabled=&#8220;off&#8220; button_one_border_width__hover=&#8220;null&#8220; button_two_border_width__hover_enabled=&#8220;off&#8220; button_two_border_width__hover=&#8220;null&#8220; button_one_border_color__hover_enabled=&#8220;off&#8220; button_one_border_color__hover=&#8220;null&#8220; button_two_border_color__hover_enabled=&#8220;off&#8220; button_two_border_color__hover=&#8220;null&#8220; button_one_border_radius__hover_enabled=&#8220;off&#8220; button_one_border_radius__hover=&#8220;null&#8220; button_two_border_radius__hover_enabled=&#8220;off&#8220; button_two_border_radius__hover=&#8220;null&#8220; button_one_letter_spacing__hover_enabled=&#8220;off&#8220; button_one_letter_spacing__hover=&#8220;null&#8220; button_two_letter_spacing__hover_enabled=&#8220;off&#8220; button_two_letter_spacing__hover=&#8220;null&#8220; button_one_bg_color__hover_enabled=&#8220;off&#8220; button_one_bg_color__hover=&#8220;null&#8220; button_two_bg_color__hover_enabled=&#8220;off&#8220; button_two_bg_color__hover=&#8220;null&#8220;]<br \/>\n[\/et_pb_fullwidth_header][\/et_pb_section][et_pb_section fb_built=&#8220;1&#8243; make_equal=&#8220;on&#8220; use_custom_gutter=&#8220;on&#8220; specialty=&#8220;on&#8220; padding_right_2=&#8220;0px&#8220; padding_left_2=&#8220;0px&#8220; _builder_version=&#8220;4.16&#8243; inner_max_width=&#8220;1474px&#8220; custom_margin=&#8220;|||&#8220; custom_padding=&#8220;10px|0px|65px|0px|false|false&#8220; use_custom_width=&#8220;on&#8220; custom_width_px=&#8220;1474px&#8220; global_colors_info=&#8220;{}&#8220;][et_pb_column type=&#8220;3_4&#8243; specialty_columns=&#8220;3&#8243; _builder_version=&#8220;4.16&#8243; custom_padding=&#8220;|||&#8220; global_colors_info=&#8220;{}&#8220; custom_padding__hover=&#8220;|||&#8220;][et_pb_row_inner _builder_version=&#8220;4.16&#8243; global_colors_info=&#8220;{}&#8220;][et_pb_column_inner saved_specialty_column_type=&#8220;3_4&#8243; _builder_version=&#8220;4.16&#8243; custom_padding=&#8220;|||&#8220; global_colors_info=&#8220;{}&#8220; custom_padding__hover=&#8220;|||&#8220;][et_pb_text admin_label=&#8220;Text TITEL&#8220; _builder_version=&#8220;4.16&#8243; custom_margin=&#8220;-36px||49px||false&#8220; global_colors_info=&#8220;{}&#8220;]<\/p>\n<h2><span style=\"color: #213e64;\">The Institute for Social Research and Social Economy (iso)<\/span><\/h2>\n<p>[\/et_pb_text][et_pb_image src=&#8220;https:\/\/www.iso-institut.de\/wp-content\/uploads\/2018\/10\/iso_Villa.jpg&#8220; align_tablet=&#8220;center&#8220; align_phone=&#8220;&#8220; align_last_edited=&#8220;on|desktop&#8220; _builder_version=&#8220;4.16&#8243; custom_margin=&#8220;-39px|||&#8220; custom_padding=&#8220;|||&#8220; global_colors_info=&#8220;{}&#8220;]<br \/>\n[\/et_pb_image][et_pb_text _builder_version=&#8220;4.21.0&#8243; header_font=&#8220;Verdana||||||||&#8220; header_text_align=&#8220;left&#8220; header_text_color=&#8220;#213e64&#8243; background_size=&#8220;initial&#8220; background_position=&#8220;top_left&#8220; background_repeat=&#8220;repeat&#8220; custom_margin=&#8220;-30px|0px|-30px|0px|true|true&#8220; custom_padding=&#8220;0px||0px||true&#8220; hover_enabled=&#8220;0&#8243; inline_fonts=&#8220;Verdana&#8220; global_colors_info=&#8220;{}&#8220; sticky_enabled=&#8220;0&#8243;]<\/p>\n<p><span style=\"font-family: Verdana; font-weight: normal; color: #213e64;\">is an independent and autonomous social science research institution. The institute conducts application-oriented social science research and provides consulting services for partners in politics, business, and administration. The mutual exchange of scientific knowledge and practical application in businesses, organizations, and society is at the core of the institute's work.<\/span><\/p>\n<p><span style=\"font-family: Verdana; font-weight: normal; color: #213e64;\">The iso-Institute was founded in 1969 and operates with an interdisciplinary scientific team encompassing social sciences, psychology, nursing sciences, and jurisprudence. For over 50 years, it has been successfully active in the research and consulting market without core funding. The institute's sponsors and clients primarily include federal ministries (BMBF, BMG, BMFSFJ, BMAS), as well as state ministries, foundations, the European Commission, municipalities, associations, chambers, and private sector businesses in industry and services.<\/span><\/p>\n<p><span style=\"font-family: Verdana; font-weight: normal; color: #213e64;\">The core of our work lies in applied-oriented social science research alongside with basic research and scientifically supported advisory services.<\/span><\/p>\n<p><span style=\"font-family: Verdana; font-weight: normal;\"><span style=\"color: #213e64;\">The iso-Institute is mainly active in the following work fields:<\/span>\u00a0<\/span><\/p>\n<p>[\/et_pb_text][\/et_pb_column_inner][\/et_pb_row_inner][et_pb_row_inner use_custom_gutter=&#8220;on&#8220; admin_label=&#8220;Liste&#8220; _builder_version=&#8220;4.16&#8243; global_colors_info=&#8220;{}&#8220;][et_pb_column_inner saved_specialty_column_type=&#8220;3_4&#8243; _builder_version=&#8220;4.16&#8243; custom_padding=&#8220;|||&#8220; global_colors_info=&#8220;{}&#8220; custom_padding__hover=&#8220;|||&#8220;][et_pb_blurb title=&#8220;Gesunde Arbeitswelten,&#8220; url=&#8220;https:\/\/www.iso-institut.de\/gesunde_arbeitswelten\/&#8220; use_icon=&#8220;on&#8220; font_icon=&#8220;&#x5a;||divi||400&#8243; icon_placement=&#8220;left&#8220; content_max_width=&#8220;1100px&#8220; image_icon_width_last_edited=&#8220;off|desktop&#8220; admin_label=&#8220;Gesunde Arbeitswelten&#8220; _builder_version=&#8220;4.16&#8243; header_font=&#8220;|600|||||||&#8220; header_text_color=&#8220;#213e64&#8243; header_line_height=&#8220;1.6em&#8220; body_font_size=&#8220;15px&#8220; body_line_height=&#8220;2em&#8220; custom_margin=&#8220;||0px|&#8220; custom_padding=&#8220;0px||0px|&#8220; header_font_size_tablet=&#8220;&#8220; header_font_size_phone=&#8220;15px&#8220; header_font_size_last_edited=&#8220;on|phone&#8220; body_line_height_tablet=&#8220;&#8220; body_line_height_phone=&#8220;1.6em&#8220; body_line_height_last_edited=&#8220;on|phone&#8220; image_max_width_phone=&#8220;50px&#8220; image_max_width_last_edited=&#8220;off|desktop&#8220; saved_tabs=&#8220;all&#8220; global_colors_info=&#8220;{}&#8220;]<br \/>\n[\/et_pb_blurb][et_pb_blurb title=&#8220;Innovative technikgest\u00fctzte Dienstleistungen,&#8220; url=&#8220;https:\/\/www.iso-institut.de\/innovative-dienstleistungen\/&#8220; use_icon=&#8220;on&#8220; font_icon=&#8220;&#x5a;||divi||400&#8243; icon_placement=&#8220;left&#8220; content_max_width=&#8220;1100px&#8220; image_icon_width_last_edited=&#8220;off|desktop&#8220; admin_label=&#8220;Innovative Dienstleistungen&#8220; _builder_version=&#8220;4.16&#8243; header_font=&#8220;|600|||||||&#8220; header_text_color=&#8220;#213e64&#8243; header_line_height=&#8220;1.6em&#8220; body_font_size=&#8220;15px&#8220; body_line_height=&#8220;2em&#8220; custom_margin=&#8220;||0px|&#8220; header_font_size_tablet=&#8220;&#8220; header_font_size_phone=&#8220;15px&#8220; header_font_size_last_edited=&#8220;on|phone&#8220; body_line_height_tablet=&#8220;&#8220; body_line_height_phone=&#8220;1.6em&#8220; body_line_height_last_edited=&#8220;on|phone&#8220; image_max_width_phone=&#8220;50px&#8220; image_max_width_last_edited=&#8220;off|desktop&#8220; saved_tabs=&#8220;all&#8220; locked=&#8220;off&#8220; global_colors_info=&#8220;{}&#8220;]<br \/>\n[\/et_pb_blurb][et_pb_blurb title=&#8220;Versorgungsinnovationen in Gesundheit und Pflege, &#8220; url=&#8220;https:\/\/www.iso-institut.de\/versorgungsinnovationen\/&#8220; use_icon=&#8220;on&#8220; font_icon=&#8220;&#x5a;||divi||400&#8243; icon_placement=&#8220;left&#8220; content_max_width=&#8220;1100px&#8220; image_icon_width_last_edited=&#8220;off|desktop&#8220; admin_label=&#8220;Versorgungsinnovationen&#8220; _builder_version=&#8220;4.16&#8243; header_font=&#8220;|600|||||||&#8220; header_text_color=&#8220;#213e64&#8243; header_line_height=&#8220;1.6em&#8220; body_font_size=&#8220;15px&#8220; body_line_height=&#8220;2em&#8220; custom_margin=&#8220;||30px|&#8220; header_font_size_tablet=&#8220;&#8220; header_font_size_phone=&#8220;15px&#8220; header_font_size_last_edited=&#8220;on|phone&#8220; body_line_height_tablet=&#8220;&#8220; body_line_height_phone=&#8220;1.6em&#8220; body_line_height_last_edited=&#8220;on|phone&#8220; image_max_width_phone=&#8220;50px&#8220; image_max_width_last_edited=&#8220;off|desktop&#8220; saved_tabs=&#8220;all&#8220; global_colors_info=&#8220;{}&#8220;][\/et_pb_blurb][et_pb_blurb title=&#8220;Zukunftsf\u00e4hige Besch\u00e4ftigungspolitik und Fachkr\u00e4ftesicherung.&#8220; url=&#8220;https:\/\/www.iso-institut.de\/beschaeftigungspolitik\/&#8220; use_icon=&#8220;on&#8220; font_icon=&#8220;&#x5a;||divi||400&#8243; icon_placement=&#8220;left&#8220; content_max_width=&#8220;1100px&#8220; image_icon_width_last_edited=&#8220;off|desktop&#8220; admin_label=&#8220;Besch\u00e4ftigungspolitik &#8220; _builder_version=&#8220;4.16&#8243; header_font=&#8220;|600|||||||&#8220; header_text_color=&#8220;#213e64&#8243; header_line_height=&#8220;1.6em&#8220; body_font_size=&#8220;15px&#8220; body_line_height=&#8220;2em&#8220; custom_margin=&#8220;-29px||2px|&#8220; header_font_size_tablet=&#8220;&#8220; header_font_size_phone=&#8220;15px&#8220; header_font_size_last_edited=&#8220;on|phone&#8220; body_line_height_tablet=&#8220;&#8220; body_line_height_phone=&#8220;1.6em&#8220; body_line_height_last_edited=&#8220;on|phone&#8220; image_max_width_phone=&#8220;50px&#8220; image_max_width_last_edited=&#8220;off|desktop&#8220; saved_tabs=&#8220;all&#8220; global_colors_info=&#8220;{}&#8220;]<br \/>\n[\/et_pb_blurb][\/et_pb_column_inner][\/et_pb_row_inner][et_pb_row_inner _builder_version=&#8220;4.16&#8243; custom_padding=&#8220;0|0px|29.6875px|0px|false|false&#8220; global_colors_info=&#8220;{}&#8220;][et_pb_column_inner saved_specialty_column_type=&#8220;3_4&#8243; _builder_version=&#8220;4.16&#8243; custom_padding=&#8220;|||&#8220; global_colors_info=&#8220;{}&#8220; custom_padding__hover=&#8220;|||&#8220;][et_pb_text _builder_version=&#8220;4.18.0&#8243; background_size=&#8220;initial&#8220; background_position=&#8220;top_left&#8220; background_repeat=&#8220;repeat&#8220; inline_fonts=&#8220;Verdana&#8220; global_colors_info=&#8220;{}&#8220;]<\/p>\n<p style=\"text-align: justify;\"><span style=\"font-family: Verdana; color: #213e64;\">It is a distinctive feature of the work at the institute that there are diverse connections between the work and research fields. Typically, employees of the iso-Institute work simultaneously in various project teams.<\/span><\/p>\n<p><span style=\"font-family: Verdana; color: #213e64;\">In the course of project implementation, primarily qualitative methods of social research are used, which are supplemented by quantitative methods as needed.<\/span><\/p>\n<p><span style=\"font-family: Verdana; color: #213e64;\">The iso-Institute's applied and practice-oriented work provides scientific support to companies and organisations in their daily work and it also offers practical and political advice. We help companies and public administrations to develop operational design approaches and to create innovative services. Furthermore, we support them in the further development of a sustainable human resources policy.<\/span><\/p>\n<p><span style=\"font-family: Verdana; color: #213e64;\">The iso-Institute is a registered association with state-recognised non-profit status.<\/span><\/p>\n<p>&nbsp;<\/p>\n<p>[\/et_pb_text][\/et_pb_column_inner][\/et_pb_row_inner][\/et_pb_column][et_pb_column type=&#8220;1_4&#8243; _builder_version=&#8220;4.16&#8243; custom_padding=&#8220;|||&#8220; global_colors_info=&#8220;{}&#8220; custom_padding__hover=&#8220;|||&#8220;][et_pb_search exclude_pages=&#8220;off&#8220; _builder_version=&#8220;4.16&#8243; global_colors_info=&#8220;{}&#8220;]<br \/>\n[\/et_pb_search][et_pb_sidebar area=&#8220;sidebar-1&#8243; show_border=&#8220;off&#8220; admin_label=&#8220;SIDEBAR DAS ISO-INSTITUT&#8220; _builder_version=&#8220;4.16&#8243; header_text_color=&#8220;#213e64&#8243; body_text_color=&#8220;#213e64&#8243; max_width=&#8220;89%&#8220; custom_margin=&#8220;-20px|||&#8220; custom_padding=&#8220;|||&#8220; saved_tabs=&#8220;all&#8220; global_colors_info=&#8220;{}&#8220;]<br \/>\n[\/et_pb_sidebar][\/et_pb_column][\/et_pb_section]<\/p>","protected":false},"excerpt":{"rendered":"<p>Das Institut f\u00fcr Sozialforschung und Sozialwirtschaft ist eine selbst\u00e4ndige und unabh\u00e4ngige sozialwissenschaftliche Forschungseinrichtung. Das Institut betreibt anwendungsorientierte sozialwissenschaftliche Forschung und Beratung f\u00fcr Partner aus Politik, Wirtschaft und Verwaltung. Die wechselseitige [&hellip;]<\/p>","protected":false},"author":1,"featured_media":0,"parent":0,"menu_order":0,"comment_status":"closed","ping_status":"closed","template":"","meta":{"_acf_changed":false,"_et_pb_use_builder":"on","_et_pb_old_content":"","_et_gb_content_width":"","footnotes":""},"class_list":["post-1328","page","type-page","status-publish","hentry"],"acf":[],"yoast_head":"<!-- This site is optimized with the Yoast SEO plugin v25.6 - https:\/\/yoast.com\/wordpress\/plugins\/seo\/ -->\n<title>\u00dcber uns - Institut f\u00fcr Sozialforschung und Sozialwirtschaft (iso)<\/title>\n<meta name=\"robots\" content=\"index, follow, max-snippet:-1, max-image-preview:large, max-video-preview:-1\" \/>\n<link rel=\"canonical\" href=\"https:\/\/www.iso-institut.de\/en\/ueber_uns\/\" \/>\n<meta property=\"og:locale\" content=\"en_GB\" \/>\n<meta property=\"og:type\" content=\"article\" \/>\n<meta property=\"og:title\" content=\"\u00dcber uns - Institut f\u00fcr Sozialforschung und Sozialwirtschaft (iso)\" \/>\n<meta property=\"og:description\" content=\"Das Institut f\u00fcr Sozialforschung und Sozialwirtschaft ist eine selbst\u00e4ndige und unabh\u00e4ngige sozialwissenschaftliche Forschungseinrichtung. Das Institut betreibt anwendungsorientierte sozialwissenschaftliche Forschung und Beratung f\u00fcr Partner aus Politik, Wirtschaft und Verwaltung. Die wechselseitige [&hellip;]\" \/>\n<meta property=\"og:url\" content=\"https:\/\/www.iso-institut.de\/en\/ueber_uns\/\" \/>\n<meta property=\"og:site_name\" content=\"Institut f\u00fcr Sozialforschung und Sozialwirtschaft (iso)\" \/>\n<meta property=\"article:publisher\" content=\"https:\/\/www.facebook.com\/isoInstitut\/\" \/>\n<meta property=\"article:modified_time\" content=\"2023-07-06T07:50:55+00:00\" \/>\n<meta name=\"twitter:card\" content=\"summary_large_image\" \/>\n<meta name=\"twitter:label1\" content=\"Estimated reading time\" \/>\n\t<meta name=\"twitter:data1\" content=\"4 minutes\" \/>\n<script type=\"application\/ld+json\" class=\"yoast-schema-graph\">{\"@context\":\"https:\/\/schema.org\",\"@graph\":[{\"@type\":\"WebPage\",\"@id\":\"https:\/\/www.iso-institut.de\/ueber_uns\/\",\"url\":\"https:\/\/www.iso-institut.de\/ueber_uns\/\",\"name\":\"\u00dcber uns - Institut f\u00fcr Sozialforschung und Sozialwirtschaft (iso)\",\"isPartOf\":{\"@id\":\"https:\/\/www.iso-institut.de\/#website\"},\"datePublished\":\"2018-10-18T15:34:14+00:00\",\"dateModified\":\"2023-07-06T07:50:55+00:00\",\"breadcrumb\":{\"@id\":\"https:\/\/www.iso-institut.de\/ueber_uns\/#breadcrumb\"},\"inLanguage\":\"en-GB\",\"potentialAction\":[{\"@type\":\"ReadAction\",\"target\":[\"https:\/\/www.iso-institut.de\/ueber_uns\/\"]}]},{\"@type\":\"BreadcrumbList\",\"@id\":\"https:\/\/www.iso-institut.de\/ueber_uns\/#breadcrumb\",\"itemListElement\":[{\"@type\":\"ListItem\",\"position\":1,\"name\":\"Startseite\",\"item\":\"https:\/\/www.iso-institut.de\/\"},{\"@type\":\"ListItem\",\"position\":2,\"name\":\"\u00dcber uns\"}]},{\"@type\":\"WebSite\",\"@id\":\"https:\/\/www.iso-institut.de\/#website\",\"url\":\"https:\/\/www.iso-institut.de\/\",\"name\":\"Institut f\u00fcr Sozialforschung und Sozialwirtschaft (iso)\",\"description\":\"Die gr\u00f6\u00dfte selbst\u00e4ndige und unabh\u00e4ngige sozialwissenschaftliche Forschungseinrichtung im S\u00fcdwesten Deutschlands\",\"potentialAction\":[{\"@type\":\"SearchAction\",\"target\":{\"@type\":\"EntryPoint\",\"urlTemplate\":\"https:\/\/www.iso-institut.de\/?s={search_term_string}\"},\"query-input\":{\"@type\":\"PropertyValueSpecification\",\"valueRequired\":true,\"valueName\":\"search_term_string\"}}],\"inLanguage\":\"en-GB\"}]}<\/script>\n<!-- \/ Yoast SEO plugin. -->","yoast_head_json":{"title":"\u00dcber uns - Institut f\u00fcr Sozialforschung und Sozialwirtschaft (iso)","robots":{"index":"index","follow":"follow","max-snippet":"max-snippet:-1","max-image-preview":"max-image-preview:large","max-video-preview":"max-video-preview:-1"},"canonical":"https:\/\/www.iso-institut.de\/en\/ueber_uns\/","og_locale":"en_GB","og_type":"article","og_title":"\u00dcber uns - Institut f\u00fcr Sozialforschung und Sozialwirtschaft (iso)","og_description":"Das Institut f\u00fcr Sozialforschung und Sozialwirtschaft ist eine selbst\u00e4ndige und unabh\u00e4ngige sozialwissenschaftliche Forschungseinrichtung. Das Institut betreibt anwendungsorientierte sozialwissenschaftliche Forschung und Beratung f\u00fcr Partner aus Politik, Wirtschaft und Verwaltung. Die wechselseitige [&hellip;]","og_url":"https:\/\/www.iso-institut.de\/en\/ueber_uns\/","og_site_name":"Institut f\u00fcr Sozialforschung und Sozialwirtschaft (iso)","article_publisher":"https:\/\/www.facebook.com\/isoInstitut\/","article_modified_time":"2023-07-06T07:50:55+00:00","twitter_card":"summary_large_image","twitter_misc":{"Estimated reading time":"4 minutes"},"schema":{"@context":"https:\/\/schema.org","@graph":[{"@type":"WebPage","@id":"https:\/\/www.iso-institut.de\/ueber_uns\/","url":"https:\/\/www.iso-institut.de\/ueber_uns\/","name":"\u00dcber uns - Institut f\u00fcr Sozialforschung und Sozialwirtschaft (iso)","isPartOf":{"@id":"https:\/\/www.iso-institut.de\/#website"},"datePublished":"2018-10-18T15:34:14+00:00","dateModified":"2023-07-06T07:50:55+00:00","breadcrumb":{"@id":"https:\/\/www.iso-institut.de\/ueber_uns\/#breadcrumb"},"inLanguage":"en-GB","potentialAction":[{"@type":"ReadAction","target":["https:\/\/www.iso-institut.de\/ueber_uns\/"]}]},{"@type":"BreadcrumbList","@id":"https:\/\/www.iso-institut.de\/ueber_uns\/#breadcrumb","itemListElement":[{"@type":"ListItem","position":1,"name":"Startseite","item":"https:\/\/www.iso-institut.de\/"},{"@type":"ListItem","position":2,"name":"\u00dcber uns"}]},{"@type":"WebSite","@id":"https:\/\/www.iso-institut.de\/#website","url":"https:\/\/www.iso-institut.de\/","name":"Institut f\u00fcr Sozialforschung und Sozialwirtschaft (iso)","description":"Die gr\u00f6\u00dfte selbst\u00e4ndige und unabh\u00e4ngige sozialwissenschaftliche Forschungseinrichtung im S\u00fcdwesten Deutschlands","potentialAction":[{"@type":"SearchAction","target":{"@type":"EntryPoint","urlTemplate":"https:\/\/www.iso-institut.de\/?s={search_term_string}"},"query-input":{"@type":"PropertyValueSpecification","valueRequired":true,"valueName":"search_term_string"}}],"inLanguage":"en-GB"}]}},"_links":{"self":[{"href":"https:\/\/www.iso-institut.de\/en\/wp-json\/wp\/v2\/pages\/1328"}],"collection":[{"href":"https:\/\/www.iso-institut.de\/en\/wp-json\/wp\/v2\/pages"}],"about":[{"href":"https:\/\/www.iso-institut.de\/en\/wp-json\/wp\/v2\/types\/page"}],"author":[{"embeddable":true,"href":"https:\/\/www.iso-institut.de\/en\/wp-json\/wp\/v2\/users\/1"}],"replies":[{"embeddable":true,"href":"https:\/\/www.iso-institut.de\/en\/wp-json\/wp\/v2\/comments?post=1328"}],"version-history":[{"count":3,"href":"https:\/\/www.iso-institut.de\/en\/wp-json\/wp\/v2\/pages\/1328\/revisions"}],"predecessor-version":[{"id":12788,"href":"https:\/\/www.iso-institut.de\/en\/wp-json\/wp\/v2\/pages\/1328\/revisions\/12788"}],"wp:attachment":[{"href":"https:\/\/www.iso-institut.de\/en\/wp-json\/wp\/v2\/media?parent=1328"}],"curies":[{"name":"wp","href":"https:\/\/api.w.org\/{rel}","templated":true}]}}