{"id":1395,"date":"2018-10-19T11:07:27","date_gmt":"2018-10-19T09:07:27","guid":{"rendered":"https:\/\/www.iso-institut.de\/?page_id=1395"},"modified":"2026-03-30T14:07:08","modified_gmt":"2026-03-30T12:07:08","slug":"mitarbeiter_innen","status":"publish","type":"page","link":"https:\/\/www.iso-institut.de\/en\/mitarbeiter_innen\/","title":{"rendered":"Staff Members"},"content":{"rendered":"<p>[et_pb_section fb_built=&#8220;1&#8243; inner_shadow=&#8220;on&#8220; fullwidth=&#8220;on&#8220; _builder_version=&#8220;4.16&#8243; background_color=&#8220;#2ea3f2&#8243; use_background_color_gradient=&#8220;on&#8220; background_color_gradient_direction=&#8220;330deg&#8220; background_color_gradient_stops=&#8220;#2ea3f2 0%|#2e6df4 100%&#8220; background_color_gradient_start=&#8220;#2ea3f2&#8243; background_color_gradient_end=&#8220;#2e6df4&#8243; global_colors_info=&#8220;{}&#8220;][et_pb_fullwidth_header title=&#8220;Mitarbeiter*innen&#8220; subhead=&#8220;des iso-Instituts&#8220; admin_label=&#8220;Vollbreite Kopfzeile Mitarbeiter*Innen&#8220; _builder_version=&#8220;4.16&#8243; custom_margin=&#8220;-41px|0px|38px||false&#8220; custom_padding=&#8220;|0px|0px|0px&#8220; global_colors_info=&#8220;{}&#8220; button_one_text_size__hover_enabled=&#8220;off&#8220; button_one_text_size__hover=&#8220;null&#8220; button_two_text_size__hover_enabled=&#8220;off&#8220; button_two_text_size__hover=&#8220;null&#8220; button_one_text_color__hover_enabled=&#8220;off&#8220; button_one_text_color__hover=&#8220;null&#8220; button_two_text_color__hover_enabled=&#8220;off&#8220; button_two_text_color__hover=&#8220;null&#8220; button_one_border_width__hover_enabled=&#8220;off&#8220; button_one_border_width__hover=&#8220;null&#8220; button_two_border_width__hover_enabled=&#8220;off&#8220; button_two_border_width__hover=&#8220;null&#8220; button_one_border_color__hover_enabled=&#8220;off&#8220; button_one_border_color__hover=&#8220;null&#8220; button_two_border_color__hover_enabled=&#8220;off&#8220; button_two_border_color__hover=&#8220;null&#8220; button_one_border_radius__hover_enabled=&#8220;off&#8220; button_one_border_radius__hover=&#8220;null&#8220; button_two_border_radius__hover_enabled=&#8220;off&#8220; button_two_border_radius__hover=&#8220;null&#8220; button_one_letter_spacing__hover_enabled=&#8220;off&#8220; button_one_letter_spacing__hover=&#8220;null&#8220; button_two_letter_spacing__hover_enabled=&#8220;off&#8220; button_two_letter_spacing__hover=&#8220;null&#8220; button_one_bg_color__hover_enabled=&#8220;off&#8220; button_one_bg_color__hover=&#8220;null&#8220; button_two_bg_color__hover_enabled=&#8220;off&#8220; button_two_bg_color__hover=&#8220;null&#8220;]<br \/>\n[\/et_pb_fullwidth_header][\/et_pb_section][et_pb_section fb_built=&#8220;1&#8243; make_equal=&#8220;on&#8220; use_custom_gutter=&#8220;on&#8220; specialty=&#8220;on&#8220; module_class=&#8220; et_pb_specialty_fullwidth&#8220; _builder_version=&#8220;4.16&#8243; inner_width=&#8220;86%&#8220; inner_width_tablet=&#8220;80%&#8220; inner_width_phone=&#8220;&#8220; inner_width_last_edited=&#8220;on|desktop&#8220; inner_max_width=&#8220;86%&#8220; inner_max_width_tablet=&#8220;80%&#8220; inner_max_width_phone=&#8220;&#8220; inner_max_width_last_edited=&#8220;on|desktop&#8220; custom_margin=&#8220;|||&#8220; custom_padding=&#8220;27px|0px|65px|0px|false|false&#8220; make_fullwidth=&#8220;on&#8220; global_colors_info=&#8220;{}&#8220;][et_pb_column type=&#8220;3_4&#8243; specialty_columns=&#8220;3&#8243; _builder_version=&#8220;4.16&#8243; custom_padding=&#8220;|||&#8220; global_colors_info=&#8220;{}&#8220; custom_padding__hover=&#8220;|||&#8220;][et_pb_row_inner column_structure=&#8220;1_2,1_2&#8243; admin_label=&#8220;Zeile&#8220; _builder_version=&#8220;4.16&#8243; custom_margin=&#8220;|0px||0px&#8220; custom_padding=&#8220;0|0px|30px|15px|false|false&#8220; global_colors_info=&#8220;{}&#8220;][et_pb_column_inner type=&#8220;1_2&#8243; saved_specialty_column_type=&#8220;3_4&#8243; _builder_version=&#8220;4.16&#8243; custom_padding=&#8220;|||&#8220; global_colors_info=&#8220;{}&#8220; custom_padding__hover=&#8220;|||&#8220;][et_pb_toggle title=&#8220;Wissenschaftlicher Leiter und Gesch\u00e4ftsf\u00fchrer&#8220; open=&#8220;on&#8220; closed_toggle_background_color=&#8220;#ffffff&#8220; icon_color=&#8220;#213e64&#8243; open_icon_color=&#8220;#213e64&#8243; admin_label=&#8220;Wissenschaftlicher Leiter und Gesch\u00e4ftsf\u00fchrer&#8220; _builder_version=&#8220;4.16&#8243; title_text_color=&#8220;#213e64&#8243; title_font=&#8220;Nunito Sans|600|||||||&#8220; title_line_height=&#8220;1.3em&#8220; body_font=&#8220;Nunito Sans||||||||&#8220; body_text_color=&#8220;#213e64&#8243; body_font_size=&#8220;15px&#8220; custom_margin=&#8220;|||&#8220; custom_padding=&#8220;24px|24px|24px|24px&#8220; border_radii=&#8220;on|4px|4px|4px|4px&#8220; border_width_all=&#8220;0px&#8220; box_shadow_style=&#8220;preset3&#8243; box_shadow_color=&#8220;rgba(34,56,101,0.12)&#8220; use_border_color=&#8220;on&#8220; border_width=&#8220;0px&#8220; global_colors_info=&#8220;{}&#8220;]<\/p>\n<p><a href=\"https:\/\/www.iso-institut.de\/en\/mitarbeiter-hielscher\/\"><span style=\"color: #213e64;\">Prof. Dr. Volker Hielscher<\/span><\/a><\/p>\n<p>[\/et_pb_toggle][et_pb_toggle title=&#8220;Stellvertretende Gesch\u00e4ftsf\u00fchrung&#8220; open=&#8220;on&#8220; closed_toggle_background_color=&#8220;#ffffff&#8220; icon_color=&#8220;#213e64&#8243; open_icon_color=&#8220;#213e64&#8243; admin_label=&#8220;Stellvertretende Gesch\u00e4ftsf\u00fchrung&#8220; _builder_version=&#8220;4.27.4&#8243; title_text_color=&#8220;#213e64&#8243; title_font=&#8220;Nunito Sans|600|||||||&#8220; title_line_height=&#8220;1.3em&#8220; body_font=&#8220;Nunito Sans||||||||&#8220; body_text_color=&#8220;#213e64&#8243; body_font_size=&#8220;15px&#8220; custom_margin=&#8220;|||&#8220; custom_padding=&#8220;24px|24px|24px|24px&#8220; border_radii=&#8220;on|4px|4px|4px|4px&#8220; border_width_all=&#8220;0px&#8220; box_shadow_style=&#8220;preset3&#8243; box_shadow_color=&#8220;rgba(34,56,101,0.12)&#8220; use_border_color=&#8220;on&#8220; border_width=&#8220;0px&#8220; global_colors_info=&#8220;{}&#8220;]<\/p>\n<p><span style=\"color: #213e64;\"><a href=\"https:\/\/www.iso-institut.de\/en\/mitarbeiter-kirchen-peters\/\">PhD Sabine Kirchen-Peters<\/a><br \/><\/span><a href=\"https:\/\/www.iso-institut.de\/en\/mitarbeiter-lunau\/\">PhD Thorsten Lunau<\/a><\/p>\n<p>[\/et_pb_toggle][\/et_pb_column_inner][et_pb_column_inner type=&#8220;1_2&#8243; saved_specialty_column_type=&#8220;3_4&#8243; _builder_version=&#8220;4.16&#8243; custom_padding=&#8220;|||&#8220; global_colors_info=&#8220;{}&#8220; custom_padding__hover=&#8220;|||&#8220;][\/et_pb_column_inner][\/et_pb_row_inner][et_pb_row_inner column_structure=&#8220;1_2,1_2&#8243; admin_label=&#8220;Zeile&#8220; _builder_version=&#8220;4.16&#8243; custom_margin=&#8220;|0px||0px&#8220; custom_padding=&#8220;0|0px|30px|15px|false|false&#8220; global_colors_info=&#8220;{}&#8220;][et_pb_column_inner type=&#8220;1_2&#8243; saved_specialty_column_type=&#8220;3_4&#8243; _builder_version=&#8220;4.16&#8243; custom_padding=&#8220;|||&#8220; global_colors_info=&#8220;{}&#8220; custom_padding__hover=&#8220;|||&#8220;][et_pb_toggle title=&#8220;Wissenschaftliche Mitarbeiter*innen &#8220; open=&#8220;on&#8220; closed_toggle_background_color=&#8220;#ffffff&#8220; icon_color=&#8220;#213e64&#8243; open_icon_color=&#8220;#213e64&#8243; admin_label=&#8220;Wissenschaftliche Mitarbeiter*innen &#8220; _builder_version=&#8220;4.27.6&#8243; title_text_color=&#8220;#213e64&#8243; title_font=&#8220;Nunito Sans|600|||||||&#8220; title_line_height=&#8220;1.3em&#8220; body_font=&#8220;Nunito Sans||||||||&#8220; body_text_color=&#8220;#213e64&#8243; body_font_size=&#8220;15px&#8220; custom_margin=&#8220;|||&#8220; custom_padding=&#8220;24px|24px|24px|24px&#8220; border_radii=&#8220;on|4px|4px|4px|4px&#8220; border_width_all=&#8220;0px&#8220; box_shadow_style=&#8220;preset3&#8243; box_shadow_color=&#8220;rgba(34,56,101,0.12)&#8220; use_border_color=&#8220;on&#8220; border_width=&#8220;0px&#8220; global_colors_info=&#8220;{}&#8220;]<\/p>\n<p><span style=\"color: #213e64;\"><a style=\"color: #213e64;\" href=\"https:\/\/www.iso-institut.de\/en\/mitarbeiter-bierwirth\/\">Kathrin Bierwirth<\/a><br \/><a style=\"color: #213e64;\" href=\"https:\/\/www.iso-institut.de\/en\/mitarbeiter-eckstein\/\">Prof. Dr. phil. Claudia Eckstein<\/a><br \/><a style=\"color: #213e64;\" href=\"https:\/\/www.iso-institut.de\/en\/mitarbeiter-hielscher\/\">Prof. Dr. Volker Hielscher<\/a><\/span><br \/><span style=\"color: #213e64;\"><a style=\"color: #213e64;\" href=\"https:\/\/www.iso-institut.de\/en\/mitarbeiter-kirchen-peters\/\">PhD Sabine Kirchen-Peters<\/a><\/span><br \/><span style=\"color: #213e64;\"><a style=\"color: #213e64;\" href=\"https:\/\/www.iso-institut.de\/en\/mitarbeiter-ludwig\/\">Prof. Dr. Monika Ludwig<\/a><\/span><br \/><span style=\"color: #213e64;\"><a style=\"color: #213e64;\" href=\"https:\/\/www.iso-institut.de\/en\/mitarbeiter-lunau\/\">PhD Thorsten Lunau<\/a><br \/><a style=\"color: #213e64;\" href=\"https:\/\/www.iso-institut.de\/en\/mitarbeiter-philippi\/\">Dr. Mirjam Philippi<\/a><\/span><br \/><span style=\"color: #213e64;\"><a style=\"color: #213e64;\" href=\"https:\/\/www.iso-institut.de\/en\/mitarbeiter-roessler\/\">Jana R\u00f6\u00dfler<\/a><\/span><br \/><span style=\"color: #213e64;\"><a style=\"color: #213e64;\" href=\"https:\/\/www.iso-institut.de\/en\/mitarbeiter-schmitt\/\">Melanie Schmitt<\/a><\/span><br \/><span style=\"color: #213e64;\"><a style=\"color: #213e64;\" href=\"https:\/\/www.iso-institut.de\/en\/mitarbeiter-schwarz\/\">Kathleen Schwarz<\/a><br \/><a style=\"color: #213e64;\" href=\"https:\/\/www.iso-institut.de\/en\/mitarbeiter-stausberg\/\">Prof. Dr. med. J\u00fcrgen Stausberg<\/a><br \/><a style=\"color: #213e64;\" href=\"https:\/\/www.iso-institut.de\/en\/mitarbeiter-thrun\/\">Carla Thrun<\/a><\/span><br \/><span style=\"color: #213e64;\"><a style=\"color: #213e64;\" href=\"https:\/\/www.iso-institut.de\/en\/mitarbeiter-woithe\/\">Christian Woithe<\/a><\/span><\/p>\n<p><span style=\"color: #213e64;\">\u00a0<\/span><\/p>\n<p>[\/et_pb_toggle][\/et_pb_column_inner][et_pb_column_inner type=&#8220;1_2&#8243; saved_specialty_column_type=&#8220;3_4&#8243; _builder_version=&#8220;4.16&#8243; custom_padding=&#8220;|||&#8220; global_colors_info=&#8220;{}&#8220; custom_padding__hover=&#8220;|||&#8220;][et_pb_toggle title=&#8220;Wissenschaftliche Hilfskr\u00e4fte&#8220; open=&#8220;on&#8220; closed_toggle_background_color=&#8220;#ffffff&#8220; icon_color=&#8220;#213e64&#8243; open_icon_color=&#8220;#213e64&#8243; admin_label=&#8220;Wissenschaftliche Hilfskr\u00e4fte&#8220; _builder_version=&#8220;4.27.6&#8243; title_text_color=&#8220;#213e64&#8243; title_font=&#8220;Nunito Sans|600|||||||&#8220; title_line_height=&#8220;1.3em&#8220; body_font=&#8220;Nunito Sans||||||||&#8220; body_text_color=&#8220;#213e64&#8243; body_font_size=&#8220;15px&#8220; custom_margin=&#8220;|||&#8220; custom_padding=&#8220;24px|24px|24px|24px&#8220; hover_enabled=&#8220;0&#8243; border_radii=&#8220;on|4px|4px|4px|4px&#8220; border_width_all=&#8220;0px&#8220; box_shadow_style=&#8220;preset3&#8243; box_shadow_color=&#8220;rgba(34,56,101,0.12)&#8220; use_border_color=&#8220;on&#8220; border_width=&#8220;0px&#8220; global_colors_info=&#8220;{}&#8220; sticky_enabled=&#8220;0&#8243;]<\/p>\n<p><span style=\"color: #213e64;\"><a style=\"color: #213e64;\" href=\"https:\/\/www.iso-institut.de\/en\/celine-dana-graf\/\">Celine Dana Graf<\/a><\/span><br \/><span style=\"color: #213e64;\"><a style=\"color: #213e64;\" href=\"https:\/\/www.iso-institut.de\/en\/hanna-katins\/\">Hanna Katins<\/a><br \/><\/span><span style=\"color: #213e64;\"><a style=\"color: #213e64;\" href=\"https:\/\/www.iso-institut.de\/en\/hannah-kolb\/\">Hannah <span class=\"mark441s9r2ts\" data-markjs=\"true\" data-ogac=\"\" data-ogab=\"\" data-ogsc=\"\" data-ogsb=\"\">Kolb<\/span><\/a><br \/><a style=\"color: #213e64;\" href=\"https:\/\/www.iso-institut.de\/en\/yvonne-schwarz\/\">Yvonne Schwarz<\/a><br \/><a style=\"color: #213e64;\" href=\"https:\/\/www.iso-institut.de\/en\/sarah-steil\/\">Sarah Steil<\/a><br \/><a style=\"color: #213e64;\" href=\"https:\/\/www.iso-institut.de\/en\/mitarbeiter-wacht\/\">Ingrid Wacht<\/a><\/span><\/p>\n<p>[\/et_pb_toggle][et_pb_toggle title=&#8220;Praktikanten&#8220; open=&#8220;on&#8220; closed_toggle_background_color=&#8220;#ffffff&#8220; icon_color=&#8220;#213e64&#8243; open_icon_color=&#8220;#213e64&#8243; admin_label=&#8220;Praktikanten&#8220; _builder_version=&#8220;4.27.6&#8243; title_text_color=&#8220;#213e64&#8243; title_font=&#8220;Nunito Sans|600|||||||&#8220; title_line_height=&#8220;1.3em&#8220; body_font=&#8220;Nunito Sans||||||||&#8220; body_text_color=&#8220;#213e64&#8243; body_font_size=&#8220;15px&#8220; custom_margin=&#8220;|||&#8220; custom_padding=&#8220;24px|24px|24px|24px&#8220; border_radii=&#8220;on|4px|4px|4px|4px&#8220; border_width_all=&#8220;0px&#8220; box_shadow_style=&#8220;preset3&#8243; box_shadow_color=&#8220;rgba(34,56,101,0.12)&#8220; use_border_color=&#8220;on&#8220; border_width=&#8220;0px&#8220; global_colors_info=&#8220;{}&#8220;]<\/p>\n<p><a href=\"https:\/\/www.iso-institut.de\/en\/michelle-pisani\/\"><span style=\"color: #213e64;\">Michelle Pisani\u00a0<\/span><\/a><\/p>\n<\/p>\n<p>[\/et_pb_toggle][et_pb_toggle title=&#8220;Verwaltung &#8220; open=&#8220;on&#8220; closed_toggle_background_color=&#8220;#ffffff&#8220; icon_color=&#8220;#213e64&#8243; open_icon_color=&#8220;#213e64&#8243; admin_label=&#8220;Verwaltung &#8220; _builder_version=&#8220;4.21.0&#8243; title_text_color=&#8220;#213e64&#8243; title_font=&#8220;Nunito Sans|600|||||||&#8220; title_line_height=&#8220;1.3em&#8220; body_font=&#8220;Nunito Sans||||||||&#8220; body_text_color=&#8220;#213e64&#8243; body_font_size=&#8220;15px&#8220; custom_margin=&#8220;|||&#8220; custom_padding=&#8220;24px|24px|24px|24px&#8220; border_radii=&#8220;on|4px|4px|4px|4px&#8220; border_width_all=&#8220;0px&#8220; box_shadow_style=&#8220;preset3&#8243; box_shadow_color=&#8220;rgba(34,56,101,0.12)&#8220; use_border_color=&#8220;on&#8220; border_width=&#8220;0px&#8220; global_colors_info=&#8220;{}&#8220;]<\/p>\n<p><a href=\"https:\/\/www.iso-institut.de\/en\/mitarbeiter-goddard\/\"><span style=\"color: #213e64;\">Tania Goddard<\/span><\/a><br \/><a href=\"https:\/\/www.iso-institut.de\/en\/mitarbeiter-preuth\/\"><span style=\"color: #213e64;\">Andreas Preuth, Graduation: Sociology &amp; Economy<\/span><\/a><br \/><a href=\"https:\/\/www.iso-institut.de\/en\/mitarbeiter-wirschum\/\"><span style=\"color: #213e64;\">Natalie Wirschum<\/span><\/a><\/p>\n<p>[\/et_pb_toggle][et_pb_toggle title=&#8220;EDV-Betreuung und -Beratung&#8220; open=&#8220;on&#8220; closed_toggle_background_color=&#8220;#ffffff&#8220; icon_color=&#8220;#213e64&#8243; open_icon_color=&#8220;#213e64&#8243; admin_label=&#8220;EDV-Betreuung und -Beratung&#8220; _builder_version=&#8220;4.22.2&#8243; title_text_color=&#8220;#213e64&#8243; title_font=&#8220;Nunito Sans|600|||||||&#8220; title_line_height=&#8220;1.3em&#8220; body_font=&#8220;Nunito Sans||||||||&#8220; body_text_color=&#8220;#213e64&#8243; body_font_size=&#8220;15px&#8220; custom_margin=&#8220;|||&#8220; custom_padding=&#8220;24px|24px|24px|24px&#8220; border_radii=&#8220;on|4px|4px|4px|4px&#8220; border_width_all=&#8220;0px&#8220; box_shadow_style=&#8220;preset3&#8243; box_shadow_color=&#8220;rgba(34,56,101,0.12)&#8220; use_border_color=&#8220;on&#8220; border_width=&#8220;0px&#8220; global_colors_info=&#8220;{}&#8220;]<\/p>\n<p><span style=\"color: #213e64;\">KFK GmbH <\/span><\/p>\n<p>[\/et_pb_toggle][\/et_pb_column_inner][\/et_pb_row_inner][\/et_pb_column][et_pb_column type=&#8220;1_4&#8243; _builder_version=&#8220;4.16&#8243; custom_padding=&#8220;|||&#8220; global_colors_info=&#8220;{}&#8220; custom_padding__hover=&#8220;|||&#8220;][et_pb_search exclude_pages=&#8220;off&#8220; _builder_version=&#8220;4.16&#8243; global_colors_info=&#8220;{}&#8220;]<br \/>\n[\/et_pb_search][et_pb_sidebar area=&#8220;sidebar-1&#8243; show_border=&#8220;off&#8220; admin_label=&#8220;SIDEBAR DAS ISO-INSTITUT&#8220; _builder_version=&#8220;4.16&#8243; header_text_color=&#8220;#213e64&#8243; body_text_color=&#8220;#213e64&#8243; max_width=&#8220;89%&#8220; custom_margin=&#8220;-20px|0px||&#8220; custom_padding=&#8220;|0px||&#8220; saved_tabs=&#8220;all&#8220; global_colors_info=&#8220;{}&#8220;]<br \/>\n[\/et_pb_sidebar][\/et_pb_column][\/et_pb_section]<\/p>","protected":false},"excerpt":{"rendered":"<p>Prof. Dr. Volker HielscherDr. Sabine Kirchen-PetersDr. Thorsten LunauKathrin BierwirthProf. Dr. phil. Claudia EcksteinProf. Dr. Volker HielscherDr. Sabine Kirchen-PetersProf. Dr. Monika LudwigDr. Thorsten LunauDr. Mirjam PhilippiJana R\u00f6\u00dflerMelanie SchmittKathleen SchwarzProf. Dr. med. [&hellip;]<\/p>","protected":false},"author":1,"featured_media":0,"parent":0,"menu_order":0,"comment_status":"closed","ping_status":"closed","template":"","meta":{"_acf_changed":false,"_et_pb_use_builder":"on","_et_pb_old_content":"","_et_gb_content_width":"","footnotes":""},"class_list":["post-1395","page","type-page","status-publish","hentry"],"acf":[],"yoast_head":"<!-- This site is optimized with the Yoast SEO plugin v25.6 - https:\/\/yoast.com\/wordpress\/plugins\/seo\/ -->\n<title>Mitarbeiter*innen - Institut f\u00fcr Sozialforschung und Sozialwirtschaft (iso)<\/title>\n<meta name=\"robots\" content=\"index, follow, max-snippet:-1, max-image-preview:large, max-video-preview:-1\" \/>\n<link rel=\"canonical\" href=\"https:\/\/www.iso-institut.de\/en\/mitarbeiter_innen\/\" \/>\n<meta property=\"og:locale\" content=\"en_GB\" \/>\n<meta property=\"og:type\" content=\"article\" \/>\n<meta property=\"og:title\" content=\"Mitarbeiter*innen - Institut f\u00fcr Sozialforschung und Sozialwirtschaft (iso)\" \/>\n<meta property=\"og:description\" content=\"Prof. Dr. Volker HielscherDr. Sabine Kirchen-PetersDr. Thorsten LunauKathrin BierwirthProf. Dr. phil. Claudia EcksteinProf. Dr. Volker HielscherDr. Sabine Kirchen-PetersProf. Dr. Monika LudwigDr. Thorsten LunauDr. Mirjam PhilippiJana R\u00f6\u00dflerMelanie SchmittKathleen SchwarzProf. Dr. med. [&hellip;]\" \/>\n<meta property=\"og:url\" content=\"https:\/\/www.iso-institut.de\/en\/mitarbeiter_innen\/\" \/>\n<meta property=\"og:site_name\" content=\"Institut f\u00fcr Sozialforschung und Sozialwirtschaft (iso)\" \/>\n<meta property=\"article:publisher\" content=\"https:\/\/www.facebook.com\/isoInstitut\/\" \/>\n<meta property=\"article:modified_time\" content=\"2026-03-30T12:07:08+00:00\" \/>\n<meta name=\"twitter:card\" content=\"summary_large_image\" \/>\n<meta name=\"twitter:label1\" content=\"Estimated reading time\" \/>\n\t<meta name=\"twitter:data1\" content=\"1 minute\" \/>\n<script type=\"application\/ld+json\" class=\"yoast-schema-graph\">{\"@context\":\"https:\/\/schema.org\",\"@graph\":[{\"@type\":\"WebPage\",\"@id\":\"https:\/\/www.iso-institut.de\/mitarbeiter_innen\/\",\"url\":\"https:\/\/www.iso-institut.de\/mitarbeiter_innen\/\",\"name\":\"Mitarbeiter*innen - Institut f\u00fcr Sozialforschung und Sozialwirtschaft (iso)\",\"isPartOf\":{\"@id\":\"https:\/\/www.iso-institut.de\/#website\"},\"datePublished\":\"2018-10-19T09:07:27+00:00\",\"dateModified\":\"2026-03-30T12:07:08+00:00\",\"breadcrumb\":{\"@id\":\"https:\/\/www.iso-institut.de\/mitarbeiter_innen\/#breadcrumb\"},\"inLanguage\":\"en-GB\",\"potentialAction\":[{\"@type\":\"ReadAction\",\"target\":[\"https:\/\/www.iso-institut.de\/mitarbeiter_innen\/\"]}]},{\"@type\":\"BreadcrumbList\",\"@id\":\"https:\/\/www.iso-institut.de\/mitarbeiter_innen\/#breadcrumb\",\"itemListElement\":[{\"@type\":\"ListItem\",\"position\":1,\"name\":\"Startseite\",\"item\":\"https:\/\/www.iso-institut.de\/\"},{\"@type\":\"ListItem\",\"position\":2,\"name\":\"Mitarbeiter*innen\"}]},{\"@type\":\"WebSite\",\"@id\":\"https:\/\/www.iso-institut.de\/#website\",\"url\":\"https:\/\/www.iso-institut.de\/\",\"name\":\"Institut f\u00fcr Sozialforschung und Sozialwirtschaft (iso)\",\"description\":\"Die gr\u00f6\u00dfte selbst\u00e4ndige und unabh\u00e4ngige sozialwissenschaftliche Forschungseinrichtung im S\u00fcdwesten Deutschlands\",\"potentialAction\":[{\"@type\":\"SearchAction\",\"target\":{\"@type\":\"EntryPoint\",\"urlTemplate\":\"https:\/\/www.iso-institut.de\/?s={search_term_string}\"},\"query-input\":{\"@type\":\"PropertyValueSpecification\",\"valueRequired\":true,\"valueName\":\"search_term_string\"}}],\"inLanguage\":\"en-GB\"}]}<\/script>\n<!-- \/ Yoast SEO plugin. -->","yoast_head_json":{"title":"Mitarbeiter*innen - Institut f\u00fcr Sozialforschung und Sozialwirtschaft (iso)","robots":{"index":"index","follow":"follow","max-snippet":"max-snippet:-1","max-image-preview":"max-image-preview:large","max-video-preview":"max-video-preview:-1"},"canonical":"https:\/\/www.iso-institut.de\/en\/mitarbeiter_innen\/","og_locale":"en_GB","og_type":"article","og_title":"Mitarbeiter*innen - Institut f\u00fcr Sozialforschung und Sozialwirtschaft (iso)","og_description":"Prof. Dr. Volker HielscherDr. Sabine Kirchen-PetersDr. Thorsten LunauKathrin BierwirthProf. Dr. phil. Claudia EcksteinProf. Dr. Volker HielscherDr. Sabine Kirchen-PetersProf. Dr. Monika LudwigDr. Thorsten LunauDr. Mirjam PhilippiJana R\u00f6\u00dflerMelanie SchmittKathleen SchwarzProf. Dr. med. [&hellip;]","og_url":"https:\/\/www.iso-institut.de\/en\/mitarbeiter_innen\/","og_site_name":"Institut f\u00fcr Sozialforschung und Sozialwirtschaft (iso)","article_publisher":"https:\/\/www.facebook.com\/isoInstitut\/","article_modified_time":"2026-03-30T12:07:08+00:00","twitter_card":"summary_large_image","twitter_misc":{"Estimated reading time":"1 minute"},"schema":{"@context":"https:\/\/schema.org","@graph":[{"@type":"WebPage","@id":"https:\/\/www.iso-institut.de\/mitarbeiter_innen\/","url":"https:\/\/www.iso-institut.de\/mitarbeiter_innen\/","name":"Mitarbeiter*innen - Institut f\u00fcr Sozialforschung und Sozialwirtschaft (iso)","isPartOf":{"@id":"https:\/\/www.iso-institut.de\/#website"},"datePublished":"2018-10-19T09:07:27+00:00","dateModified":"2026-03-30T12:07:08+00:00","breadcrumb":{"@id":"https:\/\/www.iso-institut.de\/mitarbeiter_innen\/#breadcrumb"},"inLanguage":"en-GB","potentialAction":[{"@type":"ReadAction","target":["https:\/\/www.iso-institut.de\/mitarbeiter_innen\/"]}]},{"@type":"BreadcrumbList","@id":"https:\/\/www.iso-institut.de\/mitarbeiter_innen\/#breadcrumb","itemListElement":[{"@type":"ListItem","position":1,"name":"Startseite","item":"https:\/\/www.iso-institut.de\/"},{"@type":"ListItem","position":2,"name":"Mitarbeiter*innen"}]},{"@type":"WebSite","@id":"https:\/\/www.iso-institut.de\/#website","url":"https:\/\/www.iso-institut.de\/","name":"Institut f\u00fcr Sozialforschung und Sozialwirtschaft (iso)","description":"Die gr\u00f6\u00dfte selbst\u00e4ndige und unabh\u00e4ngige sozialwissenschaftliche Forschungseinrichtung im S\u00fcdwesten Deutschlands","potentialAction":[{"@type":"SearchAction","target":{"@type":"EntryPoint","urlTemplate":"https:\/\/www.iso-institut.de\/?s={search_term_string}"},"query-input":{"@type":"PropertyValueSpecification","valueRequired":true,"valueName":"search_term_string"}}],"inLanguage":"en-GB"}]}},"_links":{"self":[{"href":"https:\/\/www.iso-institut.de\/en\/wp-json\/wp\/v2\/pages\/1395"}],"collection":[{"href":"https:\/\/www.iso-institut.de\/en\/wp-json\/wp\/v2\/pages"}],"about":[{"href":"https:\/\/www.iso-institut.de\/en\/wp-json\/wp\/v2\/types\/page"}],"author":[{"embeddable":true,"href":"https:\/\/www.iso-institut.de\/en\/wp-json\/wp\/v2\/users\/1"}],"replies":[{"embeddable":true,"href":"https:\/\/www.iso-institut.de\/en\/wp-json\/wp\/v2\/comments?post=1395"}],"version-history":[{"count":29,"href":"https:\/\/www.iso-institut.de\/en\/wp-json\/wp\/v2\/pages\/1395\/revisions"}],"predecessor-version":[{"id":14465,"href":"https:\/\/www.iso-institut.de\/en\/wp-json\/wp\/v2\/pages\/1395\/revisions\/14465"}],"wp:attachment":[{"href":"https:\/\/www.iso-institut.de\/en\/wp-json\/wp\/v2\/media?parent=1395"}],"curies":[{"name":"wp","href":"https:\/\/api.w.org\/{rel}","templated":true}]}}