{"id":1560,"date":"2018-10-22T14:23:43","date_gmt":"2018-10-22T12:23:43","guid":{"rendered":"https:\/\/www.iso-institut.de\/?page_id=1560"},"modified":"2021-09-23T12:29:35","modified_gmt":"2021-09-23T10:29:35","slug":"mitarbeiter-goddard","status":"publish","type":"page","link":"https:\/\/www.iso-institut.de\/en\/mitarbeiter-goddard\/","title":{"rendered":"Mitarbeiter Goddard"},"content":{"rendered":"<p>[et_pb_section fb_built=&#8220;1&#8243; inner_shadow=&#8220;on&#8220; fullwidth=&#8220;on&#8220; _builder_version=&#8220;3.22&#8243; background_color=&#8220;#2ea3f2&#8243; use_background_color_gradient=&#8220;on&#8220; background_color_gradient_start=&#8220;#2ea3f2&#8243; background_color_gradient_end=&#8220;#2e6df4&#8243; background_color_gradient_direction=&#8220;330deg&#8220; custom_margin=&#8220;-30px||-30px||true&#8220; custom_margin_tablet=&#8220;&#8220; custom_margin_phone=&#8220;&#8220; custom_margin_last_edited=&#8220;on|desktop&#8220; custom_padding=&#8220;0|0px|0|0px|false|false&#8220; global_colors_info=&#8220;{}&#8220;][et_pb_fullwidth_header title=&#8220;Tania Goddard&#8220; subhead=&#8220;Verwaltung &#8220; admin_label=&#8220;Vollbreite Kopfzeile Goddard&#8220; _builder_version=&#8220;3.16&#8243; custom_margin=&#8220;-40px||-40px||true&#8220; global_colors_info=&#8220;{}&#8220; button_one_text_size__hover_enabled=&#8220;off&#8220; button_one_text_size__hover=&#8220;null&#8220; button_two_text_size__hover_enabled=&#8220;off&#8220; button_two_text_size__hover=&#8220;null&#8220; button_one_text_color__hover_enabled=&#8220;off&#8220; button_one_text_color__hover=&#8220;null&#8220; button_two_text_color__hover_enabled=&#8220;off&#8220; button_two_text_color__hover=&#8220;null&#8220; button_one_border_width__hover_enabled=&#8220;off&#8220; button_one_border_width__hover=&#8220;null&#8220; button_two_border_width__hover_enabled=&#8220;off&#8220; button_two_border_width__hover=&#8220;null&#8220; button_one_border_color__hover_enabled=&#8220;off&#8220; button_one_border_color__hover=&#8220;null&#8220; button_two_border_color__hover_enabled=&#8220;off&#8220; button_two_border_color__hover=&#8220;null&#8220; button_one_border_radius__hover_enabled=&#8220;off&#8220; button_one_border_radius__hover=&#8220;null&#8220; button_two_border_radius__hover_enabled=&#8220;off&#8220; button_two_border_radius__hover=&#8220;null&#8220; button_one_letter_spacing__hover_enabled=&#8220;off&#8220; button_one_letter_spacing__hover=&#8220;null&#8220; button_two_letter_spacing__hover_enabled=&#8220;off&#8220; button_two_letter_spacing__hover=&#8220;null&#8220; button_one_bg_color__hover_enabled=&#8220;off&#8220; button_one_bg_color__hover=&#8220;null&#8220; button_two_bg_color__hover_enabled=&#8220;off&#8220; button_two_bg_color__hover=&#8220;null&#8220;]<br \/>\n[\/et_pb_fullwidth_header][\/et_pb_section][et_pb_section fb_built=&#8220;1&#8243; specialty=&#8220;on&#8220; _builder_version=&#8220;3.22&#8243; background_color=&#8220;#f2f3f5&#8243; global_colors_info=&#8220;{}&#8220;][et_pb_column type=&#8220;3_4&#8243; specialty_columns=&#8220;3&#8243; _builder_version=&#8220;3.25&#8243; custom_padding=&#8220;|||&#8220; global_colors_info=&#8220;{}&#8220; custom_padding__hover=&#8220;|||&#8220;][et_pb_row_inner column_structure=&#8220;1_2,1_2&#8243; admin_label=&#8220;Text &#038; Bild Goddard&#8220; _builder_version=&#8220;3.25&#8243; custom_padding=&#8220;29.6875px|0px|0|0px|false|false&#8220; global_colors_info=&#8220;{}&#8220;][et_pb_column_inner type=&#8220;1_2&#8243; saved_specialty_column_type=&#8220;3_4&#8243; _builder_version=&#8220;3.25&#8243; custom_padding=&#8220;|||&#8220; global_colors_info=&#8220;{}&#8220; custom_padding__hover=&#8220;|||&#8220;][et_pb_team_member name=&#8220;Tania Goddard&#8220; position=&#8220;Techn. Administratorin, vereidigte Diplom-\u00dcbersetzerin (Frz.\/Engl.)&#8220; image_url=&#8220;https:\/\/www.iso-institut.de\/wp-content\/uploads\/2018\/10\/Tania-I.-Goddard.jpg&#8220; admin_label=&#8220;Person Goddard&#8220; _builder_version=&#8220;4.9.6&#8243; max_width=&#8220;61%&#8220; module_alignment=&#8220;left&#8220; global_colors_info=&#8220;{}&#8220;][\/et_pb_team_member][\/et_pb_column_inner][et_pb_column_inner type=&#8220;1_2&#8243; saved_specialty_column_type=&#8220;3_4&#8243; _builder_version=&#8220;3.25&#8243; custom_padding=&#8220;|||&#8220; global_colors_info=&#8220;{}&#8220; custom_padding__hover=&#8220;|||&#8220;][et_pb_text admin_label=&#8220;Daten Goddard&#8220; _builder_version=&#8220;4.10.8&#8243; text_text_color=&#8220;#213e64&#8243; header_text_color=&#8220;#213e64&#8243; background_size=&#8220;initial&#8220; background_position=&#8220;top_left&#8220; background_repeat=&#8220;repeat&#8220; hover_enabled=&#8220;0&#8243; inline_fonts=&#8220;Verdana&#8220; global_colors_info=&#8220;{}&#8220; sticky_enabled=&#8220;0&#8243;]<\/p>\n<h2><span style=\"font-size: medium; color: #213e64;\"><strong>Tel.: +49 (0) 681 9 54 24 \u2013 11<br \/>Fax: +49 (0) 681 9 54 24 \u2013 27<br \/>E-Mail: goddard@iso-institut.de <\/strong><\/span><\/h2>\n<p>[\/et_pb_text][\/et_pb_column_inner][\/et_pb_row_inner][et_pb_row_inner admin_label=&#8220;Zeile&#8220; _builder_version=&#8220;3.25&#8243; global_colors_info=&#8220;{}&#8220;][et_pb_column_inner saved_specialty_column_type=&#8220;3_4&#8243; _builder_version=&#8220;3.25&#8243; custom_padding=&#8220;|||&#8220; global_colors_info=&#8220;{}&#8220; custom_padding__hover=&#8220;|||&#8220;][et_pb_toggle title=&#8220;Arbeitsschwerpunkte&#8220; open=&#8220;on&#8220; closed_toggle_background_color=&#8220;#ffffff&#8220; icon_color=&#8220;#213e64&#8243; admin_label=&#8220;Arbeitsschwerpunkte&#8220; _builder_version=&#8220;4.9.6&#8243; title_text_color=&#8220;#213e64&#8243; title_font=&#8220;Nunito Sans|600|||||||&#8220; title_line_height=&#8220;1.3em&#8220; body_font=&#8220;Nunito Sans||||||||&#8220; body_text_color=&#8220;#213e64&#8243; body_font_size=&#8220;15px&#8220; custom_margin=&#8220;|||&#8220; custom_padding=&#8220;24px|24px|24px|24px&#8220; border_radii=&#8220;on|4px|4px|4px|4px&#8220; border_width_all=&#8220;0px&#8220; box_shadow_style=&#8220;preset3&#8243; box_shadow_color=&#8220;rgba(34,56,101,0.12)&#8220; use_border_color=&#8220;on&#8220; border_width=&#8220;0px&#8220; global_colors_info=&#8220;{}&#8220;]<\/p>\n<ul>\n<li><span style=\"color: #213e64;\">Technische Administration<\/span><\/li>\n<li><span style=\"color: #213e64;\">\u00dcbersetzung<\/span><\/li>\n<li><span style=\"color: #213e64;\">Projektmanagement<\/span><\/li>\n<li><span style=\"color: #213e64;\">B\u00fcromanagement<\/span><\/li>\n<li><span style=\"color: #213e64;\">Bibliotheksmanagement<\/span><\/li>\n<\/ul>\n<p>[\/et_pb_toggle][et_pb_toggle title=&#8220;Ausbildung&#8220; closed_toggle_background_color=&#8220;#ffffff&#8220; icon_color=&#8220;#213e64&#8243; admin_label=&#8220;Ausbildung&#8220; _builder_version=&#8220;3.15&#8243; title_text_color=&#8220;#213e64&#8243; title_font=&#8220;Nunito Sans|600|||||||&#8220; title_line_height=&#8220;1.3em&#8220; body_font=&#8220;Nunito Sans||||||||&#8220; body_text_color=&#8220;#213e64&#8243; body_font_size=&#8220;15px&#8220; custom_margin=&#8220;|||&#8220; custom_padding=&#8220;24px|24px|24px|24px&#8220; border_radii=&#8220;on|4px|4px|4px|4px&#8220; border_width_all=&#8220;0px&#8220; box_shadow_style=&#8220;preset3&#8243; box_shadow_color=&#8220;rgba(34,56,101,0.12)&#8220; use_border_color=&#8220;on&#8220; border_width=&#8220;0px&#8220; global_colors_info=&#8220;{}&#8220;]<\/p>\n<ul>\n<li><span style=\"color: #213e64;\">2003 &#8211; 2012 Studium \u00dcbersetzen (Diplom-Inh.\/ Universit\u00e4t des Saarlandes)<\/span><\/li>\n<\/ul>\n<p>[\/et_pb_toggle][et_pb_toggle title=&#8220;Berufst\u00e4tigkeit&#8220; closed_toggle_background_color=&#8220;#ffffff&#8220; icon_color=&#8220;#213e64&#8243; admin_label=&#8220;Berufst\u00e4tigkeit&#8220; _builder_version=&#8220;3.15&#8243; title_text_color=&#8220;#213e64&#8243; title_font=&#8220;Nunito Sans|600|||||||&#8220; title_line_height=&#8220;1.3em&#8220; body_font=&#8220;Nunito Sans||||||||&#8220; body_text_color=&#8220;#213e64&#8243; body_font_size=&#8220;15px&#8220; custom_margin=&#8220;|||&#8220; custom_padding=&#8220;24px|24px|24px|24px&#8220; border_radii=&#8220;on|4px|4px|4px|4px&#8220; border_width_all=&#8220;0px&#8220; box_shadow_style=&#8220;preset3&#8243; box_shadow_color=&#8220;rgba(34,56,101,0.12)&#8220; use_border_color=&#8220;on&#8220; border_width=&#8220;0px&#8220; global_colors_info=&#8220;{}&#8220;]<\/p>\n<ul>\n<li><span style=\"color: #213e64;\">seit 2015 Technische Administration am Institut f\u00fcr Sozialforschung und Sozialwirtschaft e.V. (iso), Saarbr\u00fccken<\/span><\/li>\n<li><span style=\"color: #213e64;\">2013 &#8211; 2015 Deutschassistentin Ecole \u00e9lemantaire de Neunkirch (Frankreich) <\/span><\/li>\n<li><span style=\"color: #213e64;\">2012 &#8211; 2013 Wissenschaftliche Hilfskraft am Deutschen Forschungsinstitut f\u00fcr k\u00fcnstliche Intelligenz (DFKI) Gmbh, Saarbr\u00fccken<\/span><\/li>\n<li><span style=\"color: #213e64;\">2011 &#8211; 2012 Wissenschaftliche Hiflskraft (\u00dcbersetzerin) bei der Luxea GmbH, Saarbr\u00fccken<\/span><\/li>\n<li><span style=\"color: #213e64;\">2010 &#8211; 2012 \u00dcbersetzerin im Deutsch-Franz\u00f6sischen Sekretariat (DFS\/SFA), Saarbr\u00fccken<\/span><\/li>\n<li><span style=\"color: #213e64;\">Buch\u00fcbersetzung: &#8222;Die Falle: Heute bin ich stolze Afrikanerin (Clariste Soh Moube, 2014, Verlag Neuer Weg)<\/span><\/li>\n<\/ul>\n<p>[\/et_pb_toggle][\/et_pb_column_inner][\/et_pb_row_inner][\/et_pb_column][et_pb_column type=&#8220;1_4&#8243; _builder_version=&#8220;3.25&#8243; custom_padding=&#8220;|||&#8220; global_colors_info=&#8220;{}&#8220; custom_padding__hover=&#8220;|||&#8220;][et_pb_sidebar area=&#8220;cs-1&#8243; admin_label=&#8220;Seitenleiste DAS ISO-INSTITUT&#8220; _builder_version=&#8220;3.18.9&#8243; global_colors_info=&#8220;{}&#8220;][\/et_pb_sidebar][\/et_pb_column][\/et_pb_section]<\/p>","protected":false},"excerpt":{"rendered":"<p>Tel.: +49 (0) 681 9 54 24 \u2013 11Fax: +49 (0) 681 9 54 24 \u2013 27E-Mail: goddard@iso-institut.de Technische Administration \u00dcbersetzung Projektmanagement B\u00fcromanagement Bibliotheksmanagement 2003 &#8211; 2012 Studium \u00dcbersetzen (Diplom-Inh.\/ [&hellip;]<\/p>","protected":false},"author":1,"featured_media":0,"parent":0,"menu_order":0,"comment_status":"closed","ping_status":"closed","template":"","meta":{"_acf_changed":false,"_et_pb_use_builder":"on","_et_pb_old_content":"","_et_gb_content_width":"","footnotes":""},"class_list":["post-1560","page","type-page","status-publish","hentry"],"acf":[],"yoast_head":"<!-- This site is optimized with the Yoast SEO plugin v25.6 - https:\/\/yoast.com\/wordpress\/plugins\/seo\/ -->\n<title>Mitarbeiter Goddard - Institut f\u00fcr Sozialforschung und Sozialwirtschaft (iso)<\/title>\n<meta name=\"robots\" content=\"index, follow, max-snippet:-1, max-image-preview:large, max-video-preview:-1\" \/>\n<link rel=\"canonical\" href=\"https:\/\/www.iso-institut.de\/en\/mitarbeiter-goddard\/\" \/>\n<meta property=\"og:locale\" content=\"en_GB\" \/>\n<meta property=\"og:type\" content=\"article\" \/>\n<meta property=\"og:title\" content=\"Mitarbeiter Goddard - Institut f\u00fcr Sozialforschung und Sozialwirtschaft (iso)\" \/>\n<meta property=\"og:description\" content=\"Tel.: +49 (0) 681 9 54 24 \u2013 11Fax: +49 (0) 681 9 54 24 \u2013 27E-Mail: goddard@iso-institut.de Technische Administration \u00dcbersetzung Projektmanagement B\u00fcromanagement Bibliotheksmanagement 2003 - 2012 Studium \u00dcbersetzen (Diplom-Inh.\/ [&hellip;]\" \/>\n<meta property=\"og:url\" content=\"https:\/\/www.iso-institut.de\/en\/mitarbeiter-goddard\/\" \/>\n<meta property=\"og:site_name\" content=\"Institut f\u00fcr Sozialforschung und Sozialwirtschaft (iso)\" \/>\n<meta property=\"article:publisher\" content=\"https:\/\/www.facebook.com\/isoInstitut\/\" \/>\n<meta property=\"article:modified_time\" content=\"2021-09-23T10:29:35+00:00\" \/>\n<meta name=\"twitter:card\" content=\"summary_large_image\" \/>\n<meta name=\"twitter:label1\" content=\"Estimated reading time\" \/>\n\t<meta name=\"twitter:data1\" content=\"4 minutes\" \/>\n<script type=\"application\/ld+json\" class=\"yoast-schema-graph\">{\"@context\":\"https:\/\/schema.org\",\"@graph\":[{\"@type\":\"WebPage\",\"@id\":\"https:\/\/www.iso-institut.de\/mitarbeiter-goddard\/\",\"url\":\"https:\/\/www.iso-institut.de\/mitarbeiter-goddard\/\",\"name\":\"Mitarbeiter Goddard - Institut f\u00fcr Sozialforschung und Sozialwirtschaft (iso)\",\"isPartOf\":{\"@id\":\"https:\/\/www.iso-institut.de\/#website\"},\"datePublished\":\"2018-10-22T12:23:43+00:00\",\"dateModified\":\"2021-09-23T10:29:35+00:00\",\"breadcrumb\":{\"@id\":\"https:\/\/www.iso-institut.de\/mitarbeiter-goddard\/#breadcrumb\"},\"inLanguage\":\"en-GB\",\"potentialAction\":[{\"@type\":\"ReadAction\",\"target\":[\"https:\/\/www.iso-institut.de\/mitarbeiter-goddard\/\"]}]},{\"@type\":\"BreadcrumbList\",\"@id\":\"https:\/\/www.iso-institut.de\/mitarbeiter-goddard\/#breadcrumb\",\"itemListElement\":[{\"@type\":\"ListItem\",\"position\":1,\"name\":\"Startseite\",\"item\":\"https:\/\/www.iso-institut.de\/\"},{\"@type\":\"ListItem\",\"position\":2,\"name\":\"Mitarbeiter Goddard\"}]},{\"@type\":\"WebSite\",\"@id\":\"https:\/\/www.iso-institut.de\/#website\",\"url\":\"https:\/\/www.iso-institut.de\/\",\"name\":\"Institut f\u00fcr Sozialforschung und Sozialwirtschaft (iso)\",\"description\":\"Die gr\u00f6\u00dfte selbst\u00e4ndige und unabh\u00e4ngige sozialwissenschaftliche Forschungseinrichtung im S\u00fcdwesten Deutschlands\",\"potentialAction\":[{\"@type\":\"SearchAction\",\"target\":{\"@type\":\"EntryPoint\",\"urlTemplate\":\"https:\/\/www.iso-institut.de\/?s={search_term_string}\"},\"query-input\":{\"@type\":\"PropertyValueSpecification\",\"valueRequired\":true,\"valueName\":\"search_term_string\"}}],\"inLanguage\":\"en-GB\"}]}<\/script>\n<!-- \/ Yoast SEO plugin. -->","yoast_head_json":{"title":"Mitarbeiter Goddard - Institut f\u00fcr Sozialforschung und Sozialwirtschaft (iso)","robots":{"index":"index","follow":"follow","max-snippet":"max-snippet:-1","max-image-preview":"max-image-preview:large","max-video-preview":"max-video-preview:-1"},"canonical":"https:\/\/www.iso-institut.de\/en\/mitarbeiter-goddard\/","og_locale":"en_GB","og_type":"article","og_title":"Mitarbeiter Goddard - Institut f\u00fcr Sozialforschung und Sozialwirtschaft (iso)","og_description":"Tel.: +49 (0) 681 9 54 24 \u2013 11Fax: +49 (0) 681 9 54 24 \u2013 27E-Mail: goddard@iso-institut.de Technische Administration \u00dcbersetzung Projektmanagement B\u00fcromanagement Bibliotheksmanagement 2003 - 2012 Studium \u00dcbersetzen (Diplom-Inh.\/ [&hellip;]","og_url":"https:\/\/www.iso-institut.de\/en\/mitarbeiter-goddard\/","og_site_name":"Institut f\u00fcr Sozialforschung und Sozialwirtschaft (iso)","article_publisher":"https:\/\/www.facebook.com\/isoInstitut\/","article_modified_time":"2021-09-23T10:29:35+00:00","twitter_card":"summary_large_image","twitter_misc":{"Estimated reading time":"4 minutes"},"schema":{"@context":"https:\/\/schema.org","@graph":[{"@type":"WebPage","@id":"https:\/\/www.iso-institut.de\/mitarbeiter-goddard\/","url":"https:\/\/www.iso-institut.de\/mitarbeiter-goddard\/","name":"Mitarbeiter Goddard - Institut f\u00fcr Sozialforschung und Sozialwirtschaft (iso)","isPartOf":{"@id":"https:\/\/www.iso-institut.de\/#website"},"datePublished":"2018-10-22T12:23:43+00:00","dateModified":"2021-09-23T10:29:35+00:00","breadcrumb":{"@id":"https:\/\/www.iso-institut.de\/mitarbeiter-goddard\/#breadcrumb"},"inLanguage":"en-GB","potentialAction":[{"@type":"ReadAction","target":["https:\/\/www.iso-institut.de\/mitarbeiter-goddard\/"]}]},{"@type":"BreadcrumbList","@id":"https:\/\/www.iso-institut.de\/mitarbeiter-goddard\/#breadcrumb","itemListElement":[{"@type":"ListItem","position":1,"name":"Startseite","item":"https:\/\/www.iso-institut.de\/"},{"@type":"ListItem","position":2,"name":"Mitarbeiter Goddard"}]},{"@type":"WebSite","@id":"https:\/\/www.iso-institut.de\/#website","url":"https:\/\/www.iso-institut.de\/","name":"Institut f\u00fcr Sozialforschung und Sozialwirtschaft (iso)","description":"Die gr\u00f6\u00dfte selbst\u00e4ndige und unabh\u00e4ngige sozialwissenschaftliche Forschungseinrichtung im S\u00fcdwesten Deutschlands","potentialAction":[{"@type":"SearchAction","target":{"@type":"EntryPoint","urlTemplate":"https:\/\/www.iso-institut.de\/?s={search_term_string}"},"query-input":{"@type":"PropertyValueSpecification","valueRequired":true,"valueName":"search_term_string"}}],"inLanguage":"en-GB"}]}},"_links":{"self":[{"href":"https:\/\/www.iso-institut.de\/en\/wp-json\/wp\/v2\/pages\/1560"}],"collection":[{"href":"https:\/\/www.iso-institut.de\/en\/wp-json\/wp\/v2\/pages"}],"about":[{"href":"https:\/\/www.iso-institut.de\/en\/wp-json\/wp\/v2\/types\/page"}],"author":[{"embeddable":true,"href":"https:\/\/www.iso-institut.de\/en\/wp-json\/wp\/v2\/users\/1"}],"replies":[{"embeddable":true,"href":"https:\/\/www.iso-institut.de\/en\/wp-json\/wp\/v2\/comments?post=1560"}],"version-history":[{"count":3,"href":"https:\/\/www.iso-institut.de\/en\/wp-json\/wp\/v2\/pages\/1560\/revisions"}],"predecessor-version":[{"id":10501,"href":"https:\/\/www.iso-institut.de\/en\/wp-json\/wp\/v2\/pages\/1560\/revisions\/10501"}],"wp:attachment":[{"href":"https:\/\/www.iso-institut.de\/en\/wp-json\/wp\/v2\/media?parent=1560"}],"curies":[{"name":"wp","href":"https:\/\/api.w.org\/{rel}","templated":true}]}}