{"id":1573,"date":"2018-10-23T15:05:02","date_gmt":"2018-10-23T13:05:02","guid":{"rendered":"https:\/\/www.iso-institut.de\/?page_id=1573"},"modified":"2021-09-23T12:31:18","modified_gmt":"2021-09-23T10:31:18","slug":"mitarbeiter-preuth","status":"publish","type":"page","link":"https:\/\/www.iso-institut.de\/en\/mitarbeiter-preuth\/","title":{"rendered":"Mitarbeiter Preuth"},"content":{"rendered":"<p>[et_pb_section fb_built=&#8220;1&#8243; inner_shadow=&#8220;on&#8220; fullwidth=&#8220;on&#8220; _builder_version=&#8220;3.22&#8243; background_color=&#8220;#2ea3f2&#8243; use_background_color_gradient=&#8220;on&#8220; background_color_gradient_start=&#8220;#2ea3f2&#8243; background_color_gradient_end=&#8220;#2e6df4&#8243; background_color_gradient_direction=&#8220;330deg&#8220; custom_margin=&#8220;-30px||-30px||true&#8220; custom_padding=&#8220;0|0px|0|0px|false|false&#8220; global_colors_info=&#8220;{}&#8220;][et_pb_fullwidth_header title=&#8220;Andreas Preuth&#8220; subhead=&#8220;Verwaltung &#8220; admin_label=&#8220;Vollbreite Kopfzeile Preuth&#8220; _builder_version=&#8220;3.16&#8243; custom_margin=&#8220;-40px||-40px||true&#8220; global_colors_info=&#8220;{}&#8220; button_one_text_size__hover_enabled=&#8220;off&#8220; button_one_text_size__hover=&#8220;null&#8220; button_two_text_size__hover_enabled=&#8220;off&#8220; button_two_text_size__hover=&#8220;null&#8220; button_one_text_color__hover_enabled=&#8220;off&#8220; button_one_text_color__hover=&#8220;null&#8220; button_two_text_color__hover_enabled=&#8220;off&#8220; button_two_text_color__hover=&#8220;null&#8220; button_one_border_width__hover_enabled=&#8220;off&#8220; button_one_border_width__hover=&#8220;null&#8220; button_two_border_width__hover_enabled=&#8220;off&#8220; button_two_border_width__hover=&#8220;null&#8220; button_one_border_color__hover_enabled=&#8220;off&#8220; button_one_border_color__hover=&#8220;null&#8220; button_two_border_color__hover_enabled=&#8220;off&#8220; button_two_border_color__hover=&#8220;null&#8220; button_one_border_radius__hover_enabled=&#8220;off&#8220; button_one_border_radius__hover=&#8220;null&#8220; button_two_border_radius__hover_enabled=&#8220;off&#8220; button_two_border_radius__hover=&#8220;null&#8220; button_one_letter_spacing__hover_enabled=&#8220;off&#8220; button_one_letter_spacing__hover=&#8220;null&#8220; button_two_letter_spacing__hover_enabled=&#8220;off&#8220; button_two_letter_spacing__hover=&#8220;null&#8220; button_one_bg_color__hover_enabled=&#8220;off&#8220; button_one_bg_color__hover=&#8220;null&#8220; button_two_bg_color__hover_enabled=&#8220;off&#8220; button_two_bg_color__hover=&#8220;null&#8220;]<br \/>\n[\/et_pb_fullwidth_header][\/et_pb_section][et_pb_section fb_built=&#8220;1&#8243; specialty=&#8220;on&#8220; _builder_version=&#8220;3.22&#8243; background_color=&#8220;#f2f3f5&#8243; global_colors_info=&#8220;{}&#8220;][et_pb_column type=&#8220;3_4&#8243; specialty_columns=&#8220;3&#8243; _builder_version=&#8220;3.25&#8243; custom_padding=&#8220;|||&#8220; global_colors_info=&#8220;{}&#8220; custom_padding__hover=&#8220;|||&#8220;][et_pb_row_inner admin_label=&#8220;Text &#038; Bild Preuth&#8220; _builder_version=&#8220;3.25&#8243; max_width=&#8220;89%&#8220; custom_padding=&#8220;29.6875px|0px|0|0px|false|false&#8220; global_colors_info=&#8220;{}&#8220; column_structure=&#8220;1_2,1_2&#8243;][et_pb_column_inner type=&#8220;1_2&#8243; saved_specialty_column_type=&#8220;3_4&#8243; _builder_version=&#8220;3.25&#8243; custom_padding=&#8220;|||&#8220; global_colors_info=&#8220;{}&#8220; custom_padding__hover=&#8220;|||&#8220;][et_pb_team_member name=&#8220;Andreas Preuth&#8220; position=&#8220;Diplom-Sozialwissenschaftler, Diplom-\u00d6konom&#8220; image_url=&#8220;https:\/\/www.iso-institut.de\/wp-content\/uploads\/2019\/07\/Preuth-Andreas.jpg&#8220; admin_label=&#8220;Person Preuth&#8220; _builder_version=&#8220;3.18.9&#8243; max_width=&#8220;61%&#8220; module_alignment=&#8220;left&#8220; global_colors_info=&#8220;{}&#8220;][\/et_pb_team_member][\/et_pb_column_inner][et_pb_column_inner type=&#8220;1_2&#8243; saved_specialty_column_type=&#8220;3_4&#8243; _builder_version=&#8220;3.25&#8243; custom_padding=&#8220;|||&#8220; global_colors_info=&#8220;{}&#8220; custom_padding__hover=&#8220;|||&#8220;][et_pb_text admin_label=&#8220;Daten Preuth&#8220; _builder_version=&#8220;4.10.8&#8243; text_text_color=&#8220;#213e64&#8243; header_text_color=&#8220;#213e64&#8243; background_size=&#8220;initial&#8220; background_position=&#8220;top_left&#8220; background_repeat=&#8220;repeat&#8220; hover_enabled=&#8220;0&#8243; inline_fonts=&#8220;Verdana&#8220; global_colors_info=&#8220;{}&#8220; sticky_enabled=&#8220;0&#8243;]<\/p>\n<h2><span style=\"font-size: medium; color: #213e64;\"><strong>Tel.: +49 (0) 681 9 54 24 \u2013 22<br \/>Fax: +49 (0) 681 9 54 24 \u2013 27<br \/>Email:<a href=\"mailto:preuth@iso-institut.de\"> preuth@iso-institut.de<\/a> <\/strong><\/span><\/h2>\n<p>[\/et_pb_text][\/et_pb_column_inner][\/et_pb_row_inner][et_pb_row_inner admin_label=&#8220;Zeile&#8220; _builder_version=&#8220;3.25&#8243; global_colors_info=&#8220;{}&#8220;][et_pb_column_inner saved_specialty_column_type=&#8220;3_4&#8243; _builder_version=&#8220;3.25&#8243; custom_padding=&#8220;|||&#8220; global_colors_info=&#8220;{}&#8220; custom_padding__hover=&#8220;|||&#8220;][et_pb_toggle title=&#8220;Arbeitsschwerpunkte&#8220; open=&#8220;on&#8220; closed_toggle_background_color=&#8220;#ffffff&#8220; icon_color=&#8220;#213e64&#8243; admin_label=&#8220;Arbeitsschwerpunkte&#8220; _builder_version=&#8220;3.15&#8243; title_text_color=&#8220;#213e64&#8243; title_font=&#8220;Nunito Sans|600|||||||&#8220; title_line_height=&#8220;1.3em&#8220; body_font=&#8220;Nunito Sans||||||||&#8220; body_text_color=&#8220;#213e64&#8243; body_font_size=&#8220;15px&#8220; custom_margin=&#8220;|||&#8220; custom_padding=&#8220;24px|24px|24px|24px&#8220; border_radii=&#8220;on|4px|4px|4px|4px&#8220; border_width_all=&#8220;0px&#8220; box_shadow_style=&#8220;preset3&#8243; box_shadow_color=&#8220;rgba(34,56,101,0.12)&#8220; use_border_color=&#8220;on&#8220; border_width=&#8220;0px&#8220; global_colors_info=&#8220;{}&#8220;]<\/p>\n<ul>\n<li>Finanzverwaltung<\/li>\n<\/ul>\n<p>[\/et_pb_toggle][et_pb_toggle title=&#8220;Ausbildung&#8220; closed_toggle_background_color=&#8220;#ffffff&#8220; icon_color=&#8220;#213e64&#8243; admin_label=&#8220;Ausbildung&#8220; _builder_version=&#8220;3.15&#8243; title_text_color=&#8220;#213e64&#8243; title_font=&#8220;Nunito Sans|600|||||||&#8220; title_line_height=&#8220;1.3em&#8220; body_font=&#8220;Nunito Sans||||||||&#8220; body_text_color=&#8220;#213e64&#8243; body_font_size=&#8220;15px&#8220; custom_margin=&#8220;|||&#8220; custom_padding=&#8220;24px|24px|24px|24px&#8220; border_radii=&#8220;on|4px|4px|4px|4px&#8220; border_width_all=&#8220;0px&#8220; box_shadow_style=&#8220;preset3&#8243; box_shadow_color=&#8220;rgba(34,56,101,0.12)&#8220; use_border_color=&#8220;on&#8220; border_width=&#8220;0px&#8220; global_colors_info=&#8220;{}&#8220;]<\/p>\n<ul>\n<li><span style=\"color: #213e64;\">Studium der Wirtschaftswissenschaften und Sozialwissenschaften an der Universit\u00e4t Oldenburg<\/span><\/li>\n<li><span style=\"color: #213e64;\">Abschl\u00fcsse: 1988 Diplom-Sozialwissenschaftler; 1989 Diplom-\u00d6konom <\/span><\/li>\n<\/ul>\n<p>[\/et_pb_toggle][et_pb_toggle title=&#8220;Berufst\u00e4tigkeit&#8220; closed_toggle_background_color=&#8220;#ffffff&#8220; icon_color=&#8220;#213e64&#8243; admin_label=&#8220;Berufst\u00e4tigkeit&#8220; _builder_version=&#8220;3.15&#8243; title_text_color=&#8220;#213e64&#8243; title_font=&#8220;Nunito Sans|600|||||||&#8220; title_line_height=&#8220;1.3em&#8220; body_font=&#8220;Nunito Sans||||||||&#8220; body_text_color=&#8220;#213e64&#8243; body_font_size=&#8220;15px&#8220; custom_margin=&#8220;|||&#8220; custom_padding=&#8220;24px|24px|24px|24px&#8220; border_radii=&#8220;on|4px|4px|4px|4px&#8220; border_width_all=&#8220;0px&#8220; box_shadow_style=&#8220;preset3&#8243; box_shadow_color=&#8220;rgba(34,56,101,0.12)&#8220; use_border_color=&#8220;on&#8220; border_width=&#8220;0px&#8220; global_colors_info=&#8220;{}&#8220;]<\/p>\n<ul>\n<li><span style=\"color: #213e64;\">Seit 2011 administrativer und wissenschaftlicher Mitarbeiter am Institut f\u00fcr Sozialforschung und Sozialwirtschaft e.V. (iso), Saarbr\u00fccken<\/span><\/li>\n<li><span style=\"color: #213e64;\">Von 1990 &#8211; 2011 leitender und ausf\u00fchrender Mitarbeiter in verschiedenen Bildungseinrichtungen im Saarland, in von der Agentur f\u00fcr Arbeit gef\u00f6rderten Ma\u00dfnahmen der beruflichen Aus-, Fort- und Weiterbildung mit Schwerpunkten in der Benachteiligtenf\u00f6rderung f\u00fcr Jugendliche (\u00fcberbetriebliche Ausbildung und ausbildungsbegleitende Hilfen) sowie der Erwachsenenbildung mit Schwerpunkten im Coaching, Training und der Vermittlung in Besch\u00e4ftigung.<\/span><\/li>\n<\/ul>\n<p>[\/et_pb_toggle][\/et_pb_column_inner][\/et_pb_row_inner][\/et_pb_column][et_pb_column type=&#8220;1_4&#8243; _builder_version=&#8220;3.25&#8243; custom_padding=&#8220;|||&#8220; global_colors_info=&#8220;{}&#8220; custom_padding__hover=&#8220;|||&#8220;][et_pb_sidebar orientation=&#8220;right&#8220; area=&#8220;cs-1&#8243; _builder_version=&#8220;3.18.9&#8243; global_colors_info=&#8220;{}&#8220;]<br \/>\n[\/et_pb_sidebar][\/et_pb_column][\/et_pb_section]<\/p>","protected":false},"excerpt":{"rendered":"<p>Tel.: +49 (0) 681 9 54 24 \u2013 22Fax: +49 (0) 681 9 54 24 \u2013 27E-Mail: preuth@iso-institut.de Finanzverwaltung Studium der Wirtschaftswissenschaften und Sozialwissenschaften an der Universit\u00e4t Oldenburg Abschl\u00fcsse: 1988 [&hellip;]<\/p>","protected":false},"author":1,"featured_media":0,"parent":0,"menu_order":0,"comment_status":"closed","ping_status":"closed","template":"","meta":{"_acf_changed":false,"_et_pb_use_builder":"on","_et_pb_old_content":"","_et_gb_content_width":"","footnotes":""},"class_list":["post-1573","page","type-page","status-publish","hentry"],"acf":[],"yoast_head":"<!-- This site is optimized with the Yoast SEO plugin v25.6 - https:\/\/yoast.com\/wordpress\/plugins\/seo\/ -->\n<title>Mitarbeiter Preuth - Institut f\u00fcr Sozialforschung und Sozialwirtschaft (iso)<\/title>\n<meta name=\"robots\" content=\"index, follow, max-snippet:-1, max-image-preview:large, max-video-preview:-1\" \/>\n<link rel=\"canonical\" href=\"https:\/\/www.iso-institut.de\/en\/mitarbeiter-preuth\/\" \/>\n<meta property=\"og:locale\" content=\"en_GB\" \/>\n<meta property=\"og:type\" content=\"article\" \/>\n<meta property=\"og:title\" content=\"Mitarbeiter Preuth - Institut f\u00fcr Sozialforschung und Sozialwirtschaft (iso)\" \/>\n<meta property=\"og:description\" content=\"Tel.: +49 (0) 681 9 54 24 \u2013 22Fax: +49 (0) 681 9 54 24 \u2013 27E-Mail: preuth@iso-institut.de Finanzverwaltung Studium der Wirtschaftswissenschaften und Sozialwissenschaften an der Universit\u00e4t Oldenburg Abschl\u00fcsse: 1988 [&hellip;]\" \/>\n<meta property=\"og:url\" content=\"https:\/\/www.iso-institut.de\/en\/mitarbeiter-preuth\/\" \/>\n<meta property=\"og:site_name\" content=\"Institut f\u00fcr Sozialforschung und Sozialwirtschaft (iso)\" \/>\n<meta property=\"article:publisher\" content=\"https:\/\/www.facebook.com\/isoInstitut\/\" \/>\n<meta property=\"article:modified_time\" content=\"2021-09-23T10:31:18+00:00\" \/>\n<meta name=\"twitter:card\" content=\"summary_large_image\" \/>\n<meta name=\"twitter:label1\" content=\"Estimated reading time\" \/>\n\t<meta name=\"twitter:data1\" content=\"4 minutes\" \/>\n<script type=\"application\/ld+json\" class=\"yoast-schema-graph\">{\"@context\":\"https:\/\/schema.org\",\"@graph\":[{\"@type\":\"WebPage\",\"@id\":\"https:\/\/www.iso-institut.de\/mitarbeiter-preuth\/\",\"url\":\"https:\/\/www.iso-institut.de\/mitarbeiter-preuth\/\",\"name\":\"Mitarbeiter Preuth - Institut f\u00fcr Sozialforschung und Sozialwirtschaft (iso)\",\"isPartOf\":{\"@id\":\"https:\/\/www.iso-institut.de\/#website\"},\"datePublished\":\"2018-10-23T13:05:02+00:00\",\"dateModified\":\"2021-09-23T10:31:18+00:00\",\"breadcrumb\":{\"@id\":\"https:\/\/www.iso-institut.de\/mitarbeiter-preuth\/#breadcrumb\"},\"inLanguage\":\"en-GB\",\"potentialAction\":[{\"@type\":\"ReadAction\",\"target\":[\"https:\/\/www.iso-institut.de\/mitarbeiter-preuth\/\"]}]},{\"@type\":\"BreadcrumbList\",\"@id\":\"https:\/\/www.iso-institut.de\/mitarbeiter-preuth\/#breadcrumb\",\"itemListElement\":[{\"@type\":\"ListItem\",\"position\":1,\"name\":\"Startseite\",\"item\":\"https:\/\/www.iso-institut.de\/\"},{\"@type\":\"ListItem\",\"position\":2,\"name\":\"Mitarbeiter Preuth\"}]},{\"@type\":\"WebSite\",\"@id\":\"https:\/\/www.iso-institut.de\/#website\",\"url\":\"https:\/\/www.iso-institut.de\/\",\"name\":\"Institut f\u00fcr Sozialforschung und Sozialwirtschaft (iso)\",\"description\":\"Die gr\u00f6\u00dfte selbst\u00e4ndige und unabh\u00e4ngige sozialwissenschaftliche Forschungseinrichtung im S\u00fcdwesten Deutschlands\",\"potentialAction\":[{\"@type\":\"SearchAction\",\"target\":{\"@type\":\"EntryPoint\",\"urlTemplate\":\"https:\/\/www.iso-institut.de\/?s={search_term_string}\"},\"query-input\":{\"@type\":\"PropertyValueSpecification\",\"valueRequired\":true,\"valueName\":\"search_term_string\"}}],\"inLanguage\":\"en-GB\"}]}<\/script>\n<!-- \/ Yoast SEO plugin. -->","yoast_head_json":{"title":"Mitarbeiter Preuth - Institut f\u00fcr Sozialforschung und Sozialwirtschaft (iso)","robots":{"index":"index","follow":"follow","max-snippet":"max-snippet:-1","max-image-preview":"max-image-preview:large","max-video-preview":"max-video-preview:-1"},"canonical":"https:\/\/www.iso-institut.de\/en\/mitarbeiter-preuth\/","og_locale":"en_GB","og_type":"article","og_title":"Mitarbeiter Preuth - Institut f\u00fcr Sozialforschung und Sozialwirtschaft (iso)","og_description":"Tel.: +49 (0) 681 9 54 24 \u2013 22Fax: +49 (0) 681 9 54 24 \u2013 27E-Mail: preuth@iso-institut.de Finanzverwaltung Studium der Wirtschaftswissenschaften und Sozialwissenschaften an der Universit\u00e4t Oldenburg Abschl\u00fcsse: 1988 [&hellip;]","og_url":"https:\/\/www.iso-institut.de\/en\/mitarbeiter-preuth\/","og_site_name":"Institut f\u00fcr Sozialforschung und Sozialwirtschaft (iso)","article_publisher":"https:\/\/www.facebook.com\/isoInstitut\/","article_modified_time":"2021-09-23T10:31:18+00:00","twitter_card":"summary_large_image","twitter_misc":{"Estimated reading time":"4 minutes"},"schema":{"@context":"https:\/\/schema.org","@graph":[{"@type":"WebPage","@id":"https:\/\/www.iso-institut.de\/mitarbeiter-preuth\/","url":"https:\/\/www.iso-institut.de\/mitarbeiter-preuth\/","name":"Mitarbeiter Preuth - Institut f\u00fcr Sozialforschung und Sozialwirtschaft (iso)","isPartOf":{"@id":"https:\/\/www.iso-institut.de\/#website"},"datePublished":"2018-10-23T13:05:02+00:00","dateModified":"2021-09-23T10:31:18+00:00","breadcrumb":{"@id":"https:\/\/www.iso-institut.de\/mitarbeiter-preuth\/#breadcrumb"},"inLanguage":"en-GB","potentialAction":[{"@type":"ReadAction","target":["https:\/\/www.iso-institut.de\/mitarbeiter-preuth\/"]}]},{"@type":"BreadcrumbList","@id":"https:\/\/www.iso-institut.de\/mitarbeiter-preuth\/#breadcrumb","itemListElement":[{"@type":"ListItem","position":1,"name":"Startseite","item":"https:\/\/www.iso-institut.de\/"},{"@type":"ListItem","position":2,"name":"Mitarbeiter Preuth"}]},{"@type":"WebSite","@id":"https:\/\/www.iso-institut.de\/#website","url":"https:\/\/www.iso-institut.de\/","name":"Institut f\u00fcr Sozialforschung und Sozialwirtschaft (iso)","description":"Die gr\u00f6\u00dfte selbst\u00e4ndige und unabh\u00e4ngige sozialwissenschaftliche Forschungseinrichtung im S\u00fcdwesten Deutschlands","potentialAction":[{"@type":"SearchAction","target":{"@type":"EntryPoint","urlTemplate":"https:\/\/www.iso-institut.de\/?s={search_term_string}"},"query-input":{"@type":"PropertyValueSpecification","valueRequired":true,"valueName":"search_term_string"}}],"inLanguage":"en-GB"}]}},"_links":{"self":[{"href":"https:\/\/www.iso-institut.de\/en\/wp-json\/wp\/v2\/pages\/1573"}],"collection":[{"href":"https:\/\/www.iso-institut.de\/en\/wp-json\/wp\/v2\/pages"}],"about":[{"href":"https:\/\/www.iso-institut.de\/en\/wp-json\/wp\/v2\/types\/page"}],"author":[{"embeddable":true,"href":"https:\/\/www.iso-institut.de\/en\/wp-json\/wp\/v2\/users\/1"}],"replies":[{"embeddable":true,"href":"https:\/\/www.iso-institut.de\/en\/wp-json\/wp\/v2\/comments?post=1573"}],"version-history":[{"count":3,"href":"https:\/\/www.iso-institut.de\/en\/wp-json\/wp\/v2\/pages\/1573\/revisions"}],"predecessor-version":[{"id":10503,"href":"https:\/\/www.iso-institut.de\/en\/wp-json\/wp\/v2\/pages\/1573\/revisions\/10503"}],"wp:attachment":[{"href":"https:\/\/www.iso-institut.de\/en\/wp-json\/wp\/v2\/media?parent=1573"}],"curies":[{"name":"wp","href":"https:\/\/api.w.org\/{rel}","templated":true}]}}