{"id":2591,"date":"2018-10-31T16:01:26","date_gmt":"2018-10-31T15:01:26","guid":{"rendered":"https:\/\/www.iso-institut.de\/?page_id=2591"},"modified":"2018-10-31T16:10:14","modified_gmt":"2018-10-31T15:10:14","slug":"veroeffentlichung_wonach-haperts","status":"publish","type":"page","link":"https:\/\/www.iso-institut.de\/en\/veroeffentlichung_wonach-haperts\/","title":{"rendered":"Ver\u00f6ffentlichung &#8211; Woran hapert\u00b4s bei der betrieblichen Gesundheitsf\u00f6rderung?"},"content":{"rendered":"<p>[et_pb_section fb_built=&#8220;1&#8243; inner_shadow=&#8220;on&#8220; fullwidth=&#8220;on&#8220; _builder_version=&#8220;3.15&#8243; background_color=&#8220;#2ea3f2&#8243; use_background_color_gradient=&#8220;on&#8220; background_color_gradient_start=&#8220;#2ea3f2&#8243; background_color_gradient_end=&#8220;#2e6df4&#8243; background_color_gradient_direction=&#8220;330deg&#8220;][et_pb_fullwidth_header title=&#8220;Ver\u00f6ffentlichungen&#8220; subhead=&#8220;des iso-Instituts&#8220; admin_label=&#8220;Vollbreite Kopfzeile Ver\u00f6ffentlichungen&#8220; _builder_version=&#8220;3.15&#8243; background_color=&#8220;#213e64&#8243; custom_margin=&#8220;-40px||-40px||true&#8220;][\/et_pb_fullwidth_header][\/et_pb_section][et_pb_section fb_built=&#8220;1&#8243; specialty=&#8220;on&#8220; _builder_version=&#8220;3.15&#8243;][et_pb_column type=&#8220;3_4&#8243; specialty_columns=&#8220;3&#8243; _builder_version=&#8220;3.0.47&#8243; parallax=&#8220;off&#8220; parallax_method=&#8220;on&#8220;][et_pb_row_inner custom_padding=&#8220;0|0px|29.6875px|0px|false|false&#8220; _builder_version=&#8220;3.15&#8243;][et_pb_column_inner type=&#8220;4_4&#8243; saved_specialty_column_type=&#8220;3_4&#8243; _builder_version=&#8220;3.0.47&#8243; parallax=&#8220;off&#8220; parallax_method=&#8220;on&#8220;][et_pb_blurb use_icon=&#8220;on&#8220; font_icon=&#8220;%%75%%&#8220; icon_color=&#8220;#213e64&#8243; icon_placement=&#8220;left&#8220; content_max_width=&#8220;1100px&#8220; use_icon_font_size=&#8220;on&#8220; icon_font_size=&#8220;26px&#8220; admin_label=&#8220;Liste Ver\u00f6ffentlichung Woran hapert\u00b4s bei der betrieblichen Gesundheitsf\u00f6rerung?&#8220; _builder_version=&#8220;3.15&#8243; header_font=&#8220;Verdana|||on|||||&#8220; header_font_size=&#8220;14px&#8220; header_letter_spacing=&#8220;1px&#8220; header_line_height=&#8220;1.6em&#8220; body_text_color=&#8220;#abb7c4&#8243; body_line_height=&#8220;2em&#8220; background_color=&#8220;#f2f3f5&#8243; text_orientation=&#8220;center&#8220; custom_margin=&#8220;6px||6px||true&#8220; animation_direction=&#8220;left&#8220; animation=&#8220;off&#8220; saved_tabs=&#8220;all&#8220;]<span style=\"color: #213e64;\">09\/2018 &#8211; <a style=\"color: #213e64;\" href=\"https:\/\/www.iso-institut.de\/en\/mitarbeiter-hielscher\/\">Hielscher, Volker<\/a>; <a style=\"color: #213e64;\" href=\"https:\/\/www.iso-institut.de\/en\/mitarbeiter-kirchen-peters\/\">Kirchen-Peters<\/a>, Sabine: <strong>Woran hapert\u00b4s bei der betrieblichen Gesundheitsf\u00f6rderung?<\/strong> In: Management &amp; Krankenhaus, Nr. 9\/2018, S. 6.\u00a0 \u00a0<\/span><br \/>\n[\/et_pb_blurb][\/et_pb_column_inner][\/et_pb_row_inner][\/et_pb_column][et_pb_column type=&#8220;1_4&#8243; _builder_version=&#8220;3.0.47&#8243; parallax=&#8220;off&#8220; parallax_method=&#8220;on&#8220;][\/et_pb_column][\/et_pb_section][et_pb_section fb_built=&#8220;1&#8243; _builder_version=&#8220;3.0.47&#8243; custom_padding=&#8220;0|0px|54px|0px|false|false&#8220;][et_pb_row _builder_version=&#8220;3.0.48&#8243; background_size=&#8220;initial&#8220; background_position=&#8220;top_left&#8220; background_repeat=&#8220;repeat&#8220;][et_pb_column type=&#8220;4_4&#8243; _builder_version=&#8220;3.0.47&#8243; parallax=&#8220;off&#8220; parallax_method=&#8220;on&#8220;][et_pb_image src=&#8220;https:\/\/www.iso-institut.de\/wp-content\/uploads\/2018\/10\/Veroeffentlichung_Wonach_Hapers.jpg&#8220; show_in_lightbox=&#8220;on&#8220; admin_label=&#8220;Bild Ver\u00f6ffentlichung Wonach hapers?&#8220; _builder_version=&#8220;3.15&#8243;][\/et_pb_image][\/et_pb_column][\/et_pb_row][\/et_pb_section]<\/p>","protected":false},"excerpt":{"rendered":"<p>09\/2018 &#8211; Hielscher, Volker; Kirchen-Peters, Sabine: Woran hapert\u00b4s bei der betrieblichen Gesundheitsf\u00f6rderung? In: Management &amp; Krankenhaus, Nr. 9\/2018, S. 6.\u00a0 \u00a0<\/p>","protected":false},"author":1,"featured_media":0,"parent":0,"menu_order":0,"comment_status":"closed","ping_status":"closed","template":"","meta":{"_acf_changed":false,"_et_pb_use_builder":"on","_et_pb_old_content":"","_et_gb_content_width":"","footnotes":""},"class_list":["post-2591","page","type-page","status-publish","hentry"],"acf":[],"yoast_head":"<!-- This site is optimized with the Yoast SEO plugin v25.6 - https:\/\/yoast.com\/wordpress\/plugins\/seo\/ -->\n<title>Ver\u00f6ffentlichung - Woran hapert\u00b4s bei der betrieblichen Gesundheitsf\u00f6rderung? - Institut f\u00fcr Sozialforschung und Sozialwirtschaft (iso)<\/title>\n<meta name=\"robots\" content=\"index, follow, max-snippet:-1, max-image-preview:large, max-video-preview:-1\" \/>\n<link rel=\"canonical\" href=\"http:\/\/www.iso-institut.de\/en\/veroeffentlichung_wonach-haperts\/\" \/>\n<meta property=\"og:locale\" content=\"en_GB\" \/>\n<meta property=\"og:type\" content=\"article\" \/>\n<meta property=\"og:title\" content=\"Ver\u00f6ffentlichung - Woran hapert\u00b4s bei der betrieblichen Gesundheitsf\u00f6rderung? - Institut f\u00fcr Sozialforschung und Sozialwirtschaft (iso)\" \/>\n<meta property=\"og:description\" content=\"09\/2018 - Hielscher, Volker; Kirchen-Peters, Sabine: Woran hapert\u00b4s bei der betrieblichen Gesundheitsf\u00f6rderung? In: Management &amp; Krankenhaus, Nr. 9\/2018, S. 6.\u00a0 \u00a0\" \/>\n<meta property=\"og:url\" content=\"http:\/\/www.iso-institut.de\/en\/veroeffentlichung_wonach-haperts\/\" \/>\n<meta property=\"og:site_name\" content=\"Institut f\u00fcr Sozialforschung und Sozialwirtschaft (iso)\" \/>\n<meta property=\"article:publisher\" content=\"https:\/\/www.facebook.com\/isoInstitut\/\" \/>\n<meta property=\"article:modified_time\" content=\"2018-10-31T15:10:14+00:00\" \/>\n<meta name=\"twitter:card\" content=\"summary_large_image\" \/>\n<meta name=\"twitter:label1\" content=\"Estimated reading time\" \/>\n\t<meta name=\"twitter:data1\" content=\"2 minutes\" \/>\n<script type=\"application\/ld+json\" class=\"yoast-schema-graph\">{\"@context\":\"https:\/\/schema.org\",\"@graph\":[{\"@type\":\"WebPage\",\"@id\":\"http:\/\/www.iso-institut.de\/en\/veroeffentlichung_wonach-haperts\/\",\"url\":\"http:\/\/www.iso-institut.de\/en\/veroeffentlichung_wonach-haperts\/\",\"name\":\"Ver\u00f6ffentlichung - Woran hapert\u00b4s bei der betrieblichen Gesundheitsf\u00f6rderung? - Institut f\u00fcr Sozialforschung und Sozialwirtschaft (iso)\",\"isPartOf\":{\"@id\":\"https:\/\/www.iso-institut.de\/#website\"},\"datePublished\":\"2018-10-31T15:01:26+00:00\",\"dateModified\":\"2018-10-31T15:10:14+00:00\",\"breadcrumb\":{\"@id\":\"http:\/\/www.iso-institut.de\/en\/veroeffentlichung_wonach-haperts\/#breadcrumb\"},\"inLanguage\":\"en-GB\",\"potentialAction\":[{\"@type\":\"ReadAction\",\"target\":[\"http:\/\/www.iso-institut.de\/en\/veroeffentlichung_wonach-haperts\/\"]}]},{\"@type\":\"BreadcrumbList\",\"@id\":\"http:\/\/www.iso-institut.de\/en\/veroeffentlichung_wonach-haperts\/#breadcrumb\",\"itemListElement\":[{\"@type\":\"ListItem\",\"position\":1,\"name\":\"Startseite\",\"item\":\"https:\/\/www.iso-institut.de\/\"},{\"@type\":\"ListItem\",\"position\":2,\"name\":\"Ver\u00f6ffentlichung &#8211; Woran hapert\u00b4s bei der betrieblichen Gesundheitsf\u00f6rderung?\"}]},{\"@type\":\"WebSite\",\"@id\":\"https:\/\/www.iso-institut.de\/#website\",\"url\":\"https:\/\/www.iso-institut.de\/\",\"name\":\"Institut f\u00fcr Sozialforschung und Sozialwirtschaft (iso)\",\"description\":\"Die gr\u00f6\u00dfte selbst\u00e4ndige und unabh\u00e4ngige sozialwissenschaftliche Forschungseinrichtung im S\u00fcdwesten Deutschlands\",\"potentialAction\":[{\"@type\":\"SearchAction\",\"target\":{\"@type\":\"EntryPoint\",\"urlTemplate\":\"https:\/\/www.iso-institut.de\/?s={search_term_string}\"},\"query-input\":{\"@type\":\"PropertyValueSpecification\",\"valueRequired\":true,\"valueName\":\"search_term_string\"}}],\"inLanguage\":\"en-GB\"}]}<\/script>\n<!-- \/ Yoast SEO plugin. -->","yoast_head_json":{"title":"Ver\u00f6ffentlichung - Woran hapert\u00b4s bei der betrieblichen Gesundheitsf\u00f6rderung? - Institut f\u00fcr Sozialforschung und Sozialwirtschaft (iso)","robots":{"index":"index","follow":"follow","max-snippet":"max-snippet:-1","max-image-preview":"max-image-preview:large","max-video-preview":"max-video-preview:-1"},"canonical":"http:\/\/www.iso-institut.de\/en\/veroeffentlichung_wonach-haperts\/","og_locale":"en_GB","og_type":"article","og_title":"Ver\u00f6ffentlichung - Woran hapert\u00b4s bei der betrieblichen Gesundheitsf\u00f6rderung? - Institut f\u00fcr Sozialforschung und Sozialwirtschaft (iso)","og_description":"09\/2018 - Hielscher, Volker; Kirchen-Peters, Sabine: Woran hapert\u00b4s bei der betrieblichen Gesundheitsf\u00f6rderung? In: Management &amp; Krankenhaus, Nr. 9\/2018, S. 6.\u00a0 \u00a0","og_url":"http:\/\/www.iso-institut.de\/en\/veroeffentlichung_wonach-haperts\/","og_site_name":"Institut f\u00fcr Sozialforschung und Sozialwirtschaft (iso)","article_publisher":"https:\/\/www.facebook.com\/isoInstitut\/","article_modified_time":"2018-10-31T15:10:14+00:00","twitter_card":"summary_large_image","twitter_misc":{"Estimated reading time":"2 minutes"},"schema":{"@context":"https:\/\/schema.org","@graph":[{"@type":"WebPage","@id":"http:\/\/www.iso-institut.de\/en\/veroeffentlichung_wonach-haperts\/","url":"http:\/\/www.iso-institut.de\/en\/veroeffentlichung_wonach-haperts\/","name":"Ver\u00f6ffentlichung - Woran hapert\u00b4s bei der betrieblichen Gesundheitsf\u00f6rderung? - Institut f\u00fcr Sozialforschung und Sozialwirtschaft (iso)","isPartOf":{"@id":"https:\/\/www.iso-institut.de\/#website"},"datePublished":"2018-10-31T15:01:26+00:00","dateModified":"2018-10-31T15:10:14+00:00","breadcrumb":{"@id":"http:\/\/www.iso-institut.de\/en\/veroeffentlichung_wonach-haperts\/#breadcrumb"},"inLanguage":"en-GB","potentialAction":[{"@type":"ReadAction","target":["http:\/\/www.iso-institut.de\/en\/veroeffentlichung_wonach-haperts\/"]}]},{"@type":"BreadcrumbList","@id":"http:\/\/www.iso-institut.de\/en\/veroeffentlichung_wonach-haperts\/#breadcrumb","itemListElement":[{"@type":"ListItem","position":1,"name":"Startseite","item":"https:\/\/www.iso-institut.de\/"},{"@type":"ListItem","position":2,"name":"Ver\u00f6ffentlichung &#8211; Woran hapert\u00b4s bei der betrieblichen Gesundheitsf\u00f6rderung?"}]},{"@type":"WebSite","@id":"https:\/\/www.iso-institut.de\/#website","url":"https:\/\/www.iso-institut.de\/","name":"Institut f\u00fcr Sozialforschung und Sozialwirtschaft (iso)","description":"Die gr\u00f6\u00dfte selbst\u00e4ndige und unabh\u00e4ngige sozialwissenschaftliche Forschungseinrichtung im S\u00fcdwesten Deutschlands","potentialAction":[{"@type":"SearchAction","target":{"@type":"EntryPoint","urlTemplate":"https:\/\/www.iso-institut.de\/?s={search_term_string}"},"query-input":{"@type":"PropertyValueSpecification","valueRequired":true,"valueName":"search_term_string"}}],"inLanguage":"en-GB"}]}},"_links":{"self":[{"href":"https:\/\/www.iso-institut.de\/en\/wp-json\/wp\/v2\/pages\/2591"}],"collection":[{"href":"https:\/\/www.iso-institut.de\/en\/wp-json\/wp\/v2\/pages"}],"about":[{"href":"https:\/\/www.iso-institut.de\/en\/wp-json\/wp\/v2\/types\/page"}],"author":[{"embeddable":true,"href":"https:\/\/www.iso-institut.de\/en\/wp-json\/wp\/v2\/users\/1"}],"replies":[{"embeddable":true,"href":"https:\/\/www.iso-institut.de\/en\/wp-json\/wp\/v2\/comments?post=2591"}],"version-history":[{"count":3,"href":"https:\/\/www.iso-institut.de\/en\/wp-json\/wp\/v2\/pages\/2591\/revisions"}],"predecessor-version":[{"id":2597,"href":"https:\/\/www.iso-institut.de\/en\/wp-json\/wp\/v2\/pages\/2591\/revisions\/2597"}],"wp:attachment":[{"href":"https:\/\/www.iso-institut.de\/en\/wp-json\/wp\/v2\/media?parent=2591"}],"curies":[{"name":"wp","href":"https:\/\/api.w.org\/{rel}","templated":true}]}}