{"id":2670,"date":"2018-11-05T14:10:42","date_gmt":"2018-11-05T13:10:42","guid":{"rendered":"https:\/\/www.iso-institut.de\/?page_id=2670"},"modified":"2024-05-15T15:58:26","modified_gmt":"2024-05-15T13:58:26","slug":"iso-reports","status":"publish","type":"page","link":"https:\/\/www.iso-institut.de\/en\/iso-reports\/","title":{"rendered":"iso-Reports"},"content":{"rendered":"<p>[et_pb_section fb_built=&#8220;1&#8243; inner_shadow=&#8220;on&#8220; fullwidth=&#8220;on&#8220; _builder_version=&#8220;4.16&#8243; background_color=&#8220;#2ea3f2&#8243; use_background_color_gradient=&#8220;on&#8220; background_color_gradient_direction=&#8220;330deg&#8220; background_color_gradient_stops=&#8220;#2ea3f2 0%|#2e6df4 100%&#8220; background_color_gradient_start=&#8220;#2ea3f2&#8243; background_color_gradient_end=&#8220;#2e6df4&#8243; global_colors_info=&#8220;{}&#8220;][et_pb_fullwidth_header title=&#8220;iso-Reports&#8220; subhead=&#8220;Platzhalter&#8220; admin_label=&#8220;Vollbreite Kopfzeile &#8211; iso-Reports&#8220; _builder_version=&#8220;4.16&#8243; subhead_font=&#8220;||||||||&#8220; subhead_text_color=&#8220;#213e64&#8243; custom_margin=&#8220;-40px||40px||false&#8220; custom_padding=&#8220;45px||14px|&#8220; global_colors_info=&#8220;{}&#8220; button_one_text_size__hover_enabled=&#8220;off&#8220; button_two_text_size__hover_enabled=&#8220;off&#8220; button_one_text_color__hover_enabled=&#8220;off&#8220; button_two_text_color__hover_enabled=&#8220;off&#8220; button_one_border_width__hover_enabled=&#8220;off&#8220; button_two_border_width__hover_enabled=&#8220;off&#8220; button_one_border_color__hover_enabled=&#8220;off&#8220; button_two_border_color__hover_enabled=&#8220;off&#8220; button_one_border_radius__hover_enabled=&#8220;off&#8220; button_two_border_radius__hover_enabled=&#8220;off&#8220; button_one_letter_spacing__hover_enabled=&#8220;off&#8220; button_two_letter_spacing__hover_enabled=&#8220;off&#8220; button_one_bg_color__hover_enabled=&#8220;off&#8220; button_two_bg_color__hover_enabled=&#8220;off&#8220;]<br \/>\n[\/et_pb_fullwidth_header][\/et_pb_section][et_pb_section fb_built=&#8220;1&#8243; specialty=&#8220;on&#8220; _builder_version=&#8220;4.16&#8243; custom_padding=&#8220;12px|0px|54px|0px|false|false&#8220; global_colors_info=&#8220;{}&#8220;][et_pb_column type=&#8220;3_4&#8243; specialty_columns=&#8220;3&#8243; _builder_version=&#8220;4.16&#8243; custom_padding=&#8220;|||&#8220; global_colors_info=&#8220;{}&#8220; parallax__hover=&#8220;off&#8220; parallax_method__hover=&#8220;on&#8220; custom_padding__hover=&#8220;|||&#8220;][et_pb_row_inner _builder_version=&#8220;4.16&#8243; custom_padding=&#8220;0|0px|29.6875px|0px|false|false&#8220; global_colors_info=&#8220;{}&#8220;][et_pb_column_inner saved_specialty_column_type=&#8220;3_4&#8243; _builder_version=&#8220;4.16&#8243; custom_padding=&#8220;|||&#8220; global_colors_info=&#8220;{}&#8220; parallax__hover=&#8220;off&#8220; parallax_method__hover=&#8220;on&#8220; custom_padding__hover=&#8220;|||&#8220;][et_pb_image src=&#8220;https:\/\/www.iso-institut.de\/wp-content\/uploads\/2018\/12\/hp-iso-reports-breit.jpg&#8220; force_fullwidth=&#8220;on&#8220; align_tablet=&#8220;center&#8220; align_phone=&#8220;&#8220; align_last_edited=&#8220;on|desktop&#8220; _builder_version=&#8220;4.16&#8243; custom_margin=&#8220;||65px&#8220; border_width_all=&#8220;1px&#8220; border_color_all=&#8220;#f2f2f2&#8243; global_colors_info=&#8220;{}&#8220;]<\/p>\n<p>&nbsp;<\/p>\n<p>[\/et_pb_image][et_pb_blurb url_new_window=&#8220;on&#8220; use_icon=&#8220;on&#8220; font_icon=&#8220;&#xe086;||divi||400&#8243; icon_placement=&#8220;left&#8220; image_icon_width=&#8220;26px&#8220; content_max_width=&#8220;1100px&#8220; admin_label=&#8220;Liste &#8211; iso-Report Nr.8&#8243; _builder_version=&#8220;4.25.1&#8243; header_font=&#8220;Verdana|||on|||||&#8220; header_font_size=&#8220;14px&#8220; header_letter_spacing=&#8220;1px&#8220; header_line_height=&#8220;1.6em&#8220; body_text_color=&#8220;#abb7c4&#8243; body_line_height=&#8220;2em&#8220; background_color=&#8220;#f2f3f5&#8243; text_orientation=&#8220;center&#8220; custom_margin=&#8220;6px||6px||true&#8220; animation_direction=&#8220;left&#8220; animation=&#8220;off&#8220; hover_enabled=&#8220;0&#8243; icon_font_size=&#8220;26px&#8220; saved_tabs=&#8220;all&#8220; global_colors_info=&#8220;{}&#8220; sticky_enabled=&#8220;0&#8243;]<\/p>\n<p><span style=\"color: #213e64;\"><span style=\"font-family: Verdana;\"><strong>iso-Report Nr. 8<\/strong>\u00a0&#8211;<\/span> Kirchen-Peters, Sabine; Stausberg, J\u00fcrgen; Bauer, Judith; Lucas, Frederik; Schwarz, Kathleen; Wacht, Ingrid (2024): Mit Technik l\u00e4nger zu Hause wohnen. Ergebnisse zur Evaluation der Systemakzeptanz im Projekt KI@Home. iso-Report Nr. 8: Berichte aus Forschung und Praxis. Saarbr\u00fccken: Institut f\u00fcr Sozialforschung und Sozialwirtschaft (iso-Institut). <strong>[<a href=\"https:\/\/www.iso-institut.de\/wp-content\/uploads\/Final_Endbericht-KI@Home_20240123.pdf\">Download<\/a>]<\/strong><\/span><\/p>\n<p>[\/et_pb_blurb][et_pb_blurb url_new_window=&#8220;on&#8220; use_icon=&#8220;on&#8220; font_icon=&#8220;&#xe086;||divi||400&#8243; icon_placement=&#8220;left&#8220; image_icon_width=&#8220;26px&#8220; content_max_width=&#8220;1100px&#8220; admin_label=&#8220;Liste &#8211; iso-Report Nr.7&#8243; _builder_version=&#8220;4.21.0&#8243; header_font=&#8220;Verdana|||on|||||&#8220; header_font_size=&#8220;14px&#8220; header_letter_spacing=&#8220;1px&#8220; header_line_height=&#8220;1.6em&#8220; body_text_color=&#8220;#abb7c4&#8243; body_line_height=&#8220;2em&#8220; background_color=&#8220;#f2f3f5&#8243; text_orientation=&#8220;center&#8220; custom_margin=&#8220;6px||6px||true&#8220; animation_direction=&#8220;left&#8220; animation=&#8220;off&#8220; icon_font_size=&#8220;26px&#8220; saved_tabs=&#8220;all&#8220; global_colors_info=&#8220;{}&#8220;]<\/p>\n<p><span style=\"color: #213e64;\"><span style=\"font-family: Verdana;\"><strong>iso-Report Nr. 7<\/strong> &#8211;<\/span> Hielscher, Volker; R\u00f6\u00dfler, Jana (Hrsg.) (2023): Versorgung. Interaktiv. Gestalten. Gute Interaktionsarbeit in digital unterst\u00fctzten Versorgungsprozessen. Ergebnisse des Modellprojekts ProDigA. iso-Report Nr. 7: Berichte aus Forschung und Praxis. Saarbr\u00fccken: Institut f\u00fcr Sozialforschung und Sozialwirtschaft (iso-Institut). <strong>[<a style=\"color: #213e64;\" href=\"https:\/\/www.iso-institut.de\/wp-content\/uploads\/ProDigA_Gute-Interaktionsarbeit-in-digital-unterstuetzten-Versorgungsprozessen_05-2023.pdf\" target=\"_blank\" rel=\"noopener\">Download<\/a>]<\/strong><\/span><\/p>\n<p>[\/et_pb_blurb][et_pb_blurb url_new_window=&#8220;on&#8220; use_icon=&#8220;on&#8220; font_icon=&#8220;&#xe086;||divi||400&#8243; icon_placement=&#8220;left&#8220; image_icon_width=&#8220;26px&#8220; content_max_width=&#8220;1100px&#8220; admin_label=&#8220;Liste &#8211; iso-Report Nr. 6&#8243; _builder_version=&#8220;4.16&#8243; header_font=&#8220;Verdana|||on|||||&#8220; header_font_size=&#8220;14px&#8220; header_letter_spacing=&#8220;1px&#8220; header_line_height=&#8220;1.6em&#8220; body_text_color=&#8220;#abb7c4&#8243; body_line_height=&#8220;2em&#8220; background_color=&#8220;#f2f3f5&#8243; text_orientation=&#8220;center&#8220; custom_margin=&#8220;6px||6px||true&#8220; animation_direction=&#8220;left&#8220; animation=&#8220;off&#8220; icon_font_size=&#8220;26px&#8220; saved_tabs=&#8220;all&#8220; global_colors_info=&#8220;{}&#8220;]<\/p>\n<p><span style=\"color: #213e64;\"><span style=\"font-family: Verdana;\"><strong>iso-Report No 6<\/strong> &#8211;<\/span> Kirchen-Peters, Sabine; Krupp, Elisabeth unter der Mitarbeit von Becker, Maximilian (2021): Kulturwandel im Umgang mit Menschen mit Demenz. <\/span><span style=\"color: #213e64;\">Evaluationsergebnisse aus dem Porticus-Programm zur Verbesserung des Lebens von Menschen mit Demenz. <strong>[<a style=\"color: #213e64;\" href=\"https:\/\/www.iso-institut.de\/wp-content\/uploads\/Iso_Report_6_-12-4-2021-final.pdf\" target=\"_blank\" rel=\"noopener\">Download<\/a>]<\/strong><\/span><\/p>\n<p><span style=\"color: #213e64;\"><span style=\"font-family: Verdana;\">\u00a0<\/span><\/span><\/p>\n<p>[\/et_pb_blurb][et_pb_blurb url_new_window=&#8220;on&#8220; use_icon=&#8220;on&#8220; font_icon=&#8220;&#xe086;||divi||400&#8243; icon_placement=&#8220;left&#8220; image_icon_width=&#8220;26px&#8220; content_max_width=&#8220;1100px&#8220; admin_label=&#8220;Liste &#8211; iso-Report Nr. 5&#8243; _builder_version=&#8220;4.16&#8243; header_font=&#8220;Verdana|||on|||||&#8220; header_font_size=&#8220;14px&#8220; header_letter_spacing=&#8220;1px&#8220; header_line_height=&#8220;1.6em&#8220; body_text_color=&#8220;#abb7c4&#8243; body_line_height=&#8220;2em&#8220; background_color=&#8220;#f2f3f5&#8243; text_orientation=&#8220;center&#8220; custom_margin=&#8220;6px||6px||true&#8220; animation_direction=&#8220;left&#8220; animation=&#8220;off&#8220; icon_font_size=&#8220;26px&#8220; saved_tabs=&#8220;all&#8220; global_colors_info=&#8220;{}&#8220;]<\/p>\n<p><span style=\"color: #213e64;\"><span style=\"font-family: Verdana;\"><span style=\"color: #213e64;\"><strong>iso-Report Nr. 5<\/strong><\/span> &#8211; Fendi, Shilan; Hielscher, Volker; R\u00f6\u00dfler, Jana (2020): Handlungsbedarfe und Kriterien f\u00fcr eine migrationssensible Pflegeausbildung. Ausarbeitung im Rahmen des vom Bundesministerium f\u00fcr Gesundheit gef\u00f6rderten Modellprojektes \u201eIntegration von Menschen mit Flucht- und bzw. Migrationshintergrund in Gesundheitsberufe\u201c (INGE), 2020. <span style=\"color: #213e64;\"><strong>[<a style=\"color: #213e64;\" href=\"https:\/\/www.iso-institut.de\/wp-content\/uploads\/iso-Report_5_Handlungsbedarfe-und-Kriterien-fuer-eine-migrationssensible-Pflegeausbildung.pdf\" target=\"_blank\" rel=\"noopener\">Download<\/a>]<\/strong><\/span><br \/><\/span><\/span><\/p>\n<p>[\/et_pb_blurb][et_pb_blurb url_new_window=&#8220;on&#8220; use_icon=&#8220;on&#8220; font_icon=&#8220;&#xe086;||divi||400&#8243; icon_placement=&#8220;left&#8220; image_icon_width=&#8220;26px&#8220; content_max_width=&#8220;1100px&#8220; admin_label=&#8220;Liste &#8211; iso-Report Nr. 4&#8243; _builder_version=&#8220;4.16&#8243; header_font=&#8220;Verdana|||on|||||&#8220; header_font_size=&#8220;14px&#8220; header_letter_spacing=&#8220;1px&#8220; header_line_height=&#8220;1.6em&#8220; body_text_color=&#8220;#abb7c4&#8243; body_line_height=&#8220;2em&#8220; background_color=&#8220;#f2f3f5&#8243; text_orientation=&#8220;center&#8220; custom_margin=&#8220;6px||6px||true&#8220; animation_direction=&#8220;left&#8220; animation=&#8220;off&#8220; icon_font_size=&#8220;26px&#8220; saved_tabs=&#8220;all&#8220; global_colors_info=&#8220;{}&#8220;]<\/p>\n<p><span style=\"color: #213e64;\"><span style=\"font-family: Verdana;\"><span style=\"color: #213e64;\"><a style=\"color: #213e64;\" href=\"https:\/\/www.iso-institut.de\/wp-content\/uploads\/2018\/11\/iso_Report_Nr.4_Demenznetzwerke-in-Rheinland-Pfalz.pdf\" target=\"_blank\" rel=\"noopener\"><strong>iso-Report Nr. 4<\/strong><\/a><\/span> &#8211; Evaluation Nock, L.; Kirchen-Peters, S. unter Mitarbeit v. Max Ischebeck: Demenznetzwerke in Rheinland-Pfalz. Studie im Auftrag der Landeszentrale f\u00fcr Gesundheitsf\u00f6rderung in<br \/>Rheinland-Pfalz e.V., September 2016. <span style=\"color: #213e64;\"><strong><a style=\"color: #213e64;\" href=\"https:\/\/www.iso-institut.de\/wp-content\/uploads\/2018\/11\/iso_Report_Nr.4_Demenznetzwerke-in-Rheinland-Pfalz.pdf\" target=\"_blank\" rel=\"noopener\">[Download]<\/a><\/strong><\/span><br \/><\/span><\/span><\/p>\n<p>[\/et_pb_blurb][et_pb_blurb url_new_window=&#8220;on&#8220; use_icon=&#8220;on&#8220; font_icon=&#8220;&#xe086;||divi||400&#8243; icon_placement=&#8220;left&#8220; image_icon_width=&#8220;26px&#8220; content_max_width=&#8220;1100px&#8220; admin_label=&#8220;Liste &#8211; iso-Report Nr. 3&#8243; _builder_version=&#8220;4.16&#8243; header_font=&#8220;Verdana|||on|||||&#8220; header_font_size=&#8220;14px&#8220; header_letter_spacing=&#8220;1px&#8220; header_line_height=&#8220;1.6em&#8220; body_text_color=&#8220;#abb7c4&#8243; body_line_height=&#8220;2em&#8220; background_color=&#8220;#f2f3f5&#8243; text_orientation=&#8220;center&#8220; custom_margin=&#8220;6px||6px||true&#8220; animation_direction=&#8220;left&#8220; animation=&#8220;off&#8220; icon_font_size=&#8220;26px&#8220; saved_tabs=&#8220;all&#8220; global_colors_info=&#8220;{}&#8220;]<\/p>\n<p><span style=\"color: #213e64;\"><span style=\"font-family: Verdana;\"><a href=\"https:\/\/www.iso-institut.de\/wp-content\/uploads\/2018\/11\/iso-report_Nr.3_Hielscher_u._Nock_Ehrenamt_Katastrophenschutz_2014.pdf\" target=\"_blank\" rel=\"noopener\"><span style=\"color: #213e64;\"><strong>iso-Report Nr. 3<\/strong><\/span><\/a> &#8211; Hielscher, V.; Nock, L.: Perspektiven des Ehrenamtes im Zivil- und Katastrophenschutz. Metaanalyse und Handlungsempfehlungen, November 2014. <span style=\"color: #213e64;\"><strong><a style=\"color: #213e64;\" href=\"https:\/\/www.iso-institut.de\/wp-content\/uploads\/2018\/11\/iso-report_Nr.3_Hielscher_u._Nock_Ehrenamt_Katastrophenschutz_2014.pdf\" target=\"_blank\" rel=\"noopener\">[Download]<\/a><\/strong><\/span><br \/><\/span><\/span><\/p>\n<p>[\/et_pb_blurb][et_pb_blurb url_new_window=&#8220;on&#8220; use_icon=&#8220;on&#8220; font_icon=&#8220;&#xe086;||divi||400&#8243; icon_placement=&#8220;left&#8220; image_icon_width=&#8220;26px&#8220; content_max_width=&#8220;1100px&#8220; admin_label=&#8220;Liste &#8211; iso-Report Nr. 2&#8243; _builder_version=&#8220;4.16&#8243; header_font=&#8220;Verdana|||on|||||&#8220; header_font_size=&#8220;14px&#8220; header_letter_spacing=&#8220;1px&#8220; header_line_height=&#8220;1.6em&#8220; body_text_color=&#8220;#abb7c4&#8243; body_line_height=&#8220;2em&#8220; background_color=&#8220;#f2f3f5&#8243; text_orientation=&#8220;center&#8220; custom_margin=&#8220;6px||6px||true&#8220; animation_direction=&#8220;left&#8220; animation=&#8220;off&#8220; icon_font_size=&#8220;26px&#8220; saved_tabs=&#8220;all&#8220; global_colors_info=&#8220;{}&#8220;]<\/p>\n<p><span style=\"color: #213e64;\"><span style=\"font-family: Verdana;\"><a href=\"https:\/\/www.iso-institut.de\/wp-content\/uploads\/2018\/11\/iso-Report_Nr.2_Nock_Kirchen-Peters_Evaluation-201.pdf\" target=\"_blank\" rel=\"noopener\"><span style=\"color: #213e64;\"><strong>iso-Report Nr. 2<\/strong><\/span><\/a> &#8211; Nock, L.; Kirchen-Peters, S. unter Mitarbeit v. Judith Bauer, Dorothea Herz-Silvestrini und Niklas Richter: Evaluation der Programme &#8222;Internationales Hospitationsprogramm Pflege und Gesundheit und &#8222;Internationales Studien- und Fortbildungsprogramm Demenz&#8220;, September 2014. <\/span><\/span><span style=\"font-family: Verdana; color: #213e64;\"><strong><a style=\"color: #213e64;\" href=\"https:\/\/www.iso-institut.de\/wp-content\/uploads\/2018\/11\/iso-Report_Nr.2_Nock_Kirchen-Peters_Evaluation-201.pdf\" target=\"_blank\" rel=\"noopener\">[Download]<\/a><\/strong><\/span><span style=\"color: #213e64;\"><span style=\"font-family: Verdana;\"><br \/><\/span><\/span><\/p>\n<p>[\/et_pb_blurb][et_pb_blurb url_new_window=&#8220;on&#8220; use_icon=&#8220;on&#8220; font_icon=&#8220;&#xe086;||divi||400&#8243; icon_placement=&#8220;left&#8220; image_icon_width=&#8220;26px&#8220; content_max_width=&#8220;1100px&#8220; admin_label=&#8220;Liste &#8211; iso-Report Nr. 1&#8243; _builder_version=&#8220;4.16&#8243; header_font=&#8220;Verdana|||on|||||&#8220; header_font_size=&#8220;14px&#8220; header_letter_spacing=&#8220;1px&#8220; header_line_height=&#8220;1.6em&#8220; body_text_color=&#8220;#abb7c4&#8243; body_line_height=&#8220;2em&#8220; background_color=&#8220;#f2f3f5&#8243; text_orientation=&#8220;center&#8220; custom_margin=&#8220;6px||6px||true&#8220; animation_direction=&#8220;left&#8220; animation=&#8220;off&#8220; icon_font_size=&#8220;26px&#8220; saved_tabs=&#8220;all&#8220; global_colors_info=&#8220;{}&#8220;]<\/p>\n<p><span style=\"color: #213e64;\"><span style=\"font-family: Verdana;\"><a href=\"https:\/\/www.iso-institut.de\/wp-content\/uploads\/2018\/11\/iso-Report_Nr.1_Hielscher_Technikeinsatz_2014.pdf\" target=\"_blank\" rel=\"noopener\"><span style=\"color: #213e64;\"><strong>iso-Report Nr. 1<\/strong><\/span><\/a> &#8211; Hielscher, V. unter Mitarbeit v. Niklas Richter: Technikeinsatz und Arbeit in der Altenpflege. Ergebnisse einer internationalen Literaturrecherche, Juli 2014. <span style=\"color: #213e64;\"><strong><a style=\"color: #213e64;\" href=\"https:\/\/www.iso-institut.de\/wp-content\/uploads\/2018\/11\/iso-Report_Nr.1_Hielscher_Technikeinsatz_2014.pdf\" target=\"_blank\" rel=\"noopener\">[Download]<\/a><\/strong><\/span><br \/><\/span><\/span><\/p>\n<p>[\/et_pb_blurb][\/et_pb_column_inner][\/et_pb_row_inner][\/et_pb_column][et_pb_column type=&#8220;1_4&#8243; _builder_version=&#8220;4.16&#8243; custom_padding=&#8220;|||&#8220; global_colors_info=&#8220;{}&#8220; parallax__hover=&#8220;off&#8220; parallax_method__hover=&#8220;on&#8220; custom_padding__hover=&#8220;|||&#8220;][et_pb_search exclude_pages=&#8220;off&#8220; _builder_version=&#8220;4.16&#8243; global_colors_info=&#8220;{}&#8220; button_text_size__hover_enabled=&#8220;off&#8220; button_one_text_size__hover_enabled=&#8220;off&#8220; button_two_text_size__hover_enabled=&#8220;off&#8220; button_text_color__hover_enabled=&#8220;off&#8220; button_one_text_color__hover_enabled=&#8220;off&#8220; button_two_text_color__hover_enabled=&#8220;off&#8220; button_border_width__hover_enabled=&#8220;off&#8220; button_one_border_width__hover_enabled=&#8220;off&#8220; button_two_border_width__hover_enabled=&#8220;off&#8220; button_border_color__hover_enabled=&#8220;off&#8220; button_one_border_color__hover_enabled=&#8220;off&#8220; button_two_border_color__hover_enabled=&#8220;off&#8220; button_border_radius__hover_enabled=&#8220;off&#8220; button_one_border_radius__hover_enabled=&#8220;off&#8220; button_two_border_radius__hover_enabled=&#8220;off&#8220; button_letter_spacing__hover_enabled=&#8220;off&#8220; button_one_letter_spacing__hover_enabled=&#8220;off&#8220; button_two_letter_spacing__hover_enabled=&#8220;off&#8220; button_bg_color__hover_enabled=&#8220;off&#8220; button_one_bg_color__hover_enabled=&#8220;off&#8220; button_two_bg_color__hover_enabled=&#8220;off&#8220;]<\/p>\n<p>&nbsp;<\/p>\n<p>[\/et_pb_search][et_pb_sidebar orientation=&#8220;right&#8220; area=&#8220;cs-4&#8243; show_border=&#8220;off&#8220; _builder_version=&#8220;4.16&#8243; header_font=&#8220;||||||||&#8220; header_text_color=&#8220;#213e64&#8243; body_font=&#8220;||||||||&#8220; body_text_color=&#8220;#213e64&#8243; global_colors_info=&#8220;{}&#8220;]<\/p>\n<p>&nbsp;<\/p>\n<p>[\/et_pb_sidebar][\/et_pb_column][\/et_pb_section]<\/p>","protected":false},"excerpt":{"rendered":"<p>&nbsp; iso-Report Nr. 8\u00a0&#8211; Kirchen-Peters, Sabine; Stausberg, J\u00fcrgen; Bauer, Judith; Lucas, Frederik; Schwarz, Kathleen; Wacht, Ingrid (2024): Mit Technik l\u00e4nger zu Hause wohnen. Ergebnisse zur Evaluation der Systemakzeptanz im Projekt [&hellip;]<\/p>","protected":false},"author":1,"featured_media":0,"parent":0,"menu_order":0,"comment_status":"closed","ping_status":"closed","template":"","meta":{"_acf_changed":false,"_et_pb_use_builder":"on","_et_pb_old_content":"","_et_gb_content_width":"","footnotes":""},"class_list":["post-2670","page","type-page","status-publish","hentry"],"acf":[],"yoast_head":"<!-- This site is optimized with the Yoast SEO plugin v25.6 - https:\/\/yoast.com\/wordpress\/plugins\/seo\/ -->\n<title>iso-Reports - Institut f\u00fcr Sozialforschung und Sozialwirtschaft (iso)<\/title>\n<meta name=\"robots\" content=\"index, follow, max-snippet:-1, max-image-preview:large, max-video-preview:-1\" \/>\n<link rel=\"canonical\" href=\"https:\/\/www.iso-institut.de\/en\/iso-reports\/\" \/>\n<meta property=\"og:locale\" content=\"en_GB\" \/>\n<meta property=\"og:type\" content=\"article\" \/>\n<meta property=\"og:title\" content=\"iso-Reports - Institut f\u00fcr Sozialforschung und Sozialwirtschaft (iso)\" \/>\n<meta property=\"og:description\" content=\"&nbsp; iso-Report Nr. 8\u00a0- Kirchen-Peters, Sabine; Stausberg, J\u00fcrgen; Bauer, Judith; Lucas, Frederik; Schwarz, Kathleen; Wacht, Ingrid (2024): Mit Technik l\u00e4nger zu Hause wohnen. Ergebnisse zur Evaluation der Systemakzeptanz im Projekt [&hellip;]\" \/>\n<meta property=\"og:url\" content=\"https:\/\/www.iso-institut.de\/en\/iso-reports\/\" \/>\n<meta property=\"og:site_name\" content=\"Institut f\u00fcr Sozialforschung und Sozialwirtschaft (iso)\" \/>\n<meta property=\"article:publisher\" content=\"https:\/\/www.facebook.com\/isoInstitut\/\" \/>\n<meta property=\"article:modified_time\" content=\"2024-05-15T13:58:26+00:00\" \/>\n<meta name=\"twitter:card\" content=\"summary_large_image\" \/>\n<meta name=\"twitter:label1\" content=\"Estimated reading time\" \/>\n\t<meta name=\"twitter:data1\" content=\"2 minutes\" \/>\n<script type=\"application\/ld+json\" class=\"yoast-schema-graph\">{\"@context\":\"https:\/\/schema.org\",\"@graph\":[{\"@type\":\"WebPage\",\"@id\":\"https:\/\/www.iso-institut.de\/iso-reports\/\",\"url\":\"https:\/\/www.iso-institut.de\/iso-reports\/\",\"name\":\"iso-Reports - Institut f\u00fcr Sozialforschung und Sozialwirtschaft (iso)\",\"isPartOf\":{\"@id\":\"https:\/\/www.iso-institut.de\/#website\"},\"datePublished\":\"2018-11-05T13:10:42+00:00\",\"dateModified\":\"2024-05-15T13:58:26+00:00\",\"breadcrumb\":{\"@id\":\"https:\/\/www.iso-institut.de\/iso-reports\/#breadcrumb\"},\"inLanguage\":\"en-GB\",\"potentialAction\":[{\"@type\":\"ReadAction\",\"target\":[\"https:\/\/www.iso-institut.de\/iso-reports\/\"]}]},{\"@type\":\"BreadcrumbList\",\"@id\":\"https:\/\/www.iso-institut.de\/iso-reports\/#breadcrumb\",\"itemListElement\":[{\"@type\":\"ListItem\",\"position\":1,\"name\":\"Startseite\",\"item\":\"https:\/\/www.iso-institut.de\/\"},{\"@type\":\"ListItem\",\"position\":2,\"name\":\"iso-Reports\"}]},{\"@type\":\"WebSite\",\"@id\":\"https:\/\/www.iso-institut.de\/#website\",\"url\":\"https:\/\/www.iso-institut.de\/\",\"name\":\"Institut f\u00fcr Sozialforschung und Sozialwirtschaft (iso)\",\"description\":\"Die gr\u00f6\u00dfte selbst\u00e4ndige und unabh\u00e4ngige sozialwissenschaftliche Forschungseinrichtung im S\u00fcdwesten Deutschlands\",\"potentialAction\":[{\"@type\":\"SearchAction\",\"target\":{\"@type\":\"EntryPoint\",\"urlTemplate\":\"https:\/\/www.iso-institut.de\/?s={search_term_string}\"},\"query-input\":{\"@type\":\"PropertyValueSpecification\",\"valueRequired\":true,\"valueName\":\"search_term_string\"}}],\"inLanguage\":\"en-GB\"}]}<\/script>\n<!-- \/ Yoast SEO plugin. -->","yoast_head_json":{"title":"iso-Reports - Institut f\u00fcr Sozialforschung und Sozialwirtschaft (iso)","robots":{"index":"index","follow":"follow","max-snippet":"max-snippet:-1","max-image-preview":"max-image-preview:large","max-video-preview":"max-video-preview:-1"},"canonical":"https:\/\/www.iso-institut.de\/en\/iso-reports\/","og_locale":"en_GB","og_type":"article","og_title":"iso-Reports - Institut f\u00fcr Sozialforschung und Sozialwirtschaft (iso)","og_description":"&nbsp; iso-Report Nr. 8\u00a0- Kirchen-Peters, Sabine; Stausberg, J\u00fcrgen; Bauer, Judith; Lucas, Frederik; Schwarz, Kathleen; Wacht, Ingrid (2024): Mit Technik l\u00e4nger zu Hause wohnen. Ergebnisse zur Evaluation der Systemakzeptanz im Projekt [&hellip;]","og_url":"https:\/\/www.iso-institut.de\/en\/iso-reports\/","og_site_name":"Institut f\u00fcr Sozialforschung und Sozialwirtschaft (iso)","article_publisher":"https:\/\/www.facebook.com\/isoInstitut\/","article_modified_time":"2024-05-15T13:58:26+00:00","twitter_card":"summary_large_image","twitter_misc":{"Estimated reading time":"2 minutes"},"schema":{"@context":"https:\/\/schema.org","@graph":[{"@type":"WebPage","@id":"https:\/\/www.iso-institut.de\/iso-reports\/","url":"https:\/\/www.iso-institut.de\/iso-reports\/","name":"iso-Reports - Institut f\u00fcr Sozialforschung und Sozialwirtschaft (iso)","isPartOf":{"@id":"https:\/\/www.iso-institut.de\/#website"},"datePublished":"2018-11-05T13:10:42+00:00","dateModified":"2024-05-15T13:58:26+00:00","breadcrumb":{"@id":"https:\/\/www.iso-institut.de\/iso-reports\/#breadcrumb"},"inLanguage":"en-GB","potentialAction":[{"@type":"ReadAction","target":["https:\/\/www.iso-institut.de\/iso-reports\/"]}]},{"@type":"BreadcrumbList","@id":"https:\/\/www.iso-institut.de\/iso-reports\/#breadcrumb","itemListElement":[{"@type":"ListItem","position":1,"name":"Startseite","item":"https:\/\/www.iso-institut.de\/"},{"@type":"ListItem","position":2,"name":"iso-Reports"}]},{"@type":"WebSite","@id":"https:\/\/www.iso-institut.de\/#website","url":"https:\/\/www.iso-institut.de\/","name":"Institut f\u00fcr Sozialforschung und Sozialwirtschaft (iso)","description":"Die gr\u00f6\u00dfte selbst\u00e4ndige und unabh\u00e4ngige sozialwissenschaftliche Forschungseinrichtung im S\u00fcdwesten Deutschlands","potentialAction":[{"@type":"SearchAction","target":{"@type":"EntryPoint","urlTemplate":"https:\/\/www.iso-institut.de\/?s={search_term_string}"},"query-input":{"@type":"PropertyValueSpecification","valueRequired":true,"valueName":"search_term_string"}}],"inLanguage":"en-GB"}]}},"_links":{"self":[{"href":"https:\/\/www.iso-institut.de\/en\/wp-json\/wp\/v2\/pages\/2670"}],"collection":[{"href":"https:\/\/www.iso-institut.de\/en\/wp-json\/wp\/v2\/pages"}],"about":[{"href":"https:\/\/www.iso-institut.de\/en\/wp-json\/wp\/v2\/types\/page"}],"author":[{"embeddable":true,"href":"https:\/\/www.iso-institut.de\/en\/wp-json\/wp\/v2\/users\/1"}],"replies":[{"embeddable":true,"href":"https:\/\/www.iso-institut.de\/en\/wp-json\/wp\/v2\/comments?post=2670"}],"version-history":[{"count":3,"href":"https:\/\/www.iso-institut.de\/en\/wp-json\/wp\/v2\/pages\/2670\/revisions"}],"predecessor-version":[{"id":13399,"href":"https:\/\/www.iso-institut.de\/en\/wp-json\/wp\/v2\/pages\/2670\/revisions\/13399"}],"wp:attachment":[{"href":"https:\/\/www.iso-institut.de\/en\/wp-json\/wp\/v2\/media?parent=2670"}],"curies":[{"name":"wp","href":"https:\/\/api.w.org\/{rel}","templated":true}]}}