{"id":2737,"date":"2018-11-06T10:56:48","date_gmt":"2018-11-06T09:56:48","guid":{"rendered":"https:\/\/www.iso-institut.de\/?page_id=2737"},"modified":"2019-10-08T13:05:41","modified_gmt":"2019-10-08T11:05:41","slug":"auszeichnungen","status":"publish","type":"page","link":"https:\/\/www.iso-institut.de\/en\/auszeichnungen\/","title":{"rendered":"Awards"},"content":{"rendered":"<p>[et_pb_section bb_built=&#8220;1&#8243; inner_shadow=&#8220;on&#8220; fullwidth=&#8220;on&#8220; _builder_version=&#8220;3.15&#8243; background_color=&#8220;#2ea3f2&#8243; use_background_color_gradient=&#8220;on&#8220; background_color_gradient_start=&#8220;#2ea3f2&#8243; background_color_gradient_end=&#8220;#2e6df4&#8243; background_color_gradient_direction=&#8220;330deg&#8220; next_background_color=&#8220;#ffffff&#8220;][et_pb_fullwidth_header admin_label=&#8220;Vollbreite Kopfzeile &#8211; Auszeichnungen&#8220; title=&#8220;Auszeichnungen&#8220; subhead=&#8220;des iso-Instituts&#8220; _builder_version=&#8220;3.18.9&#8243; custom_margin=&#8220;-40px||-40px||false&#8220; custom_padding=&#8220;46px|0px|48px|&#8220; button_one_text_size__hover_enabled=&#8220;off&#8220; button_two_text_size__hover_enabled=&#8220;off&#8220; button_one_text_color__hover_enabled=&#8220;off&#8220; button_two_text_color__hover_enabled=&#8220;off&#8220; button_one_border_width__hover_enabled=&#8220;off&#8220; button_two_border_width__hover_enabled=&#8220;off&#8220; button_one_border_color__hover_enabled=&#8220;off&#8220; button_two_border_color__hover_enabled=&#8220;off&#8220; button_one_border_radius__hover_enabled=&#8220;off&#8220; button_two_border_radius__hover_enabled=&#8220;off&#8220; button_one_letter_spacing__hover_enabled=&#8220;off&#8220; button_two_letter_spacing__hover_enabled=&#8220;off&#8220; button_one_bg_color__hover_enabled=&#8220;off&#8220; button_two_bg_color__hover_enabled=&#8220;off&#8220;]<\/p>\n<p><\/p>\n<p>[\/et_pb_fullwidth_header][\/et_pb_section][et_pb_section bb_built=&#8220;1&#8243; specialty=&#8220;on&#8220; _builder_version=&#8220;3.15&#8243; prev_background_color=&#8220;#2ea3f2&#8243;][et_pb_column type=&#8220;3_4&#8243; specialty_columns=&#8220;3&#8243;][et_pb_row_inner custom_padding=&#8220;0|0px|29.6875px|0px|false|false&#8220; _builder_version=&#8220;3.15&#8243;][et_pb_column_inner type=&#8220;4_4&#8243; saved_specialty_column_type=&#8220;3_4&#8243;][et_pb_image src=&#8220;https:\/\/www.iso-institut.de\/wp-content\/uploads\/2018\/12\/Auszeichnung2-breit.png&#8220; force_fullwidth=&#8220;on&#8220; _builder_version=&#8220;3.15&#8243;]<\/p>\n<p><\/p>\n<p>[\/et_pb_image][et_pb_blurb admin_label=&#8220;Liste &#8211; Auszeichnungen &#8211; Preis der Gesundheitsnetzwerker&#8220; url_new_window=&#8220;on&#8220; use_icon=&#8220;on&#8220; font_icon=&#8220;%%277%%&#8220; icon_placement=&#8220;left&#8220; content_max_width=&#8220;1100px&#8220; use_icon_font_size=&#8220;on&#8220; icon_font_size=&#8220;26px&#8220; _builder_version=&#8220;3.15&#8243; header_font=&#8220;Verdana|||on|||||&#8220; header_font_size=&#8220;14px&#8220; header_letter_spacing=&#8220;1px&#8220; header_line_height=&#8220;1.6em&#8220; body_text_color=&#8220;#abb7c4&#8243; body_line_height=&#8220;2em&#8220; background_color=&#8220;#f2f3f5&#8243; text_orientation=&#8220;center&#8220; custom_margin=&#8220;6px||6px||true&#8220; animation_direction=&#8220;left&#8220; animation=&#8220;off&#8220; saved_tabs=&#8220;all&#8220;]<\/p>\n<p><span style=\"color: #213e64;\"><span style=\"font-family: Verdana;\">F\u00fcr das Modellvorhaben \u201eSektoren\u00fcbergreifender Einsatz von Betreuungskr\u00e4ften an der Schnittstelle von Krankenhaus und ambulanter Versorgung (SEBKam)\u201c wurde dem Saarbr\u00fccker Institut f\u00fcr Sozialforschung und Sozialwirtschaft (iso) am 24.04.2018 der <a style=\"color: #213e64;\" href=\"https:\/\/www.iso-institut.de\/en\/preis-gesundheitsnetzwerker\/\"><strong>Preis der Gesundheitsnetzwerker<\/strong><\/a> verliehen. Das Projekt wird im Verbund mit Kliniken, Betreuungsdiensten und Krankenkassen durchgef\u00fchrt und vom GKV-Spitzenverband gef\u00f6rdert.\u00a0\u00a0<\/span><\/span><\/p>\n<p>[\/et_pb_blurb][\/et_pb_column_inner][\/et_pb_row_inner][\/et_pb_column][et_pb_column type=&#8220;1_4&#8243;][et_pb_search exclude_pages=&#8220;off&#8220; exclude_posts=&#8220;off&#8220; _builder_version=&#8220;3.16&#8243; button_text_size__hover_enabled=&#8220;off&#8220; button_one_text_size__hover_enabled=&#8220;off&#8220; button_two_text_size__hover_enabled=&#8220;off&#8220; button_text_color__hover_enabled=&#8220;off&#8220; button_one_text_color__hover_enabled=&#8220;off&#8220; button_two_text_color__hover_enabled=&#8220;off&#8220; button_border_width__hover_enabled=&#8220;off&#8220; button_one_border_width__hover_enabled=&#8220;off&#8220; button_two_border_width__hover_enabled=&#8220;off&#8220; button_border_color__hover_enabled=&#8220;off&#8220; button_one_border_color__hover_enabled=&#8220;off&#8220; button_two_border_color__hover_enabled=&#8220;off&#8220; button_border_radius__hover_enabled=&#8220;off&#8220; button_one_border_radius__hover_enabled=&#8220;off&#8220; button_two_border_radius__hover_enabled=&#8220;off&#8220; button_letter_spacing__hover_enabled=&#8220;off&#8220; button_one_letter_spacing__hover_enabled=&#8220;off&#8220; button_two_letter_spacing__hover_enabled=&#8220;off&#8220; button_bg_color__hover_enabled=&#8220;off&#8220; button_one_bg_color__hover_enabled=&#8220;off&#8220; button_two_bg_color__hover_enabled=&#8220;off&#8220;]<\/p>\n<p><\/p>\n<p>[\/et_pb_search][et_pb_sidebar orientation=&#8220;right&#8220; area=&#8220;cs-4&#8243; show_border=&#8220;off&#8220; _builder_version=&#8220;3.18.9&#8243; header_font=&#8220;||||||||&#8220; header_text_color=&#8220;#213e64&#8243; body_font=&#8220;||||||||&#8220; body_text_color=&#8220;#213e64&#8243;]<\/p>\n<p>&nbsp;<\/p>\n<p>[\/et_pb_sidebar][\/et_pb_column][\/et_pb_section]<\/p>","protected":false},"excerpt":{"rendered":"<p>F\u00fcr das Modellvorhaben \u201eSektoren\u00fcbergreifender Einsatz von Betreuungskr\u00e4ften an der Schnittstelle von Krankenhaus und ambulanter Versorgung (SEBKam)\u201c wurde dem Saarbr\u00fccker Institut f\u00fcr Sozialforschung und Sozialwirtschaft (iso) am 24.04.2018 der Preis der [&hellip;]<\/p>","protected":false},"author":1,"featured_media":0,"parent":0,"menu_order":0,"comment_status":"closed","ping_status":"closed","template":"","meta":{"_acf_changed":false,"_et_pb_use_builder":"on","_et_pb_old_content":"","_et_gb_content_width":"","footnotes":""},"class_list":["post-2737","page","type-page","status-publish","hentry"],"acf":[],"yoast_head":"<!-- This site is optimized with the Yoast SEO plugin v25.6 - https:\/\/yoast.com\/wordpress\/plugins\/seo\/ -->\n<title>Auszeichnungen - Institut f\u00fcr Sozialforschung und Sozialwirtschaft (iso)<\/title>\n<meta name=\"robots\" content=\"index, follow, max-snippet:-1, max-image-preview:large, max-video-preview:-1\" \/>\n<link rel=\"canonical\" href=\"https:\/\/www.iso-institut.de\/en\/auszeichnungen\/\" \/>\n<meta property=\"og:locale\" content=\"en_GB\" \/>\n<meta property=\"og:type\" content=\"article\" \/>\n<meta property=\"og:title\" content=\"Auszeichnungen - Institut f\u00fcr Sozialforschung und Sozialwirtschaft (iso)\" \/>\n<meta property=\"og:description\" content=\"F\u00fcr das Modellvorhaben \u201eSektoren\u00fcbergreifender Einsatz von Betreuungskr\u00e4ften an der Schnittstelle von Krankenhaus und ambulanter Versorgung (SEBKam)\u201c wurde dem Saarbr\u00fccker Institut f\u00fcr Sozialforschung und Sozialwirtschaft (iso) am 24.04.2018 der Preis der [&hellip;]\" \/>\n<meta property=\"og:url\" content=\"https:\/\/www.iso-institut.de\/en\/auszeichnungen\/\" \/>\n<meta property=\"og:site_name\" content=\"Institut f\u00fcr Sozialforschung und Sozialwirtschaft (iso)\" \/>\n<meta property=\"article:publisher\" content=\"https:\/\/www.facebook.com\/isoInstitut\/\" \/>\n<meta property=\"article:modified_time\" content=\"2019-10-08T11:05:41+00:00\" \/>\n<meta name=\"twitter:card\" content=\"summary_large_image\" \/>\n<meta name=\"twitter:label1\" content=\"Estimated reading time\" \/>\n\t<meta name=\"twitter:data1\" content=\"3 minutes\" \/>\n<script type=\"application\/ld+json\" class=\"yoast-schema-graph\">{\"@context\":\"https:\/\/schema.org\",\"@graph\":[{\"@type\":\"WebPage\",\"@id\":\"https:\/\/www.iso-institut.de\/auszeichnungen\/\",\"url\":\"https:\/\/www.iso-institut.de\/auszeichnungen\/\",\"name\":\"Auszeichnungen - Institut f\u00fcr Sozialforschung und Sozialwirtschaft (iso)\",\"isPartOf\":{\"@id\":\"https:\/\/www.iso-institut.de\/#website\"},\"datePublished\":\"2018-11-06T09:56:48+00:00\",\"dateModified\":\"2019-10-08T11:05:41+00:00\",\"breadcrumb\":{\"@id\":\"https:\/\/www.iso-institut.de\/auszeichnungen\/#breadcrumb\"},\"inLanguage\":\"en-GB\",\"potentialAction\":[{\"@type\":\"ReadAction\",\"target\":[\"https:\/\/www.iso-institut.de\/auszeichnungen\/\"]}]},{\"@type\":\"BreadcrumbList\",\"@id\":\"https:\/\/www.iso-institut.de\/auszeichnungen\/#breadcrumb\",\"itemListElement\":[{\"@type\":\"ListItem\",\"position\":1,\"name\":\"Startseite\",\"item\":\"https:\/\/www.iso-institut.de\/\"},{\"@type\":\"ListItem\",\"position\":2,\"name\":\"Auszeichnungen\"}]},{\"@type\":\"WebSite\",\"@id\":\"https:\/\/www.iso-institut.de\/#website\",\"url\":\"https:\/\/www.iso-institut.de\/\",\"name\":\"Institut f\u00fcr Sozialforschung und Sozialwirtschaft (iso)\",\"description\":\"Die gr\u00f6\u00dfte selbst\u00e4ndige und unabh\u00e4ngige sozialwissenschaftliche Forschungseinrichtung im S\u00fcdwesten Deutschlands\",\"potentialAction\":[{\"@type\":\"SearchAction\",\"target\":{\"@type\":\"EntryPoint\",\"urlTemplate\":\"https:\/\/www.iso-institut.de\/?s={search_term_string}\"},\"query-input\":{\"@type\":\"PropertyValueSpecification\",\"valueRequired\":true,\"valueName\":\"search_term_string\"}}],\"inLanguage\":\"en-GB\"}]}<\/script>\n<!-- \/ Yoast SEO plugin. -->","yoast_head_json":{"title":"Auszeichnungen - Institut f\u00fcr Sozialforschung und Sozialwirtschaft (iso)","robots":{"index":"index","follow":"follow","max-snippet":"max-snippet:-1","max-image-preview":"max-image-preview:large","max-video-preview":"max-video-preview:-1"},"canonical":"https:\/\/www.iso-institut.de\/en\/auszeichnungen\/","og_locale":"en_GB","og_type":"article","og_title":"Auszeichnungen - Institut f\u00fcr Sozialforschung und Sozialwirtschaft (iso)","og_description":"F\u00fcr das Modellvorhaben \u201eSektoren\u00fcbergreifender Einsatz von Betreuungskr\u00e4ften an der Schnittstelle von Krankenhaus und ambulanter Versorgung (SEBKam)\u201c wurde dem Saarbr\u00fccker Institut f\u00fcr Sozialforschung und Sozialwirtschaft (iso) am 24.04.2018 der Preis der [&hellip;]","og_url":"https:\/\/www.iso-institut.de\/en\/auszeichnungen\/","og_site_name":"Institut f\u00fcr Sozialforschung und Sozialwirtschaft (iso)","article_publisher":"https:\/\/www.facebook.com\/isoInstitut\/","article_modified_time":"2019-10-08T11:05:41+00:00","twitter_card":"summary_large_image","twitter_misc":{"Estimated reading time":"3 minutes"},"schema":{"@context":"https:\/\/schema.org","@graph":[{"@type":"WebPage","@id":"https:\/\/www.iso-institut.de\/auszeichnungen\/","url":"https:\/\/www.iso-institut.de\/auszeichnungen\/","name":"Auszeichnungen - Institut f\u00fcr Sozialforschung und Sozialwirtschaft (iso)","isPartOf":{"@id":"https:\/\/www.iso-institut.de\/#website"},"datePublished":"2018-11-06T09:56:48+00:00","dateModified":"2019-10-08T11:05:41+00:00","breadcrumb":{"@id":"https:\/\/www.iso-institut.de\/auszeichnungen\/#breadcrumb"},"inLanguage":"en-GB","potentialAction":[{"@type":"ReadAction","target":["https:\/\/www.iso-institut.de\/auszeichnungen\/"]}]},{"@type":"BreadcrumbList","@id":"https:\/\/www.iso-institut.de\/auszeichnungen\/#breadcrumb","itemListElement":[{"@type":"ListItem","position":1,"name":"Startseite","item":"https:\/\/www.iso-institut.de\/"},{"@type":"ListItem","position":2,"name":"Auszeichnungen"}]},{"@type":"WebSite","@id":"https:\/\/www.iso-institut.de\/#website","url":"https:\/\/www.iso-institut.de\/","name":"Institut f\u00fcr Sozialforschung und Sozialwirtschaft (iso)","description":"Die gr\u00f6\u00dfte selbst\u00e4ndige und unabh\u00e4ngige sozialwissenschaftliche Forschungseinrichtung im S\u00fcdwesten Deutschlands","potentialAction":[{"@type":"SearchAction","target":{"@type":"EntryPoint","urlTemplate":"https:\/\/www.iso-institut.de\/?s={search_term_string}"},"query-input":{"@type":"PropertyValueSpecification","valueRequired":true,"valueName":"search_term_string"}}],"inLanguage":"en-GB"}]}},"_links":{"self":[{"href":"https:\/\/www.iso-institut.de\/en\/wp-json\/wp\/v2\/pages\/2737"}],"collection":[{"href":"https:\/\/www.iso-institut.de\/en\/wp-json\/wp\/v2\/pages"}],"about":[{"href":"https:\/\/www.iso-institut.de\/en\/wp-json\/wp\/v2\/types\/page"}],"author":[{"embeddable":true,"href":"https:\/\/www.iso-institut.de\/en\/wp-json\/wp\/v2\/users\/1"}],"replies":[{"embeddable":true,"href":"https:\/\/www.iso-institut.de\/en\/wp-json\/wp\/v2\/comments?post=2737"}],"version-history":[{"count":3,"href":"https:\/\/www.iso-institut.de\/en\/wp-json\/wp\/v2\/pages\/2737\/revisions"}],"predecessor-version":[{"id":5986,"href":"https:\/\/www.iso-institut.de\/en\/wp-json\/wp\/v2\/pages\/2737\/revisions\/5986"}],"wp:attachment":[{"href":"https:\/\/www.iso-institut.de\/en\/wp-json\/wp\/v2\/media?parent=2737"}],"curies":[{"name":"wp","href":"https:\/\/api.w.org\/{rel}","templated":true}]}}