{"id":2745,"date":"2018-11-06T11:09:48","date_gmt":"2018-11-06T10:09:48","guid":{"rendered":"https:\/\/www.iso-institut.de\/?page_id=2745"},"modified":"2018-12-10T16:31:32","modified_gmt":"2018-12-10T15:31:32","slug":"preis-gesundheitsnetzwerker","status":"publish","type":"page","link":"https:\/\/www.iso-institut.de\/en\/preis-gesundheitsnetzwerker\/","title":{"rendered":"PREIS &#8211; Preis der Gesundheitsnetzwerker"},"content":{"rendered":"<p>[et_pb_section fb_built=&#8220;1&#8243; inner_shadow=&#8220;on&#8220; fullwidth=&#8220;on&#8220; _builder_version=&#8220;3.15&#8243; background_color=&#8220;#2ea3f2&#8243; use_background_color_gradient=&#8220;on&#8220; background_color_gradient_start=&#8220;#2ea3f2&#8243; background_color_gradient_end=&#8220;#2e6df4&#8243; background_color_gradient_direction=&#8220;330deg&#8220; custom_padding=&#8220;0px|0px|0|0px|false|false&#8220;][et_pb_fullwidth_header title=&#8220;Saarbr\u00fccker iso-Institut gewinnt Preis der Gesundheitsnetzwerker&#8220; subhead=&#8220;am 24.04.2018&#8243; admin_label=&#8220;Vollbreite Kopfzeile &#8211; Preis der Gesundheitsnetzwerker&#8220; _builder_version=&#8220;3.15&#8243; custom_margin=&#8220;-40px||-40px||true&#8220;]&nbsp;<br \/>\n[\/et_pb_fullwidth_header][\/et_pb_section][et_pb_section fb_built=&#8220;1&#8243; specialty=&#8220;on&#8220; _builder_version=&#8220;3.0.47&#8243; custom_padding=&#8220;54px|0px|0|0px|false|false&#8220;][et_pb_column type=&#8220;3_4&#8243; specialty_columns=&#8220;3&#8243; _builder_version=&#8220;3.0.47&#8243; parallax=&#8220;off&#8220; parallax_method=&#8220;on&#8220;][et_pb_row_inner _builder_version=&#8220;3.15&#8243;][et_pb_column_inner type=&#8220;4_4&#8243; saved_specialty_column_type=&#8220;3_4&#8243; _builder_version=&#8220;3.0.47&#8243; parallax=&#8220;off&#8220; parallax_method=&#8220;on&#8220;][et_pb_text admin_label=&#8220;Text &#8211; Preis der Gesundheitsnetzwerker&#8220; _builder_version=&#8220;3.15&#8243; header_font=&#8220;Verdana||||||||&#8220; header_text_align=&#8220;left&#8220; header_text_color=&#8220;#213e64&#8243; background_size=&#8220;initial&#8220; background_position=&#8220;top_left&#8220; background_repeat=&#8220;repeat&#8220; custom_margin=&#8220;-30px|0px|-30px|0px|true|true&#8220; custom_padding=&#8220;0px||0px||true&#8220; inline_fonts=&#8220;Verdana&#8220;]<\/p>\n<p style=\"text-align: justify;\"><strong>F\u00fcr das Modellvorhaben \u201eSektoren\u00fcbergreifender Einsatz von Betreuungskr\u00e4ften an der Schnittstelle von Krankenhaus und ambulanter Versorgung (<span style=\"color: #333333;\"><a style=\"color: #333333;\" href=\"https:\/\/www.iso-institut.de\/en\/projekt_sebkam\/\">SEBKam<\/a><\/span>)\u201c wird dem Saarbr\u00fccker Institut f\u00fcr Sozialforschung und Sozialwirtschaft (iso) heute der Preis der Gesundheitsnetzwerker verliehen. Das Projekt wird im Verbund mit Kliniken, Betreuungsdiensten und Krankenkassen durchgef\u00fchrt und vom GKV-Spitzenverband gef\u00f6rdert.<\/strong><\/p>\n<p style=\"text-align: justify;\">Der von der Berlin-Chemie AG gestiftete Preis wird auf dem Kongress der Gesundheitsnetzwerker an Ideen f\u00fcr integrierte Versorgungsprojekte oder bereits erfolgreich umgesetzte Versorgungsnetze vergeben. Die Jury vergibt insgesamt 20.000 Euro. Im Rahmen der Preisverleihung durch die Juryvorsitzende Gudrun Schaich-Walch, Staatsekret\u00e4rin a. D., stellen die Preistr\u00e4ger ihre Projekte vor. F\u00fcr das iso-Institut werden Projektleiterin Frau Dr. Kirchen-Peters und Frau Dr. Krupp die Auszeichnung entgegennehmen. Mit dem Projekt wird erstmals in Deutschland der Einsatz von Betreuungskr\u00e4ften aus der ambulanten Versorgung f\u00fcr Menschen mit Demenz erprobt, die sich einer Krankenhausbehandlung unterziehen m\u00fcssen. Dies macht in vielfacher Weise Sinn: Das Fehlen der vertrauten Umgebung und Bezugspersonen, der Stress durch die Untersuchungen und Behandlungen sowie \u00c4ngste und Schmerzen stellen f\u00fcr Demenzkranke einen Ausnahmezustand dar. Meist sind sie im straff organisierten Krankenhausalltag ohne Besch\u00e4ftigung und Ansprache auf sich alleine gestellt und zeigen dann ein so genanntes herausforderndes Verhalten. Das hei\u00dft, sie beschlie\u00dfen z.B., nach Hause zu gehen, sie rufen st\u00e4ndig oder sie l\u00f6sen sich aus Langeweile die Verb\u00e4nde. Damit gef\u00e4hrden sie sich selbst und stellen den Behandlungserfolg in Frage. Im Modellprojekt SEBKam, das vom GKV-Spitzenverband gef\u00f6rdert wird, werden seit Januar 2018 Betreuungskr\u00e4fte aus der ambulanten Versorgung in das Krankenhaus integriert, um die Aufenthalte schonend zu gestalten, damit die Patienten anschlie\u00dfend in einem guten Zustand wieder in die gewohnte Umgebung zur\u00fcckkehren k\u00f6nnen.<\/p>\n<p style=\"text-align: justify;\">Der Innovationsgehalt liegt vor allem in der Vernetzung von Akteuren, die in der Regel kaum miteinander kooperieren. Beteiligt sind die Caritas Sozialstationen Saar-Hochwald, die \u00d6kumenische Gesellschaft f\u00fcr ambulante Pflege im Saarland, das Marienhaus Klinikum Saarlouis-Dillingen, das Fliedner Krankenhaus Neunkirchen sowie das St. Nikolaushospital Wallerfangen. Mit dem Projekt wurden die Bed\u00fcrfnisse von Demenzkranken in den Vordergrund ger\u00fcckt, unabh\u00e4ngig davon, ob sie zu Hause oder im Krankenhaus versorgt werden. Demenzkranke k\u00f6nnen ihre gewohnte Betreuungskraft des ambulanten Dienstes \u201emit in das Krankenhaus nehmen\u201c oder sie und ihre Angeh\u00f6rigen lernen im Krankenhaus erstmals kennen, wie wichtig und sinnvoll eine Betreuung im Alltag sein kann. Mit einem vergleichsweise geringen Ressourceneinsatz wurde durch das Projekt die M\u00f6glichkeit geschaffen, die Sektoren SGB XI (Pflegeversicherung) und SGB V (Krankenversicherung), die unterschiedlich finanziert werden, sowie verschiedene Berufsgruppen miteinander zu vernetzen, um die bestm\u00f6gliche Versorgung von Menschen mit Demenz auch in schwierigen Lebenslagen zu sichern. Weiterhin k\u00f6nnen unter wissenschaftlicher Begleitung Konzepte entwickelt werden, die zu einer Qualit\u00e4tssicherung im Pflege- und Gesundheitswesen beitragen.<\/p>\n<p>[\/et_pb_text][et_pb_image src=&#8220;https:\/\/www.iso-institut.de\/wp-content\/uploads\/2018\/11\/Gesundheitsnetzwerker-Preis-2018-SEBKam.jpg&#8220; align=&#8220;center&#8220; force_fullwidth=&#8220;on&#8220; _builder_version=&#8220;3.15&#8243; background_color=&#8220;#7f8b8e&#8220; custom_margin=&#8220;59px||-17px|&#8220; custom_padding=&#8220;|192px||192px||true&#8220;][\/et_pb_image][et_pb_text _builder_version=&#8220;3.15&#8243; custom_margin=&#8220;20px|||&#8220; inline_fonts=&#8220;Verdana&#8220;]<\/p>\n<p>Bildnachweis &#8211; Ersteller: Yehuda Swed. Urheberrecht: SeeSaw Agency | Jule Halsinger<\/p>\n<p>[\/et_pb_text][\/et_pb_column_inner][\/et_pb_row_inner][et_pb_row_inner use_custom_gutter=&#8220;on&#8220; gutter_width=&#8220;1&#8243; make_equal=&#8220;on&#8220; admin_label=&#8220;Liste&#8220; _builder_version=&#8220;3.15&#8243;][et_pb_column_inner type=&#8220;4_4&#8243; saved_specialty_column_type=&#8220;3_4&#8243; _builder_version=&#8220;3.0.47&#8243; parallax=&#8220;off&#8220; parallax_method=&#8220;on&#8220;][et_pb_blurb title=&#8220;Bericht der \u00c4rztezeitung&#8220; url=&#8220;https:\/\/www.aerztezeitung.de\/medizin\/krankheiten\/demenz\/article\/962525\/gesundheitsnetzwerker-preis-intersektorales-demenz-projekt.html&#8220; url_new_window=&#8220;on&#8220; use_icon=&#8220;on&#8220; font_icon=&#8220;%%57%%&#8220; icon_placement=&#8220;left&#8220; content_max_width=&#8220;1100px&#8220; image_max_width_phone=&#8220;50px&#8220; image_max_width_last_edited=&#8220;off|desktop&#8220; admin_label=&#8220;Bericht der \u00c4rztezeitung&#8220; _builder_version=&#8220;3.15&#8243; header_font=&#8220;|600|||||||&#8220; header_text_color=&#8220;#213e64&#8243; header_font_size_phone=&#8220;15px&#8220; header_font_size_last_edited=&#8220;on|phone&#8220; header_line_height=&#8220;1.6em&#8220; body_font_size=&#8220;15px&#8220; body_line_height=&#8220;2em&#8220; body_line_height_phone=&#8220;1.6em&#8220; body_line_height_last_edited=&#8220;on|phone&#8220; saved_tabs=&#8220;all&#8220;]&nbsp;<br \/>\n[\/et_pb_blurb][et_pb_blurb title=&#8220;Bericht des GKV-Spitzenverbandes&#8220; url=&#8220;https:\/\/www.gkv-spitzenverband.de\/gkv_spitzenverband\/presse\/meldungen\/einzelne_meldungen\/2018\/netzwerker_preisverleihung.jsp&#8220; url_new_window=&#8220;on&#8220; use_icon=&#8220;on&#8220; font_icon=&#8220;%%57%%&#8220; icon_placement=&#8220;left&#8220; content_max_width=&#8220;1100px&#8220; image_max_width_phone=&#8220;50px&#8220; image_max_width_last_edited=&#8220;off|desktop&#8220; admin_label=&#8220;Bericht des GKV-Spitzenverbandes&#8220; _builder_version=&#8220;3.15&#8243; header_font=&#8220;|600|||||||&#8220; header_text_color=&#8220;#213e64&#8243; header_font_size_phone=&#8220;15px&#8220; header_font_size_last_edited=&#8220;on|phone&#8220; header_line_height=&#8220;1.6em&#8220; body_font_size=&#8220;15px&#8220; body_line_height=&#8220;2em&#8220; body_line_height_phone=&#8220;1.6em&#8220; body_line_height_last_edited=&#8220;on|phone&#8220; saved_tabs=&#8220;all&#8220; locked=&#8220;off&#8220;]&nbsp;<br \/>\n[\/et_pb_blurb][et_pb_blurb title=&#8220;Bericht der BERLIN-CHEMIE AG&#8220; url=&#8220;https:\/\/www.berlin-chemie.de\/Unternehmen\/Gesundheitsmanagement\/Preis-fuer-Gesundheitsnetzwerker\/2018\/SEBKam&#8220; url_new_window=&#8220;on&#8220; use_icon=&#8220;on&#8220; font_icon=&#8220;%%57%%&#8220; icon_placement=&#8220;left&#8220; content_max_width=&#8220;1100px&#8220; image_max_width_phone=&#8220;50px&#8220; image_max_width_last_edited=&#8220;off|desktop&#8220; admin_label=&#8220;Bericht der BERLIN-CHEMIE AG&#8220; _builder_version=&#8220;3.15&#8243; header_font=&#8220;|600|||||||&#8220; header_text_color=&#8220;#213e64&#8243; header_font_size_phone=&#8220;15px&#8220; header_font_size_last_edited=&#8220;on|phone&#8220; header_line_height=&#8220;1.6em&#8220; body_font_size=&#8220;15px&#8220; body_line_height=&#8220;2em&#8220; body_line_height_phone=&#8220;1.6em&#8220; body_line_height_last_edited=&#8220;on|phone&#8220; saved_tabs=&#8220;all&#8220;]&nbsp;<br \/>\n[\/et_pb_blurb][\/et_pb_column_inner][\/et_pb_row_inner][\/et_pb_column][et_pb_column type=&#8220;1_4&#8243; _builder_version=&#8220;3.0.47&#8243; parallax=&#8220;off&#8220; parallax_method=&#8220;on&#8220;][et_pb_sidebar orientation=&#8220;right&#8220; _builder_version=&#8220;3.0.74&#8243;]&nbsp;<br \/>\n[\/et_pb_sidebar][\/et_pb_column][\/et_pb_section]<\/p>","protected":false},"excerpt":{"rendered":"<p>&nbsp; F\u00fcr das Modellvorhaben \u201eSektoren\u00fcbergreifender Einsatz von Betreuungskr\u00e4ften an der Schnittstelle von Krankenhaus und ambulanter Versorgung (SEBKam)\u201c wird dem Saarbr\u00fccker Institut f\u00fcr Sozialforschung und Sozialwirtschaft (iso) heute der Preis der [&hellip;]<\/p>","protected":false},"author":1,"featured_media":0,"parent":0,"menu_order":0,"comment_status":"closed","ping_status":"closed","template":"","meta":{"_acf_changed":false,"_et_pb_use_builder":"on","_et_pb_old_content":"","_et_gb_content_width":"","footnotes":""},"class_list":["post-2745","page","type-page","status-publish","hentry"],"acf":[],"yoast_head":"<!-- This site is optimized with the Yoast SEO plugin v25.6 - https:\/\/yoast.com\/wordpress\/plugins\/seo\/ -->\n<title>PREIS - Preis der Gesundheitsnetzwerker - Institut f\u00fcr Sozialforschung und Sozialwirtschaft (iso)<\/title>\n<meta name=\"robots\" content=\"index, follow, max-snippet:-1, max-image-preview:large, max-video-preview:-1\" \/>\n<link rel=\"canonical\" href=\"https:\/\/www.iso-institut.de\/en\/preis-gesundheitsnetzwerker\/\" \/>\n<meta property=\"og:locale\" content=\"en_GB\" \/>\n<meta property=\"og:type\" content=\"article\" \/>\n<meta property=\"og:title\" content=\"PREIS - Preis der Gesundheitsnetzwerker - Institut f\u00fcr Sozialforschung und Sozialwirtschaft (iso)\" \/>\n<meta property=\"og:description\" content=\"&nbsp; F\u00fcr das Modellvorhaben \u201eSektoren\u00fcbergreifender Einsatz von Betreuungskr\u00e4ften an der Schnittstelle von Krankenhaus und ambulanter Versorgung (SEBKam)\u201c wird dem Saarbr\u00fccker Institut f\u00fcr Sozialforschung und Sozialwirtschaft (iso) heute der Preis der [&hellip;]\" \/>\n<meta property=\"og:url\" content=\"https:\/\/www.iso-institut.de\/en\/preis-gesundheitsnetzwerker\/\" \/>\n<meta property=\"og:site_name\" content=\"Institut f\u00fcr Sozialforschung und Sozialwirtschaft (iso)\" \/>\n<meta property=\"article:publisher\" content=\"https:\/\/www.facebook.com\/isoInstitut\/\" \/>\n<meta property=\"article:modified_time\" content=\"2018-12-10T15:31:32+00:00\" \/>\n<meta name=\"twitter:card\" content=\"summary_large_image\" \/>\n<meta name=\"twitter:label1\" content=\"Estimated reading time\" \/>\n\t<meta name=\"twitter:data1\" content=\"6 minutes\" \/>\n<script type=\"application\/ld+json\" class=\"yoast-schema-graph\">{\"@context\":\"https:\/\/schema.org\",\"@graph\":[{\"@type\":\"WebPage\",\"@id\":\"https:\/\/www.iso-institut.de\/preis-gesundheitsnetzwerker\/\",\"url\":\"https:\/\/www.iso-institut.de\/preis-gesundheitsnetzwerker\/\",\"name\":\"PREIS - Preis der Gesundheitsnetzwerker - Institut f\u00fcr Sozialforschung und Sozialwirtschaft (iso)\",\"isPartOf\":{\"@id\":\"https:\/\/www.iso-institut.de\/#website\"},\"datePublished\":\"2018-11-06T10:09:48+00:00\",\"dateModified\":\"2018-12-10T15:31:32+00:00\",\"breadcrumb\":{\"@id\":\"https:\/\/www.iso-institut.de\/preis-gesundheitsnetzwerker\/#breadcrumb\"},\"inLanguage\":\"en-GB\",\"potentialAction\":[{\"@type\":\"ReadAction\",\"target\":[\"https:\/\/www.iso-institut.de\/preis-gesundheitsnetzwerker\/\"]}]},{\"@type\":\"BreadcrumbList\",\"@id\":\"https:\/\/www.iso-institut.de\/preis-gesundheitsnetzwerker\/#breadcrumb\",\"itemListElement\":[{\"@type\":\"ListItem\",\"position\":1,\"name\":\"Startseite\",\"item\":\"https:\/\/www.iso-institut.de\/\"},{\"@type\":\"ListItem\",\"position\":2,\"name\":\"PREIS &#8211; Preis der Gesundheitsnetzwerker\"}]},{\"@type\":\"WebSite\",\"@id\":\"https:\/\/www.iso-institut.de\/#website\",\"url\":\"https:\/\/www.iso-institut.de\/\",\"name\":\"Institut f\u00fcr Sozialforschung und Sozialwirtschaft (iso)\",\"description\":\"Die gr\u00f6\u00dfte selbst\u00e4ndige und unabh\u00e4ngige sozialwissenschaftliche Forschungseinrichtung im S\u00fcdwesten Deutschlands\",\"potentialAction\":[{\"@type\":\"SearchAction\",\"target\":{\"@type\":\"EntryPoint\",\"urlTemplate\":\"https:\/\/www.iso-institut.de\/?s={search_term_string}\"},\"query-input\":{\"@type\":\"PropertyValueSpecification\",\"valueRequired\":true,\"valueName\":\"search_term_string\"}}],\"inLanguage\":\"en-GB\"}]}<\/script>\n<!-- \/ Yoast SEO plugin. -->","yoast_head_json":{"title":"PREIS - Preis der Gesundheitsnetzwerker - Institut f\u00fcr Sozialforschung und Sozialwirtschaft (iso)","robots":{"index":"index","follow":"follow","max-snippet":"max-snippet:-1","max-image-preview":"max-image-preview:large","max-video-preview":"max-video-preview:-1"},"canonical":"https:\/\/www.iso-institut.de\/en\/preis-gesundheitsnetzwerker\/","og_locale":"en_GB","og_type":"article","og_title":"PREIS - Preis der Gesundheitsnetzwerker - Institut f\u00fcr Sozialforschung und Sozialwirtschaft (iso)","og_description":"&nbsp; F\u00fcr das Modellvorhaben \u201eSektoren\u00fcbergreifender Einsatz von Betreuungskr\u00e4ften an der Schnittstelle von Krankenhaus und ambulanter Versorgung (SEBKam)\u201c wird dem Saarbr\u00fccker Institut f\u00fcr Sozialforschung und Sozialwirtschaft (iso) heute der Preis der [&hellip;]","og_url":"https:\/\/www.iso-institut.de\/en\/preis-gesundheitsnetzwerker\/","og_site_name":"Institut f\u00fcr Sozialforschung und Sozialwirtschaft (iso)","article_publisher":"https:\/\/www.facebook.com\/isoInstitut\/","article_modified_time":"2018-12-10T15:31:32+00:00","twitter_card":"summary_large_image","twitter_misc":{"Estimated reading time":"6 minutes"},"schema":{"@context":"https:\/\/schema.org","@graph":[{"@type":"WebPage","@id":"https:\/\/www.iso-institut.de\/preis-gesundheitsnetzwerker\/","url":"https:\/\/www.iso-institut.de\/preis-gesundheitsnetzwerker\/","name":"PREIS - Preis der Gesundheitsnetzwerker - Institut f\u00fcr Sozialforschung und Sozialwirtschaft (iso)","isPartOf":{"@id":"https:\/\/www.iso-institut.de\/#website"},"datePublished":"2018-11-06T10:09:48+00:00","dateModified":"2018-12-10T15:31:32+00:00","breadcrumb":{"@id":"https:\/\/www.iso-institut.de\/preis-gesundheitsnetzwerker\/#breadcrumb"},"inLanguage":"en-GB","potentialAction":[{"@type":"ReadAction","target":["https:\/\/www.iso-institut.de\/preis-gesundheitsnetzwerker\/"]}]},{"@type":"BreadcrumbList","@id":"https:\/\/www.iso-institut.de\/preis-gesundheitsnetzwerker\/#breadcrumb","itemListElement":[{"@type":"ListItem","position":1,"name":"Startseite","item":"https:\/\/www.iso-institut.de\/"},{"@type":"ListItem","position":2,"name":"PREIS &#8211; Preis der Gesundheitsnetzwerker"}]},{"@type":"WebSite","@id":"https:\/\/www.iso-institut.de\/#website","url":"https:\/\/www.iso-institut.de\/","name":"Institut f\u00fcr Sozialforschung und Sozialwirtschaft (iso)","description":"Die gr\u00f6\u00dfte selbst\u00e4ndige und unabh\u00e4ngige sozialwissenschaftliche Forschungseinrichtung im S\u00fcdwesten Deutschlands","potentialAction":[{"@type":"SearchAction","target":{"@type":"EntryPoint","urlTemplate":"https:\/\/www.iso-institut.de\/?s={search_term_string}"},"query-input":{"@type":"PropertyValueSpecification","valueRequired":true,"valueName":"search_term_string"}}],"inLanguage":"en-GB"}]}},"_links":{"self":[{"href":"https:\/\/www.iso-institut.de\/en\/wp-json\/wp\/v2\/pages\/2745"}],"collection":[{"href":"https:\/\/www.iso-institut.de\/en\/wp-json\/wp\/v2\/pages"}],"about":[{"href":"https:\/\/www.iso-institut.de\/en\/wp-json\/wp\/v2\/types\/page"}],"author":[{"embeddable":true,"href":"https:\/\/www.iso-institut.de\/en\/wp-json\/wp\/v2\/users\/1"}],"replies":[{"embeddable":true,"href":"https:\/\/www.iso-institut.de\/en\/wp-json\/wp\/v2\/comments?post=2745"}],"version-history":[{"count":3,"href":"https:\/\/www.iso-institut.de\/en\/wp-json\/wp\/v2\/pages\/2745\/revisions"}],"predecessor-version":[{"id":4043,"href":"https:\/\/www.iso-institut.de\/en\/wp-json\/wp\/v2\/pages\/2745\/revisions\/4043"}],"wp:attachment":[{"href":"https:\/\/www.iso-institut.de\/en\/wp-json\/wp\/v2\/media?parent=2745"}],"curies":[{"name":"wp","href":"https:\/\/api.w.org\/{rel}","templated":true}]}}