{"id":3225,"date":"2018-11-19T17:05:36","date_gmt":"2018-11-19T16:05:36","guid":{"rendered":"https:\/\/www.iso-institut.de\/?page_id=3225"},"modified":"2026-01-20T10:57:23","modified_gmt":"2026-01-20T09:57:23","slug":"aktuelles-news","status":"publish","type":"page","link":"https:\/\/www.iso-institut.de\/en\/aktuelles-news\/","title":{"rendered":"News"},"content":{"rendered":"<p>[et_pb_section fb_built=&#8220;1&#8243; inner_shadow=&#8220;on&#8220; fullwidth=&#8220;on&#8220; _builder_version=&#8220;4.16&#8243; background_color=&#8220;#2ea3f2&#8243; use_background_color_gradient=&#8220;on&#8220; background_color_gradient_direction=&#8220;330deg&#8220; background_color_gradient_stops=&#8220;#2ea3f2 0%|#2e6df4 100%&#8220; background_color_gradient_start=&#8220;#2ea3f2&#8243; background_color_gradient_end=&#8220;#2e6df4&#8243; global_colors_info=&#8220;{}&#8220;][et_pb_fullwidth_header title=&#8220;Aktuelles&#8220; subhead=&#8220;Termine \/ Presse \/ Stellenangebote&#8220; admin_label=&#8220;Vollbreite Kopfzeile &#8211; Aktuelles \/ News&#8220; _builder_version=&#8220;4.25.0&#8243; custom_margin=&#8220;-40px||-40px||false&#8220; custom_margin_tablet=&#8220;&#8220; custom_margin_phone=&#8220;&#8220; custom_margin_last_edited=&#8220;on|desktop&#8220; custom_padding=&#8220;44px|0px|49px|&#8220; global_colors_info=&#8220;{}&#8220; button_one_text_size__hover_enabled=&#8220;off&#8220; button_two_text_size__hover_enabled=&#8220;off&#8220; button_one_text_color__hover_enabled=&#8220;off&#8220; button_two_text_color__hover_enabled=&#8220;off&#8220; button_one_border_width__hover_enabled=&#8220;off&#8220; button_two_border_width__hover_enabled=&#8220;off&#8220; button_one_border_color__hover_enabled=&#8220;off&#8220; button_two_border_color__hover_enabled=&#8220;off&#8220; button_one_border_radius__hover_enabled=&#8220;off&#8220; button_two_border_radius__hover_enabled=&#8220;off&#8220; button_one_letter_spacing__hover_enabled=&#8220;off&#8220; button_two_letter_spacing__hover_enabled=&#8220;off&#8220; button_one_bg_color__hover_enabled=&#8220;off&#8220; button_two_bg_color__hover_enabled=&#8220;off&#8220;][\/et_pb_fullwidth_header][\/et_pb_section][et_pb_section fb_built=&#8220;1&#8243; make_equal=&#8220;on&#8220; use_custom_gutter=&#8220;on&#8220; specialty=&#8220;on&#8220; padding_right_2=&#8220;73px&#8220; _builder_version=&#8220;4.16&#8243; module_alignment=&#8220;left&#8220; inner_max_width=&#8220;1474px&#8220; custom_margin=&#8220;|||-240px&#8220; custom_padding=&#8220;44px|0px|93px|89px|false|false&#8220; use_custom_width=&#8220;on&#8220; custom_width_px=&#8220;1474px&#8220; global_colors_info=&#8220;{}&#8220;][et_pb_column type=&#8220;3_4&#8243; specialty_columns=&#8220;3&#8243; _builder_version=&#8220;4.16&#8243; custom_padding=&#8220;|||&#8220; global_colors_info=&#8220;{}&#8220; custom_padding__hover=&#8220;|||&#8220;][et_pb_row_inner column_structure=&#8220;1_2,1_2&#8243; admin_label=&#8220;Zeile&#8220; _builder_version=&#8220;4.16&#8243; custom_margin=&#8220;|||&#8220; custom_padding=&#8220;29.6875px|0px|29.6875px|0|false|false&#8220; global_colors_info=&#8220;{}&#8220;][et_pb_column_inner type=&#8220;1_2&#8243; saved_specialty_column_type=&#8220;3_4&#8243; _builder_version=&#8220;4.16&#8243; custom_padding=&#8220;|||&#8220; global_colors_info=&#8220;{}&#8220; custom_padding__hover=&#8220;|||&#8220;][et_pb_image src=&#8220;https:\/\/www.iso-institut.de\/wp-content\/uploads\/2018\/11\/Termine3.jpg&#8220; url=&#8220;https:\/\/www.iso-institut.de\/events\/list\/?tribe-bar-date=2018-12&#8243; align_tablet=&#8220;center&#8220; align_phone=&#8220;center&#8220; align_last_edited=&#8220;on|desktop&#8220; admin_label=&#8220;Bild &#8211; Termine \/ Veranstaltungen&#8220; _builder_version=&#8220;4.16&#8243; max_width=&#8220;30%&#8220; module_alignment=&#8220;right&#8220; global_colors_info=&#8220;{}&#8220;]<br \/>\n[\/et_pb_image][\/et_pb_column_inner][et_pb_column_inner type=&#8220;1_2&#8243; saved_specialty_column_type=&#8220;3_4&#8243; _builder_version=&#8220;4.16&#8243; custom_padding=&#8220;|||&#8220; global_colors_info=&#8220;{}&#8220; custom_padding__hover=&#8220;|||&#8220;][et_pb_text admin_label=&#8220;Text &#8211; Termine \/ Veranstaltungen&#8220; _builder_version=&#8220;4.16&#8243; text_font=&#8220;Verdana||||||||&#8220; text_text_color=&#8220;#213e64&#8243; header_font=&#8220;Verdana||||||||&#8220; header_text_align=&#8220;left&#8220; header_text_color=&#8220;#213e64&#8243; inline_fonts=&#8220;Verdana&#8220; global_colors_info=&#8220;{}&#8220;]<\/p>\n<h1><a href=\"https:\/\/www.iso-institut.de\/en\/events\/list\/?tribe-bar-date=2018-12\"><span style=\"font-size: x-large;\"><span style=\"color: #213e64; font-family: Verdana;\">Dates \/ Events<\/span><\/span><\/a><\/h1>\n<p>[\/et_pb_text][\/et_pb_column_inner][\/et_pb_row_inner][et_pb_row_inner column_structure=&#8220;1_2,1_2&#8243; admin_label=&#8220;Zeile&#8220; _builder_version=&#8220;4.16&#8243; custom_margin=&#8220;|||&#8220; custom_padding=&#8220;29.6875px|0px|29.6875px|0|false|false&#8220; global_colors_info=&#8220;{}&#8220;][et_pb_column_inner type=&#8220;1_2&#8243; saved_specialty_column_type=&#8220;3_4&#8243; _builder_version=&#8220;4.16&#8243; custom_padding=&#8220;|||&#8220; global_colors_info=&#8220;{}&#8220; custom_padding__hover=&#8220;|||&#8220;][et_pb_image src=&#8220;https:\/\/www.iso-institut.de\/wp-content\/uploads\/balloon-blog.png&#8220; url=&#8220;http:\/\/www.iso-institut.de\/50-jahre-iso-feier-und-ringvorlesung\/&#8220; align_tablet=&#8220;center&#8220; align_phone=&#8220;center&#8220; align_last_edited=&#8220;on|desktop&#8220; admin_label=&#8220;Bild &#8211; iso-News&#8220; _builder_version=&#8220;4.16&#8243; max_width=&#8220;30%&#8220; module_alignment=&#8220;right&#8220; global_colors_info=&#8220;{}&#8220;]<br \/>\n[\/et_pb_image][\/et_pb_column_inner][et_pb_column_inner type=&#8220;1_2&#8243; saved_specialty_column_type=&#8220;3_4&#8243; _builder_version=&#8220;4.16&#8243; custom_padding=&#8220;|||&#8220; global_colors_info=&#8220;{}&#8220; custom_padding__hover=&#8220;|||&#8220;][et_pb_text admin_label=&#8220;Text &#8211; iso-News&#8220; _builder_version=&#8220;4.16&#8243; text_font=&#8220;Verdana||||||||&#8220; text_text_color=&#8220;#213e64&#8243; header_font=&#8220;Verdana||||||||&#8220; header_text_align=&#8220;left&#8220; header_text_color=&#8220;#213e64&#8243; inline_fonts=&#8220;Verdana&#8220; global_colors_info=&#8220;{}&#8220;]<\/p>\n<h1><a href=\"https:\/\/www.iso-institut.de\/en\/iso-news\/\"><span style=\"font-size: x-large;\"><span style=\"color: #213e64; font-family: Verdana;\">iso-News<\/span><\/span><\/a><\/h1>\n<p>[\/et_pb_text][\/et_pb_column_inner][\/et_pb_row_inner][et_pb_row_inner column_structure=&#8220;1_2,1_2&#8243; admin_label=&#8220;Zeile&#8220; _builder_version=&#8220;4.16&#8243; custom_margin=&#8220;|||&#8220; custom_padding=&#8220;29.6875px|0px|29.6875px|0|false|false&#8220; global_colors_info=&#8220;{}&#8220;][et_pb_column_inner type=&#8220;1_2&#8243; saved_specialty_column_type=&#8220;3_4&#8243; _builder_version=&#8220;4.16&#8243; custom_padding=&#8220;|||&#8220; global_colors_info=&#8220;{}&#8220; custom_padding__hover=&#8220;|||&#8220;][et_pb_image src=&#8220;https:\/\/www.iso-institut.de\/wp-content\/uploads\/2018\/12\/Presse-1.jpg&#8220; url=&#8220;https:\/\/www.iso-institut.de\/presse\/&#8220; align_tablet=&#8220;center&#8220; align_phone=&#8220;center&#8220; align_last_edited=&#8220;on|desktop&#8220; admin_label=&#8220;Bild &#8211; Presse&#8220; _builder_version=&#8220;4.16&#8243; max_width=&#8220;30%&#8220; module_alignment=&#8220;right&#8220; global_colors_info=&#8220;{}&#8220;]<br \/>\n[\/et_pb_image][\/et_pb_column_inner][et_pb_column_inner type=&#8220;1_2&#8243; saved_specialty_column_type=&#8220;3_4&#8243; _builder_version=&#8220;4.16&#8243; custom_padding=&#8220;|||&#8220; global_colors_info=&#8220;{}&#8220; custom_padding__hover=&#8220;|||&#8220;][et_pb_text admin_label=&#8220;Text &#8211; Presse&#8220; _builder_version=&#8220;4.27.5&#8243; text_font=&#8220;Verdana||||||||&#8220; text_text_color=&#8220;#213e64&#8243; header_font=&#8220;Verdana||||||||&#8220; header_text_align=&#8220;left&#8220; header_text_color=&#8220;#213e64&#8243; inline_fonts=&#8220;Verdana&#8220; global_colors_info=&#8220;{}&#8220;]<\/p>\n<h1><a href=\"https:\/\/www.iso-institut.de\/en\/presse\/\"><span style=\"font-size: x-large;\"><span style=\"color: #213e64; font-family: Verdana;\">Pressemitteilung<\/span><\/span><\/a><\/h1>\n<p>[\/et_pb_text][\/et_pb_column_inner][\/et_pb_row_inner][et_pb_row_inner column_structure=&#8220;1_2,1_2&#8243; admin_label=&#8220;Zeile&#8220; _builder_version=&#8220;4.16&#8243; custom_margin=&#8220;|||&#8220; custom_padding=&#8220;29.6875px|0px|29.6875px|0|false|false&#8220; global_colors_info=&#8220;{}&#8220;][et_pb_column_inner type=&#8220;1_2&#8243; saved_specialty_column_type=&#8220;3_4&#8243; _builder_version=&#8220;4.16&#8243; custom_padding=&#8220;|||&#8220; global_colors_info=&#8220;{}&#8220; custom_padding__hover=&#8220;|||&#8220;][et_pb_image src=&#8220;https:\/\/www.iso-institut.de\/wp-content\/uploads\/2018\/11\/Stelle5.jpg&#8220; url=&#8220;https:\/\/www.iso-institut.de\/stellenangebote\/&#8220; align_tablet=&#8220;center&#8220; align_phone=&#8220;center&#8220; align_last_edited=&#8220;on|desktop&#8220; admin_label=&#8220;Bild &#8211; Stellenangebote&#8220; _builder_version=&#8220;4.16&#8243; max_width=&#8220;30%&#8220; module_alignment=&#8220;right&#8220; global_colors_info=&#8220;{}&#8220;]<br \/>\n[\/et_pb_image][\/et_pb_column_inner][et_pb_column_inner type=&#8220;1_2&#8243; saved_specialty_column_type=&#8220;3_4&#8243; _builder_version=&#8220;4.16&#8243; custom_padding=&#8220;|||&#8220; global_colors_info=&#8220;{}&#8220; custom_padding__hover=&#8220;|||&#8220;][et_pb_text admin_label=&#8220;Text &#8211; Stellenangebote&#8220; _builder_version=&#8220;4.16&#8243; text_font=&#8220;Verdana||||||||&#8220; text_text_color=&#8220;#213e64&#8243; header_font=&#8220;Verdana||||||||&#8220; header_text_align=&#8220;left&#8220; header_text_color=&#8220;#213e64&#8243; inline_fonts=&#8220;Verdana&#8220; global_colors_info=&#8220;{}&#8220;]<\/p>\n<h1><a href=\"https:\/\/www.iso-institut.de\/en\/stellenangebote\/\"><span style=\"font-size: x-large;\"><span style=\"color: #213e64; font-family: Verdana;\">Job Vacancies<\/span><\/span><\/a><\/h1>\n<p>[\/et_pb_text][\/et_pb_column_inner][\/et_pb_row_inner][et_pb_row_inner column_structure=&#8220;1_2,1_2&#8243; admin_label=&#8220;Zeile&#8220; _builder_version=&#8220;4.16&#8243; custom_margin=&#8220;|||&#8220; custom_padding=&#8220;29.6875px|0px|29.6875px|0|false|false&#8220; global_colors_info=&#8220;{}&#8220;][et_pb_column_inner type=&#8220;1_2&#8243; saved_specialty_column_type=&#8220;3_4&#8243; _builder_version=&#8220;4.16&#8243; custom_padding=&#8220;|||&#8220; global_colors_info=&#8220;{}&#8220; custom_padding__hover=&#8220;|||&#8220;][et_pb_image src=&#8220;https:\/\/www.iso-institut.de\/wp-content\/uploads\/2018\/11\/iso-Institut-Eingang-oben2.jpg&#8220; url=&#8220;http:\/\/www.iso-institut.de\/50-jahre-iso-feier-und-ringvorlesung\/&#8220; align_tablet=&#8220;center&#8220; align_phone=&#8220;center&#8220; align_last_edited=&#8220;on|desktop&#8220; admin_label=&#8220;Bild &#8211; 50 Jahre iso&#8220; _builder_version=&#8220;4.16&#8243; max_width=&#8220;30%&#8220; module_alignment=&#8220;right&#8220; global_colors_info=&#8220;{}&#8220;]<br \/>\n[\/et_pb_image][\/et_pb_column_inner][et_pb_column_inner type=&#8220;1_2&#8243; saved_specialty_column_type=&#8220;3_4&#8243; _builder_version=&#8220;4.16&#8243; custom_padding=&#8220;|||&#8220; global_colors_info=&#8220;{}&#8220; custom_padding__hover=&#8220;|||&#8220;][et_pb_text admin_label=&#8220;Text &#8211; 50 Jahre iso&#8220; _builder_version=&#8220;4.16&#8243; text_font=&#8220;Verdana||||||||&#8220; text_text_color=&#8220;#213e64&#8243; header_font=&#8220;Verdana||||||||&#8220; header_text_align=&#8220;left&#8220; header_text_color=&#8220;#213e64&#8243; inline_fonts=&#8220;Verdana&#8220; global_colors_info=&#8220;{}&#8220;]<\/p>\n<h1><a href=\"https:\/\/www.iso-institut.de\/en\/50-jahre-iso-feier-und-ringvorlesung\/\"><span style=\"font-size: x-large;\"><span style=\"color: #213e64; font-family: Verdana;\">50th Anniversary of the iso-Institut<\/span><\/span><\/a><\/h1>\n<p>[\/et_pb_text][\/et_pb_column_inner][\/et_pb_row_inner][\/et_pb_column][et_pb_column type=&#8220;1_4&#8243; _builder_version=&#8220;4.16&#8243; custom_padding=&#8220;|||&#8220; global_colors_info=&#8220;{}&#8220; custom_padding__hover=&#8220;|||&#8220;][et_pb_sidebar area=&#8220;cs-5&#8243; show_border=&#8220;off&#8220; _builder_version=&#8220;4.16&#8243; header_font=&#8220;||||||||&#8220; header_text_color=&#8220;#0dd1e2&#8243; header_font_size=&#8220;15px&#8220; header_line_height=&#8220;1.2em&#8220; body_font=&#8220;||||||||&#8220; body_text_color=&#8220;#213e64&#8243; body_font_size=&#8220;14px&#8220; custom_margin=&#8220;0px||-48px|-33px&#8220; custom_padding=&#8220;0px||0px&#8220; global_colors_info=&#8220;{}&#8220;]<br \/>\n[\/et_pb_sidebar][\/et_pb_column][\/et_pb_section]<\/p>","protected":false},"excerpt":{"rendered":"<p>Termine \/ Veranstaltungen iso-News Pressemitteilung Stellenangebote 50 Jahre iso-Institut<\/p>","protected":false},"author":1,"featured_media":0,"parent":0,"menu_order":0,"comment_status":"closed","ping_status":"closed","template":"","meta":{"_acf_changed":false,"_et_pb_use_builder":"on","_et_pb_old_content":"","_et_gb_content_width":"","footnotes":""},"class_list":["post-3225","page","type-page","status-publish","hentry"],"acf":[],"yoast_head":"<!-- This site is optimized with the Yoast SEO plugin v25.6 - https:\/\/yoast.com\/wordpress\/plugins\/seo\/ -->\n<title>Aktuelles - Institut f\u00fcr Sozialforschung und Sozialwirtschaft (iso)<\/title>\n<meta name=\"robots\" content=\"index, follow, max-snippet:-1, max-image-preview:large, max-video-preview:-1\" \/>\n<link rel=\"canonical\" href=\"https:\/\/www.iso-institut.de\/en\/aktuelles-news\/\" \/>\n<meta property=\"og:locale\" content=\"en_GB\" \/>\n<meta property=\"og:type\" content=\"article\" \/>\n<meta property=\"og:title\" content=\"Aktuelles - Institut f\u00fcr Sozialforschung und Sozialwirtschaft (iso)\" \/>\n<meta property=\"og:description\" content=\"Termine \/ Veranstaltungen iso-News Pressemitteilung Stellenangebote 50 Jahre iso-Institut\" \/>\n<meta property=\"og:url\" content=\"https:\/\/www.iso-institut.de\/en\/aktuelles-news\/\" \/>\n<meta property=\"og:site_name\" content=\"Institut f\u00fcr Sozialforschung und Sozialwirtschaft (iso)\" \/>\n<meta property=\"article:publisher\" content=\"https:\/\/www.facebook.com\/isoInstitut\/\" \/>\n<meta property=\"article:modified_time\" content=\"2026-01-20T09:57:23+00:00\" \/>\n<meta name=\"twitter:card\" content=\"summary_large_image\" \/>\n<meta name=\"twitter:label1\" content=\"Estimated reading time\" \/>\n\t<meta name=\"twitter:data1\" content=\"2 minutes\" \/>\n<script type=\"application\/ld+json\" class=\"yoast-schema-graph\">{\"@context\":\"https:\/\/schema.org\",\"@graph\":[{\"@type\":\"WebPage\",\"@id\":\"https:\/\/www.iso-institut.de\/aktuelles-news\/\",\"url\":\"https:\/\/www.iso-institut.de\/aktuelles-news\/\",\"name\":\"Aktuelles - Institut f\u00fcr Sozialforschung und Sozialwirtschaft (iso)\",\"isPartOf\":{\"@id\":\"https:\/\/www.iso-institut.de\/#website\"},\"datePublished\":\"2018-11-19T16:05:36+00:00\",\"dateModified\":\"2026-01-20T09:57:23+00:00\",\"breadcrumb\":{\"@id\":\"https:\/\/www.iso-institut.de\/aktuelles-news\/#breadcrumb\"},\"inLanguage\":\"en-GB\",\"potentialAction\":[{\"@type\":\"ReadAction\",\"target\":[\"https:\/\/www.iso-institut.de\/aktuelles-news\/\"]}]},{\"@type\":\"BreadcrumbList\",\"@id\":\"https:\/\/www.iso-institut.de\/aktuelles-news\/#breadcrumb\",\"itemListElement\":[{\"@type\":\"ListItem\",\"position\":1,\"name\":\"Startseite\",\"item\":\"https:\/\/www.iso-institut.de\/\"},{\"@type\":\"ListItem\",\"position\":2,\"name\":\"Aktuelles\"}]},{\"@type\":\"WebSite\",\"@id\":\"https:\/\/www.iso-institut.de\/#website\",\"url\":\"https:\/\/www.iso-institut.de\/\",\"name\":\"Institut f\u00fcr Sozialforschung und Sozialwirtschaft (iso)\",\"description\":\"Die gr\u00f6\u00dfte selbst\u00e4ndige und unabh\u00e4ngige sozialwissenschaftliche Forschungseinrichtung im S\u00fcdwesten Deutschlands\",\"potentialAction\":[{\"@type\":\"SearchAction\",\"target\":{\"@type\":\"EntryPoint\",\"urlTemplate\":\"https:\/\/www.iso-institut.de\/?s={search_term_string}\"},\"query-input\":{\"@type\":\"PropertyValueSpecification\",\"valueRequired\":true,\"valueName\":\"search_term_string\"}}],\"inLanguage\":\"en-GB\"}]}<\/script>\n<!-- \/ Yoast SEO plugin. -->","yoast_head_json":{"title":"Aktuelles - Institut f\u00fcr Sozialforschung und Sozialwirtschaft (iso)","robots":{"index":"index","follow":"follow","max-snippet":"max-snippet:-1","max-image-preview":"max-image-preview:large","max-video-preview":"max-video-preview:-1"},"canonical":"https:\/\/www.iso-institut.de\/en\/aktuelles-news\/","og_locale":"en_GB","og_type":"article","og_title":"Aktuelles - Institut f\u00fcr Sozialforschung und Sozialwirtschaft (iso)","og_description":"Termine \/ Veranstaltungen iso-News Pressemitteilung Stellenangebote 50 Jahre iso-Institut","og_url":"https:\/\/www.iso-institut.de\/en\/aktuelles-news\/","og_site_name":"Institut f\u00fcr Sozialforschung und Sozialwirtschaft (iso)","article_publisher":"https:\/\/www.facebook.com\/isoInstitut\/","article_modified_time":"2026-01-20T09:57:23+00:00","twitter_card":"summary_large_image","twitter_misc":{"Estimated reading time":"2 minutes"},"schema":{"@context":"https:\/\/schema.org","@graph":[{"@type":"WebPage","@id":"https:\/\/www.iso-institut.de\/aktuelles-news\/","url":"https:\/\/www.iso-institut.de\/aktuelles-news\/","name":"Aktuelles - Institut f\u00fcr Sozialforschung und Sozialwirtschaft (iso)","isPartOf":{"@id":"https:\/\/www.iso-institut.de\/#website"},"datePublished":"2018-11-19T16:05:36+00:00","dateModified":"2026-01-20T09:57:23+00:00","breadcrumb":{"@id":"https:\/\/www.iso-institut.de\/aktuelles-news\/#breadcrumb"},"inLanguage":"en-GB","potentialAction":[{"@type":"ReadAction","target":["https:\/\/www.iso-institut.de\/aktuelles-news\/"]}]},{"@type":"BreadcrumbList","@id":"https:\/\/www.iso-institut.de\/aktuelles-news\/#breadcrumb","itemListElement":[{"@type":"ListItem","position":1,"name":"Startseite","item":"https:\/\/www.iso-institut.de\/"},{"@type":"ListItem","position":2,"name":"Aktuelles"}]},{"@type":"WebSite","@id":"https:\/\/www.iso-institut.de\/#website","url":"https:\/\/www.iso-institut.de\/","name":"Institut f\u00fcr Sozialforschung und Sozialwirtschaft (iso)","description":"Die gr\u00f6\u00dfte selbst\u00e4ndige und unabh\u00e4ngige sozialwissenschaftliche Forschungseinrichtung im S\u00fcdwesten Deutschlands","potentialAction":[{"@type":"SearchAction","target":{"@type":"EntryPoint","urlTemplate":"https:\/\/www.iso-institut.de\/?s={search_term_string}"},"query-input":{"@type":"PropertyValueSpecification","valueRequired":true,"valueName":"search_term_string"}}],"inLanguage":"en-GB"}]}},"_links":{"self":[{"href":"https:\/\/www.iso-institut.de\/en\/wp-json\/wp\/v2\/pages\/3225"}],"collection":[{"href":"https:\/\/www.iso-institut.de\/en\/wp-json\/wp\/v2\/pages"}],"about":[{"href":"https:\/\/www.iso-institut.de\/en\/wp-json\/wp\/v2\/types\/page"}],"author":[{"embeddable":true,"href":"https:\/\/www.iso-institut.de\/en\/wp-json\/wp\/v2\/users\/1"}],"replies":[{"embeddable":true,"href":"https:\/\/www.iso-institut.de\/en\/wp-json\/wp\/v2\/comments?post=3225"}],"version-history":[{"count":4,"href":"https:\/\/www.iso-institut.de\/en\/wp-json\/wp\/v2\/pages\/3225\/revisions"}],"predecessor-version":[{"id":14304,"href":"https:\/\/www.iso-institut.de\/en\/wp-json\/wp\/v2\/pages\/3225\/revisions\/14304"}],"wp:attachment":[{"href":"https:\/\/www.iso-institut.de\/en\/wp-json\/wp\/v2\/media?parent=3225"}],"curies":[{"name":"wp","href":"https:\/\/api.w.org\/{rel}","templated":true}]}}