{"id":3296,"date":"2018-11-23T11:54:36","date_gmt":"2018-11-23T10:54:36","guid":{"rendered":"https:\/\/www.iso-institut.de\/?page_id=3296"},"modified":"2019-02-01T12:49:48","modified_gmt":"2019-02-01T11:49:48","slug":"kontakt","status":"publish","type":"page","link":"https:\/\/www.iso-institut.de\/en\/kontakt\/","title":{"rendered":"Contact &amp; How to find us"},"content":{"rendered":"<p>[et_pb_section bb_built=&#8220;1&#8243; fullwidth=&#8220;on&#8220; _builder_version=&#8220;3.0.47&#8243; next_background_color=&#8220;#000000&#8243;][et_pb_fullwidth_header admin_label=&#8220;Vollbreite Kopfzeile &#8211; Kontakt &amp; Anfahrt&#8220; title=&#8220;Kontakt &amp; Anfahrt&#8220; subhead=&#8220;Institut f\u00fcr Sozialforschung und Sozialwirtschaft (iso)&#8220; _builder_version=&#8220;3.15&#8243; custom_margin=&#8220;-41px||-34px||false&#8220; custom_padding=&#8220;|||&#8220; saved_tabs=&#8220;all&#8220; button_one_text_size__hover_enabled=&#8220;off&#8220; button_one_text_size__hover=&#8220;null&#8220; button_two_text_size__hover_enabled=&#8220;off&#8220; button_two_text_size__hover=&#8220;null&#8220; button_one_text_color__hover_enabled=&#8220;off&#8220; button_one_text_color__hover=&#8220;null&#8220; button_two_text_color__hover_enabled=&#8220;off&#8220; button_two_text_color__hover=&#8220;null&#8220; button_one_border_width__hover_enabled=&#8220;off&#8220; button_one_border_width__hover=&#8220;null&#8220; button_two_border_width__hover_enabled=&#8220;off&#8220; button_two_border_width__hover=&#8220;null&#8220; button_one_border_color__hover_enabled=&#8220;off&#8220; button_one_border_color__hover=&#8220;null&#8220; button_two_border_color__hover_enabled=&#8220;off&#8220; button_two_border_color__hover=&#8220;null&#8220; button_one_border_radius__hover_enabled=&#8220;off&#8220; button_one_border_radius__hover=&#8220;null&#8220; button_two_border_radius__hover_enabled=&#8220;off&#8220; button_two_border_radius__hover=&#8220;null&#8220; button_one_letter_spacing__hover_enabled=&#8220;off&#8220; button_one_letter_spacing__hover=&#8220;null&#8220; button_two_letter_spacing__hover_enabled=&#8220;off&#8220; button_two_letter_spacing__hover=&#8220;null&#8220; button_one_bg_color__hover_enabled=&#8220;off&#8220; button_one_bg_color__hover=&#8220;null&#8220; button_two_bg_color__hover_enabled=&#8220;off&#8220; button_two_bg_color__hover=&#8220;null&#8220;]<\/p>\n<p>\n&nbsp;<\/p>\n<p>[\/et_pb_fullwidth_header][\/et_pb_section][et_pb_section bb_built=&#8220;1&#8243; admin_label=&#8220;Hero&#8220; _builder_version=&#8220;3.0.105&#8243; custom_margin=&#8220;|||&#8220; custom_padding=&#8220;18px||9px||false|false&#8220; prev_background_color=&#8220;#000000&#8243; next_background_color=&#8220;#000000&#8243;][et_pb_row _builder_version=&#8220;3.0.48&#8243; background_size=&#8220;initial&#8220; background_position=&#8220;top_left&#8220; background_repeat=&#8220;repeat&#8220;][et_pb_column type=&#8220;1_3&#8243;][et_pb_blurb admin_label=&#8220;Informationstext &#8211; Adresse&#8220; use_icon=&#8220;on&#8220; font_icon=&#8220;%%122%%&#8220; use_icon_font_size=&#8220;on&#8220; icon_font_size=&#8220;50px&#8220; _builder_version=&#8220;3.15&#8243; header_font=&#8220;Cormorant Garamond||||||||&#8220; header_font_size=&#8220;28px&#8220; body_font=&#8220;Verdana||||||||&#8220; body_text_color=&#8220;#213e64&#8243; body_font_size=&#8220;16px&#8220; body_line_height=&#8220;1.8em&#8220; text_orientation=&#8220;center&#8220;]<\/p>\n<p>\nTrillerweg 68<\/p>\n<p>66117 Saarbr\u00fccken<\/p>\n<p>[\/et_pb_blurb][et_pb_image src=&#8220;https:\/\/www.iso-institut.de\/wp-content\/uploads\/2018\/11\/iso-Eingang-oben.jpg&#8220; _builder_version=&#8220;3.15&#8243; max_width=&#8220;70%&#8220; custom_margin=&#8220;50px|60px|50px|60px|true|true&#8220;]<\/p>\n<p>\n&nbsp;<\/p>\n<p>[\/et_pb_image][\/et_pb_column][et_pb_column type=&#8220;1_3&#8243;][et_pb_blurb admin_label=&#8220;Informationstext &#8211; Tel. &amp; Fax.&#8220; use_icon=&#8220;on&#8220; font_icon=&#8220;%%104%%&#8220; use_icon_font_size=&#8220;on&#8220; icon_font_size=&#8220;50px&#8220; _builder_version=&#8220;3.15&#8243; header_font=&#8220;Cormorant Garamond||||||||&#8220; header_font_size=&#8220;28px&#8220; body_font=&#8220;Verdana|500|||||||&#8220; body_text_color=&#8220;#213e64&#8243; body_font_size=&#8220;16px&#8220; body_line_height=&#8220;1.8em&#8220; text_orientation=&#8220;center&#8220;]<\/p>\n<p>\nTelefon: +49 (0)681 &#8211; 9 54 24-0<\/p>\n<p>Telefax: +49 (0)681 &#8211; 9 54 24-27<\/p>\n<p>[\/et_pb_blurb][et_pb_image src=&#8220;https:\/\/www.iso-institut.de\/wp-content\/uploads\/2018\/11\/iso-Eingang-unten2k.jpg&#8220; _builder_version=&#8220;3.15&#8243; max_width=&#8220;70%&#8220; custom_margin=&#8220;|60px||60px||true&#8220;]<\/p>\n<p>\n&nbsp;<\/p>\n<p>[\/et_pb_image][\/et_pb_column][et_pb_column type=&#8220;1_3&#8243;][et_pb_blurb admin_label=&#8220;Informationstext &#8211; Internet &amp; Mail&#8220; use_icon=&#8220;on&#8220; font_icon=&#8220;%%109%%&#8220; use_icon_font_size=&#8220;on&#8220; icon_font_size=&#8220;50px&#8220; _builder_version=&#8220;3.15&#8243; header_font=&#8220;Cormorant Garamond||||||||&#8220; header_font_size=&#8220;28px&#8220; body_font=&#8220;Verdana|500|||||||&#8220; body_text_color=&#8220;#213e64&#8243; body_font_size=&#8220;16px&#8220; body_line_height=&#8220;1.8em&#8220; text_orientation=&#8220;center&#8220;]<\/p>\n<p>\n<span style=\"color: #213e64;\">Homepage: <a style=\"color: #213e64;\" href=\"http:\/\/www.iso-institut.de\/en\/\" target=\"_blank\" rel=\"noopener\">www.iso-institut.de<\/a> <\/span><\/p>\n<p><span style=\"color: #213e64;\">e-mail: <a style=\"color: #213e64;\" href=\"\/en\/kontakt@iso-institut.de\/\" target=\"_blank\" rel=\"noopener\">kontakt@iso-institut.de<\/a><\/span><\/p>\n<p>[\/et_pb_blurb][et_pb_image src=&#8220;https:\/\/www.iso-institut.de\/wp-content\/uploads\/2018\/11\/iso-Eingang-mittek.jpg&#8220; _builder_version=&#8220;3.15&#8243; max_width=&#8220;70%&#8220; custom_margin=&#8220;40px|60px|40px|60px|true|true&#8220;]<\/p>\n<p>\n&nbsp;<\/p>\n<p>[\/et_pb_image][\/et_pb_column][\/et_pb_row][et_pb_row][et_pb_column type=&#8220;1_3&#8243;][et_pb_image _builder_version=&#8220;3.18.9&#8243; src=&#8220;https:\/\/www.iso-institut.de\/wp-content\/uploads\/2019\/02\/anfahrt.gif&#8220; show_in_lightbox=&#8220;on&#8220; \/][\/et_pb_column][et_pb_column type=&#8220;2_3&#8243;][et_pb_text _builder_version=&#8220;3.18.9&#8243;]<\/p>\n<p><span style=\"color: #213e64;\"><strong>Wegbeschreibung<\/strong><\/span><\/p>\n<p><span style=\"color: #213e64;\"><strong>Mit dem Auto<\/strong><\/span><\/p>\n<p><span style=\"color: #213e64;\">In Saarbr\u00fccken treffen sich die Autobahnen A6 von Frankfurt-Mannheim, und A1 von Trier-Koblenz bzw. aus dem norddeutschen Raum kommend mit den Autobahnen aus Stra\u00dfburg und Metz \/ Paris.<\/span><br \/><span style=\"color: #213e64;\">Auch die Europastra\u00dfe 42, die von den Niederlanden, Belgien u. Luxemburg nach S\u00fcden f\u00fchrt, l\u00e4uft unmittelbar in die City hinein.<\/span><br \/><span style=\"color: #213e64;\">Das Institut erreichen Sie von der A620 aus Richtung Luxemburg oder der A6 aus Frankfurt-Mannheim kommend wie folgt : Stadtautobahn A620: Ausfahrt Wilhelm-Heinrich-Br\u00fccke, an der Ampel links, an der 2. Ampel wieder links, am Ende der Strasse (T-Kreuzung) rechts und die 1. Strasse links in den Trillerweg. Nach 450 m erreichen Sie das Institut f\u00fcr Sozialforschung.<\/span><\/p>\n<p><span style=\"color: #213e64;\"><strong>Mit der Bahn<\/strong><\/span><\/p>\n<p><span style=\"color: #213e64;\">Von und nach Saarbr\u00fccken besteht eine Anbindung an das Intercity-Netz mit den Verbindungsbahnh\u00f6fen Mannheim, Koblenz, Mainz bzw. Karlsruhe. Mit dem ICE &#8211; &#8222;Saarkurier&#8220; besteht eine ICE-Direkt-Verbindung nach S\u00fcddeutschland, Stuttgart, Augsburg, M\u00fcnchen.<\/span><br \/><span style=\"color: #213e64;\">Der norddeutsche Raum ist mittels ICE oder Kurswagenverbindung Hamburg &#8211; Westerland ohne Umsteigen erreichbar. Weiterhin besteht eine ICE-Verbindung durch die Achse Frankfurt &#8211; Saarbr\u00fccken &#8211; Paris.<\/span><\/p>\n<p>[\/et_pb_text][\/et_pb_column][\/et_pb_row][\/et_pb_section][et_pb_section bb_built=&#8220;1&#8243; admin_label=&#8220;Map&#8220; _builder_version=&#8220;3.0.105&#8243; custom_margin=&#8220;||30px|&#8220; custom_padding=&#8220;15px||0px||false|false&#8220; prev_background_color=&#8220;#000000&#8243;][et_pb_row admin_label=&#8220;Map Row&#8220; custom_padding=&#8220;24px|0px|27px|0px|false|false&#8220; custom_margin=&#8220;|||&#8220; _builder_version=&#8220;3.0.105&#8243;][et_pb_column type=&#8220;4_4&#8243;][et_pb_map address=&#8220;Saarbr\u00fccken, Deutschland&#8220; address_lat=&#8220;49.24015720000001&#8243; address_lng=&#8220;6.996932700000002&#8243; _builder_version=&#8220;3.15&#8243; animation_style=&#8220;fade&#8220;][et_pb_map_pin title=&#8220;Das iso-Institut&#8220; pin_address=&#8220;Trillerweg 68, 66117 Saarbr\u00fccken, Deutschland&#8220; zoom_level=&#8220;11&#8243; pin_address_lat=&#8220;49.2276702&#8243; pin_address_lng=&#8220;6.9884024&#8243; _builder_version=&#8220;3.15&#8243;][\/et_pb_map_pin][\/et_pb_map][\/et_pb_column][\/et_pb_row][\/et_pb_section]<\/p>","protected":false},"excerpt":{"rendered":"<p>&nbsp; Trillerweg 68 66117 Saarbr\u00fccken &nbsp; Telefon: +49 (0)681 &#8211; 9 54 24-0 Telefax: +49 (0)681 &#8211; 9 54 24-27 &nbsp; Internet: www.iso-institut.de e-mail: kontakt@iso-institut.de &nbsp; <div class=\"et_pb_row et_pb_row_0 et_pb_row_empty\">\n\t\t\t\t\n\t\t\t\t\n\t\t\t\t\n\t\t\t\t\n\t\t\t\t\n\t\t\t<\/div> WegbeschreibungMit dem AutoIn [&hellip;]<\/p>","protected":false},"author":1,"featured_media":0,"parent":0,"menu_order":0,"comment_status":"closed","ping_status":"closed","template":"","meta":{"_acf_changed":false,"_et_pb_use_builder":"on","_et_pb_old_content":"","_et_gb_content_width":"","footnotes":""},"class_list":["post-3296","page","type-page","status-publish","hentry"],"acf":[],"yoast_head":"<!-- This site is optimized with the Yoast SEO plugin v25.6 - https:\/\/yoast.com\/wordpress\/plugins\/seo\/ -->\n<title>Kontakt &amp; Anfahrt - Institut f\u00fcr Sozialforschung und Sozialwirtschaft (iso)<\/title>\n<meta name=\"robots\" content=\"index, follow, max-snippet:-1, max-image-preview:large, max-video-preview:-1\" \/>\n<link rel=\"canonical\" href=\"https:\/\/www.iso-institut.de\/en\/kontakt\/\" \/>\n<meta property=\"og:locale\" content=\"en_GB\" \/>\n<meta property=\"og:type\" content=\"article\" \/>\n<meta property=\"og:title\" content=\"Kontakt &amp; Anfahrt - Institut f\u00fcr Sozialforschung und Sozialwirtschaft (iso)\" \/>\n<meta property=\"og:description\" content=\"&nbsp; Trillerweg 68 66117 Saarbr\u00fccken &nbsp; Telefon: +49 (0)681 - 9 54 24-0 Telefax: +49 (0)681 - 9 54 24-27 &nbsp; Internet: www.iso-institut.de e-mail: kontakt@iso-institut.de &nbsp; WegbeschreibungMit dem AutoIn [&hellip;]\" \/>\n<meta property=\"og:url\" content=\"https:\/\/www.iso-institut.de\/en\/kontakt\/\" \/>\n<meta property=\"og:site_name\" content=\"Institut f\u00fcr Sozialforschung und Sozialwirtschaft (iso)\" \/>\n<meta property=\"article:publisher\" content=\"https:\/\/www.facebook.com\/isoInstitut\/\" \/>\n<meta property=\"article:modified_time\" content=\"2019-02-01T11:49:48+00:00\" \/>\n<meta name=\"twitter:card\" content=\"summary_large_image\" \/>\n<meta name=\"twitter:label1\" content=\"Estimated reading time\" \/>\n\t<meta name=\"twitter:data1\" content=\"4 minutes\" \/>\n<script type=\"application\/ld+json\" class=\"yoast-schema-graph\">{\"@context\":\"https:\/\/schema.org\",\"@graph\":[{\"@type\":\"WebPage\",\"@id\":\"https:\/\/www.iso-institut.de\/kontakt\/\",\"url\":\"https:\/\/www.iso-institut.de\/kontakt\/\",\"name\":\"Kontakt & Anfahrt - Institut f\u00fcr Sozialforschung und Sozialwirtschaft (iso)\",\"isPartOf\":{\"@id\":\"https:\/\/www.iso-institut.de\/#website\"},\"datePublished\":\"2018-11-23T10:54:36+00:00\",\"dateModified\":\"2019-02-01T11:49:48+00:00\",\"breadcrumb\":{\"@id\":\"https:\/\/www.iso-institut.de\/kontakt\/#breadcrumb\"},\"inLanguage\":\"en-GB\",\"potentialAction\":[{\"@type\":\"ReadAction\",\"target\":[\"https:\/\/www.iso-institut.de\/kontakt\/\"]}]},{\"@type\":\"BreadcrumbList\",\"@id\":\"https:\/\/www.iso-institut.de\/kontakt\/#breadcrumb\",\"itemListElement\":[{\"@type\":\"ListItem\",\"position\":1,\"name\":\"Startseite\",\"item\":\"https:\/\/www.iso-institut.de\/\"},{\"@type\":\"ListItem\",\"position\":2,\"name\":\"Kontakt &#038; Anfahrt\"}]},{\"@type\":\"WebSite\",\"@id\":\"https:\/\/www.iso-institut.de\/#website\",\"url\":\"https:\/\/www.iso-institut.de\/\",\"name\":\"Institut f\u00fcr Sozialforschung und Sozialwirtschaft (iso)\",\"description\":\"Die gr\u00f6\u00dfte selbst\u00e4ndige und unabh\u00e4ngige sozialwissenschaftliche Forschungseinrichtung im S\u00fcdwesten Deutschlands\",\"potentialAction\":[{\"@type\":\"SearchAction\",\"target\":{\"@type\":\"EntryPoint\",\"urlTemplate\":\"https:\/\/www.iso-institut.de\/?s={search_term_string}\"},\"query-input\":{\"@type\":\"PropertyValueSpecification\",\"valueRequired\":true,\"valueName\":\"search_term_string\"}}],\"inLanguage\":\"en-GB\"}]}<\/script>\n<!-- \/ Yoast SEO plugin. -->","yoast_head_json":{"title":"Kontakt & Anfahrt - Institut f\u00fcr Sozialforschung und Sozialwirtschaft (iso)","robots":{"index":"index","follow":"follow","max-snippet":"max-snippet:-1","max-image-preview":"max-image-preview:large","max-video-preview":"max-video-preview:-1"},"canonical":"https:\/\/www.iso-institut.de\/en\/kontakt\/","og_locale":"en_GB","og_type":"article","og_title":"Kontakt & Anfahrt - Institut f\u00fcr Sozialforschung und Sozialwirtschaft (iso)","og_description":"&nbsp; Trillerweg 68 66117 Saarbr\u00fccken &nbsp; Telefon: +49 (0)681 - 9 54 24-0 Telefax: +49 (0)681 - 9 54 24-27 &nbsp; Internet: www.iso-institut.de e-mail: kontakt@iso-institut.de &nbsp; WegbeschreibungMit dem AutoIn [&hellip;]","og_url":"https:\/\/www.iso-institut.de\/en\/kontakt\/","og_site_name":"Institut f\u00fcr Sozialforschung und Sozialwirtschaft (iso)","article_publisher":"https:\/\/www.facebook.com\/isoInstitut\/","article_modified_time":"2019-02-01T11:49:48+00:00","twitter_card":"summary_large_image","twitter_misc":{"Estimated reading time":"4 minutes"},"schema":{"@context":"https:\/\/schema.org","@graph":[{"@type":"WebPage","@id":"https:\/\/www.iso-institut.de\/kontakt\/","url":"https:\/\/www.iso-institut.de\/kontakt\/","name":"Kontakt & Anfahrt - Institut f\u00fcr Sozialforschung und Sozialwirtschaft (iso)","isPartOf":{"@id":"https:\/\/www.iso-institut.de\/#website"},"datePublished":"2018-11-23T10:54:36+00:00","dateModified":"2019-02-01T11:49:48+00:00","breadcrumb":{"@id":"https:\/\/www.iso-institut.de\/kontakt\/#breadcrumb"},"inLanguage":"en-GB","potentialAction":[{"@type":"ReadAction","target":["https:\/\/www.iso-institut.de\/kontakt\/"]}]},{"@type":"BreadcrumbList","@id":"https:\/\/www.iso-institut.de\/kontakt\/#breadcrumb","itemListElement":[{"@type":"ListItem","position":1,"name":"Startseite","item":"https:\/\/www.iso-institut.de\/"},{"@type":"ListItem","position":2,"name":"Kontakt &#038; Anfahrt"}]},{"@type":"WebSite","@id":"https:\/\/www.iso-institut.de\/#website","url":"https:\/\/www.iso-institut.de\/","name":"Institut f\u00fcr Sozialforschung und Sozialwirtschaft (iso)","description":"Die gr\u00f6\u00dfte selbst\u00e4ndige und unabh\u00e4ngige sozialwissenschaftliche Forschungseinrichtung im S\u00fcdwesten Deutschlands","potentialAction":[{"@type":"SearchAction","target":{"@type":"EntryPoint","urlTemplate":"https:\/\/www.iso-institut.de\/?s={search_term_string}"},"query-input":{"@type":"PropertyValueSpecification","valueRequired":true,"valueName":"search_term_string"}}],"inLanguage":"en-GB"}]}},"_links":{"self":[{"href":"https:\/\/www.iso-institut.de\/en\/wp-json\/wp\/v2\/pages\/3296"}],"collection":[{"href":"https:\/\/www.iso-institut.de\/en\/wp-json\/wp\/v2\/pages"}],"about":[{"href":"https:\/\/www.iso-institut.de\/en\/wp-json\/wp\/v2\/types\/page"}],"author":[{"embeddable":true,"href":"https:\/\/www.iso-institut.de\/en\/wp-json\/wp\/v2\/users\/1"}],"replies":[{"embeddable":true,"href":"https:\/\/www.iso-institut.de\/en\/wp-json\/wp\/v2\/comments?post=3296"}],"version-history":[{"count":3,"href":"https:\/\/www.iso-institut.de\/en\/wp-json\/wp\/v2\/pages\/3296\/revisions"}],"predecessor-version":[{"id":5357,"href":"https:\/\/www.iso-institut.de\/en\/wp-json\/wp\/v2\/pages\/3296\/revisions\/5357"}],"wp:attachment":[{"href":"https:\/\/www.iso-institut.de\/en\/wp-json\/wp\/v2\/media?parent=3296"}],"curies":[{"name":"wp","href":"https:\/\/api.w.org\/{rel}","templated":true}]}}