{"id":3653,"date":"2018-11-29T12:14:08","date_gmt":"2018-11-29T11:14:08","guid":{"rendered":"https:\/\/www.iso-institut.de\/?page_id=3653"},"modified":"2021-02-19T10:13:59","modified_gmt":"2021-02-19T09:13:59","slug":"datenschutz","status":"publish","type":"page","link":"https:\/\/www.iso-institut.de\/en\/datenschutz\/","title":{"rendered":"Data Protection"},"content":{"rendered":"<p>[et_pb_section fb_built=&#8220;1&#8243; inner_shadow=&#8220;on&#8220; fullwidth=&#8220;on&#8220; _builder_version=&#8220;3.22&#8243; background_color=&#8220;#2ea3f2&#8243; use_background_color_gradient=&#8220;on&#8220; background_color_gradient_start=&#8220;#2ea3f2&#8243; background_color_gradient_end=&#8220;#2e6df4&#8243; background_color_gradient_direction=&#8220;330deg&#8220; custom_padding=&#8220;0px|0px|0|0px|false|false&#8220;][et_pb_fullwidth_header title=&#8220;Datenschutz&#8220; subhead=&#8220;Institut f\u00fcr Sozialforschung und Sozialwirtschaft (iso)&#8220; admin_label=&#8220;Vollbreite Kopfzeile DATENSCHUTZ&#8220; _builder_version=&#8220;3.16&#8243; custom_margin=&#8220;-41px||35px||false&#8220; custom_padding=&#8220;||7px|&#8220; button_one_text_size__hover_enabled=&#8220;off&#8220; button_two_text_size__hover_enabled=&#8220;off&#8220; button_one_text_color__hover_enabled=&#8220;off&#8220; button_two_text_color__hover_enabled=&#8220;off&#8220; button_one_border_width__hover_enabled=&#8220;off&#8220; button_two_border_width__hover_enabled=&#8220;off&#8220; button_one_border_color__hover_enabled=&#8220;off&#8220; button_two_border_color__hover_enabled=&#8220;off&#8220; button_one_border_radius__hover_enabled=&#8220;off&#8220; button_two_border_radius__hover_enabled=&#8220;off&#8220; button_one_letter_spacing__hover_enabled=&#8220;off&#8220; button_two_letter_spacing__hover_enabled=&#8220;off&#8220; button_one_bg_color__hover_enabled=&#8220;off&#8220; button_two_bg_color__hover_enabled=&#8220;off&#8220;][\/et_pb_fullwidth_header][\/et_pb_section][et_pb_section fb_built=&#8220;1&#8243; make_equal=&#8220;on&#8220; use_custom_gutter=&#8220;on&#8220; specialty=&#8220;on&#8220; padding_right_2=&#8220;0px&#8220; padding_left_2=&#8220;0px&#8220; _builder_version=&#8220;3.22&#8243; inner_max_width=&#8220;1474px&#8220; custom_margin=&#8220;|||&#8220; custom_padding=&#8220;|||&#8220; use_custom_width=&#8220;on&#8220; custom_width_px=&#8220;1474px&#8220;][et_pb_column type=&#8220;3_4&#8243; specialty_columns=&#8220;3&#8243; _builder_version=&#8220;3.25&#8243; custom_padding=&#8220;|||&#8220; custom_padding__hover=&#8220;|||&#8220;][et_pb_row_inner _builder_version=&#8220;3.25&#8243;][et_pb_column_inner saved_specialty_column_type=&#8220;3_4&#8243; _builder_version=&#8220;3.25&#8243; custom_padding=&#8220;|||&#8220; custom_padding__hover=&#8220;|||&#8220;][et_pb_text _builder_version=&#8220;3.27.4&#8243; header_font=&#8220;Verdana||||||||&#8220; header_text_align=&#8220;left&#8220; header_text_color=&#8220;#213e64&#8243; background_size=&#8220;initial&#8220; background_position=&#8220;top_left&#8220; background_repeat=&#8220;repeat&#8220; custom_margin=&#8220;-30px|0px|-30px|0px|true|true&#8220; custom_padding=&#8220;0px||0px||true&#8220; inline_fonts=&#8220;Verdana&#8220;]<\/p>\n<h4>Datenschutzerkl\u00e4rung<\/h4>\n<p>Nachfolgend m\u00f6chten wir Sie \u00fcber die Art, den Umfang und die Zwecke der Erhebung und Verwendung personenbezogener Daten auf unserer Webseite informieren.<\/p>\n<p>Dieser Internetauftritt wurde unter Einsatz des Content-Management-Systems WordPress erstellt.<\/p>\n<h4>Verantwortlicher<\/h4>\n<p>Im datenschutzrechtlichen Sinne verantwortlich f\u00fcr die Domain <a href=\"http:\/\/www.iso-institut.de\/en\/\" target=\"_blank\" rel=\"noopener noreferrer\">www.iso-institut.de<\/a> ist das Institut f\u00fcr Sozialforschung und Sozialwirtschaft e.V. (iso)<\/p>\n<p>Trillerweg 68<br \/>D-66117 Saarbr\u00fccken<br \/>Telefon: +49 (0)681 \u2013 9 54 24-0<br \/>Telefax: +49 (0)681 \u2013 9 54 24-27<br \/>Email: <a href=\"mailto:kontakt@iso-institut.de\" target=\"_blank\" rel=\"noopener noreferrer\">kontakt@iso-institut.de<\/a><\/p>\n<p>Datenschutzbeauftragte des iso-Instituts nach Art.\u00a037 DSGVO ist Frau Jana R\u00f6\u00dfler. Bei Fragen oder Anmerkungen zum Thema Datenschutz k\u00f6nnen Sie sich an die Datenschutzbeauftragte wenden.<\/p>\n<p>iso-Institut e.V.<br \/>Frau Jana R\u00f6\u00dfler<br \/>-Datenschutz \u2013<br \/>Trillerweg 68<br \/>D-66117 Saarbr\u00fccken<br \/>Email: <a href=\"mailto:datenschutz@iso-institut.de\" target=\"_blank\" rel=\"noopener noreferrer\">datenschutz@iso-institut.de<\/a><\/p>\n<h4>Hosting<\/h4>\n<p>Diese Internetseite befindet sich auf Servern der 1&amp;1 Internet SE, Elgendorfer Str. 57, 56410 Montabaur, Tel: +49 (0) 721 96 00, E-Mail: info@1und1.de, www.1und1.de.<br \/>1&amp;1 erhebt und speichert automatisch in ihren Logfiles Informationen, die Ihr Browser \u00fcbermittelt.<\/p>\n<p>Dies sind:<\/p>\n<ul>\n<li>Datum und Uhrzeit der Serveranfrage<\/li>\n<li>Name der angeforderten Datei<\/li>\n<li>Seite, von der aus die Datei angefordert wurde<\/li>\n<li>Zugriffsstatus (Datei \u00fcbertragen, Datei nicht gefunden, etc.)<\/li>\n<li>Browsertyp\/-version<\/li>\n<li>verwendetes Betriebssystem<\/li>\n<li>vollst\u00e4ndige IP-Adresse des anfordernden Rechners<\/li>\n<li>\u00fcbertragene Datenmenge<\/li>\n<\/ul>\n<p>Diese Daten werden von 1&amp;1 nicht in unserem Auftrag gespeichert. Die Bereitstellung der Logfiles l\u00e4sst sich nicht abstellen. Die IP-Adresse wird aber von 1&amp;1 nach sieben Tagen anonymisiert, so dass es nicht mehr m\u00f6glich ist, einen Bezug zum einzelnen Nutzer herzustellen. Die Logfiles sind f\u00fcr uns einsehbar, die Daten werden von uns aber nicht verarbeitet oder bleibend gespeichert. Wir geben die Daten nicht weiter, f\u00fchren sie nicht mit anderen Datenquellen zusammen und werten sie auch nicht statistisch aus.<\/p>\n<h4>Analysedienste<\/h4>\n<p>Der Erfolg der Webseite wird durch das iso-Institut kontinuierlich \u00fcberpr\u00fcft und beschrieben. Dabei werden auch statistische Auswertungen zur Website einbezogen. Zur Erstellung der Besucherstatistik wird das WordPress-Plugin WP Statistics genutzt. Die statistischen Daten \u00fcber Seitenabrufe, Besucher und verwendeten Browser werden lokal innerhalb von WordPress gespeichert. IP-Adressen werden anonymisiert, so dass es nicht m\u00f6glich ist, einen Bezug zum einzelnen Nutzer herzustellen. Es werden keine Standortinformationen gesammelt.<\/p>\n<p>Andere Techniken zur Auswertung Ihres Nutzungsverhaltens werden auf dieser Website nicht eingesetzt.<\/p>\n<h4>Cookies<\/h4>\n<p>Unsere Website verwendet Cookies. Es werden also kleine Datenpakete von uns auf Ihrem Rechner gespeichert, um unsere Website nutzerfreundlicher zu gestalten. Rechtsgrundlage hierf\u00fcr ist Artikel 6 Abs. 1 lit. f EU-Datenschutz-Grundverordnung. Sie haben die M\u00f6glichkeit, durch eine \u00c4nderung der Einstellungen in Ihrem Internetbrowser die \u00dcbertragung von Cookies zu deaktivieren oder einzuschr\u00e4nken. Bereits gespeicherte Cookies k\u00f6nnen von Ihnen jederzeit wieder gel\u00f6scht werden. Wenn Sie Cookies deaktivieren, k\u00f6nnen m\u00f6glicherweise nicht mehr alle Funktionen der Website vollumf\u00e4nglich genutzt werden.<\/p>\n<h4>Kontaktaufnahme<\/h4>\n<p>Wenn Sie mit uns per E-Mail in Kontakt treten, speichern und verwenden wir Ihre E-Mail-Adresse nur so lange, wie es n\u00f6tig ist, Ihrem Anliegen zu entsprechen. Gleiches gilt, wenn Sie uns dar\u00fcber hinaus pers\u00f6nliche Daten mitteilen. Eine Weitergabe Ihrer Daten erfolgt nur, soweit dies gew\u00fcnscht wird und f\u00fcr die Bearbeitung ihres Anliegens notwendig ist.<\/p>\n<h4>Ihre Rechte<\/h4>\n<p>Sie haben das Recht auf Auskunft, ob und welche personenbezogenen Daten von Ihnen gespeichert werden. Sofern die Daten unrichtig sind, haben Sie ein Recht auf Berichtigung. Ihre Daten k\u00f6nnen au\u00dferdem auf Ihren Wunsch hin jederzeit wieder gel\u00f6scht werden.<\/p>\n<h4>Beschwerde<\/h4>\n<p>Wenn Sie der Ansicht sind, dass unsere Verarbeitung der Sie betreffenden personenbezogenen Daten gegen die EU-Datenschutz-Grundverordnung verst\u00f6\u00dft, steht Ihnen das Recht auf Beschwerde bei einer Aufsichtsbeh\u00f6rde, insbesondere in dem Mitgliedstaat Ihres Aufenthaltsortes, Ihres Arbeitsplatzes oder des Ortes des mutma\u00dflichen Datenschutzversto\u00dfes zu.<\/p>\n<p>[\/et_pb_text][\/et_pb_column_inner][\/et_pb_row_inner][\/et_pb_column][et_pb_column type=&#8220;1_4&#8243; _builder_version=&#8220;3.25&#8243; custom_padding=&#8220;|||&#8220; custom_padding__hover=&#8220;|||&#8220;][et_pb_sidebar area=&#8220;sidebar-1&#8243; show_border=&#8220;off&#8220; admin_label=&#8220;SIDEBAR DESIGN&#8220; _builder_version=&#8220;3.15&#8243; saved_tabs=&#8220;all&#8220;]&nbsp;<br \/>\n[\/et_pb_sidebar][\/et_pb_column][\/et_pb_section]<\/p>","protected":false},"excerpt":{"rendered":"<p>Datenschutzerkl\u00e4rung Nachfolgend m\u00f6chten wir Sie \u00fcber die Art, den Umfang und die Zwecke der Erhebung und Verwendung personenbezogener Daten auf unserer Webseite informieren. Dieser Internetauftritt wurde unter Einsatz des Content-Management-Systems [&hellip;]<\/p>","protected":false},"author":1,"featured_media":0,"parent":0,"menu_order":0,"comment_status":"closed","ping_status":"closed","template":"","meta":{"_acf_changed":false,"_et_pb_use_builder":"on","_et_pb_old_content":"","_et_gb_content_width":"","footnotes":""},"class_list":["post-3653","page","type-page","status-publish","hentry"],"acf":[],"yoast_head":"<!-- This site is optimized with the Yoast SEO plugin v25.6 - https:\/\/yoast.com\/wordpress\/plugins\/seo\/ -->\n<title>Datenschutz - Institut f\u00fcr Sozialforschung und Sozialwirtschaft (iso)<\/title>\n<meta name=\"robots\" content=\"index, follow, max-snippet:-1, max-image-preview:large, max-video-preview:-1\" \/>\n<link rel=\"canonical\" href=\"https:\/\/www.iso-institut.de\/en\/datenschutz\/\" \/>\n<meta property=\"og:locale\" content=\"en_GB\" \/>\n<meta property=\"og:type\" content=\"article\" \/>\n<meta property=\"og:title\" content=\"Datenschutz - Institut f\u00fcr Sozialforschung und Sozialwirtschaft (iso)\" \/>\n<meta property=\"og:description\" content=\"Datenschutzerkl\u00e4rung Nachfolgend m\u00f6chten wir Sie \u00fcber die Art, den Umfang und die Zwecke der Erhebung und Verwendung personenbezogener Daten auf unserer Webseite informieren. Dieser Internetauftritt wurde unter Einsatz des Content-Management-Systems [&hellip;]\" \/>\n<meta property=\"og:url\" content=\"https:\/\/www.iso-institut.de\/en\/datenschutz\/\" \/>\n<meta property=\"og:site_name\" content=\"Institut f\u00fcr Sozialforschung und Sozialwirtschaft (iso)\" \/>\n<meta property=\"article:publisher\" content=\"https:\/\/www.facebook.com\/isoInstitut\/\" \/>\n<meta property=\"article:modified_time\" content=\"2021-02-19T09:13:59+00:00\" \/>\n<meta name=\"twitter:card\" content=\"summary_large_image\" \/>\n<meta name=\"twitter:label1\" content=\"Estimated reading time\" \/>\n\t<meta name=\"twitter:data1\" content=\"5 minutes\" \/>\n<script type=\"application\/ld+json\" class=\"yoast-schema-graph\">{\"@context\":\"https:\/\/schema.org\",\"@graph\":[{\"@type\":\"WebPage\",\"@id\":\"https:\/\/www.iso-institut.de\/datenschutz\/\",\"url\":\"https:\/\/www.iso-institut.de\/datenschutz\/\",\"name\":\"Datenschutz - Institut f\u00fcr Sozialforschung und Sozialwirtschaft (iso)\",\"isPartOf\":{\"@id\":\"https:\/\/www.iso-institut.de\/#website\"},\"datePublished\":\"2018-11-29T11:14:08+00:00\",\"dateModified\":\"2021-02-19T09:13:59+00:00\",\"breadcrumb\":{\"@id\":\"https:\/\/www.iso-institut.de\/datenschutz\/#breadcrumb\"},\"inLanguage\":\"en-GB\",\"potentialAction\":[{\"@type\":\"ReadAction\",\"target\":[\"https:\/\/www.iso-institut.de\/datenschutz\/\"]}]},{\"@type\":\"BreadcrumbList\",\"@id\":\"https:\/\/www.iso-institut.de\/datenschutz\/#breadcrumb\",\"itemListElement\":[{\"@type\":\"ListItem\",\"position\":1,\"name\":\"Startseite\",\"item\":\"https:\/\/www.iso-institut.de\/\"},{\"@type\":\"ListItem\",\"position\":2,\"name\":\"Datenschutz\"}]},{\"@type\":\"WebSite\",\"@id\":\"https:\/\/www.iso-institut.de\/#website\",\"url\":\"https:\/\/www.iso-institut.de\/\",\"name\":\"Institut f\u00fcr Sozialforschung und Sozialwirtschaft (iso)\",\"description\":\"Die gr\u00f6\u00dfte selbst\u00e4ndige und unabh\u00e4ngige sozialwissenschaftliche Forschungseinrichtung im S\u00fcdwesten Deutschlands\",\"potentialAction\":[{\"@type\":\"SearchAction\",\"target\":{\"@type\":\"EntryPoint\",\"urlTemplate\":\"https:\/\/www.iso-institut.de\/?s={search_term_string}\"},\"query-input\":{\"@type\":\"PropertyValueSpecification\",\"valueRequired\":true,\"valueName\":\"search_term_string\"}}],\"inLanguage\":\"en-GB\"}]}<\/script>\n<!-- \/ Yoast SEO plugin. -->","yoast_head_json":{"title":"Datenschutz - Institut f\u00fcr Sozialforschung und Sozialwirtschaft (iso)","robots":{"index":"index","follow":"follow","max-snippet":"max-snippet:-1","max-image-preview":"max-image-preview:large","max-video-preview":"max-video-preview:-1"},"canonical":"https:\/\/www.iso-institut.de\/en\/datenschutz\/","og_locale":"en_GB","og_type":"article","og_title":"Datenschutz - Institut f\u00fcr Sozialforschung und Sozialwirtschaft (iso)","og_description":"Datenschutzerkl\u00e4rung Nachfolgend m\u00f6chten wir Sie \u00fcber die Art, den Umfang und die Zwecke der Erhebung und Verwendung personenbezogener Daten auf unserer Webseite informieren. Dieser Internetauftritt wurde unter Einsatz des Content-Management-Systems [&hellip;]","og_url":"https:\/\/www.iso-institut.de\/en\/datenschutz\/","og_site_name":"Institut f\u00fcr Sozialforschung und Sozialwirtschaft (iso)","article_publisher":"https:\/\/www.facebook.com\/isoInstitut\/","article_modified_time":"2021-02-19T09:13:59+00:00","twitter_card":"summary_large_image","twitter_misc":{"Estimated reading time":"5 minutes"},"schema":{"@context":"https:\/\/schema.org","@graph":[{"@type":"WebPage","@id":"https:\/\/www.iso-institut.de\/datenschutz\/","url":"https:\/\/www.iso-institut.de\/datenschutz\/","name":"Datenschutz - Institut f\u00fcr Sozialforschung und Sozialwirtschaft (iso)","isPartOf":{"@id":"https:\/\/www.iso-institut.de\/#website"},"datePublished":"2018-11-29T11:14:08+00:00","dateModified":"2021-02-19T09:13:59+00:00","breadcrumb":{"@id":"https:\/\/www.iso-institut.de\/datenschutz\/#breadcrumb"},"inLanguage":"en-GB","potentialAction":[{"@type":"ReadAction","target":["https:\/\/www.iso-institut.de\/datenschutz\/"]}]},{"@type":"BreadcrumbList","@id":"https:\/\/www.iso-institut.de\/datenschutz\/#breadcrumb","itemListElement":[{"@type":"ListItem","position":1,"name":"Startseite","item":"https:\/\/www.iso-institut.de\/"},{"@type":"ListItem","position":2,"name":"Datenschutz"}]},{"@type":"WebSite","@id":"https:\/\/www.iso-institut.de\/#website","url":"https:\/\/www.iso-institut.de\/","name":"Institut f\u00fcr Sozialforschung und Sozialwirtschaft (iso)","description":"Die gr\u00f6\u00dfte selbst\u00e4ndige und unabh\u00e4ngige sozialwissenschaftliche Forschungseinrichtung im S\u00fcdwesten Deutschlands","potentialAction":[{"@type":"SearchAction","target":{"@type":"EntryPoint","urlTemplate":"https:\/\/www.iso-institut.de\/?s={search_term_string}"},"query-input":{"@type":"PropertyValueSpecification","valueRequired":true,"valueName":"search_term_string"}}],"inLanguage":"en-GB"}]}},"_links":{"self":[{"href":"https:\/\/www.iso-institut.de\/en\/wp-json\/wp\/v2\/pages\/3653"}],"collection":[{"href":"https:\/\/www.iso-institut.de\/en\/wp-json\/wp\/v2\/pages"}],"about":[{"href":"https:\/\/www.iso-institut.de\/en\/wp-json\/wp\/v2\/types\/page"}],"author":[{"embeddable":true,"href":"https:\/\/www.iso-institut.de\/en\/wp-json\/wp\/v2\/users\/1"}],"replies":[{"embeddable":true,"href":"https:\/\/www.iso-institut.de\/en\/wp-json\/wp\/v2\/comments?post=3653"}],"version-history":[{"count":2,"href":"https:\/\/www.iso-institut.de\/en\/wp-json\/wp\/v2\/pages\/3653\/revisions"}],"predecessor-version":[{"id":8901,"href":"https:\/\/www.iso-institut.de\/en\/wp-json\/wp\/v2\/pages\/3653\/revisions\/8901"}],"wp:attachment":[{"href":"https:\/\/www.iso-institut.de\/en\/wp-json\/wp\/v2\/media?parent=3653"}],"curies":[{"name":"wp","href":"https:\/\/api.w.org\/{rel}","templated":true}]}}