{"id":6058,"date":"2019-10-30T10:24:05","date_gmt":"2019-10-30T09:24:05","guid":{"rendered":"https:\/\/www.iso-institut.de\/?page_id=6058"},"modified":"2019-10-30T10:52:01","modified_gmt":"2019-10-30T09:52:01","slug":"gute-schichtarbeit-in-gesunden-organisationen-gusago","status":"publish","type":"page","link":"https:\/\/www.iso-institut.de\/en\/gute-schichtarbeit-in-gesunden-organisationen-gusago\/","title":{"rendered":"Gute Schichtarbeit in gesunden Organisationen (GuSagO)"},"content":{"rendered":"<p>[et_pb_section bb_built=&#8220;1&#8243; inner_shadow=&#8220;on&#8220; fullwidth=&#8220;on&#8220; _builder_version=&#8220;3.15&#8243; background_color=&#8220;#2ea3f2&#8243; use_background_color_gradient=&#8220;on&#8220; background_color_gradient_start=&#8220;#2ea3f2&#8243; background_color_gradient_end=&#8220;#2e6df4&#8243; background_color_gradient_direction=&#8220;330deg&#8220; custom_padding=&#8220;0px|0px|0|0px|false|false&#8220; next_background_color=&#8220;#ffffff&#8220;][et_pb_fullwidth_header admin_label=&#8220;Vollbreite Kopfzeile &#8211; GuSagO&#8220; title=&#8220;\u201eGute Schichtarbeit in gesunden Organisationen\u201c (GuSagO) &#8220; subhead=&#8220;Zwei Ver\u00f6ffentlichungen&#8220; _builder_version=&#8220;3.18.9&#8243; custom_margin=&#8220;-40px||-40px||true&#8220; button_one_text_size__hover_enabled=&#8220;off&#8220; button_one_text_size__hover=&#8220;null&#8220; button_two_text_size__hover_enabled=&#8220;off&#8220; button_two_text_size__hover=&#8220;null&#8220; button_one_text_color__hover_enabled=&#8220;off&#8220; button_one_text_color__hover=&#8220;null&#8220; button_two_text_color__hover_enabled=&#8220;off&#8220; button_two_text_color__hover=&#8220;null&#8220; button_one_border_width__hover_enabled=&#8220;off&#8220; button_one_border_width__hover=&#8220;null&#8220; button_two_border_width__hover_enabled=&#8220;off&#8220; button_two_border_width__hover=&#8220;null&#8220; button_one_border_color__hover_enabled=&#8220;off&#8220; button_one_border_color__hover=&#8220;null&#8220; button_two_border_color__hover_enabled=&#8220;off&#8220; button_two_border_color__hover=&#8220;null&#8220; button_one_border_radius__hover_enabled=&#8220;off&#8220; button_one_border_radius__hover=&#8220;null&#8220; button_two_border_radius__hover_enabled=&#8220;off&#8220; button_two_border_radius__hover=&#8220;null&#8220; button_one_letter_spacing__hover_enabled=&#8220;off&#8220; button_one_letter_spacing__hover=&#8220;null&#8220; button_two_letter_spacing__hover_enabled=&#8220;off&#8220; button_two_letter_spacing__hover=&#8220;null&#8220; button_one_bg_color__hover_enabled=&#8220;off&#8220; button_one_bg_color__hover=&#8220;null&#8220; button_two_bg_color__hover_enabled=&#8220;off&#8220; button_two_bg_color__hover=&#8220;null&#8220; \/][\/et_pb_section][et_pb_section bb_built=&#8220;1&#8243; specialty=&#8220;on&#8220; _builder_version=&#8220;3.0.47&#8243; custom_padding=&#8220;54px|0px|0|0px|false|false&#8220; prev_background_color=&#8220;#2ea3f2&#8243;][et_pb_column type=&#8220;3_4&#8243; specialty_columns=&#8220;3&#8243;][et_pb_row_inner _builder_version=&#8220;3.15&#8243;][et_pb_column_inner type=&#8220;4_4&#8243; saved_specialty_column_type=&#8220;3_4&#8243;][et_pb_text admin_label=&#8220;Text &#8211; Handlungshilfe f\u00fcr betriebliche Praktiker erschienen&#8220; _builder_version=&#8220;3.18.9&#8243; header_font=&#8220;Verdana||||||||&#8220; header_text_align=&#8220;left&#8220; header_text_color=&#8220;#213e64&#8243; background_size=&#8220;initial&#8220; background_position=&#8220;top_left&#8220; background_repeat=&#8220;repeat&#8220; custom_margin=&#8220;-30px|0px|-30px|0px|true|true&#8220; custom_padding=&#8220;0px||0px||true&#8220; inline_fonts=&#8220;Verdana&#8220;]<\/p>\n<h3 style=\"text-align: justify;\"><strong>Schichtarbeit gut gestalten \u2013 Handlungshilfe f\u00fcr betriebliche Praktiker erschienen\u00a0 \u00a0 \u00a0<\/strong><\/h3>\n<p><strong>Schichtarbeit ist weit verbreitet, beeintr\u00e4chtigt jedoch h\u00e4ufig das soziale Leben und die Gesundheit der Besch\u00e4ftigten. Unternehmen stehen vor der Frage, wie sie die Arbeitsf\u00e4higkeit ihrer \u00e4lter werdenden Mitarbeiter f\u00f6rdern und angesichts knapper Fachkr\u00e4fte einen leistungsf\u00e4higen Schichtbetrieb sichern k\u00f6nnen. Doch auf welchem Wege sollen Ma\u00dfnahmen erfolgversprechend angegangen werden? Wie k\u00f6nnen Mitarbeiter und F\u00fchrungskr\u00e4fte daf\u00fcr gewonnen und unterschiedliche Interessen ausbalanciert werden? Diese Gestaltungsfragen greift eine aktuell erschienene Handlungshilfe des Saarbr\u00fccker iso-Instituts auf. Sie will Praktikerinnen und Praktiker dabei unterst\u00fctzen, die Gestaltung von Schichtarbeit im Betrieb systematisch und erfolgreich umzusetzen. <\/strong><\/p>\n<p>Immer mehr Menschen arbeiten im Schicht- und Nachtdienst. Die gesundheitlichen Belastungen der Schichtarbeit sind in vielen arbeitsmedizinischen Studien beschrieben worden. Dar\u00fcber hinaus wird der Alltag der Besch\u00e4ftigten durch den Schichtplan gepr\u00e4gt, mit Folgen f\u00fcr das soziale und famili\u00e4re Leben. Unternehmen wiederum stehen vor der Frage, wie sie die Arbeitsf\u00e4higkeit ihrer Schichtarbeitenden langfristig erhalten und auch mit \u00e4lter werdenden Belegschaften einen leistungsf\u00e4higen Schichtbetrieb organisieren k\u00f6nnen. Die aktuell vorgelegte Handlungshilfe setzt an dieser Herausforderung an. Sie beschreibt Ans\u00e4tze und Wege, wie Ma\u00dfnahmen zur Gestaltung von Schichtarbeit im Betrieb entwickelt, erprobt und umgesetzt werden k\u00f6nnen.<\/p>\n<p>Die Brosch\u00fcre ist im Rahmen des von der Initiative Neue Qualit\u00e4t der Arbeit (INQA) gef\u00f6rderten Modellvorhabens \u201eGute Schichtarbeit in gesunden Organisationen\u201c entstanden. Sie unterscheidet sich von anderen Ratgebern zu ergonomischen Schichtpl\u00e4nen oder zum individuellen Umgang mit der Schichtarbeit dadurch, dass sie keine L\u00f6sungen \u201evon der Stange\u201c darbietet, sondern die Vorgehensweise bei der Umsetzung von Ma\u00dfnahmen in den Mittelpunkt stellt. In insgesamt sechs Abschnitten werden zentrale Fragen von Gestaltungsprozessen behandelt:<\/p>\n<ul>\n<li>Wie gehen wir vor? Hierbei geht es um die Reflexion der Handlungsbedingungen und Umsetzungschancen, die in jedem Betrieb unterschiedlich sind.<\/li>\n<li>Wo stehen wir? Die handelnden Akteure werden unterst\u00fctzt, eine systematische Analyse zur Grundlage von betrieblichen Projekten zu machen.<\/li>\n<li>Wie starten wir? Die inhaltliche Priorisierung, die Einbeziehung wichtiger \u201ePlayer\u201c im Betrieb sowie die Ber\u00fccksichtigung m\u00f6glicher Zielkonflikte sind entscheidend f\u00fcr die Erfolgschancen von Ma\u00dfnahmen. Praxisbeispiele aus den Partnerunternehmen des Modellvorhabens zeigen unterschiedliche Handlungsans\u00e4tze.<\/li>\n<li>Was haben wir erreicht und wie geht es weiter? Die Brosch\u00fcre zeigt Instrumente der Erfolgs\u00fcberpr\u00fcfung und Wege der Verstetigung von Ma\u00dfnahmen, damit Projekte, die mit viel Engagement gestartet wurden, am Ende nicht im Sande verlaufen.<\/li>\n<\/ul>\n<p>Im Anhang ist ein umfangreiches Workshopkonzept enthalten, mit dessen Hilfe Schichtbesch\u00e4ftigte sensibilisiert und aktiv in die Entwicklung von Handlungsans\u00e4tzen einbezogen werden k\u00f6nnen. Eine Anleitung zur Durchf\u00fchrung einer betrieblichen Altersstrukturanalyse rundet die Brosch\u00fcre ab.<\/p>\n<p>Die Brosch\u00fcre mit einem Umfang von 100 Seiten kann als Druckversion kostenfrei \u00fcber INQA (<a href=\"http:\/\/www.inqa.de\">www.inqa.de<\/a>) oder das iso-Institut (<a href=\"mailto:kontakt@iso-institut.de\">kontakt@iso-institut.de<\/a>) bestellt oder als Datei heruntergeladen werden.<\/p>\n<p>Volker Hielscher; Elena Kreutzer, Ingrid Matth\u00e4i (2019): Schichtarbeit gut gestalten. Handlungshilfe f\u00fcr Praktikerinnen und Praktiker im Betrieb. Saarbr\u00fccken, ISBN 978-3-935084-39-0<\/p>\n<p>[\/et_pb_text][et_pb_image src=&#8220;https:\/\/www.iso-institut.de\/wp-content\/uploads\/2019\/10\/2019-10-28-PM-SHG-VK-Projekt-Schichtarbeit-Abschlussbericht.jpg&#8220; align=&#8220;center&#8220; force_fullwidth=&#8220;on&#8220; _builder_version=&#8220;3.18.9&#8243; background_color=&#8220;#7f8b8e&#8220; custom_margin=&#8220;59px||-17px|&#8220; custom_padding=&#8220;|192px||192px||true&#8220;]<\/p>\n<p>[\/et_pb_image][et_pb_text _builder_version=&#8220;3.18.9&#8243; custom_margin=&#8220;20px|||&#8220; inline_fonts=&#8220;Verdana&#8220;]<\/p>\n<p>Das von der Initiative Neue Qualit\u00e4t der Arbeit gef\u00f6rderte Projekt \u201eGute Schichtarbeit in gesunden Organisationen\u201c (GuSagO) wurde in diesem Sommer erfolgreich abgeschlossen. Die SHG-Kliniken V\u00f6lklingen waren einer der Verbundpartner, bei denen Ma\u00dfnahmen f\u00fcr eine bessere Gestaltung der Schichtarbeit entwickelt wurden. Dr. Elena Kreutzer und Dr. Volker Hielscher vom Saarbr\u00fccker iso-Institut \u00fcbergaben das im Projekt erarbeitete Buch sowie eine Brosch\u00fcre mit Handlungsempfehlungen an Verwaltungsdirektor Edgar Mertes.\u00a0 \u00a0 \u00a0 \u00a0<\/p>\n<p>Foto: Harald Kiefer\/SHG<\/p>\n<p>[\/et_pb_text][\/et_pb_column_inner][\/et_pb_row_inner][et_pb_row_inner admin_label=&#8220;Liste&#8220; use_custom_gutter=&#8220;on&#8220; gutter_width=&#8220;1&#8243; make_equal=&#8220;on&#8220; _builder_version=&#8220;3.15&#8243;][et_pb_column_inner type=&#8220;4_4&#8243; saved_specialty_column_type=&#8220;3_4&#8243;][et_pb_blurb admin_label=&#8220;Ver\u00f6ffentlichungen&#8220; title=&#8220;Ver\u00f6ffentlichungen&#8220; url=&#8220;https:\/\/www.aerztezeitung.de\/medizin\/krankheiten\/demenz\/article\/962525\/gesundheitsnetzwerker-preis-intersektorales-demenz-projekt.html&#8220; url_new_window=&#8220;on&#8220; use_icon=&#8220;on&#8220; font_icon=&#8220;%%57%%&#8220; icon_placement=&#8220;left&#8220; content_max_width=&#8220;1100px&#8220; image_max_width_phone=&#8220;50px&#8220; image_max_width_last_edited=&#8220;off|desktop&#8220; _builder_version=&#8220;3.18.9&#8243; header_font=&#8220;|600|||||||&#8220; header_text_color=&#8220;#213e64&#8243; header_font_size_phone=&#8220;15px&#8220; header_font_size_last_edited=&#8220;on|phone&#8220; header_line_height=&#8220;1.6em&#8220; body_font_size=&#8220;15px&#8220; body_line_height=&#8220;2em&#8220; body_line_height_phone=&#8220;1.6em&#8220; body_line_height_last_edited=&#8220;on|phone&#8220; saved_tabs=&#8220;all&#8220;]<\/p>\n<p><a href=\"https:\/\/www.iso-institut.de\/en\/mitarbeiter-hielscher\/\" target=\"_blank\" rel=\"noopener noreferrer\">Hielscher, Volker<\/a>;\u00a0<a href=\"https:\/\/www.iso-institut.de\/en\/mitarbeiter-kreutzer\/\" target=\"_blank\" rel=\"noopener noreferrer\">Kreutzer, Elena<\/a>;\u00a0<a href=\"https:\/\/www.iso-institut.de\/en\/mitarbeiter-matthaei\/\" target=\"_blank\" rel=\"noopener noreferrer\">Matth\u00e4i, Ingrid<\/a>\u00a0(2019):\u00a0<a href=\"https:\/\/www.iso-institut.de\/wp-content\/uploads\/2019\/07\/Broschuere-GUSAGO-19-07-03-100-Seiten.pdf\" target=\"_blank\" rel=\"noopener noreferrer\">Schichtarbeit gut gestalten. Handlungshilfe f\u00fcr Praktikerinnen und Praktiker im Betrieb. Saarbr\u00fccken: Institut f\u00fcr Sozialforschung und Sozialwirtschaft.<\/a><\/p>\n<p><a href=\"https:\/\/www.iso-institut.de\/en\/mitarbeiter-hielscher\/\" target=\"_blank\" rel=\"noopener noreferrer\">Hielscher, Volker,<\/a>\u00a0<a href=\"https:\/\/www.iso-institut.de\/en\/mitarbeiter-kreutzer\/\" target=\"_blank\" rel=\"noopener noreferrer\">Kreutzer, Elena<\/a>;\u00a0<a href=\"https:\/\/www.iso-institut.de\/en\/mitarbeiter-matthaei\/\" target=\"_blank\" rel=\"noopener noreferrer\">Matth\u00e4i, Ingrid<\/a>\u00a0(2019):\u00a0<a href=\"https:\/\/www.iso-institut.de\/wp-content\/uploads\/2019\/07\/2019-07-Studie-prekaere-Arbeitswelt-FLYER-Bestellung.pdf\" target=\"_blank\" rel=\"noopener noreferrer\">Schichtarbeit unter Ver\u00e4nderungsdruck. Praxiserfahrungen \u2013 Herausforderungen \u2013 Zielkonflikte. Baden-Baden: Nomos Verlagsges.\u00a0 \u00a0<\/a>\u00a0\u00a0 \u00a0<\/p>\n<p>[\/et_pb_blurb][\/et_pb_column_inner][\/et_pb_row_inner][\/et_pb_column][et_pb_column type=&#8220;1_4&#8243;][\/et_pb_column][\/et_pb_section]<\/p>","protected":false},"excerpt":{"rendered":"<p>Schichtarbeit gut gestalten \u2013 Handlungshilfe f\u00fcr betriebliche Praktiker erschienen\u00a0 \u00a0 \u00a0 Schichtarbeit ist weit verbreitet, beeintr\u00e4chtigt jedoch h\u00e4ufig das soziale Leben und die Gesundheit der Besch\u00e4ftigten. Unternehmen stehen vor der [&hellip;]<\/p>","protected":false},"author":1,"featured_media":0,"parent":0,"menu_order":0,"comment_status":"closed","ping_status":"closed","template":"","meta":{"_acf_changed":false,"_et_pb_use_builder":"on","_et_pb_old_content":"","_et_gb_content_width":"","footnotes":""},"class_list":["post-6058","page","type-page","status-publish","hentry"],"acf":[],"yoast_head":"<!-- This site is optimized with the Yoast SEO plugin v25.6 - https:\/\/yoast.com\/wordpress\/plugins\/seo\/ -->\n<title>Gute Schichtarbeit in gesunden Organisationen (GuSagO) - Institut f\u00fcr Sozialforschung und Sozialwirtschaft (iso)<\/title>\n<meta name=\"robots\" content=\"index, follow, max-snippet:-1, max-image-preview:large, max-video-preview:-1\" \/>\n<link rel=\"canonical\" href=\"https:\/\/www.iso-institut.de\/en\/gute-schichtarbeit-in-gesunden-organisationen-gusago\/\" \/>\n<meta property=\"og:locale\" content=\"en_GB\" \/>\n<meta property=\"og:type\" content=\"article\" \/>\n<meta property=\"og:title\" content=\"Gute Schichtarbeit in gesunden Organisationen (GuSagO) - Institut f\u00fcr Sozialforschung und Sozialwirtschaft (iso)\" \/>\n<meta property=\"og:description\" content=\"Schichtarbeit gut gestalten \u2013 Handlungshilfe f\u00fcr betriebliche Praktiker erschienen\u00a0 \u00a0 \u00a0 Schichtarbeit ist weit verbreitet, beeintr\u00e4chtigt jedoch h\u00e4ufig das soziale Leben und die Gesundheit der Besch\u00e4ftigten. Unternehmen stehen vor der [&hellip;]\" \/>\n<meta property=\"og:url\" content=\"https:\/\/www.iso-institut.de\/en\/gute-schichtarbeit-in-gesunden-organisationen-gusago\/\" \/>\n<meta property=\"og:site_name\" content=\"Institut f\u00fcr Sozialforschung und Sozialwirtschaft (iso)\" \/>\n<meta property=\"article:publisher\" content=\"https:\/\/www.facebook.com\/isoInstitut\/\" \/>\n<meta property=\"article:modified_time\" content=\"2019-10-30T09:52:01+00:00\" \/>\n<meta name=\"twitter:card\" content=\"summary_large_image\" \/>\n<meta name=\"twitter:label1\" content=\"Estimated reading time\" \/>\n\t<meta name=\"twitter:data1\" content=\"6 minutes\" \/>\n<script type=\"application\/ld+json\" class=\"yoast-schema-graph\">{\"@context\":\"https:\/\/schema.org\",\"@graph\":[{\"@type\":\"WebPage\",\"@id\":\"https:\/\/www.iso-institut.de\/gute-schichtarbeit-in-gesunden-organisationen-gusago\/\",\"url\":\"https:\/\/www.iso-institut.de\/gute-schichtarbeit-in-gesunden-organisationen-gusago\/\",\"name\":\"Gute Schichtarbeit in gesunden Organisationen (GuSagO) - Institut f\u00fcr Sozialforschung und Sozialwirtschaft (iso)\",\"isPartOf\":{\"@id\":\"https:\/\/www.iso-institut.de\/#website\"},\"datePublished\":\"2019-10-30T09:24:05+00:00\",\"dateModified\":\"2019-10-30T09:52:01+00:00\",\"breadcrumb\":{\"@id\":\"https:\/\/www.iso-institut.de\/gute-schichtarbeit-in-gesunden-organisationen-gusago\/#breadcrumb\"},\"inLanguage\":\"en-GB\",\"potentialAction\":[{\"@type\":\"ReadAction\",\"target\":[\"https:\/\/www.iso-institut.de\/gute-schichtarbeit-in-gesunden-organisationen-gusago\/\"]}]},{\"@type\":\"BreadcrumbList\",\"@id\":\"https:\/\/www.iso-institut.de\/gute-schichtarbeit-in-gesunden-organisationen-gusago\/#breadcrumb\",\"itemListElement\":[{\"@type\":\"ListItem\",\"position\":1,\"name\":\"Startseite\",\"item\":\"https:\/\/www.iso-institut.de\/\"},{\"@type\":\"ListItem\",\"position\":2,\"name\":\"Gute Schichtarbeit in gesunden Organisationen (GuSagO)\"}]},{\"@type\":\"WebSite\",\"@id\":\"https:\/\/www.iso-institut.de\/#website\",\"url\":\"https:\/\/www.iso-institut.de\/\",\"name\":\"Institut f\u00fcr Sozialforschung und Sozialwirtschaft (iso)\",\"description\":\"Die gr\u00f6\u00dfte selbst\u00e4ndige und unabh\u00e4ngige sozialwissenschaftliche Forschungseinrichtung im S\u00fcdwesten Deutschlands\",\"potentialAction\":[{\"@type\":\"SearchAction\",\"target\":{\"@type\":\"EntryPoint\",\"urlTemplate\":\"https:\/\/www.iso-institut.de\/?s={search_term_string}\"},\"query-input\":{\"@type\":\"PropertyValueSpecification\",\"valueRequired\":true,\"valueName\":\"search_term_string\"}}],\"inLanguage\":\"en-GB\"}]}<\/script>\n<!-- \/ Yoast SEO plugin. -->","yoast_head_json":{"title":"Gute Schichtarbeit in gesunden Organisationen (GuSagO) - Institut f\u00fcr Sozialforschung und Sozialwirtschaft (iso)","robots":{"index":"index","follow":"follow","max-snippet":"max-snippet:-1","max-image-preview":"max-image-preview:large","max-video-preview":"max-video-preview:-1"},"canonical":"https:\/\/www.iso-institut.de\/en\/gute-schichtarbeit-in-gesunden-organisationen-gusago\/","og_locale":"en_GB","og_type":"article","og_title":"Gute Schichtarbeit in gesunden Organisationen (GuSagO) - Institut f\u00fcr Sozialforschung und Sozialwirtschaft (iso)","og_description":"Schichtarbeit gut gestalten \u2013 Handlungshilfe f\u00fcr betriebliche Praktiker erschienen\u00a0 \u00a0 \u00a0 Schichtarbeit ist weit verbreitet, beeintr\u00e4chtigt jedoch h\u00e4ufig das soziale Leben und die Gesundheit der Besch\u00e4ftigten. Unternehmen stehen vor der [&hellip;]","og_url":"https:\/\/www.iso-institut.de\/en\/gute-schichtarbeit-in-gesunden-organisationen-gusago\/","og_site_name":"Institut f\u00fcr Sozialforschung und Sozialwirtschaft (iso)","article_publisher":"https:\/\/www.facebook.com\/isoInstitut\/","article_modified_time":"2019-10-30T09:52:01+00:00","twitter_card":"summary_large_image","twitter_misc":{"Estimated reading time":"6 minutes"},"schema":{"@context":"https:\/\/schema.org","@graph":[{"@type":"WebPage","@id":"https:\/\/www.iso-institut.de\/gute-schichtarbeit-in-gesunden-organisationen-gusago\/","url":"https:\/\/www.iso-institut.de\/gute-schichtarbeit-in-gesunden-organisationen-gusago\/","name":"Gute Schichtarbeit in gesunden Organisationen (GuSagO) - Institut f\u00fcr Sozialforschung und Sozialwirtschaft (iso)","isPartOf":{"@id":"https:\/\/www.iso-institut.de\/#website"},"datePublished":"2019-10-30T09:24:05+00:00","dateModified":"2019-10-30T09:52:01+00:00","breadcrumb":{"@id":"https:\/\/www.iso-institut.de\/gute-schichtarbeit-in-gesunden-organisationen-gusago\/#breadcrumb"},"inLanguage":"en-GB","potentialAction":[{"@type":"ReadAction","target":["https:\/\/www.iso-institut.de\/gute-schichtarbeit-in-gesunden-organisationen-gusago\/"]}]},{"@type":"BreadcrumbList","@id":"https:\/\/www.iso-institut.de\/gute-schichtarbeit-in-gesunden-organisationen-gusago\/#breadcrumb","itemListElement":[{"@type":"ListItem","position":1,"name":"Startseite","item":"https:\/\/www.iso-institut.de\/"},{"@type":"ListItem","position":2,"name":"Gute Schichtarbeit in gesunden Organisationen (GuSagO)"}]},{"@type":"WebSite","@id":"https:\/\/www.iso-institut.de\/#website","url":"https:\/\/www.iso-institut.de\/","name":"Institut f\u00fcr Sozialforschung und Sozialwirtschaft (iso)","description":"Die gr\u00f6\u00dfte selbst\u00e4ndige und unabh\u00e4ngige sozialwissenschaftliche Forschungseinrichtung im S\u00fcdwesten Deutschlands","potentialAction":[{"@type":"SearchAction","target":{"@type":"EntryPoint","urlTemplate":"https:\/\/www.iso-institut.de\/?s={search_term_string}"},"query-input":{"@type":"PropertyValueSpecification","valueRequired":true,"valueName":"search_term_string"}}],"inLanguage":"en-GB"}]}},"_links":{"self":[{"href":"https:\/\/www.iso-institut.de\/en\/wp-json\/wp\/v2\/pages\/6058"}],"collection":[{"href":"https:\/\/www.iso-institut.de\/en\/wp-json\/wp\/v2\/pages"}],"about":[{"href":"https:\/\/www.iso-institut.de\/en\/wp-json\/wp\/v2\/types\/page"}],"author":[{"embeddable":true,"href":"https:\/\/www.iso-institut.de\/en\/wp-json\/wp\/v2\/users\/1"}],"replies":[{"embeddable":true,"href":"https:\/\/www.iso-institut.de\/en\/wp-json\/wp\/v2\/comments?post=6058"}],"version-history":[{"count":3,"href":"https:\/\/www.iso-institut.de\/en\/wp-json\/wp\/v2\/pages\/6058\/revisions"}],"predecessor-version":[{"id":6069,"href":"https:\/\/www.iso-institut.de\/en\/wp-json\/wp\/v2\/pages\/6058\/revisions\/6069"}],"wp:attachment":[{"href":"https:\/\/www.iso-institut.de\/en\/wp-json\/wp\/v2\/media?parent=6058"}],"curies":[{"name":"wp","href":"https:\/\/api.w.org\/{rel}","templated":true}]}}