{"id":6273,"date":"2020-02-10T16:27:14","date_gmt":"2020-02-10T15:27:14","guid":{"rendered":"https:\/\/www.iso-institut.de\/?page_id=6273"},"modified":"2026-01-15T11:14:46","modified_gmt":"2026-01-15T10:14:46","slug":"mitarbeiter-schmitt","status":"publish","type":"page","link":"https:\/\/www.iso-institut.de\/en\/mitarbeiter-schmitt\/","title":{"rendered":"Mitarbeiter Schmitt"},"content":{"rendered":"<p>[et_pb_section fb_built=&#8220;1&#8243; inner_shadow=&#8220;on&#8220; fullwidth=&#8220;on&#8220; _builder_version=&#8220;4.16&#8243; background_color=&#8220;#2ea3f2&#8243; use_background_color_gradient=&#8220;on&#8220; background_color_gradient_direction=&#8220;330deg&#8220; background_color_gradient_stops=&#8220;#2ea3f2 0%|#2e6df4 100%&#8220; background_color_gradient_start=&#8220;#2ea3f2&#8243; background_color_gradient_end=&#8220;#2e6df4&#8243; custom_margin=&#8220;-30px||-30px||true&#8220; custom_margin_tablet=&#8220;&#8220; custom_margin_phone=&#8220;&#8220; custom_margin_last_edited=&#8220;on|desktop&#8220; custom_padding=&#8220;0|0px|0|0px|false|false&#8220; global_colors_info=&#8220;{}&#8220;][et_pb_fullwidth_header title=&#8220;Melanie Schmitt&#8220; subhead=&#8220;Wissenschaftliche Mitarbeiterin&#8220; admin_label=&#8220;Vollbreite Kopfzeile Schmitt&#8220; _builder_version=&#8220;4.16&#8243; custom_margin=&#8220;-40px||-40px||true&#8220; global_colors_info=&#8220;{}&#8220; button_one_text_size__hover_enabled=&#8220;off&#8220; button_one_text_size__hover=&#8220;null&#8220; button_two_text_size__hover_enabled=&#8220;off&#8220; button_two_text_size__hover=&#8220;null&#8220; button_one_text_color__hover_enabled=&#8220;off&#8220; button_one_text_color__hover=&#8220;null&#8220; button_two_text_color__hover_enabled=&#8220;off&#8220; button_two_text_color__hover=&#8220;null&#8220; button_one_border_width__hover_enabled=&#8220;off&#8220; button_one_border_width__hover=&#8220;null&#8220; button_two_border_width__hover_enabled=&#8220;off&#8220; button_two_border_width__hover=&#8220;null&#8220; button_one_border_color__hover_enabled=&#8220;off&#8220; button_one_border_color__hover=&#8220;null&#8220; button_two_border_color__hover_enabled=&#8220;off&#8220; button_two_border_color__hover=&#8220;null&#8220; button_one_border_radius__hover_enabled=&#8220;off&#8220; button_one_border_radius__hover=&#8220;null&#8220; button_two_border_radius__hover_enabled=&#8220;off&#8220; button_two_border_radius__hover=&#8220;null&#8220; button_one_letter_spacing__hover_enabled=&#8220;off&#8220; button_one_letter_spacing__hover=&#8220;null&#8220; button_two_letter_spacing__hover_enabled=&#8220;off&#8220; button_two_letter_spacing__hover=&#8220;null&#8220; button_one_bg_color__hover_enabled=&#8220;off&#8220; button_one_bg_color__hover=&#8220;null&#8220; button_two_bg_color__hover_enabled=&#8220;off&#8220; button_two_bg_color__hover=&#8220;null&#8220;][\/et_pb_fullwidth_header][\/et_pb_section][et_pb_section fb_built=&#8220;1&#8243; specialty=&#8220;on&#8220; _builder_version=&#8220;4.16&#8243; background_color=&#8220;#f2f3f5&#8243; global_colors_info=&#8220;{}&#8220;][et_pb_column type=&#8220;3_4&#8243; specialty_columns=&#8220;3&#8243; _builder_version=&#8220;4.16&#8243; custom_padding=&#8220;|||&#8220; global_colors_info=&#8220;{}&#8220; custom_padding__hover=&#8220;|||&#8220;][et_pb_row_inner column_structure=&#8220;1_2,1_2&#8243; admin_label=&#8220;Text &#038; Bild Schmitt&#8220; _builder_version=&#8220;4.16&#8243; max_width=&#8220;93%&#8220; custom_padding=&#8220;29.6875px|0px|0|0px|false|false&#8220; global_colors_info=&#8220;{}&#8220;][et_pb_column_inner type=&#8220;1_2&#8243; saved_specialty_column_type=&#8220;3_4&#8243; _builder_version=&#8220;4.16&#8243; custom_padding=&#8220;|||&#8220; global_colors_info=&#8220;{}&#8220; custom_padding__hover=&#8220;|||&#8220;][et_pb_team_member name=&#8220;Melanie Schmitt, M.Sc.&#8220; position=&#8220;Wissenschaftliche Mitarbeiterin&#8220; image_url=&#8220;https:\/\/www.iso-institut.de\/wp-content\/uploads\/Melanie-Schmitt-vorlauefig.jpg&#8220; admin_label=&#8220;Person Schmitt&#8220; _builder_version=&#8220;4.16&#8243; max_width=&#8220;61%&#8220; module_alignment=&#8220;left&#8220; global_colors_info=&#8220;{}&#8220;][\/et_pb_team_member][\/et_pb_column_inner][et_pb_column_inner type=&#8220;1_2&#8243; saved_specialty_column_type=&#8220;3_4&#8243; _builder_version=&#8220;4.16&#8243; custom_padding=&#8220;|||&#8220; global_colors_info=&#8220;{}&#8220; custom_padding__hover=&#8220;|||&#8220;][et_pb_text admin_label=&#8220;Daten Schmitt&#8220; _builder_version=&#8220;4.16&#8243; text_text_color=&#8220;#213e64&#8243; header_text_color=&#8220;#213e64&#8243; background_size=&#8220;initial&#8220; background_position=&#8220;top_left&#8220; background_repeat=&#8220;repeat&#8220; inline_fonts=&#8220;Verdana&#8220; global_colors_info=&#8220;{}&#8220;]<\/p>\n<h2><span style=\"font-size: medium; color: #213e64;\"><strong>Tel.: +49 (0) 681 9 54 24 \u2013 21<br \/>Fax: +49 (0) 681 9 54 24 \u2013 27<br \/>Email: <a href=\"mailto:schmitt@iso-institut.de\">schmitt@iso-institut.de<\/a><\/strong><\/span><\/h2>\n<p>[\/et_pb_text][\/et_pb_column_inner][\/et_pb_row_inner][et_pb_row_inner admin_label=&#8220;Zeile&#8220; _builder_version=&#8220;4.16&#8243; global_colors_info=&#8220;{}&#8220;][et_pb_column_inner saved_specialty_column_type=&#8220;3_4&#8243; _builder_version=&#8220;4.16&#8243; custom_padding=&#8220;|||&#8220; global_colors_info=&#8220;{}&#8220; custom_padding__hover=&#8220;|||&#8220;][et_pb_toggle title=&#8220;Arbeitsschwerpunkte&#8220; open=&#8220;on&#8220; closed_toggle_background_color=&#8220;#ffffff&#8220; icon_color=&#8220;#213e64&#8243; open_icon_color=&#8220;#213e64&#8243; admin_label=&#8220;Arbeitsschwerpunkte&#8220; _builder_version=&#8220;4.16&#8243; title_text_color=&#8220;#213e64&#8243; title_font=&#8220;Nunito Sans|600|||||||&#8220; title_line_height=&#8220;1.3em&#8220; body_font=&#8220;Nunito Sans||||||||&#8220; body_text_color=&#8220;#213e64&#8243; body_font_size=&#8220;15px&#8220; custom_margin=&#8220;|||&#8220; custom_padding=&#8220;24px|24px|24px|24px&#8220; border_radii=&#8220;on|4px|4px|4px|4px&#8220; border_width_all=&#8220;0px&#8220; box_shadow_style=&#8220;preset3&#8243; box_shadow_color=&#8220;rgba(34,56,101,0.12)&#8220; use_border_color=&#8220;on&#8220; border_width=&#8220;0px&#8220; global_colors_info=&#8220;{}&#8220;]<\/p>\n<ul>\n<li><span style=\"color: #213e64;\">Demographic Change\u00a0<\/span><\/li>\n<li><span style=\"color: #213e64;\">Work and Health <\/span><\/li>\n<\/ul>\n<p>[\/et_pb_toggle][et_pb_toggle title=&#8220;Ausbildung&#8220; closed_toggle_background_color=&#8220;#ffffff&#8220; icon_color=&#8220;#213e64&#8243; open_icon_color=&#8220;#213e64&#8243; admin_label=&#8220;Ausbildung&#8220; _builder_version=&#8220;4.16&#8243; title_text_color=&#8220;#213e64&#8243; title_font=&#8220;Nunito Sans|600|||||||&#8220; title_line_height=&#8220;1.3em&#8220; body_font=&#8220;Nunito Sans||||||||&#8220; body_text_color=&#8220;#213e64&#8243; body_font_size=&#8220;15px&#8220; custom_margin=&#8220;|||&#8220; custom_padding=&#8220;24px|24px|24px|24px&#8220; border_radii=&#8220;on|4px|4px|4px|4px&#8220; border_width_all=&#8220;0px&#8220; box_shadow_style=&#8220;preset3&#8243; box_shadow_color=&#8220;rgba(34,56,101,0.12)&#8220; use_border_color=&#8220;on&#8220; border_width=&#8220;0px&#8220; global_colors_info=&#8220;{}&#8220;]<\/p>\n<ul>\n<li><span style=\"color: #213e64;\">Studies in Psychology at Saarland University. Degree: Master of Science (2018)<\/span><\/li>\n<li><span style=\"color: #213e64;\">Semester abroad at the Universit\u00e9 Rennes 2 in France (2017)<\/span><\/li>\n<\/ul>\n<p>[\/et_pb_toggle][et_pb_toggle title=&#8220;Berufst\u00e4tigkeit&#8220; closed_toggle_background_color=&#8220;#ffffff&#8220; icon_color=&#8220;#213e64&#8243; open_icon_color=&#8220;#213e64&#8243; admin_label=&#8220;Berufst\u00e4tigkeit&#8220; _builder_version=&#8220;4.16&#8243; title_text_color=&#8220;#213e64&#8243; title_font=&#8220;Nunito Sans|600|||||||&#8220; title_line_height=&#8220;1.3em&#8220; body_font=&#8220;Nunito Sans||||||||&#8220; body_text_color=&#8220;#213e64&#8243; body_font_size=&#8220;15px&#8220; custom_margin=&#8220;|||&#8220; custom_padding=&#8220;24px|24px|24px|24px&#8220; border_radii=&#8220;on|4px|4px|4px|4px&#8220; border_width_all=&#8220;0px&#8220; box_shadow_style=&#8220;preset3&#8243; box_shadow_color=&#8220;rgba(34,56,101,0.12)&#8220; use_border_color=&#8220;on&#8220; border_width=&#8220;0px&#8220; global_colors_info=&#8220;{}&#8220;]<\/p>\n<ul>\n<li><span style=\"color: #213e64;\">Since 2020 Researcher at the Institute for Social Research and Social Economy (iso) e.V. in Saarbr\u00fccken\u00a0 \u00a0 \u00a0<\/span><\/li>\n<li><span style=\"color: #213e64;\">From 2018 to 2020 Analyst in the Research and Analysis Department at Statista in Hamburg<\/span><\/li>\n<li><span style=\"color: #213e64;\">From 2017 to 2018 Intern in Corporate Health Management at Hugo Boss in Metzingen, Germany<\/span><\/li>\n<li><span style=\"color: #213e64;\">From 2014 to 2016 Researcher at Research Unit for the Development of Language, Learning and Action at Saarland University<\/span><\/li>\n<li><span style=\"color: #213e64;\">From 2013 to 2014 Research intern in the Social Psychology Unit at Saarland University<\/span><\/li>\n<\/ul>\n<p>[\/et_pb_toggle][et_pb_toggle title=&#8220;Projekte&#8220; closed_toggle_background_color=&#8220;#ffffff&#8220; icon_color=&#8220;#213e64&#8243; open_icon_color=&#8220;#213e64&#8243; admin_label=&#8220;Projekte&#8220; _builder_version=&#8220;4.24.0&#8243; title_text_color=&#8220;#213e64&#8243; title_font=&#8220;Nunito Sans|600|||||||&#8220; title_line_height=&#8220;1.3em&#8220; body_font=&#8220;Nunito Sans||||||||&#8220; body_text_color=&#8220;#213e64&#8243; body_font_size=&#8220;15px&#8220; custom_margin=&#8220;|||&#8220; custom_padding=&#8220;24px|24px|24px|24px&#8220; border_radii=&#8220;on|4px|4px|4px|4px&#8220; border_width_all=&#8220;0px&#8220; box_shadow_style=&#8220;preset3&#8243; box_shadow_color=&#8220;rgba(34,56,101,0.12)&#8220; use_border_color=&#8220;on&#8220; border_width=&#8220;0px&#8220; global_colors_info=&#8220;{}&#8220;]<\/p>\n<ul>\n<li class=\"et_pb_module_header\"><span style=\"color: #213e64;\"><a style=\"color: #213e64;\" href=\"https:\/\/www.iso-institut.de\/en\/project\/weiterfuehrung-demografie-netzwerk-saar-dns-iv\/\">Continuation of the 'Demografie Netzwerk Saar \u2013 DNS' (IV)<\/a><\/span><\/li>\n<\/ul>\n<p>[\/et_pb_toggle][et_pb_toggle title=&#8220;Ver\u00f6ffentlichungen&#8220; closed_toggle_background_color=&#8220;#ffffff&#8220; icon_color=&#8220;#213e64&#8243; open_icon_color=&#8220;#213e64&#8243; admin_label=&#8220;Ver\u00f6ffentlichungen&#8220; _builder_version=&#8220;4.27.5&#8243; title_text_color=&#8220;#213e64&#8243; title_font=&#8220;Nunito Sans|600|||||||&#8220; title_line_height=&#8220;1.3em&#8220; body_font=&#8220;Nunito Sans||||||||&#8220; body_text_color=&#8220;#213e64&#8243; body_font_size=&#8220;15px&#8220; custom_margin=&#8220;|||&#8220; custom_padding=&#8220;24px|24px|24px|24px&#8220; hover_enabled=&#8220;0&#8243; border_radii=&#8220;on|4px|4px|4px|4px&#8220; border_width_all=&#8220;0px&#8220; box_shadow_style=&#8220;preset3&#8243; box_shadow_color=&#8220;rgba(34,56,101,0.12)&#8220; use_border_color=&#8220;on&#8220; border_width=&#8220;0px&#8220; global_colors_info=&#8220;{}&#8220; sticky_enabled=&#8220;0&#8243;]<\/p>\n<p><span style=\"color: #213e64;\"><strong>2025<\/strong><\/span><\/p>\n<p><span style=\"color: #213e64;\"><strong>Schmitt, Melanie<\/strong>; Hielscher, Volker (2025): Gute Praxis f\u00fcr starke Unternehmen &#8211; Impulse f\u00fcr eine mitarbeiterorientierte und nachhaltige Personalarbeit.<strong>\u00a0<a style=\"color: #213e64;\" href=\"https:\/\/www.iso-institut.de\/wp-content\/uploads\/DNS_Good-Practice-2025-03_final_druck.pdf\">[Download]<\/a><\/strong><\/span><\/p>\n<p><span style=\"color: #213e64;\"><strong>2024<\/strong><\/span><\/p>\n<p><span style=\"color: #213e64;\">Bierwirth, Kathrin; Hielscher, Volker; <strong>Schmitt, Melanie<\/strong> (Hg.) (2024): Virtuelle Arbeit im Mittelstand gestalten. Saarbr\u00fccken: Institut f\u00fcr Sozialforschung und Sozialwirtschaft.<\/span><\/p>\n<p><span style=\"color: #213e64;\">Hielscher, Volker;<strong> Schmitt, Melanie<\/strong> (2024): Virtuelle Arbeit im industriellen Mittelstand \u2013 wie kann das gelingen? In: Virtuelle Arbeit im Mittelstand gestalten. Saarbr\u00fccken: Institut f\u00fcr Sozialforschung und Sozialwirtschaft (iso-Institut) S. 5-12.<\/span><\/p>\n<p><span style=\"color: #213e64;\">Conrad, Kai; Paulus, Moritz; <strong>Schmitt, Melanie<\/strong> (2024): Gute-Praxis-Beispiele aus dem ViSAAR-Projekt: Debusmann GmbH: Prozessvereinfachung im Handwerk durch Remote-Assistenz und digitale Dokumentation. In: Virtuelle Arbeit im Mittelstand gestalten. Saarbr\u00fccken: Institut f\u00fcr Sozialforschung und Sozialwirtschaft (iso-Institut). S. 104-111.<\/span><\/p>\n<p><span style=\"color: #213e64;\">Gagliardi, Francesco; Kissel; Andreas, Pfister, Jannis;<strong> Schmitt, Melanie<\/strong> (2024): Gute-Praxis-Beispiele aus dem ViSAAR-Projekt: ISL GROUP MANAGEMENT GmbH: Mehr Effizienz und Arbeitsentlastung durch intelligente Produktionssteuerung. In: Virtuelle Arbeit im Mittelstand gestalten. Saarbr\u00fccken: Institut f\u00fcr Sozialforschung und Sozialwirtschaft (iso-Institut). S. 122-129.<\/span><\/p>\n<p><span style=\"color: #213e64;\">Hielscher, Volker; <strong>Schmitt, Melanie<\/strong> (2024): Netzwerke als Impulsgeber f\u00fcr Arbeitsgestaltung? In: Sicher ist Sicher, Nr. 2\/2024, S. 73-78.<\/span><\/p>\n<p><span style=\"color: #213e64;\"><strong>2021<\/strong><\/span><\/p>\n<p><span style=\"color: #213e64;\"><strong>Schmitt, Melanie<\/strong>; Hielscher, Volker (2021): Den demografischen Wandel durch betriebliche Praxis gestalten: Gute Beispiele aus saarl\u00e4ndischen Unternehmen. Saarbr\u00fccken. Demografie Netzwerk Saar.<strong> [<a style=\"color: #213e64;\" href=\"https:\/\/www.iso-institut.de\/wp-content\/uploads\/2021_Schmitt_Hielscher_DNS__broschuere_good-practice_200921_web.pdf\">Download<\/a>]<\/strong><\/span><\/p>\n<p><span style=\"color: #213e64;\"><strong>2020<\/strong><\/span><\/p>\n<p><span style=\"color: #213e64;\">Hielscher, Volker;\u00a0<strong>Schmitt, Melanie<\/strong>\u00a0(2020): Ressort\u00fcbergreifende Kooperation in der Kommunalverwaltung. Aspekte f\u00fcr eine gelingende Umsetzung. Beitrag zum Werkzeugkoffer im Projekt Demografiewerkstatt-Kommunen.\u00a0<a style=\"color: #213e64;\" href=\"https:\/\/www.iso-institut.de\/wp-content\/uploads\/DWK_Werkzeug_Ressortuebergreifende_Kooperation.pdf\" target=\"_blank\" rel=\"noopener noreferrer\"><strong>[Download]<\/strong><\/a><\/span><\/p>\n<p><span style=\"color: #213e64;\"><strong>Schmitt, Melanie<\/strong>\u00a0(2020): Bildungskonferenz. Beitrag zum Werkzeugkoffer im Projekt Demografiewerkstatt-Kommunen.\u00a0<a style=\"color: #213e64;\" href=\"https:\/\/www.iso-institut.de\/wp-content\/uploads\/DWK_Werkzeug_Bildungskonferenz_Werkzeug.pdf\" target=\"_blank\" rel=\"noopener noreferrer\"><strong>[Download]<\/strong><\/a><\/span><\/p>\n<p><span style=\"color: #213e64;\"><strong>Schmitt, Melanie<\/strong>; <a style=\"color: #213e64;\" href=\"https:\/\/www.iso-institut.de\/en\/mitarbeiter-hielscher\/\">Hielscher, Volker<\/a> (2020): Krisenfest im Saarland \u2013Anregungen f\u00fcr Unternehmen in ungewissen Zeiten. Saarbr\u00fccken. Demografie Netzwerk Saar. <strong>[<a style=\"color: #213e64;\" href=\"https:\/\/www.iso-institut.de\/wp-content\/uploads\/DNS-Broschuere-Krisenfest-20-05-18-00000002.pdf\" target=\"_blank\" rel=\"noopener noreferrer\">Download<\/a>]<\/strong><\/span><\/p>\n<p>[\/et_pb_toggle][\/et_pb_column_inner][\/et_pb_row_inner][\/et_pb_column][et_pb_column type=&#8220;1_4&#8243; _builder_version=&#8220;4.16&#8243; custom_padding=&#8220;|||&#8220; global_colors_info=&#8220;{}&#8220; custom_padding__hover=&#8220;|||&#8220;][et_pb_sidebar orientation=&#8220;right&#8220; area=&#8220;cs-1&#8243; _builder_version=&#8220;4.16&#8243; global_colors_info=&#8220;{}&#8220;]<\/p>\n<p>\n&nbsp;<\/p>\n<p>[\/et_pb_sidebar][\/et_pb_column][\/et_pb_section]<\/p>","protected":false},"excerpt":{"rendered":"<p>Tel.: +49 (0) 681 9 54 24 \u2013 21Fax: +49 (0) 681 9 54 24 \u2013 27E-Mail: schmitt@iso-institut.de Demografischer Wandel\u00a0 Arbeit und Gesundheit Studium der Psychologie an der Universit\u00e4t des [&hellip;]<\/p>","protected":false},"author":1,"featured_media":0,"parent":0,"menu_order":0,"comment_status":"closed","ping_status":"closed","template":"","meta":{"_acf_changed":false,"_et_pb_use_builder":"on","_et_pb_old_content":"","_et_gb_content_width":"","footnotes":""},"class_list":["post-6273","page","type-page","status-publish","hentry"],"acf":[],"yoast_head":"<!-- This site is optimized with the Yoast SEO plugin v25.6 - https:\/\/yoast.com\/wordpress\/plugins\/seo\/ -->\n<title>Mitarbeiter Schmitt - Institut f\u00fcr Sozialforschung und Sozialwirtschaft (iso)<\/title>\n<meta name=\"robots\" content=\"index, follow, max-snippet:-1, max-image-preview:large, max-video-preview:-1\" \/>\n<link rel=\"canonical\" href=\"https:\/\/www.iso-institut.de\/en\/mitarbeiter-schmitt\/\" \/>\n<meta property=\"og:locale\" content=\"en_GB\" \/>\n<meta property=\"og:type\" content=\"article\" \/>\n<meta property=\"og:title\" content=\"Mitarbeiter Schmitt - Institut f\u00fcr Sozialforschung und Sozialwirtschaft (iso)\" \/>\n<meta property=\"og:description\" content=\"Tel.: +49 (0) 681 9 54 24 \u2013 21Fax: +49 (0) 681 9 54 24 \u2013 27E-Mail: schmitt@iso-institut.de Demografischer Wandel\u00a0 Arbeit und Gesundheit Studium der Psychologie an der Universit\u00e4t des [&hellip;]\" \/>\n<meta property=\"og:url\" content=\"https:\/\/www.iso-institut.de\/en\/mitarbeiter-schmitt\/\" \/>\n<meta property=\"og:site_name\" content=\"Institut f\u00fcr Sozialforschung und Sozialwirtschaft (iso)\" \/>\n<meta property=\"article:publisher\" content=\"https:\/\/www.facebook.com\/isoInstitut\/\" \/>\n<meta property=\"article:modified_time\" content=\"2026-01-15T10:14:46+00:00\" \/>\n<meta name=\"twitter:card\" content=\"summary_large_image\" \/>\n<meta name=\"twitter:label1\" content=\"Estimated reading time\" \/>\n\t<meta name=\"twitter:data1\" content=\"3 minutes\" \/>\n<script type=\"application\/ld+json\" class=\"yoast-schema-graph\">{\"@context\":\"https:\/\/schema.org\",\"@graph\":[{\"@type\":\"WebPage\",\"@id\":\"https:\/\/www.iso-institut.de\/mitarbeiter-schmitt\/\",\"url\":\"https:\/\/www.iso-institut.de\/mitarbeiter-schmitt\/\",\"name\":\"Mitarbeiter Schmitt - Institut f\u00fcr Sozialforschung und Sozialwirtschaft (iso)\",\"isPartOf\":{\"@id\":\"https:\/\/www.iso-institut.de\/#website\"},\"datePublished\":\"2020-02-10T15:27:14+00:00\",\"dateModified\":\"2026-01-15T10:14:46+00:00\",\"breadcrumb\":{\"@id\":\"https:\/\/www.iso-institut.de\/mitarbeiter-schmitt\/#breadcrumb\"},\"inLanguage\":\"en-GB\",\"potentialAction\":[{\"@type\":\"ReadAction\",\"target\":[\"https:\/\/www.iso-institut.de\/mitarbeiter-schmitt\/\"]}]},{\"@type\":\"BreadcrumbList\",\"@id\":\"https:\/\/www.iso-institut.de\/mitarbeiter-schmitt\/#breadcrumb\",\"itemListElement\":[{\"@type\":\"ListItem\",\"position\":1,\"name\":\"Startseite\",\"item\":\"https:\/\/www.iso-institut.de\/\"},{\"@type\":\"ListItem\",\"position\":2,\"name\":\"Mitarbeiter Schmitt\"}]},{\"@type\":\"WebSite\",\"@id\":\"https:\/\/www.iso-institut.de\/#website\",\"url\":\"https:\/\/www.iso-institut.de\/\",\"name\":\"Institut f\u00fcr Sozialforschung und Sozialwirtschaft (iso)\",\"description\":\"Die gr\u00f6\u00dfte selbst\u00e4ndige und unabh\u00e4ngige sozialwissenschaftliche Forschungseinrichtung im S\u00fcdwesten Deutschlands\",\"potentialAction\":[{\"@type\":\"SearchAction\",\"target\":{\"@type\":\"EntryPoint\",\"urlTemplate\":\"https:\/\/www.iso-institut.de\/?s={search_term_string}\"},\"query-input\":{\"@type\":\"PropertyValueSpecification\",\"valueRequired\":true,\"valueName\":\"search_term_string\"}}],\"inLanguage\":\"en-GB\"}]}<\/script>\n<!-- \/ Yoast SEO plugin. -->","yoast_head_json":{"title":"Mitarbeiter Schmitt - Institut f\u00fcr Sozialforschung und Sozialwirtschaft (iso)","robots":{"index":"index","follow":"follow","max-snippet":"max-snippet:-1","max-image-preview":"max-image-preview:large","max-video-preview":"max-video-preview:-1"},"canonical":"https:\/\/www.iso-institut.de\/en\/mitarbeiter-schmitt\/","og_locale":"en_GB","og_type":"article","og_title":"Mitarbeiter Schmitt - Institut f\u00fcr Sozialforschung und Sozialwirtschaft (iso)","og_description":"Tel.: +49 (0) 681 9 54 24 \u2013 21Fax: +49 (0) 681 9 54 24 \u2013 27E-Mail: schmitt@iso-institut.de Demografischer Wandel\u00a0 Arbeit und Gesundheit Studium der Psychologie an der Universit\u00e4t des [&hellip;]","og_url":"https:\/\/www.iso-institut.de\/en\/mitarbeiter-schmitt\/","og_site_name":"Institut f\u00fcr Sozialforschung und Sozialwirtschaft (iso)","article_publisher":"https:\/\/www.facebook.com\/isoInstitut\/","article_modified_time":"2026-01-15T10:14:46+00:00","twitter_card":"summary_large_image","twitter_misc":{"Estimated reading time":"3 minutes"},"schema":{"@context":"https:\/\/schema.org","@graph":[{"@type":"WebPage","@id":"https:\/\/www.iso-institut.de\/mitarbeiter-schmitt\/","url":"https:\/\/www.iso-institut.de\/mitarbeiter-schmitt\/","name":"Mitarbeiter Schmitt - Institut f\u00fcr Sozialforschung und Sozialwirtschaft (iso)","isPartOf":{"@id":"https:\/\/www.iso-institut.de\/#website"},"datePublished":"2020-02-10T15:27:14+00:00","dateModified":"2026-01-15T10:14:46+00:00","breadcrumb":{"@id":"https:\/\/www.iso-institut.de\/mitarbeiter-schmitt\/#breadcrumb"},"inLanguage":"en-GB","potentialAction":[{"@type":"ReadAction","target":["https:\/\/www.iso-institut.de\/mitarbeiter-schmitt\/"]}]},{"@type":"BreadcrumbList","@id":"https:\/\/www.iso-institut.de\/mitarbeiter-schmitt\/#breadcrumb","itemListElement":[{"@type":"ListItem","position":1,"name":"Startseite","item":"https:\/\/www.iso-institut.de\/"},{"@type":"ListItem","position":2,"name":"Mitarbeiter Schmitt"}]},{"@type":"WebSite","@id":"https:\/\/www.iso-institut.de\/#website","url":"https:\/\/www.iso-institut.de\/","name":"Institut f\u00fcr Sozialforschung und Sozialwirtschaft (iso)","description":"Die gr\u00f6\u00dfte selbst\u00e4ndige und unabh\u00e4ngige sozialwissenschaftliche Forschungseinrichtung im S\u00fcdwesten Deutschlands","potentialAction":[{"@type":"SearchAction","target":{"@type":"EntryPoint","urlTemplate":"https:\/\/www.iso-institut.de\/?s={search_term_string}"},"query-input":{"@type":"PropertyValueSpecification","valueRequired":true,"valueName":"search_term_string"}}],"inLanguage":"en-GB"}]}},"_links":{"self":[{"href":"https:\/\/www.iso-institut.de\/en\/wp-json\/wp\/v2\/pages\/6273"}],"collection":[{"href":"https:\/\/www.iso-institut.de\/en\/wp-json\/wp\/v2\/pages"}],"about":[{"href":"https:\/\/www.iso-institut.de\/en\/wp-json\/wp\/v2\/types\/page"}],"author":[{"embeddable":true,"href":"https:\/\/www.iso-institut.de\/en\/wp-json\/wp\/v2\/users\/1"}],"replies":[{"embeddable":true,"href":"https:\/\/www.iso-institut.de\/en\/wp-json\/wp\/v2\/comments?post=6273"}],"version-history":[{"count":6,"href":"https:\/\/www.iso-institut.de\/en\/wp-json\/wp\/v2\/pages\/6273\/revisions"}],"predecessor-version":[{"id":14270,"href":"https:\/\/www.iso-institut.de\/en\/wp-json\/wp\/v2\/pages\/6273\/revisions\/14270"}],"wp:attachment":[{"href":"https:\/\/www.iso-institut.de\/en\/wp-json\/wp\/v2\/media?parent=6273"}],"curies":[{"name":"wp","href":"https:\/\/api.w.org\/{rel}","templated":true}]}}