{"id":6715,"date":"2020-05-26T14:43:29","date_gmt":"2020-05-26T12:43:29","guid":{"rendered":"https:\/\/www.iso-institut.de\/?page_id=6715"},"modified":"2022-09-20T17:41:52","modified_gmt":"2022-09-20T15:41:52","slug":"netzwerkpartner","status":"publish","type":"page","link":"https:\/\/www.iso-institut.de\/en\/netzwerkpartner\/","title":{"rendered":"Network Partners"},"content":{"rendered":"<p>[et_pb_section fb_built=&#8220;1&#8243; inner_shadow=&#8220;on&#8220; fullwidth=&#8220;on&#8220; _builder_version=&#8220;4.16&#8243; background_color=&#8220;#2ea3f2&#8243; use_background_color_gradient=&#8220;on&#8220; background_color_gradient_direction=&#8220;330deg&#8220; background_color_gradient_stops=&#8220;#2ea3f2 0%|#2e6df4 100%&#8220; background_color_gradient_start=&#8220;#2ea3f2&#8243; background_color_gradient_end=&#8220;#2e6df4&#8243; global_colors_info=&#8220;{}&#8220;][et_pb_fullwidth_header title=&#8220;Netzwerkpartner&#8220; subhead=&#8220;des iso-Instituts&#8220; admin_label=&#8220;Vollbreite Kopfzeile Netzwerkpartner&#8220; _builder_version=&#8220;4.16&#8243; custom_margin=&#8220;-40px||-40px||false&#8220; custom_padding=&#8220;50px|0px|45px|&#8220; global_colors_info=&#8220;{}&#8220; button_one_text_size__hover_enabled=&#8220;off&#8220; button_two_text_size__hover_enabled=&#8220;off&#8220; button_one_text_color__hover_enabled=&#8220;off&#8220; button_two_text_color__hover_enabled=&#8220;off&#8220; button_one_border_width__hover_enabled=&#8220;off&#8220; button_two_border_width__hover_enabled=&#8220;off&#8220; button_one_border_color__hover_enabled=&#8220;off&#8220; button_two_border_color__hover_enabled=&#8220;off&#8220; button_one_border_radius__hover_enabled=&#8220;off&#8220; button_two_border_radius__hover_enabled=&#8220;off&#8220; button_one_letter_spacing__hover_enabled=&#8220;off&#8220; button_two_letter_spacing__hover_enabled=&#8220;off&#8220; button_one_bg_color__hover_enabled=&#8220;off&#8220; button_two_bg_color__hover_enabled=&#8220;off&#8220;][\/et_pb_fullwidth_header][\/et_pb_section][et_pb_section fb_built=&#8220;1&#8243; specialty=&#8220;on&#8220; _builder_version=&#8220;4.16&#8243; global_colors_info=&#8220;{}&#8220;][et_pb_column type=&#8220;3_4&#8243; specialty_columns=&#8220;3&#8243; _builder_version=&#8220;4.16&#8243; custom_padding=&#8220;|||&#8220; global_colors_info=&#8220;{}&#8220; custom_padding__hover=&#8220;|||&#8220;][et_pb_row_inner _builder_version=&#8220;4.16&#8243; custom_padding=&#8220;0|0px|29.6875px|0px|false|false&#8220; global_colors_info=&#8220;{}&#8220;][et_pb_column_inner saved_specialty_column_type=&#8220;3_4&#8243; _builder_version=&#8220;4.16&#8243; custom_padding=&#8220;|||&#8220; global_colors_info=&#8220;{}&#8220; custom_padding__hover=&#8220;|||&#8220;][et_pb_image src=&#8220;https:\/\/www.iso-institut.de\/wp-content\/uploads\/businessman-3213659_1920.jpg&#8220; force_fullwidth=&#8220;on&#8220; align_tablet=&#8220;center&#8220; align_phone=&#8220;&#8220; align_last_edited=&#8220;on|desktop&#8220; _builder_version=&#8220;4.16&#8243; global_colors_info=&#8220;{}&#8220;]<\/p>\n<p>&nbsp;<\/p>\n<p>[\/et_pb_image][et_pb_divider _builder_version=&#8220;4.16&#8243; global_colors_info=&#8220;{}&#8220;]<br \/>\n[\/et_pb_divider][et_pb_accordion _builder_version=&#8220;4.18.0&#8243; link_option_url_new_window=&#8220;on&#8220; hover_enabled=&#8220;0&#8243; box_shadow_style=&#8220;preset2&#8243; global_colors_info=&#8220;{}&#8220; sticky_enabled=&#8220;0&#8243;][et_pb_accordion_item title=&#8220;Test display none&#8220; open=&#8220;on&#8220; open_toggle_text_color=&#8220;#213e64&#8243; open_toggle_background_color=&#8220;rgba(0,0,0,0.15)&#8220; closed_toggle_text_color=&#8220;#ffffff&#8220; closed_toggle_background_color=&#8220;#213e64&#8243; icon_color=&#8220;#ffffff&#8220; _builder_version=&#8220;4.16&#8243; background_size=&#8220;contain&#8220; background_blend=&#8220;soft-light&#8220; link_option_url=&#8220;www.landtag-saar.de\/landtag\/beauftragter-fuer-belange-von-menschen-mit-behinderungen&#8220; link_option_url_new_window=&#8220;on&#8220; custom_css_main_element=&#8220;display: none; ||||&#8220; inline_fonts=&#8220;Verdana&#8220; global_colors_info=&#8220;{}&#8220;]<\/p>\n<p style=\"text-align: left;\">&nbsp;<\/p>\n<p>&nbsp;<\/p>\n<p>[\/et_pb_accordion_item][et_pb_accordion_item title=&#8220;Prof. Dr. Daniel Bieber&#8220; open_toggle_text_color=&#8220;#213e64&#8243; open_toggle_background_color=&#8220;rgba(0,0,0,0.15)&#8220; closed_toggle_text_color=&#8220;#ffffff&#8220; closed_toggle_background_color=&#8220;#213e64&#8243; icon_color=&#8220;#ffffff&#8220; _builder_version=&#8220;4.16&#8243; background_size=&#8220;contain&#8220; background_blend=&#8220;soft-light&#8220; link_option_url_new_window=&#8220;on&#8220; inline_fonts=&#8220;Verdana&#8220; global_colors_info=&#8220;{}&#8220; open=&#8220;off&#8220;]<\/p>\n<p style=\"text-align: left;\"><span style=\"color: #213e64;\"><img loading=\"lazy\" decoding=\"async\" class=\"alignleft wp-image-5754\" src=\"https:\/\/www.iso-institut.de\/wp-content\/uploads\/2019\/08\/Bieber-Daniel-266x300.jpg\" alt=\"\" width=\"194\" height=\"219\" srcset=\"https:\/\/www.iso-institut.de\/wp-content\/uploads\/2019\/08\/Bieber-Daniel-266x300.jpg 266w, https:\/\/www.iso-institut.de\/wp-content\/uploads\/2019\/08\/Bieber-Daniel-768x866.jpg 768w, https:\/\/www.iso-institut.de\/wp-content\/uploads\/2019\/08\/Bieber-Daniel-908x1024.jpg 908w, https:\/\/www.iso-institut.de\/wp-content\/uploads\/2019\/08\/Bieber-Daniel-1080x1218.jpg 1080w\" sizes=\"(max-width: 194px) 100vw, 194px\" \/><\/span><\/p>\n<p style=\"text-align: left;\"><span style=\"color: #213e64;\"><strong>Prof. Dr. Daniel Bieber <\/strong>ist seit M\u00e4rz 2020 Beauftragter f\u00fcr die Belange von Menschen mit Behinderungen beim saarl\u00e4ndischen Landtag. Zuvor war er sechzehn Jahre lang Gesch\u00e4ftsf\u00fchrer und Wissenschaftlicher Leiter des iso-Instituts.<\/span><\/p>\n<p><span style=\"color: #213e64;\">Herr Prof. Dr. Bieber ist f\u00fcr das iso-Institut ein wichtiger Ansprechpartner f\u00fcr Themen, die sich um die Sicherstellung und den Ausbau sozialer Teilhabe drehen.\u00a0<\/span><\/p>\n<p>&nbsp;<\/p>\n<p><span style=\"color: #213e64;\"><strong><br \/>Prof. Dr. Daniel Bieber<\/strong><\/span><br \/><span style=\"color: #213e64;\">Beauftragter f\u00fcr die Belange von Menschen mit Behinderungen <br \/>am Landtag des Saarlandes<\/span><br \/><span style=\"color: #213e64;\">Franz-Josef-R\u00f6der Stra\u00dfe 7<\/span><br \/><span style=\"color: #213e64;\">66119 Saarbr\u00fccken<br \/><\/span><br \/><span style=\"color: #213e64;\">Tel.: +49 681-5002-545<\/span><br \/><span style=\"color: #213e64;\">Fax: +49 681-5002-333 545<\/span><br \/><span style=\"color: #213e64;\">Email: <a style=\"color: #213e64;\" href=\"mailto:d.bieber@landtag-saar.de\" target=\"_blank\" rel=\"noopener noreferrer\">d.bieber@landtag-saar.de<\/a><\/span><\/p>\n<p>[\/et_pb_accordion_item][et_pb_accordion_item title=&#8220;Dr. Ing. Birgit Dietz &#8220; open_toggle_text_color=&#8220;#213e64&#8243; open_toggle_background_color=&#8220;rgba(0,0,0,0.15)&#8220; closed_toggle_text_color=&#8220;#ffffff&#8220; closed_toggle_background_color=&#8220;#213e64&#8243; icon_color=&#8220;#ffffff&#8220; _builder_version=&#8220;4.16&#8243; background_size=&#8220;contain&#8220; background_blend=&#8220;soft-light&#8220; link_option_url_new_window=&#8220;on&#8220; inline_fonts=&#8220;Verdana&#8220; global_colors_info=&#8220;{}&#8220; open=&#8220;off&#8220;]<\/p>\n<p style=\"text-align: left;\"><span style=\"color: #333333;\"><img loading=\"lazy\" decoding=\"async\" class=\"size-medium wp-image-6773 alignleft\" src=\"https:\/\/www.iso-institut.de\/wp-content\/uploads\/Foto-Dietz-208x300.jpg\" alt=\"\" width=\"208\" height=\"300\" srcset=\"https:\/\/www.iso-institut.de\/wp-content\/uploads\/Foto-Dietz-208x300.jpg 208w, https:\/\/www.iso-institut.de\/wp-content\/uploads\/Foto-Dietz-768x1110.jpg 768w, https:\/\/www.iso-institut.de\/wp-content\/uploads\/Foto-Dietz-709x1024.jpg 709w, https:\/\/www.iso-institut.de\/wp-content\/uploads\/Foto-Dietz-1080x1560.jpg 1080w, https:\/\/www.iso-institut.de\/wp-content\/uploads\/Foto-Dietz.jpg 1974w\" sizes=\"(max-width: 208px) 100vw, 208px\" \/><span style=\"color: #213e64;\"><strong>Dr. Ing. Birg<\/strong><\/span><span style=\"color: #213e64;\"><strong>i<\/strong><\/span><span style=\"color: #213e64;\"><strong>t Dietz<\/strong><\/span><span style=\"color: #213e64;\"> ist Architektin und Gerontologin. Sie besch\u00e4ftigt sich seit ihrer Promotion 1994 mit Themen des Gesundheitswesens und lehrt seit 2008 an der Technischen Universit\u00e4t M\u00fcnchen das Fach \u00bbKrankenhausbau und Bauten des Gesundheitswesens\u00ab an der Fakult\u00e4t f\u00fcr Architektur sowie \u00bbArchitektur f\u00fcr Menschen mit kognitiven Einschr\u00e4nkungen und Menschen mit Demenz\u00ab an der Fakult\u00e4t f\u00fcr Medizin. 2012 gr\u00fcndete sie das Bayerische Institut f\u00fcr alters- und demenzsensible Architektur (BIfadA).<\/span><\/span><\/p>\n<p style=\"text-align: left;\"><span style=\"color: #213e64;\">Birgit Dietz ist eine weltweit gefragte Expertin zur Architektur f\u00fcr \u00e4ltere Menschen. Sie arbeitet in der Produktentwicklung, h\u00e4lt Seminare und engagiert sich in verschiedenen Gremien f\u00fcr die Etablierung baulicher Richtlinien f\u00fcr eine demenzsensible Architektur. Mit dem iso arbeitet Frau Dr. Dietz seit 2017 in mehreren interdisziplin\u00e4ren Projekten zur Umsetzung demenzsensibler Umgebungsgestaltung zusammen.<\/span><\/p>\n<p>&nbsp;<\/p>\n<p><span style=\"color: #213e64;\"><strong>Dr. Ing. Birgit Dietz, Architektin AKG, Gerontologie Univ. Zert \u00a0 \u00a0 <br \/><\/strong><\/span><span style=\"color: #213e64;\">Gaustadter Hauptstrasse 109 a<\/span><br \/><span style=\"color: #213e64;\">96049 Bamberg<br \/><\/span><span style=\"color: #213e64;\">Tel.: +49 951 96515-0<\/span><br \/><span style=\"color: #213e64;\">Fax: +49 951 96515-55<\/span><br \/><span style=\"color: #213e64;\">Mobil: +49 170 1661789<\/span><br \/><span style=\"color: #213e64;\">Email: <a style=\"color: #213e64;\" href=\"mailto:info@bifada.de\">info@bifada.de<\/a><\/span><\/p>\n<p>&nbsp;<\/p>\n<p>&nbsp;<\/p>\n<p>[\/et_pb_accordion_item][et_pb_accordion_item title=&#8220;Prof. Dr. Lukas Nock&#8220; open_toggle_text_color=&#8220;#213e64&#8243; open_toggle_background_color=&#8220;rgba(0,0,0,0.15)&#8220; closed_toggle_text_color=&#8220;#ffffff&#8220; closed_toggle_background_color=&#8220;#213e64&#8243; icon_color=&#8220;#ffffff&#8220; _builder_version=&#8220;4.16&#8243; background_size=&#8220;contain&#8220; background_blend=&#8220;soft-light&#8220; link_option_url_new_window=&#8220;on&#8220; inline_fonts=&#8220;Verdana&#8220; global_colors_info=&#8220;{}&#8220; open=&#8220;off&#8220;]<\/p>\n<p style=\"text-align: left;\"><img loading=\"lazy\" decoding=\"async\" class=\"alignleft wp-image-6746\" src=\"https:\/\/www.iso-institut.de\/wp-content\/uploads\/Foto_Nock-238x300.jpg\" alt=\"\" width=\"159\" height=\"201\" srcset=\"https:\/\/www.iso-institut.de\/wp-content\/uploads\/Foto_Nock-238x300.jpg 238w, https:\/\/www.iso-institut.de\/wp-content\/uploads\/Foto_Nock-768x969.jpg 768w, https:\/\/www.iso-institut.de\/wp-content\/uploads\/Foto_Nock.jpg 812w\" sizes=\"(max-width: 159px) 100vw, 159px\" \/><\/p>\n<p style=\"text-align: left;\"><span style=\"color: #213e64;\"><strong>Prof. Dr. Lukas Nock <\/strong>ist Professor an der Fakult\u00e4t f\u00fcr Sozialwesen der Hochschule Mannheim. Zuvor hat er mehrere Jahre als Professor an der Hochschule Fresenius in Frankfurt am Main gewirkt. Zudem war er in der empirischen Sozialforschung, unter anderem auch am iso-Institut, zu Fragestellungen der Jugendhilfe, der Versorgungs- und der Qualifikationsforschung t\u00e4tig. Gemeinsam mit Herrn Nock entwickelt das iso-Institut Projektthemen zur gesellschaftlichen Integration und zum sozialen Zusammenhalt.<br \/><\/span><\/p>\n<p>&nbsp;<\/p>\n<p><strong><br \/><span style=\"color: #213e64;\">Prof. Dr. Lukas Nock<\/span><\/strong><br \/><span style=\"color: #213e64;\">Hochschule Mannheim<\/span><br \/><span style=\"color: #213e64;\">Fakult\u00e4t f\u00fcr Sozialwesen<\/span><br \/><span style=\"color: #213e64;\">Paul-Wittsack-Str. 10<\/span><br \/><span style=\"color: #213e64;\">68163 Mannheim<\/span><br \/><span style=\"color: #213e64;\">Email: <\/span><a href=\"mailto:nock@hs-mannheim.de\"><span style=\"color: #213e64;\">nock@hs-mannheim.de<\/span><\/a><\/p>\n<p>&nbsp;<\/p>\n<p>[\/et_pb_accordion_item][\/et_pb_accordion][\/et_pb_column_inner][\/et_pb_row_inner][\/et_pb_column][et_pb_column type=&#8220;1_4&#8243; _builder_version=&#8220;4.16&#8243; custom_padding=&#8220;|||&#8220; global_colors_info=&#8220;{}&#8220; custom_padding__hover=&#8220;|||&#8220;][et_pb_search exclude_pages=&#8220;off&#8220; _builder_version=&#8220;4.16&#8243; global_colors_info=&#8220;{}&#8220; button_text_size__hover_enabled=&#8220;off&#8220; button_one_text_size__hover_enabled=&#8220;off&#8220; button_two_text_size__hover_enabled=&#8220;off&#8220; button_text_color__hover_enabled=&#8220;off&#8220; button_one_text_color__hover_enabled=&#8220;off&#8220; button_two_text_color__hover_enabled=&#8220;off&#8220; button_border_width__hover_enabled=&#8220;off&#8220; button_one_border_width__hover_enabled=&#8220;off&#8220; button_two_border_width__hover_enabled=&#8220;off&#8220; button_border_color__hover_enabled=&#8220;off&#8220; button_one_border_color__hover_enabled=&#8220;off&#8220; button_two_border_color__hover_enabled=&#8220;off&#8220; button_border_radius__hover_enabled=&#8220;off&#8220; button_one_border_radius__hover_enabled=&#8220;off&#8220; button_two_border_radius__hover_enabled=&#8220;off&#8220; button_letter_spacing__hover_enabled=&#8220;off&#8220; button_one_letter_spacing__hover_enabled=&#8220;off&#8220; button_two_letter_spacing__hover_enabled=&#8220;off&#8220; button_bg_color__hover_enabled=&#8220;off&#8220; button_one_bg_color__hover_enabled=&#8220;off&#8220; button_two_bg_color__hover_enabled=&#8220;off&#8220;]<\/p>\n<p>&nbsp;<\/p>\n<p>[\/et_pb_search][et_pb_sidebar area=&#8220;sidebar-1&#8243; show_border=&#8220;off&#8220; admin_label=&#8220;SIDEBAR DAS ISO-INSTITUT&#8220; _builder_version=&#8220;4.16&#8243; header_text_color=&#8220;#213e64&#8243; body_text_color=&#8220;#213e64&#8243; max_width=&#8220;89%&#8220; custom_margin=&#8220;-20px|||&#8220; custom_padding=&#8220;|||&#8220; saved_tabs=&#8220;all&#8220; global_colors_info=&#8220;{}&#8220;]<br \/>\n[\/et_pb_sidebar][\/et_pb_column][\/et_pb_section]<\/p>","protected":false},"excerpt":{"rendered":"<p>&nbsp; &nbsp;&nbsp; Prof. Dr. Daniel Bieber ist seit M\u00e4rz 2020 Beauftragter f\u00fcr die Belange von Menschen mit Behinderungen beim saarl\u00e4ndischen Landtag. Zuvor war er sechzehn Jahre lang Gesch\u00e4ftsf\u00fchrer und Wissenschaftlicher [&hellip;]<\/p>","protected":false},"author":1,"featured_media":0,"parent":0,"menu_order":0,"comment_status":"closed","ping_status":"closed","template":"","meta":{"_acf_changed":false,"_et_pb_use_builder":"on","_et_pb_old_content":"","_et_gb_content_width":"","footnotes":""},"class_list":["post-6715","page","type-page","status-publish","hentry"],"acf":[],"yoast_head":"<!-- This site is optimized with the Yoast SEO plugin v25.6 - https:\/\/yoast.com\/wordpress\/plugins\/seo\/ -->\n<title>Netzwerkpartner - Institut f\u00fcr Sozialforschung und Sozialwirtschaft (iso)<\/title>\n<meta name=\"robots\" content=\"index, follow, max-snippet:-1, max-image-preview:large, max-video-preview:-1\" \/>\n<link rel=\"canonical\" href=\"https:\/\/www.iso-institut.de\/en\/netzwerkpartner\/\" \/>\n<meta property=\"og:locale\" content=\"en_GB\" \/>\n<meta property=\"og:type\" content=\"article\" \/>\n<meta property=\"og:title\" content=\"Netzwerkpartner - Institut f\u00fcr Sozialforschung und Sozialwirtschaft (iso)\" \/>\n<meta property=\"og:description\" content=\"&nbsp; &nbsp;&nbsp; Prof. Dr. Daniel Bieber ist seit M\u00e4rz 2020 Beauftragter f\u00fcr die Belange von Menschen mit Behinderungen beim saarl\u00e4ndischen Landtag. Zuvor war er sechzehn Jahre lang Gesch\u00e4ftsf\u00fchrer und Wissenschaftlicher [&hellip;]\" \/>\n<meta property=\"og:url\" content=\"https:\/\/www.iso-institut.de\/en\/netzwerkpartner\/\" \/>\n<meta property=\"og:site_name\" content=\"Institut f\u00fcr Sozialforschung und Sozialwirtschaft (iso)\" \/>\n<meta property=\"article:publisher\" content=\"https:\/\/www.facebook.com\/isoInstitut\/\" \/>\n<meta property=\"article:modified_time\" content=\"2022-09-20T15:41:52+00:00\" \/>\n<meta property=\"og:image\" content=\"https:\/\/www.iso-institut.de\/wp-content\/uploads\/2019\/08\/Bieber-Daniel-266x300.jpg\" \/>\n<meta name=\"twitter:card\" content=\"summary_large_image\" \/>\n<meta name=\"twitter:label1\" content=\"Estimated reading time\" \/>\n\t<meta name=\"twitter:data1\" content=\"5 minutes\" \/>\n<script type=\"application\/ld+json\" class=\"yoast-schema-graph\">{\"@context\":\"https:\/\/schema.org\",\"@graph\":[{\"@type\":\"WebPage\",\"@id\":\"https:\/\/www.iso-institut.de\/netzwerkpartner\/\",\"url\":\"https:\/\/www.iso-institut.de\/netzwerkpartner\/\",\"name\":\"Netzwerkpartner - Institut f\u00fcr Sozialforschung und Sozialwirtschaft (iso)\",\"isPartOf\":{\"@id\":\"https:\/\/www.iso-institut.de\/#website\"},\"primaryImageOfPage\":{\"@id\":\"https:\/\/www.iso-institut.de\/netzwerkpartner\/#primaryimage\"},\"image\":{\"@id\":\"https:\/\/www.iso-institut.de\/netzwerkpartner\/#primaryimage\"},\"thumbnailUrl\":\"https:\/\/www.iso-institut.de\/wp-content\/uploads\/2019\/08\/Bieber-Daniel-266x300.jpg\",\"datePublished\":\"2020-05-26T12:43:29+00:00\",\"dateModified\":\"2022-09-20T15:41:52+00:00\",\"breadcrumb\":{\"@id\":\"https:\/\/www.iso-institut.de\/netzwerkpartner\/#breadcrumb\"},\"inLanguage\":\"en-GB\",\"potentialAction\":[{\"@type\":\"ReadAction\",\"target\":[\"https:\/\/www.iso-institut.de\/netzwerkpartner\/\"]}]},{\"@type\":\"ImageObject\",\"inLanguage\":\"en-GB\",\"@id\":\"https:\/\/www.iso-institut.de\/netzwerkpartner\/#primaryimage\",\"url\":\"https:\/\/www.iso-institut.de\/wp-content\/uploads\/2019\/08\/Bieber-Daniel-266x300.jpg\",\"contentUrl\":\"https:\/\/www.iso-institut.de\/wp-content\/uploads\/2019\/08\/Bieber-Daniel-266x300.jpg\"},{\"@type\":\"BreadcrumbList\",\"@id\":\"https:\/\/www.iso-institut.de\/netzwerkpartner\/#breadcrumb\",\"itemListElement\":[{\"@type\":\"ListItem\",\"position\":1,\"name\":\"Startseite\",\"item\":\"https:\/\/www.iso-institut.de\/\"},{\"@type\":\"ListItem\",\"position\":2,\"name\":\"Netzwerkpartner\"}]},{\"@type\":\"WebSite\",\"@id\":\"https:\/\/www.iso-institut.de\/#website\",\"url\":\"https:\/\/www.iso-institut.de\/\",\"name\":\"Institut f\u00fcr Sozialforschung und Sozialwirtschaft (iso)\",\"description\":\"Die gr\u00f6\u00dfte selbst\u00e4ndige und unabh\u00e4ngige sozialwissenschaftliche Forschungseinrichtung im S\u00fcdwesten Deutschlands\",\"potentialAction\":[{\"@type\":\"SearchAction\",\"target\":{\"@type\":\"EntryPoint\",\"urlTemplate\":\"https:\/\/www.iso-institut.de\/?s={search_term_string}\"},\"query-input\":{\"@type\":\"PropertyValueSpecification\",\"valueRequired\":true,\"valueName\":\"search_term_string\"}}],\"inLanguage\":\"en-GB\"}]}<\/script>\n<!-- \/ Yoast SEO plugin. -->","yoast_head_json":{"title":"Netzwerkpartner - Institut f\u00fcr Sozialforschung und Sozialwirtschaft (iso)","robots":{"index":"index","follow":"follow","max-snippet":"max-snippet:-1","max-image-preview":"max-image-preview:large","max-video-preview":"max-video-preview:-1"},"canonical":"https:\/\/www.iso-institut.de\/en\/netzwerkpartner\/","og_locale":"en_GB","og_type":"article","og_title":"Netzwerkpartner - Institut f\u00fcr Sozialforschung und Sozialwirtschaft (iso)","og_description":"&nbsp; &nbsp;&nbsp; Prof. Dr. Daniel Bieber ist seit M\u00e4rz 2020 Beauftragter f\u00fcr die Belange von Menschen mit Behinderungen beim saarl\u00e4ndischen Landtag. Zuvor war er sechzehn Jahre lang Gesch\u00e4ftsf\u00fchrer und Wissenschaftlicher [&hellip;]","og_url":"https:\/\/www.iso-institut.de\/en\/netzwerkpartner\/","og_site_name":"Institut f\u00fcr Sozialforschung und Sozialwirtschaft (iso)","article_publisher":"https:\/\/www.facebook.com\/isoInstitut\/","article_modified_time":"2022-09-20T15:41:52+00:00","og_image":[{"url":"https:\/\/www.iso-institut.de\/wp-content\/uploads\/2019\/08\/Bieber-Daniel-266x300.jpg","type":"","width":"","height":""}],"twitter_card":"summary_large_image","twitter_misc":{"Estimated reading time":"5 minutes"},"schema":{"@context":"https:\/\/schema.org","@graph":[{"@type":"WebPage","@id":"https:\/\/www.iso-institut.de\/netzwerkpartner\/","url":"https:\/\/www.iso-institut.de\/netzwerkpartner\/","name":"Netzwerkpartner - Institut f\u00fcr Sozialforschung und Sozialwirtschaft (iso)","isPartOf":{"@id":"https:\/\/www.iso-institut.de\/#website"},"primaryImageOfPage":{"@id":"https:\/\/www.iso-institut.de\/netzwerkpartner\/#primaryimage"},"image":{"@id":"https:\/\/www.iso-institut.de\/netzwerkpartner\/#primaryimage"},"thumbnailUrl":"https:\/\/www.iso-institut.de\/wp-content\/uploads\/2019\/08\/Bieber-Daniel-266x300.jpg","datePublished":"2020-05-26T12:43:29+00:00","dateModified":"2022-09-20T15:41:52+00:00","breadcrumb":{"@id":"https:\/\/www.iso-institut.de\/netzwerkpartner\/#breadcrumb"},"inLanguage":"en-GB","potentialAction":[{"@type":"ReadAction","target":["https:\/\/www.iso-institut.de\/netzwerkpartner\/"]}]},{"@type":"ImageObject","inLanguage":"en-GB","@id":"https:\/\/www.iso-institut.de\/netzwerkpartner\/#primaryimage","url":"https:\/\/www.iso-institut.de\/wp-content\/uploads\/2019\/08\/Bieber-Daniel-266x300.jpg","contentUrl":"https:\/\/www.iso-institut.de\/wp-content\/uploads\/2019\/08\/Bieber-Daniel-266x300.jpg"},{"@type":"BreadcrumbList","@id":"https:\/\/www.iso-institut.de\/netzwerkpartner\/#breadcrumb","itemListElement":[{"@type":"ListItem","position":1,"name":"Startseite","item":"https:\/\/www.iso-institut.de\/"},{"@type":"ListItem","position":2,"name":"Netzwerkpartner"}]},{"@type":"WebSite","@id":"https:\/\/www.iso-institut.de\/#website","url":"https:\/\/www.iso-institut.de\/","name":"Institut f\u00fcr Sozialforschung und Sozialwirtschaft (iso)","description":"Die gr\u00f6\u00dfte selbst\u00e4ndige und unabh\u00e4ngige sozialwissenschaftliche Forschungseinrichtung im S\u00fcdwesten Deutschlands","potentialAction":[{"@type":"SearchAction","target":{"@type":"EntryPoint","urlTemplate":"https:\/\/www.iso-institut.de\/?s={search_term_string}"},"query-input":{"@type":"PropertyValueSpecification","valueRequired":true,"valueName":"search_term_string"}}],"inLanguage":"en-GB"}]}},"_links":{"self":[{"href":"https:\/\/www.iso-institut.de\/en\/wp-json\/wp\/v2\/pages\/6715"}],"collection":[{"href":"https:\/\/www.iso-institut.de\/en\/wp-json\/wp\/v2\/pages"}],"about":[{"href":"https:\/\/www.iso-institut.de\/en\/wp-json\/wp\/v2\/types\/page"}],"author":[{"embeddable":true,"href":"https:\/\/www.iso-institut.de\/en\/wp-json\/wp\/v2\/users\/1"}],"replies":[{"embeddable":true,"href":"https:\/\/www.iso-institut.de\/en\/wp-json\/wp\/v2\/comments?post=6715"}],"version-history":[{"count":3,"href":"https:\/\/www.iso-institut.de\/en\/wp-json\/wp\/v2\/pages\/6715\/revisions"}],"predecessor-version":[{"id":11927,"href":"https:\/\/www.iso-institut.de\/en\/wp-json\/wp\/v2\/pages\/6715\/revisions\/11927"}],"wp:attachment":[{"href":"https:\/\/www.iso-institut.de\/en\/wp-json\/wp\/v2\/media?parent=6715"}],"curies":[{"name":"wp","href":"https:\/\/api.w.org\/{rel}","templated":true}]}}