{"id":7496,"date":"2020-09-22T15:35:16","date_gmt":"2020-09-22T13:35:16","guid":{"rendered":"https:\/\/www.iso-institut.de\/?page_id=7496"},"modified":"2020-11-11T17:02:17","modified_gmt":"2020-11-11T16:02:17","slug":"projektfinder","status":"publish","type":"page","link":"https:\/\/www.iso-institut.de\/en\/projektfinder\/","title":{"rendered":"Project Finder"},"content":{"rendered":"<p>[et_pb_section fb_built=&#8220;1&#8243; _builder_version=&#8220;4.6.6&#8243; _module_preset=&#8220;default&#8220; hover_enabled=&#8220;0&#8243; sticky_enabled=&#8220;0&#8243;][et_pb_row _builder_version=&#8220;4.6.3&#8243; _module_preset=&#8220;default&#8220;][et_pb_column type=&#8220;4_4&#8243; _builder_version=&#8220;4.6.3&#8243; _module_preset=&#8220;default&#8220;][et_pb_filterable_portfolio fullwidth=&#8220;off&#8220; posts_number=&#8220;20&#8243; include_categories=&#8220;37,30,31,33,34,35,32,36,29&#8243; _builder_version=&#8220;4.6.6&#8243; _module_preset=&#8220;default&#8220; hover_enabled=&#8220;0&#8243; sticky_enabled=&#8220;0&#8243;][\/et_pb_filterable_portfolio][\/et_pb_column][\/et_pb_row][\/et_pb_section]<\/p>","protected":false},"excerpt":{"rendered":"","protected":false},"author":1,"featured_media":0,"parent":0,"menu_order":0,"comment_status":"closed","ping_status":"closed","template":"","meta":{"_acf_changed":false,"_et_pb_use_builder":"on","_et_pb_old_content":"","_et_gb_content_width":"","footnotes":""},"class_list":["post-7496","page","type-page","status-publish","hentry"],"acf":[],"yoast_head":"<!-- This site is optimized with the Yoast SEO plugin v25.6 - https:\/\/yoast.com\/wordpress\/plugins\/seo\/ -->\n<title>Projektfinder - Institut f\u00fcr Sozialforschung und Sozialwirtschaft (iso)<\/title>\n<meta name=\"robots\" content=\"index, follow, max-snippet:-1, max-image-preview:large, max-video-preview:-1\" \/>\n<link rel=\"canonical\" href=\"https:\/\/www.iso-institut.de\/en\/projektfinder\/\" \/>\n<meta property=\"og:locale\" content=\"en_GB\" \/>\n<meta property=\"og:type\" content=\"article\" \/>\n<meta property=\"og:title\" content=\"Projektfinder - Institut f\u00fcr Sozialforschung und Sozialwirtschaft (iso)\" \/>\n<meta property=\"og:url\" content=\"https:\/\/www.iso-institut.de\/en\/projektfinder\/\" \/>\n<meta property=\"og:site_name\" content=\"Institut f\u00fcr Sozialforschung und Sozialwirtschaft (iso)\" \/>\n<meta property=\"article:publisher\" content=\"https:\/\/www.facebook.com\/isoInstitut\/\" \/>\n<meta property=\"article:modified_time\" content=\"2020-11-11T16:02:17+00:00\" \/>\n<meta name=\"twitter:card\" content=\"summary_large_image\" \/>\n<script type=\"application\/ld+json\" class=\"yoast-schema-graph\">{\"@context\":\"https:\/\/schema.org\",\"@graph\":[{\"@type\":\"WebPage\",\"@id\":\"https:\/\/www.iso-institut.de\/projektfinder\/\",\"url\":\"https:\/\/www.iso-institut.de\/projektfinder\/\",\"name\":\"Projektfinder - Institut f\u00fcr Sozialforschung und Sozialwirtschaft (iso)\",\"isPartOf\":{\"@id\":\"https:\/\/www.iso-institut.de\/#website\"},\"datePublished\":\"2020-09-22T13:35:16+00:00\",\"dateModified\":\"2020-11-11T16:02:17+00:00\",\"breadcrumb\":{\"@id\":\"https:\/\/www.iso-institut.de\/projektfinder\/#breadcrumb\"},\"inLanguage\":\"en-GB\",\"potentialAction\":[{\"@type\":\"ReadAction\",\"target\":[\"https:\/\/www.iso-institut.de\/projektfinder\/\"]}]},{\"@type\":\"BreadcrumbList\",\"@id\":\"https:\/\/www.iso-institut.de\/projektfinder\/#breadcrumb\",\"itemListElement\":[{\"@type\":\"ListItem\",\"position\":1,\"name\":\"Startseite\",\"item\":\"https:\/\/www.iso-institut.de\/\"},{\"@type\":\"ListItem\",\"position\":2,\"name\":\"Projektfinder\"}]},{\"@type\":\"WebSite\",\"@id\":\"https:\/\/www.iso-institut.de\/#website\",\"url\":\"https:\/\/www.iso-institut.de\/\",\"name\":\"Institut f\u00fcr Sozialforschung und Sozialwirtschaft (iso)\",\"description\":\"Die gr\u00f6\u00dfte selbst\u00e4ndige und unabh\u00e4ngige sozialwissenschaftliche Forschungseinrichtung im S\u00fcdwesten Deutschlands\",\"potentialAction\":[{\"@type\":\"SearchAction\",\"target\":{\"@type\":\"EntryPoint\",\"urlTemplate\":\"https:\/\/www.iso-institut.de\/?s={search_term_string}\"},\"query-input\":{\"@type\":\"PropertyValueSpecification\",\"valueRequired\":true,\"valueName\":\"search_term_string\"}}],\"inLanguage\":\"en-GB\"}]}<\/script>\n<!-- \/ Yoast SEO plugin. -->","yoast_head_json":{"title":"Projektfinder - Institut f\u00fcr Sozialforschung und Sozialwirtschaft (iso)","robots":{"index":"index","follow":"follow","max-snippet":"max-snippet:-1","max-image-preview":"max-image-preview:large","max-video-preview":"max-video-preview:-1"},"canonical":"https:\/\/www.iso-institut.de\/en\/projektfinder\/","og_locale":"en_GB","og_type":"article","og_title":"Projektfinder - Institut f\u00fcr Sozialforschung und Sozialwirtschaft (iso)","og_url":"https:\/\/www.iso-institut.de\/en\/projektfinder\/","og_site_name":"Institut f\u00fcr Sozialforschung und Sozialwirtschaft (iso)","article_publisher":"https:\/\/www.facebook.com\/isoInstitut\/","article_modified_time":"2020-11-11T16:02:17+00:00","twitter_card":"summary_large_image","schema":{"@context":"https:\/\/schema.org","@graph":[{"@type":"WebPage","@id":"https:\/\/www.iso-institut.de\/projektfinder\/","url":"https:\/\/www.iso-institut.de\/projektfinder\/","name":"Projektfinder - Institut f\u00fcr Sozialforschung und Sozialwirtschaft (iso)","isPartOf":{"@id":"https:\/\/www.iso-institut.de\/#website"},"datePublished":"2020-09-22T13:35:16+00:00","dateModified":"2020-11-11T16:02:17+00:00","breadcrumb":{"@id":"https:\/\/www.iso-institut.de\/projektfinder\/#breadcrumb"},"inLanguage":"en-GB","potentialAction":[{"@type":"ReadAction","target":["https:\/\/www.iso-institut.de\/projektfinder\/"]}]},{"@type":"BreadcrumbList","@id":"https:\/\/www.iso-institut.de\/projektfinder\/#breadcrumb","itemListElement":[{"@type":"ListItem","position":1,"name":"Startseite","item":"https:\/\/www.iso-institut.de\/"},{"@type":"ListItem","position":2,"name":"Projektfinder"}]},{"@type":"WebSite","@id":"https:\/\/www.iso-institut.de\/#website","url":"https:\/\/www.iso-institut.de\/","name":"Institut f\u00fcr Sozialforschung und Sozialwirtschaft (iso)","description":"Die gr\u00f6\u00dfte selbst\u00e4ndige und unabh\u00e4ngige sozialwissenschaftliche Forschungseinrichtung im S\u00fcdwesten Deutschlands","potentialAction":[{"@type":"SearchAction","target":{"@type":"EntryPoint","urlTemplate":"https:\/\/www.iso-institut.de\/?s={search_term_string}"},"query-input":{"@type":"PropertyValueSpecification","valueRequired":true,"valueName":"search_term_string"}}],"inLanguage":"en-GB"}]}},"_links":{"self":[{"href":"https:\/\/www.iso-institut.de\/en\/wp-json\/wp\/v2\/pages\/7496"}],"collection":[{"href":"https:\/\/www.iso-institut.de\/en\/wp-json\/wp\/v2\/pages"}],"about":[{"href":"https:\/\/www.iso-institut.de\/en\/wp-json\/wp\/v2\/types\/page"}],"author":[{"embeddable":true,"href":"https:\/\/www.iso-institut.de\/en\/wp-json\/wp\/v2\/users\/1"}],"replies":[{"embeddable":true,"href":"https:\/\/www.iso-institut.de\/en\/wp-json\/wp\/v2\/comments?post=7496"}],"version-history":[{"count":3,"href":"https:\/\/www.iso-institut.de\/en\/wp-json\/wp\/v2\/pages\/7496\/revisions"}],"predecessor-version":[{"id":8394,"href":"https:\/\/www.iso-institut.de\/en\/wp-json\/wp\/v2\/pages\/7496\/revisions\/8394"}],"wp:attachment":[{"href":"https:\/\/www.iso-institut.de\/en\/wp-json\/wp\/v2\/media?parent=7496"}],"curies":[{"name":"wp","href":"https:\/\/api.w.org\/{rel}","templated":true}]}}